{"id":12306,"date":"2024-10-09T08:55:53","date_gmt":"2024-10-09T08:55:53","guid":{"rendered":"https:\/\/www.swisslearning.com\/?page_id=12306"},"modified":"2025-03-12T13:42:23","modified_gmt":"2025-03-12T13:42:23","slug":"st-georges-international-school","status":"publish","type":"page","link":"https:\/\/www.swisslearning.com\/es\/st-georges-international-school\/","title":{"rendered":"Colegio Internacional de San Jorge"},"content":{"rendered":"<div data-elementor-type=\"wp-page\" data-elementor-id=\"12306\" class=\"elementor elementor-12306\" data-elementor-post-type=\"page\">\n\t\t\t\t\t\t<section class=\"elementor-section elementor-top-section elementor-element elementor-element-2ff39f2 elementor-section-full_width elementor-section-content-top elementor-section-height-default elementor-section-height-default\" data-id=\"2ff39f2\" data-element_type=\"section\" data-e-type=\"section\" data-settings=\"{&quot;background_background&quot;:&quot;classic&quot;}\">\n\t\t\t\t\t\t<div class=\"elementor-container elementor-column-gap-default\">\n\t\t\t\t\t<div class=\"elementor-column elementor-col-100 elementor-top-column elementor-element elementor-element-d5c1cff\" data-id=\"d5c1cff\" data-element_type=\"column\" data-e-type=\"column\" data-settings=\"{&quot;background_background&quot;:&quot;classic&quot;}\">\n\t\t\t<div class=\"elementor-widget-wrap elementor-element-populated\">\n\t\t\t\t\t\t<div class=\"elementor-element elementor-element-dccc3dd elementor-widget elementor-widget-image\" data-id=\"dccc3dd\" data-element_type=\"widget\" data-e-type=\"widget\" data-widget_type=\"image.default\">\n\t\t\t\t<div class=\"elementor-widget-container\">\n\t\t\t\t\t\t\t\t\t\t\t\t\t\t\t<img decoding=\"async\" src=\"https:\/\/www.swisslearning.com\/wp-content\/uploads\/elementor\/thumbs\/SGIS-Left-Aligned-Red-Logo-CMYK-jpg-scaled-qvapqykdepdh7z4fbjihzu6godxkue8io370aoed7g.jpg\" title=\"SGIS Logotipo rojo alineado a la izquierda CMYK jpg\" alt=\"SGIS Logotipo rojo alineado a la izquierda CMYK jpg\" loading=\"lazy\" \/>\t\t\t\t\t\t\t\t\t\t\t\t\t\t\t<\/div>\n\t\t\t\t<\/div>\n\t\t\t\t<div class=\"elementor-element elementor-element-5a6b687 elementor-arrows-position-inside elementor-widget elementor-widget-image-carousel\" data-id=\"5a6b687\" data-element_type=\"widget\" data-e-type=\"widget\" data-settings=\"{&quot;slides_to_show&quot;:&quot;1&quot;,&quot;navigation&quot;:&quot;arrows&quot;,&quot;autoplay&quot;:&quot;yes&quot;,&quot;pause_on_hover&quot;:&quot;yes&quot;,&quot;pause_on_interaction&quot;:&quot;yes&quot;,&quot;autoplay_speed&quot;:5000,&quot;infinite&quot;:&quot;yes&quot;,&quot;effect&quot;:&quot;slide&quot;,&quot;speed&quot;:500}\" data-widget_type=\"image-carousel.default\">\n\t\t\t\t<div class=\"elementor-widget-container\">\n\t\t\t\t\t\t\t<div class=\"elementor-image-carousel-wrapper swiper\" role=\"region\" aria-roledescription=\"carousel\" aria-label=\"Carrusel de im\u00e1genes\" dir=\"ltr\">\n\t\t\t<div class=\"elementor-image-carousel swiper-wrapper swiper-image-stretch\" aria-live=\"off\">\n\t\t\t\t\t\t\t\t<div class=\"swiper-slide\" role=\"group\" aria-roledescription=\"slide\" aria-label=\"1 de 6\" data-no-translation-aria-label=\"\"><figure class=\"swiper-slide-inner\"><img decoding=\"async\" class=\"swiper-slide-image\" src=\"https:\/\/www.swisslearning.com\/wp-content\/uploads\/elementor\/thumbs\/SGIS-Ariel-Photo-cropped-qvoirik41siaerx0eguums910eab4wztkn07xohs9k.jpg\" alt=\"DCIM100MEDIADJI_0165.JPG\" \/><\/figure><\/div><div class=\"swiper-slide\" role=\"group\" aria-roledescription=\"slide\" aria-label=\"2 de 6\" data-no-translation-aria-label=\"\"><figure class=\"swiper-slide-inner\"><img decoding=\"async\" class=\"swiper-slide-image\" src=\"https:\/\/www.swisslearning.com\/wp-content\/uploads\/elementor\/thumbs\/SGIS-Mountain-Biking-cropped-qvoipcjiajjhn52c214tdtxrpeyue1e3lwux3ppgm0.jpg\" alt=\"Ciclismo de monta\u00f1a SGIS recortado\" \/><\/figure><\/div><div class=\"swiper-slide\" role=\"group\" aria-roledescription=\"slide\" aria-label=\"3 de 6\" data-no-translation-aria-label=\"\"><figure class=\"swiper-slide-inner\"><img decoding=\"async\" class=\"swiper-slide-image\" src=\"https:\/\/www.swisslearning.com\/wp-content\/uploads\/elementor\/thumbs\/Chalet-cropped-qvoiu7dhlq6tmm0dp4pf9lti73145qo69y78d6i8go.jpg\" alt=\"Chalet recortado\" \/><\/figure><\/div><div class=\"swiper-slide\" role=\"group\" aria-roledescription=\"slide\" aria-label=\"4 de 6\" data-no-translation-aria-label=\"\"><figure class=\"swiper-slide-inner\"><img decoding=\"async\" class=\"swiper-slide-image\" src=\"https:\/\/www.swisslearning.com\/wp-content\/uploads\/elementor\/thumbs\/SGIS-Ski-Race-2023-qvaq9yve0aywwo8od11yfm173sq21193usnd2vs314.jpg\" alt=\"Carrera de esqu\u00ed SGIS 2023\" \/><\/figure><\/div><div class=\"swiper-slide\" role=\"group\" aria-roledescription=\"slide\" aria-label=\"5 de 6\" data-no-translation-aria-label=\"\"><figure class=\"swiper-slide-inner\"><img decoding=\"async\" class=\"swiper-slide-image\" src=\"https:\/\/www.swisslearning.com\/wp-content\/uploads\/elementor\/thumbs\/SGIS-Science-scaled-qvaq4n4ba3of47z7gq62ayf5x6z6es3v4fkb6foeag.jpg\" alt=\"SGIS - Ciencia\" \/><\/figure><\/div><div class=\"swiper-slide\" role=\"group\" aria-roledescription=\"slide\" aria-label=\"6 de 6\" data-no-translation-aria-label=\"\"><figure class=\"swiper-slide-inner\"><img decoding=\"async\" class=\"swiper-slide-image\" src=\"https:\/\/www.swisslearning.com\/wp-content\/uploads\/elementor\/thumbs\/SGIS-Academics-1-qvaqfrjk5iwki3tkij94t5dizc5jhu9inhh5mb6ons.jpg\" alt=\"SGIS - Acad\u00e9micos\" \/><\/figure><\/div>\t\t\t<\/div>\n\t\t\t\t\t\t\t\t\t\t\t\t<div class=\"elementor-swiper-button elementor-swiper-button-prev\" role=\"button\" tabindex=\"0\">\n\t\t\t\t\t\t<i aria-hidden=\"true\" class=\"eicon-chevron-left\"><\/i>\t\t\t\t\t<\/div>\n\t\t\t\t\t<div class=\"elementor-swiper-button elementor-swiper-button-next\" role=\"button\" tabindex=\"0\">\n\t\t\t\t\t\t<i aria-hidden=\"true\" class=\"eicon-chevron-right\"><\/i>\t\t\t\t\t<\/div>\n\t\t\t\t\n\t\t\t\t\t\t\t\t\t<\/div>\n\t\t\t\t\t\t<\/div>\n\t\t\t\t<\/div>\n\t\t\t\t\t<\/div>\n\t\t<\/div>\n\t\t\t\t\t<\/div>\n\t\t<\/section>\n\t\t\t\t<section class=\"elementor-section elementor-top-section elementor-element elementor-element-f1ba1a7 elementor-section-full_width elementor-section-height-default elementor-section-height-default\" data-id=\"f1ba1a7\" data-element_type=\"section\" data-e-type=\"section\">\n\t\t\t\t\t\t<div class=\"elementor-container elementor-column-gap-default\">\n\t\t\t\t\t<div class=\"elementor-column elementor-col-50 elementor-top-column elementor-element elementor-element-b1c8cf6\" data-id=\"b1c8cf6\" data-element_type=\"column\" data-e-type=\"column\">\n\t\t\t<div class=\"elementor-widget-wrap elementor-element-populated\">\n\t\t\t\t\t\t<div class=\"elementor-element elementor-element-7e30b80 elementor-widget elementor-widget-video\" data-id=\"7e30b80\" data-element_type=\"widget\" data-e-type=\"widget\" data-settings=\"{&quot;youtube_url&quot;:&quot;https:\\\/\\\/www.youtube.com\\\/watch?v=Lu_2R_xmDW8&amp;t=1s&quot;,&quot;video_type&quot;:&quot;youtube&quot;,&quot;controls&quot;:&quot;yes&quot;}\" data-widget_type=\"video.default\">\n\t\t\t\t<div class=\"elementor-widget-container\">\n\t\t\t\t\t\t\t<div class=\"elementor-wrapper elementor-open-inline\">\n\t\t\t<div class=\"elementor-video\"><\/div>\t\t<\/div>\n\t\t\t\t\t\t<\/div>\n\t\t\t\t<\/div>\n\t\t\t\t\t<\/div>\n\t\t<\/div>\n\t\t\t\t<div class=\"elementor-column elementor-col-50 elementor-top-column elementor-element elementor-element-8bf33b9\" data-id=\"8bf33b9\" data-element_type=\"column\" data-e-type=\"column\">\n\t\t\t<div class=\"elementor-widget-wrap elementor-element-populated\">\n\t\t\t\t\t\t<div class=\"elementor-element elementor-element-888ca60 elementor-widget elementor-widget-heading\" data-id=\"888ca60\" data-element_type=\"widget\" data-e-type=\"widget\" data-widget_type=\"heading.default\">\n\t\t\t\t<div class=\"elementor-widget-container\">\n\t\t\t\t\t<h1 class=\"elementor-heading-title elementor-size-default\">ESCUELA INTERNACIONAL SAN GEORGE<\/h1>\t\t\t\t<\/div>\n\t\t\t\t<\/div>\n\t\t\t\t<div class=\"elementor-element elementor-element-c20ef49 elementor-blockquote--skin-quotation elementor-widget elementor-widget-blockquote\" data-id=\"c20ef49\" data-element_type=\"widget\" data-e-type=\"widget\" data-widget_type=\"blockquote.default\">\n\t\t\t\t<div class=\"elementor-widget-container\">\n\t\t\t\t\t\t\t<blockquote class=\"elementor-blockquote\">\n\t\t\t<p class=\"elementor-blockquote__content\">\n\t\t\t\tLa esencia de St. George&#039;s: enmarcada por la belleza natural del lago de Ginebra y los Alpes suizos, y a un paso de la pintoresca ciudad de Montreux, St. George&#039;s ofrece una educaci\u00f3n del IB de primer nivel, que combina un esp\u00edritu tradicional con la excelencia acad\u00e9mica. Aqu\u00ed, cultivamos un entorno de aprendizaje din\u00e1mico donde cada estudiante descubre su potencial \u00fanico.\t\t\t<\/p>\n\t\t\t\t\t<\/blockquote>\n\t\t\t\t\t\t<\/div>\n\t\t\t\t<\/div>\n\t\t\t\t\t<\/div>\n\t\t<\/div>\n\t\t\t\t\t<\/div>\n\t\t<\/section>\n\t\t\t\t<section class=\"elementor-section elementor-top-section elementor-element elementor-element-bb3ffa0 elementor-section-full_width elementor-section-height-default elementor-section-height-default\" data-id=\"bb3ffa0\" data-element_type=\"section\" data-e-type=\"section\">\n\t\t\t\t\t\t<div class=\"elementor-container elementor-column-gap-default\">\n\t\t\t\t\t<div class=\"elementor-column elementor-col-50 elementor-top-column elementor-element elementor-element-9b5d387\" data-id=\"9b5d387\" data-element_type=\"column\" data-e-type=\"column\" data-settings=\"{&quot;background_background&quot;:&quot;classic&quot;}\">\n\t\t\t<div class=\"elementor-widget-wrap elementor-element-populated\">\n\t\t\t\t\t\t<div class=\"elementor-element elementor-element-8ab6234 elementor-widget elementor-widget-heading\" data-id=\"8ab6234\" data-element_type=\"widget\" data-e-type=\"widget\" data-widget_type=\"heading.default\">\n\t\t\t\t<div class=\"elementor-widget-container\">\n\t\t\t\t\t<h2 class=\"elementor-heading-title elementor-size-default\">hechos clave<\/h2>\t\t\t\t<\/div>\n\t\t\t\t<\/div>\n\t\t\t\t<div class=\"elementor-element elementor-element-754de4c elementor-widget elementor-widget-text-editor\" data-id=\"754de4c\" data-element_type=\"widget\" data-e-type=\"widget\" data-widget_type=\"text-editor.default\">\n\t\t\t\t<div class=\"elementor-widget-container\">\n\t\t\t\t\t\t\t\t\t<ul><li>Fundada en 1927<\/li><li>380 estudiantes, incluidos 101 internos<\/li><li>Edades: 18 meses a 18 a\u00f1os. Pensionistas a partir de 10 a\u00f1os.<\/li><li>M\u00e1s de 60 nacionalidades, con m\u00e1s de 30 nacionalidades en embarque. 12% Suizo.<\/li><li>Acreditaciones: Cambridge Assessment, IBO, CIS, NEASC, Academia Mundial del Deporte<\/li><li>Una escuela inspirada<\/li><li>Gastos anuales de alojamiento y matr\u00edcula: 94.250 CHF \u2013 120.140 CHF<\/li><\/ul>\t\t\t\t\t\t\t\t<\/div>\n\t\t\t\t<\/div>\n\t\t\t\t\t<\/div>\n\t\t<\/div>\n\t\t\t\t<div class=\"elementor-column elementor-col-50 elementor-top-column elementor-element elementor-element-8a39952\" data-id=\"8a39952\" data-element_type=\"column\" data-e-type=\"column\">\n\t\t\t<div class=\"elementor-widget-wrap elementor-element-populated\">\n\t\t\t\t\t\t<div class=\"elementor-element elementor-element-398b80b elementor-widget elementor-widget-heading\" data-id=\"398b80b\" data-element_type=\"widget\" data-e-type=\"widget\" data-widget_type=\"heading.default\">\n\t\t\t\t<div class=\"elementor-widget-container\">\n\t\t\t\t\t<h2 class=\"elementor-heading-title elementor-size-default\">acad\u00e9mica<\/h2>\t\t\t\t<\/div>\n\t\t\t\t<\/div>\n\t\t\t\t<div class=\"elementor-element elementor-element-10246d3 elementor-widget elementor-widget-text-editor\" data-id=\"10246d3\" data-element_type=\"widget\" data-e-type=\"widget\" data-widget_type=\"text-editor.default\">\n\t\t\t\t<div class=\"elementor-widget-container\">\n\t\t\t\t\t\t\t\t\t<ul style=\"font-weight: 400;\"><li>Idiomas: Ingl\u00e9s y v\u00edas biling\u00fces ingl\u00e9s y franc\u00e9s.<\/li><li>Programa de estudios internacional de Cambridge, Programa del Diploma del IB<\/li><li>Relaci\u00f3n personal-alumnos: 1:4<\/li><li>Idiomas extranjeros: franc\u00e9s, alem\u00e1n, espa\u00f1ol y soporte en el idioma nativo.<\/li><\/ul><p style=\"font-weight: 400;\">\u00a0<\/p>\t\t\t\t\t\t\t\t<\/div>\n\t\t\t\t<\/div>\n\t\t\t\t\t<\/div>\n\t\t<\/div>\n\t\t\t\t\t<\/div>\n\t\t<\/section>\n\t\t\t\t<section class=\"elementor-section elementor-top-section elementor-element elementor-element-4421bb4 elementor-section-full_width elementor-section-height-default elementor-section-height-default\" data-id=\"4421bb4\" data-element_type=\"section\" data-e-type=\"section\">\n\t\t\t\t\t\t<div class=\"elementor-container elementor-column-gap-default\">\n\t\t\t\t\t<div class=\"elementor-column elementor-col-50 elementor-top-column elementor-element elementor-element-c4bc547\" data-id=\"c4bc547\" data-element_type=\"column\" data-e-type=\"column\" data-settings=\"{&quot;background_background&quot;:&quot;classic&quot;}\">\n\t\t\t<div class=\"elementor-widget-wrap elementor-element-populated\">\n\t\t\t\t\t\t<div class=\"elementor-element elementor-element-1463472 elementor-widget elementor-widget-heading\" data-id=\"1463472\" data-element_type=\"widget\" data-e-type=\"widget\" data-widget_type=\"heading.default\">\n\t\t\t\t<div class=\"elementor-widget-container\">\n\t\t\t\t\t<h2 class=\"elementor-heading-title elementor-size-default\">campamentos de verano<\/h2>\t\t\t\t<\/div>\n\t\t\t\t<\/div>\n\t\t\t\t<div class=\"elementor-element elementor-element-7d2f175 elementor-widget elementor-widget-text-editor\" data-id=\"7d2f175\" data-element_type=\"widget\" data-e-type=\"widget\" data-widget_type=\"text-editor.default\">\n\t\t\t\t<div class=\"elementor-widget-container\">\n\t\t\t\t\t\t\t\t\t<ul><li>Campamentos de verano en julio y agosto<\/li><li>Estudiantes de 4 a 16 a\u00f1os<\/li><li>Opci\u00f3n de ma\u00f1ana: franc\u00e9s, ingl\u00e9s, STEAM, inform\u00e1tica. Opci\u00f3n de tarde: lago y monta\u00f1a, tenis.<\/li><li>Programas de idiomas (franc\u00e9s e ingl\u00e9s) dise\u00f1ados para mejorar las habilidades de comunicaci\u00f3n en un entorno atractivo y divertido.<\/li><li>Programa de Lago y Monta\u00f1a que ofrece aventura y exploraci\u00f3n en un hermoso paisaje.<\/li><li>Un equilibrio de enriquecimiento acad\u00e9mico y aventura al aire libre, con actividades que van desde talleres STEAM hasta deportes.<\/li><\/ul>\t\t\t\t\t\t\t\t<\/div>\n\t\t\t\t<\/div>\n\t\t\t\t\t<\/div>\n\t\t<\/div>\n\t\t\t\t<div class=\"elementor-column elementor-col-50 elementor-top-column elementor-element elementor-element-146eb0f\" data-id=\"146eb0f\" data-element_type=\"column\" data-e-type=\"column\">\n\t\t\t<div class=\"elementor-widget-wrap elementor-element-populated\">\n\t\t\t\t\t\t<div class=\"elementor-element elementor-element-456a7c5 elementor-widget elementor-widget-heading\" data-id=\"456a7c5\" data-element_type=\"widget\" data-e-type=\"widget\" data-widget_type=\"heading.default\">\n\t\t\t\t<div class=\"elementor-widget-container\">\n\t\t\t\t\t<h2 class=\"elementor-heading-title elementor-size-default\">Extra curricular<\/h2>\t\t\t\t<\/div>\n\t\t\t\t<\/div>\n\t\t\t\t<div class=\"elementor-element elementor-element-1dc21c9 elementor-widget elementor-widget-text-editor\" data-id=\"1dc21c9\" data-element_type=\"widget\" data-e-type=\"widget\" data-widget_type=\"text-editor.default\">\n\t\t\t\t<div class=\"elementor-widget-container\">\n\t\t\t\t\t\t\t\t\t<ul><li>M\u00e1s de 100 clubes y actividades disponibles durante todo el a\u00f1o acad\u00e9mico, que incluyen equitaci\u00f3n, navegaci\u00f3n, Modelo de Naciones Unidas, codificaci\u00f3n y rob\u00f3tica.<\/li><li>Academias deportivas de alto nivel: Esqu\u00ed de competici\u00f3n, Freeride, Golf, Tenis, Nataci\u00f3n<\/li><li>Programa Sport \u00c9tudes, dise\u00f1ado para que los estudiantes alcancen metas sin precedentes. Incluye psicolog\u00eda deportiva y asesoramiento nutricional.<\/li><li>Programa de viajes internacionales para mejorar la experiencia de aprendizaje de los estudiantes<\/li><li>Acceso a competiciones globales inspiradas y visitas a campus universitarios<\/li><\/ul>\t\t\t\t\t\t\t\t<\/div>\n\t\t\t\t<\/div>\n\t\t\t\t\t<\/div>\n\t\t<\/div>\n\t\t\t\t\t<\/div>\n\t\t<\/section>\n\t\t\t\t<\/div>","protected":false},"excerpt":{"rendered":"<p>ST. GEORGE&#8217;S INTERNATIONAL SCHOOL The essence of St. George\u2019s &#8211; Framed by the natural beauty of Lake Geneva and the Swiss Alps, and just a stone\u2019s throw from the picturesque town of Montreux, St. George\u2019s offers a top IB education, combining a traditional ethos with academic excellence. Here, we cultivate a dynamic learning environment where [&hellip;]<\/p>\n","protected":false},"author":1,"featured_media":144,"parent":0,"menu_order":0,"comment_status":"closed","ping_status":"closed","template":"","meta":{"footnotes":""},"class_list":["post-12306","page","type-page","status-publish","has-post-thumbnail","hentry"],"yoast_head":"<!-- This site is optimized with the Yoast SEO plugin v27.3 - https:\/\/yoast.com\/product\/yoast-seo-wordpress\/ -->\n<title>ST. GEORGE&#039;S INTERNATIONAL SCHOOL\u200b - Swiss Learning<\/title>\n<meta name=\"description\" content=\"The essence of ST. GEORGE&#039;S INTERNATIONAL SCHOOL is its sense of family and the feeling of being at home, in a caring, supportive environment.\" \/>\n<meta name=\"robots\" content=\"index, follow, max-snippet:-1, max-image-preview:large, max-video-preview:-1\" \/>\n<link rel=\"canonical\" href=\"https:\/\/www.swisslearning.com\/es\/st-georges-international-school\/\" \/>\n<meta property=\"og:locale\" content=\"es_ES\" \/>\n<meta property=\"og:type\" content=\"article\" \/>\n<meta property=\"og:title\" content=\"ST. GEORGE&#039;S INTERNATIONAL SCHOOL\u200b - Swiss Learning\" \/>\n<meta property=\"og:description\" content=\"The essence of ST. GEORGE&#039;S INTERNATIONAL SCHOOL is its sense of family and the feeling of being at home, in a caring, supportive environment.\" \/>\n<meta property=\"og:url\" content=\"https:\/\/www.swisslearning.com\/es\/st-georges-international-school\/\" \/>\n<meta property=\"og:site_name\" content=\"Swiss Learning\" \/>\n<meta property=\"article:publisher\" content=\"https:\/\/www.facebook.com\/swisslearning\" \/>\n<meta property=\"article:modified_time\" content=\"2025-03-12T13:42:23+00:00\" \/>\n<meta property=\"og:image\" content=\"https:\/\/www.swisslearning.com\/wp-content\/uploads\/2021\/06\/logo_SL.jpg\" \/>\n\t<meta property=\"og:image:width\" content=\"200\" \/>\n\t<meta property=\"og:image:height\" content=\"200\" \/>\n\t<meta property=\"og:image:type\" content=\"image\/jpeg\" \/>\n<meta name=\"twitter:card\" content=\"summary_large_image\" \/>\n<meta name=\"twitter:label1\" content=\"Tiempo de lectura\" \/>\n\t<meta name=\"twitter:data1\" content=\"3 minutos\" \/>\n<script type=\"application\/ld+json\" class=\"yoast-schema-graph\">{\"@context\":\"https:\\\/\\\/schema.org\",\"@graph\":[{\"@type\":\"WebPage\",\"@id\":\"https:\\\/\\\/www.swisslearning.com\\\/st-georges-international-school\\\/\",\"url\":\"https:\\\/\\\/www.swisslearning.com\\\/st-georges-international-school\\\/\",\"name\":\"ST. GEORGE'S INTERNATIONAL SCHOOL\u200b - Swiss Learning\",\"isPartOf\":{\"@id\":\"https:\\\/\\\/www.swisslearning.com\\\/#website\"},\"primaryImageOfPage\":{\"@id\":\"https:\\\/\\\/www.swisslearning.com\\\/st-georges-international-school\\\/#primaryimage\"},\"image\":{\"@id\":\"https:\\\/\\\/www.swisslearning.com\\\/st-georges-international-school\\\/#primaryimage\"},\"thumbnailUrl\":\"https:\\\/\\\/www.swisslearning.com\\\/wp-content\\\/uploads\\\/2021\\\/06\\\/logo_SL.jpg\",\"datePublished\":\"2024-10-09T08:55:53+00:00\",\"dateModified\":\"2025-03-12T13:42:23+00:00\",\"description\":\"The essence of ST. GEORGE'S INTERNATIONAL SCHOOL is its sense of family and the feeling of being at home, in a caring, supportive environment.\",\"breadcrumb\":{\"@id\":\"https:\\\/\\\/www.swisslearning.com\\\/st-georges-international-school\\\/#breadcrumb\"},\"inLanguage\":\"es\",\"potentialAction\":[{\"@type\":\"ReadAction\",\"target\":[\"https:\\\/\\\/www.swisslearning.com\\\/st-georges-international-school\\\/\"]}]},{\"@type\":\"ImageObject\",\"inLanguage\":\"es\",\"@id\":\"https:\\\/\\\/www.swisslearning.com\\\/st-georges-international-school\\\/#primaryimage\",\"url\":\"https:\\\/\\\/www.swisslearning.com\\\/wp-content\\\/uploads\\\/2021\\\/06\\\/logo_SL.jpg\",\"contentUrl\":\"https:\\\/\\\/www.swisslearning.com\\\/wp-content\\\/uploads\\\/2021\\\/06\\\/logo_SL.jpg\",\"width\":200,\"height\":200},{\"@type\":\"BreadcrumbList\",\"@id\":\"https:\\\/\\\/www.swisslearning.com\\\/st-georges-international-school\\\/#breadcrumb\",\"itemListElement\":[{\"@type\":\"ListItem\",\"position\":1,\"name\":\"Home\",\"item\":\"https:\\\/\\\/www.swisslearning.com\\\/\"},{\"@type\":\"ListItem\",\"position\":2,\"name\":\"St. George&#8217;s International School\"}]},{\"@type\":\"WebSite\",\"@id\":\"https:\\\/\\\/www.swisslearning.com\\\/#website\",\"url\":\"https:\\\/\\\/www.swisslearning.com\\\/\",\"name\":\"Swiss Learning\",\"description\":\"BOARDING SCHOOLS, HOTEL MANAGEMENT SCHOOLS AND CAMPS IN SWITZERLAND\",\"potentialAction\":[{\"@type\":\"SearchAction\",\"target\":{\"@type\":\"EntryPoint\",\"urlTemplate\":\"https:\\\/\\\/www.swisslearning.com\\\/?s={search_term_string}\"},\"query-input\":{\"@type\":\"PropertyValueSpecification\",\"valueRequired\":true,\"valueName\":\"search_term_string\"}}],\"inLanguage\":\"es\"}]}<\/script>\n<!-- \/ Yoast SEO plugin. -->","yoast_head_json":{"title":"ESCUELA INTERNACIONAL ST. GEORGE&#039;S - Aprendizaje suizo","description":"La esencia de ST. GEORGE&#039;S INTERNATIONAL SCHOOL es su sentido de familia y la sensaci\u00f3n de estar en casa, en un entorno afectuoso y de apoyo.","robots":{"index":"index","follow":"follow","max-snippet":"max-snippet:-1","max-image-preview":"max-image-preview:large","max-video-preview":"max-video-preview:-1"},"canonical":"https:\/\/www.swisslearning.com\/es\/st-georges-international-school\/","og_locale":"es_ES","og_type":"article","og_title":"ST. GEORGE'S INTERNATIONAL SCHOOL\u200b - Swiss Learning","og_description":"The essence of ST. GEORGE'S INTERNATIONAL SCHOOL is its sense of family and the feeling of being at home, in a caring, supportive environment.","og_url":"https:\/\/www.swisslearning.com\/es\/st-georges-international-school\/","og_site_name":"Swiss Learning","article_publisher":"https:\/\/www.facebook.com\/swisslearning","article_modified_time":"2025-03-12T13:42:23+00:00","og_image":[{"width":200,"height":200,"url":"https:\/\/www.swisslearning.com\/wp-content\/uploads\/2021\/06\/logo_SL.jpg","type":"image\/jpeg"}],"twitter_card":"summary_large_image","twitter_misc":{"Tiempo de lectura":"3 minutos"},"schema":{"@context":"https:\/\/schema.org","@graph":[{"@type":"WebPage","@id":"https:\/\/www.swisslearning.com\/st-georges-international-school\/","url":"https:\/\/www.swisslearning.com\/st-georges-international-school\/","name":"ESCUELA INTERNACIONAL ST. GEORGE&#039;S - Aprendizaje suizo","isPartOf":{"@id":"https:\/\/www.swisslearning.com\/#website"},"primaryImageOfPage":{"@id":"https:\/\/www.swisslearning.com\/st-georges-international-school\/#primaryimage"},"image":{"@id":"https:\/\/www.swisslearning.com\/st-georges-international-school\/#primaryimage"},"thumbnailUrl":"https:\/\/www.swisslearning.com\/wp-content\/uploads\/2021\/06\/logo_SL.jpg","datePublished":"2024-10-09T08:55:53+00:00","dateModified":"2025-03-12T13:42:23+00:00","description":"La esencia de ST. GEORGE&#039;S INTERNATIONAL SCHOOL es su sentido de familia y la sensaci\u00f3n de estar en casa, en un entorno afectuoso y de apoyo.","breadcrumb":{"@id":"https:\/\/www.swisslearning.com\/st-georges-international-school\/#breadcrumb"},"inLanguage":"es","potentialAction":[{"@type":"ReadAction","target":["https:\/\/www.swisslearning.com\/st-georges-international-school\/"]}]},{"@type":"ImageObject","inLanguage":"es","@id":"https:\/\/www.swisslearning.com\/st-georges-international-school\/#primaryimage","url":"https:\/\/www.swisslearning.com\/wp-content\/uploads\/2021\/06\/logo_SL.jpg","contentUrl":"https:\/\/www.swisslearning.com\/wp-content\/uploads\/2021\/06\/logo_SL.jpg","width":200,"height":200},{"@type":"BreadcrumbList","@id":"https:\/\/www.swisslearning.com\/st-georges-international-school\/#breadcrumb","itemListElement":[{"@type":"ListItem","position":1,"name":"Home","item":"https:\/\/www.swisslearning.com\/"},{"@type":"ListItem","position":2,"name":"St. George&#8217;s International School"}]},{"@type":"WebSite","@id":"https:\/\/www.swisslearning.com\/#website","url":"https:\/\/www.swisslearning.com\/","name":"Aprendizaje suizo","description":"ESCUELAS INTERNAS, ESCUELAS DE GESTI\u00d3N DE HOTELES Y CAMPAMENTOS EN SUIZA","potentialAction":[{"@type":"SearchAction","target":{"@type":"EntryPoint","urlTemplate":"https:\/\/www.swisslearning.com\/?s={search_term_string}"},"query-input":{"@type":"PropertyValueSpecification","valueRequired":true,"valueName":"search_term_string"}}],"inLanguage":"es"}]}},"_links":{"self":[{"href":"https:\/\/www.swisslearning.com\/es\/wp-json\/wp\/v2\/pages\/12306","targetHints":{"allow":["GET"]}}],"collection":[{"href":"https:\/\/www.swisslearning.com\/es\/wp-json\/wp\/v2\/pages"}],"about":[{"href":"https:\/\/www.swisslearning.com\/es\/wp-json\/wp\/v2\/types\/page"}],"author":[{"embeddable":true,"href":"https:\/\/www.swisslearning.com\/es\/wp-json\/wp\/v2\/users\/1"}],"replies":[{"embeddable":true,"href":"https:\/\/www.swisslearning.com\/es\/wp-json\/wp\/v2\/comments?post=12306"}],"version-history":[{"count":29,"href":"https:\/\/www.swisslearning.com\/es\/wp-json\/wp\/v2\/pages\/12306\/revisions"}],"predecessor-version":[{"id":12693,"href":"https:\/\/www.swisslearning.com\/es\/wp-json\/wp\/v2\/pages\/12306\/revisions\/12693"}],"wp:featuredmedia":[{"embeddable":true,"href":"https:\/\/www.swisslearning.com\/es\/wp-json\/wp\/v2\/media\/144"}],"wp:attachment":[{"href":"https:\/\/www.swisslearning.com\/es\/wp-json\/wp\/v2\/media?parent=12306"}],"curies":[{"name":"gracias","href":"https:\/\/api.w.org\/{rel}","templated":true}]}}