{"id":12306,"date":"2024-10-09T08:55:53","date_gmt":"2024-10-09T08:55:53","guid":{"rendered":"https:\/\/www.swisslearning.com\/?page_id=12306"},"modified":"2025-03-12T13:42:23","modified_gmt":"2025-03-12T13:42:23","slug":"st-georges-international-school","status":"publish","type":"page","link":"https:\/\/www.swisslearning.com\/fr\/st-georges-international-school\/","title":{"rendered":"\u00c9cole internationale St. George"},"content":{"rendered":"<div data-elementor-type=\"wp-page\" data-elementor-id=\"12306\" class=\"elementor elementor-12306\" data-elementor-post-type=\"page\">\n\t\t\t\t\t\t<section class=\"elementor-section elementor-top-section elementor-element elementor-element-2ff39f2 elementor-section-full_width elementor-section-content-top elementor-section-height-default elementor-section-height-default\" data-id=\"2ff39f2\" data-element_type=\"section\" data-e-type=\"section\" data-settings=\"{&quot;background_background&quot;:&quot;classic&quot;}\">\n\t\t\t\t\t\t<div class=\"elementor-container elementor-column-gap-default\">\n\t\t\t\t\t<div class=\"elementor-column elementor-col-100 elementor-top-column elementor-element elementor-element-d5c1cff\" data-id=\"d5c1cff\" data-element_type=\"column\" data-e-type=\"column\" data-settings=\"{&quot;background_background&quot;:&quot;classic&quot;}\">\n\t\t\t<div class=\"elementor-widget-wrap elementor-element-populated\">\n\t\t\t\t\t\t<div class=\"elementor-element elementor-element-dccc3dd elementor-widget elementor-widget-image\" data-id=\"dccc3dd\" data-element_type=\"widget\" data-e-type=\"widget\" data-widget_type=\"image.default\">\n\t\t\t\t<div class=\"elementor-widget-container\">\n\t\t\t\t\t\t\t\t\t\t\t\t\t\t\t<img decoding=\"async\" src=\"https:\/\/www.swisslearning.com\/wp-content\/uploads\/elementor\/thumbs\/SGIS-Left-Aligned-Red-Logo-CMYK-jpg-scaled-qvapqykdepdh7z4fbjihzu6godxkue8io370aoed7g.jpg\" title=\"Logo rouge align\u00e9 \u00e0 gauche SGIS CMJN jpg\" alt=\"Logo rouge align\u00e9 \u00e0 gauche SGIS CMJN jpg\" loading=\"lazy\" \/>\t\t\t\t\t\t\t\t\t\t\t\t\t\t\t<\/div>\n\t\t\t\t<\/div>\n\t\t\t\t<div class=\"elementor-element elementor-element-5a6b687 elementor-arrows-position-inside elementor-widget elementor-widget-image-carousel\" data-id=\"5a6b687\" data-element_type=\"widget\" data-e-type=\"widget\" data-settings=\"{&quot;slides_to_show&quot;:&quot;1&quot;,&quot;navigation&quot;:&quot;arrows&quot;,&quot;autoplay&quot;:&quot;yes&quot;,&quot;pause_on_hover&quot;:&quot;yes&quot;,&quot;pause_on_interaction&quot;:&quot;yes&quot;,&quot;autoplay_speed&quot;:5000,&quot;infinite&quot;:&quot;yes&quot;,&quot;effect&quot;:&quot;slide&quot;,&quot;speed&quot;:500}\" data-widget_type=\"image-carousel.default\">\n\t\t\t\t<div class=\"elementor-widget-container\">\n\t\t\t\t\t\t\t<div class=\"elementor-image-carousel-wrapper swiper\" role=\"region\" aria-roledescription=\"carousel\" aria-label=\"Carrousel d&#039;images\" dir=\"ltr\">\n\t\t\t<div class=\"elementor-image-carousel swiper-wrapper swiper-image-stretch\" aria-live=\"off\">\n\t\t\t\t\t\t\t\t<div class=\"swiper-slide\" role=\"group\" aria-roledescription=\"slide\" aria-label=\"1 sur 6\"><figure class=\"swiper-slide-inner\"><img decoding=\"async\" class=\"swiper-slide-image\" src=\"https:\/\/www.swisslearning.com\/wp-content\/uploads\/elementor\/thumbs\/SGIS-Ariel-Photo-cropped-qvoirik41siaerx0eguums910eab4wztkn07xohs9k.jpg\" alt=\"DCIM100MEDIADJI_0165.JPG\" \/><\/figure><\/div><div class=\"swiper-slide\" role=\"group\" aria-roledescription=\"slide\" aria-label=\"2 sur 6\"><figure class=\"swiper-slide-inner\"><img decoding=\"async\" class=\"swiper-slide-image\" src=\"https:\/\/www.swisslearning.com\/wp-content\/uploads\/elementor\/thumbs\/SGIS-Mountain-Biking-cropped-qvoipcjiajjhn52c214tdtxrpeyue1e3lwux3ppgm0.jpg\" alt=\"SGIS VTT recadr\u00e9\" \/><\/figure><\/div><div class=\"swiper-slide\" role=\"group\" aria-roledescription=\"slide\" aria-label=\"3 sur 6\"><figure class=\"swiper-slide-inner\"><img decoding=\"async\" class=\"swiper-slide-image\" src=\"https:\/\/www.swisslearning.com\/wp-content\/uploads\/elementor\/thumbs\/Chalet-cropped-qvoiu7dhlq6tmm0dp4pf9lti73145qo69y78d6i8go.jpg\" alt=\"Chalet recadr\u00e9\" \/><\/figure><\/div><div class=\"swiper-slide\" role=\"group\" aria-roledescription=\"slide\" aria-label=\"4 sur 6\"><figure class=\"swiper-slide-inner\"><img decoding=\"async\" class=\"swiper-slide-image\" src=\"https:\/\/www.swisslearning.com\/wp-content\/uploads\/elementor\/thumbs\/SGIS-Ski-Race-2023-qvaq9yve0aywwo8od11yfm173sq21193usnd2vs314.jpg\" alt=\"Course de ski SGIS 2023\" \/><\/figure><\/div><div class=\"swiper-slide\" role=\"group\" aria-roledescription=\"slide\" aria-label=\"5 sur 6\"><figure class=\"swiper-slide-inner\"><img decoding=\"async\" class=\"swiper-slide-image\" src=\"https:\/\/www.swisslearning.com\/wp-content\/uploads\/elementor\/thumbs\/SGIS-Science-scaled-qvaq4n4ba3of47z7gq62ayf5x6z6es3v4fkb6foeag.jpg\" alt=\"SGIS - Sciences\" \/><\/figure><\/div><div class=\"swiper-slide\" role=\"group\" aria-roledescription=\"slide\" aria-label=\"6 sur 6\"><figure class=\"swiper-slide-inner\"><img decoding=\"async\" class=\"swiper-slide-image\" src=\"https:\/\/www.swisslearning.com\/wp-content\/uploads\/elementor\/thumbs\/SGIS-Academics-1-qvaqfrjk5iwki3tkij94t5dizc5jhu9inhh5mb6ons.jpg\" alt=\"SGIS - Enseignement\" \/><\/figure><\/div>\t\t\t<\/div>\n\t\t\t\t\t\t\t\t\t\t\t\t<div class=\"elementor-swiper-button elementor-swiper-button-prev\" role=\"button\" tabindex=\"0\">\n\t\t\t\t\t\t<i aria-hidden=\"true\" class=\"eicon-chevron-left\"><\/i>\t\t\t\t\t<\/div>\n\t\t\t\t\t<div class=\"elementor-swiper-button elementor-swiper-button-next\" role=\"button\" tabindex=\"0\">\n\t\t\t\t\t\t<i aria-hidden=\"true\" class=\"eicon-chevron-right\"><\/i>\t\t\t\t\t<\/div>\n\t\t\t\t\n\t\t\t\t\t\t\t\t\t<\/div>\n\t\t\t\t\t\t<\/div>\n\t\t\t\t<\/div>\n\t\t\t\t\t<\/div>\n\t\t<\/div>\n\t\t\t\t\t<\/div>\n\t\t<\/section>\n\t\t\t\t<section class=\"elementor-section elementor-top-section elementor-element elementor-element-f1ba1a7 elementor-section-full_width elementor-section-height-default elementor-section-height-default\" data-id=\"f1ba1a7\" data-element_type=\"section\" data-e-type=\"section\">\n\t\t\t\t\t\t<div class=\"elementor-container elementor-column-gap-default\">\n\t\t\t\t\t<div class=\"elementor-column elementor-col-50 elementor-top-column elementor-element elementor-element-b1c8cf6\" data-id=\"b1c8cf6\" data-element_type=\"column\" data-e-type=\"column\">\n\t\t\t<div class=\"elementor-widget-wrap elementor-element-populated\">\n\t\t\t\t\t\t<div class=\"elementor-element elementor-element-7e30b80 elementor-widget elementor-widget-video\" data-id=\"7e30b80\" data-element_type=\"widget\" data-e-type=\"widget\" data-settings=\"{&quot;youtube_url&quot;:&quot;https:\\\/\\\/www.youtube.com\\\/watch?v=Lu_2R_xmDW8&amp;t=1s&quot;,&quot;video_type&quot;:&quot;youtube&quot;,&quot;controls&quot;:&quot;yes&quot;}\" data-widget_type=\"video.default\">\n\t\t\t\t<div class=\"elementor-widget-container\">\n\t\t\t\t\t\t\t<div class=\"elementor-wrapper elementor-open-inline\">\n\t\t\t<div class=\"elementor-video\"><\/div>\t\t<\/div>\n\t\t\t\t\t\t<\/div>\n\t\t\t\t<\/div>\n\t\t\t\t\t<\/div>\n\t\t<\/div>\n\t\t\t\t<div class=\"elementor-column elementor-col-50 elementor-top-column elementor-element elementor-element-8bf33b9\" data-id=\"8bf33b9\" data-element_type=\"column\" data-e-type=\"column\">\n\t\t\t<div class=\"elementor-widget-wrap elementor-element-populated\">\n\t\t\t\t\t\t<div class=\"elementor-element elementor-element-888ca60 elementor-widget elementor-widget-heading\" data-id=\"888ca60\" data-element_type=\"widget\" data-e-type=\"widget\" data-widget_type=\"heading.default\">\n\t\t\t\t<div class=\"elementor-widget-container\">\n\t\t\t\t\t<h1 class=\"elementor-heading-title elementor-size-default\">\u00c9COLE INTERNATIONALE ST GEORGE<\/h1>\t\t\t\t<\/div>\n\t\t\t\t<\/div>\n\t\t\t\t<div class=\"elementor-element elementor-element-c20ef49 elementor-blockquote--skin-quotation elementor-widget elementor-widget-blockquote\" data-id=\"c20ef49\" data-element_type=\"widget\" data-e-type=\"widget\" data-widget_type=\"blockquote.default\">\n\t\t\t\t<div class=\"elementor-widget-container\">\n\t\t\t\t\t\t\t<blockquote class=\"elementor-blockquote\">\n\t\t\t<p class=\"elementor-blockquote__content\">\n\t\t\t\tL&#039;essence de St. George&#039;s - Entour\u00e9 par la beaut\u00e9 naturelle du lac L\u00e9man et des Alpes suisses, et \u00e0 deux pas de la ville pittoresque de Montreux, St. George&#039;s propose une \u00e9ducation IB de premier ordre, alliant une philosophie traditionnelle \u00e0 l&#039;excellence acad\u00e9mique. Ici, nous cultivons un environnement d&#039;apprentissage dynamique o\u00f9 chaque \u00e9l\u00e8ve d\u00e9couvre son potentiel unique.\t\t\t<\/p>\n\t\t\t\t\t<\/blockquote>\n\t\t\t\t\t\t<\/div>\n\t\t\t\t<\/div>\n\t\t\t\t\t<\/div>\n\t\t<\/div>\n\t\t\t\t\t<\/div>\n\t\t<\/section>\n\t\t\t\t<section class=\"elementor-section elementor-top-section elementor-element elementor-element-bb3ffa0 elementor-section-full_width elementor-section-height-default elementor-section-height-default\" data-id=\"bb3ffa0\" data-element_type=\"section\" data-e-type=\"section\">\n\t\t\t\t\t\t<div class=\"elementor-container elementor-column-gap-default\">\n\t\t\t\t\t<div class=\"elementor-column elementor-col-50 elementor-top-column elementor-element elementor-element-9b5d387\" data-id=\"9b5d387\" data-element_type=\"column\" data-e-type=\"column\" data-settings=\"{&quot;background_background&quot;:&quot;classic&quot;}\">\n\t\t\t<div class=\"elementor-widget-wrap elementor-element-populated\">\n\t\t\t\t\t\t<div class=\"elementor-element elementor-element-8ab6234 elementor-widget elementor-widget-heading\" data-id=\"8ab6234\" data-element_type=\"widget\" data-e-type=\"widget\" data-widget_type=\"heading.default\">\n\t\t\t\t<div class=\"elementor-widget-container\">\n\t\t\t\t\t<h2 class=\"elementor-heading-title elementor-size-default\">INFORMATIONS CL\u00c9S<\/h2>\t\t\t\t<\/div>\n\t\t\t\t<\/div>\n\t\t\t\t<div class=\"elementor-element elementor-element-754de4c elementor-widget elementor-widget-text-editor\" data-id=\"754de4c\" data-element_type=\"widget\" data-e-type=\"widget\" data-widget_type=\"text-editor.default\">\n\t\t\t\t<div class=\"elementor-widget-container\">\n\t\t\t\t\t\t\t\t\t<ul><li>Fond\u00e9e en 1927<\/li><li>380 \u00e9l\u00e8ves dont 101 internes<\/li><li>Tranche d&#039;\u00e2ge : 18 mois \u00e0 18 ans. Pensionnaires \u00e0 partir de 10 ans.<\/li><li>Plus de 60 nationalit\u00e9s, avec plus de 30 nationalit\u00e9s \u00e0 l&#039;embarquement. 12% Suisse.<\/li><li>Accr\u00e9ditations : Cambridge Assessment, IBO, CIS, NEASC, World Academy of Sport<\/li><li>Une \u00e9cole inspir\u00e9e<\/li><li>Frais de scolarit\u00e9 et d&#039;internat annuels : CHF 94&#039;250 \u2013 CHF 120&#039;140<\/li><\/ul>\t\t\t\t\t\t\t\t<\/div>\n\t\t\t\t<\/div>\n\t\t\t\t\t<\/div>\n\t\t<\/div>\n\t\t\t\t<div class=\"elementor-column elementor-col-50 elementor-top-column elementor-element elementor-element-8a39952\" data-id=\"8a39952\" data-element_type=\"column\" data-e-type=\"column\">\n\t\t\t<div class=\"elementor-widget-wrap elementor-element-populated\">\n\t\t\t\t\t\t<div class=\"elementor-element elementor-element-398b80b elementor-widget elementor-widget-heading\" data-id=\"398b80b\" data-element_type=\"widget\" data-e-type=\"widget\" data-widget_type=\"heading.default\">\n\t\t\t\t<div class=\"elementor-widget-container\">\n\t\t\t\t\t<h2 class=\"elementor-heading-title elementor-size-default\">programmes et dipl\u00f4mes<\/h2>\t\t\t\t<\/div>\n\t\t\t\t<\/div>\n\t\t\t\t<div class=\"elementor-element elementor-element-10246d3 elementor-widget elementor-widget-text-editor\" data-id=\"10246d3\" data-element_type=\"widget\" data-e-type=\"widget\" data-widget_type=\"text-editor.default\">\n\t\t\t\t<div class=\"elementor-widget-container\">\n\t\t\t\t\t\t\t\t\t<ul style=\"font-weight: 400;\"><li>Langues : Anglais et Parcours bilingues anglais et fran\u00e7ais<\/li><li>Programme international de Cambridge, Programme du dipl\u00f4me de l&#039;IB<\/li><li>Ratio personnel\/\u00e9tudiants : 1:4<\/li><li>Langues \u00e9trang\u00e8res : fran\u00e7ais, allemand, espagnol et soutien dans la langue maternelle<\/li><\/ul><p style=\"font-weight: 400;\">\u00a0<\/p>\t\t\t\t\t\t\t\t<\/div>\n\t\t\t\t<\/div>\n\t\t\t\t\t<\/div>\n\t\t<\/div>\n\t\t\t\t\t<\/div>\n\t\t<\/section>\n\t\t\t\t<section class=\"elementor-section elementor-top-section elementor-element elementor-element-4421bb4 elementor-section-full_width elementor-section-height-default elementor-section-height-default\" data-id=\"4421bb4\" data-element_type=\"section\" data-e-type=\"section\">\n\t\t\t\t\t\t<div class=\"elementor-container elementor-column-gap-default\">\n\t\t\t\t\t<div class=\"elementor-column elementor-col-50 elementor-top-column elementor-element elementor-element-c4bc547\" data-id=\"c4bc547\" data-element_type=\"column\" data-e-type=\"column\" data-settings=\"{&quot;background_background&quot;:&quot;classic&quot;}\">\n\t\t\t<div class=\"elementor-widget-wrap elementor-element-populated\">\n\t\t\t\t\t\t<div class=\"elementor-element elementor-element-1463472 elementor-widget elementor-widget-heading\" data-id=\"1463472\" data-element_type=\"widget\" data-e-type=\"widget\" data-widget_type=\"heading.default\">\n\t\t\t\t<div class=\"elementor-widget-container\">\n\t\t\t\t\t<h2 class=\"elementor-heading-title elementor-size-default\">camps d&#039;\u00e9t\u00e9<\/h2>\t\t\t\t<\/div>\n\t\t\t\t<\/div>\n\t\t\t\t<div class=\"elementor-element elementor-element-7d2f175 elementor-widget elementor-widget-text-editor\" data-id=\"7d2f175\" data-element_type=\"widget\" data-e-type=\"widget\" data-widget_type=\"text-editor.default\">\n\t\t\t\t<div class=\"elementor-widget-container\">\n\t\t\t\t\t\t\t\t\t<ul><li>Camps d&#039;\u00e9t\u00e9 en juillet et ao\u00fbt<\/li><li>\u00c9l\u00e8ves de 4 \u00e0 16 ans<\/li><li>Option matin : Fran\u00e7ais, Anglais, STEAM, Informatique. Option apr\u00e8s-midi : Lac et Montagne, Tennis<\/li><li>Programmes de langues (fran\u00e7ais et anglais) con\u00e7us pour am\u00e9liorer les comp\u00e9tences en communication dans un environnement engageant et amusant.<\/li><li>Programme Lac et Montagne offrant aventure et exploration dans un paysage magnifique.<\/li><li>Un \u00e9quilibre entre enrichissement acad\u00e9mique et aventure en plein air, avec des activit\u00e9s allant des ateliers STEAM aux sports.<\/li><\/ul>\t\t\t\t\t\t\t\t<\/div>\n\t\t\t\t<\/div>\n\t\t\t\t\t<\/div>\n\t\t<\/div>\n\t\t\t\t<div class=\"elementor-column elementor-col-50 elementor-top-column elementor-element elementor-element-146eb0f\" data-id=\"146eb0f\" data-element_type=\"column\" data-e-type=\"column\">\n\t\t\t<div class=\"elementor-widget-wrap elementor-element-populated\">\n\t\t\t\t\t\t<div class=\"elementor-element elementor-element-456a7c5 elementor-widget elementor-widget-heading\" data-id=\"456a7c5\" data-element_type=\"widget\" data-e-type=\"widget\" data-widget_type=\"heading.default\">\n\t\t\t\t<div class=\"elementor-widget-container\">\n\t\t\t\t\t<h2 class=\"elementor-heading-title elementor-size-default\">P\u00e9riscolaire<\/h2>\t\t\t\t<\/div>\n\t\t\t\t<\/div>\n\t\t\t\t<div class=\"elementor-element elementor-element-1dc21c9 elementor-widget elementor-widget-text-editor\" data-id=\"1dc21c9\" data-element_type=\"widget\" data-e-type=\"widget\" data-widget_type=\"text-editor.default\">\n\t\t\t\t<div class=\"elementor-widget-container\">\n\t\t\t\t\t\t\t\t\t<ul><li>Plus de 100 clubs et activit\u00e9s disponibles tout au long de l&#039;ann\u00e9e scolaire, notamment l&#039;\u00e9quitation, la voile, le mod\u00e8le des Nations Unies, le codage et la robotique<\/li><li>Acad\u00e9mies de sport de haut niveau : Ski de comp\u00e9tition, Freeride, Golf, Tennis, Natation<\/li><li>Programme Sport \u00c9tudes, con\u00e7u pour permettre aux \u00e9tudiants d&#039;atteindre des sommets in\u00e9gal\u00e9s. Comprend un coaching en psychologie du sport et en nutrition.<\/li><li>Programme de voyages internationaux pour am\u00e9liorer l&#039;exp\u00e9rience d&#039;apprentissage des \u00e9tudiants<\/li><li>Acc\u00e8s aux concours mondiaux Inspired et aux visites de campus universitaires<\/li><\/ul>\t\t\t\t\t\t\t\t<\/div>\n\t\t\t\t<\/div>\n\t\t\t\t\t<\/div>\n\t\t<\/div>\n\t\t\t\t\t<\/div>\n\t\t<\/section>\n\t\t\t\t<\/div>","protected":false},"excerpt":{"rendered":"<p>ST. GEORGE&#8217;S INTERNATIONAL SCHOOL The essence of St. George\u2019s &#8211; Framed by the natural beauty of Lake Geneva and the Swiss Alps, and just a stone\u2019s throw from the picturesque town of Montreux, St. George\u2019s offers a top IB education, combining a traditional ethos with academic excellence. Here, we cultivate a dynamic learning environment where [&hellip;]<\/p>\n","protected":false},"author":1,"featured_media":144,"parent":0,"menu_order":0,"comment_status":"closed","ping_status":"closed","template":"","meta":{"footnotes":""},"class_list":["post-12306","page","type-page","status-publish","has-post-thumbnail","hentry"],"yoast_head":"<!-- This site is optimized with the Yoast SEO plugin v27.4 - https:\/\/yoast.com\/product\/yoast-seo-wordpress\/ -->\n<title>ST. GEORGE&#039;S INTERNATIONAL SCHOOL\u200b - Swiss Learning<\/title>\n<meta name=\"description\" content=\"The essence of ST. GEORGE&#039;S INTERNATIONAL SCHOOL is its sense of family and the feeling of being at home, in a caring, supportive environment.\" \/>\n<meta name=\"robots\" content=\"index, follow, max-snippet:-1, max-image-preview:large, max-video-preview:-1\" \/>\n<link rel=\"canonical\" href=\"https:\/\/www.swisslearning.com\/fr\/st-georges-international-school\/\" \/>\n<meta property=\"og:locale\" content=\"fr_FR\" \/>\n<meta property=\"og:type\" content=\"article\" \/>\n<meta property=\"og:title\" content=\"ST. GEORGE&#039;S INTERNATIONAL SCHOOL\u200b - Swiss Learning\" \/>\n<meta property=\"og:description\" content=\"The essence of ST. GEORGE&#039;S INTERNATIONAL SCHOOL is its sense of family and the feeling of being at home, in a caring, supportive environment.\" \/>\n<meta property=\"og:url\" content=\"https:\/\/www.swisslearning.com\/fr\/st-georges-international-school\/\" \/>\n<meta property=\"og:site_name\" content=\"Swiss Learning\" \/>\n<meta property=\"article:publisher\" content=\"https:\/\/www.facebook.com\/swisslearning\" \/>\n<meta property=\"article:modified_time\" content=\"2025-03-12T13:42:23+00:00\" \/>\n<meta property=\"og:image\" content=\"https:\/\/www.swisslearning.com\/wp-content\/uploads\/2021\/06\/logo_SL.jpg\" \/>\n\t<meta property=\"og:image:width\" content=\"200\" \/>\n\t<meta property=\"og:image:height\" content=\"200\" \/>\n\t<meta property=\"og:image:type\" content=\"image\/jpeg\" \/>\n<meta name=\"twitter:card\" content=\"summary_large_image\" \/>\n<meta name=\"twitter:label1\" content=\"Dur\u00e9e de lecture estim\u00e9e\" \/>\n\t<meta name=\"twitter:data1\" content=\"3 minutes\" \/>\n<script type=\"application\/ld+json\" class=\"yoast-schema-graph\">{\"@context\":\"https:\\\/\\\/schema.org\",\"@graph\":[{\"@type\":\"WebPage\",\"@id\":\"https:\\\/\\\/www.swisslearning.com\\\/st-georges-international-school\\\/\",\"url\":\"https:\\\/\\\/www.swisslearning.com\\\/st-georges-international-school\\\/\",\"name\":\"ST. GEORGE'S INTERNATIONAL SCHOOL\u200b - Swiss Learning\",\"isPartOf\":{\"@id\":\"https:\\\/\\\/www.swisslearning.com\\\/#website\"},\"primaryImageOfPage\":{\"@id\":\"https:\\\/\\\/www.swisslearning.com\\\/st-georges-international-school\\\/#primaryimage\"},\"image\":{\"@id\":\"https:\\\/\\\/www.swisslearning.com\\\/st-georges-international-school\\\/#primaryimage\"},\"thumbnailUrl\":\"https:\\\/\\\/www.swisslearning.com\\\/wp-content\\\/uploads\\\/2021\\\/06\\\/logo_SL.jpg\",\"datePublished\":\"2024-10-09T08:55:53+00:00\",\"dateModified\":\"2025-03-12T13:42:23+00:00\",\"description\":\"The essence of ST. GEORGE'S INTERNATIONAL SCHOOL is its sense of family and the feeling of being at home, in a caring, supportive environment.\",\"breadcrumb\":{\"@id\":\"https:\\\/\\\/www.swisslearning.com\\\/st-georges-international-school\\\/#breadcrumb\"},\"inLanguage\":\"fr-FR\",\"potentialAction\":[{\"@type\":\"ReadAction\",\"target\":[\"https:\\\/\\\/www.swisslearning.com\\\/st-georges-international-school\\\/\"]}]},{\"@type\":\"ImageObject\",\"inLanguage\":\"fr-FR\",\"@id\":\"https:\\\/\\\/www.swisslearning.com\\\/st-georges-international-school\\\/#primaryimage\",\"url\":\"https:\\\/\\\/www.swisslearning.com\\\/wp-content\\\/uploads\\\/2021\\\/06\\\/logo_SL.jpg\",\"contentUrl\":\"https:\\\/\\\/www.swisslearning.com\\\/wp-content\\\/uploads\\\/2021\\\/06\\\/logo_SL.jpg\",\"width\":200,\"height\":200},{\"@type\":\"BreadcrumbList\",\"@id\":\"https:\\\/\\\/www.swisslearning.com\\\/st-georges-international-school\\\/#breadcrumb\",\"itemListElement\":[{\"@type\":\"ListItem\",\"position\":1,\"name\":\"Home\",\"item\":\"https:\\\/\\\/www.swisslearning.com\\\/\"},{\"@type\":\"ListItem\",\"position\":2,\"name\":\"St. George&#8217;s International School\"}]},{\"@type\":\"WebSite\",\"@id\":\"https:\\\/\\\/www.swisslearning.com\\\/#website\",\"url\":\"https:\\\/\\\/www.swisslearning.com\\\/\",\"name\":\"Swiss Learning\",\"description\":\"BOARDING SCHOOLS, HOTEL MANAGEMENT SCHOOLS AND CAMPS IN SWITZERLAND\",\"potentialAction\":[{\"@type\":\"SearchAction\",\"target\":{\"@type\":\"EntryPoint\",\"urlTemplate\":\"https:\\\/\\\/www.swisslearning.com\\\/?s={search_term_string}\"},\"query-input\":{\"@type\":\"PropertyValueSpecification\",\"valueRequired\":true,\"valueName\":\"search_term_string\"}}],\"inLanguage\":\"fr-FR\"}]}<\/script>\n<!-- \/ Yoast SEO plugin. -->","yoast_head_json":{"title":"\u00c9COLE INTERNATIONALE ST. GEORGE - Swiss Learning","description":"L&#039;essence de l&#039;\u00c9COLE INTERNATIONALE ST. GEORGE est son sens de la famille et le sentiment d&#039;\u00eatre \u00e0 la maison, dans un environnement bienveillant et solidaire.","robots":{"index":"index","follow":"follow","max-snippet":"max-snippet:-1","max-image-preview":"max-image-preview:large","max-video-preview":"max-video-preview:-1"},"canonical":"https:\/\/www.swisslearning.com\/fr\/st-georges-international-school\/","og_locale":"fr_FR","og_type":"article","og_title":"ST. GEORGE'S INTERNATIONAL SCHOOL\u200b - Swiss Learning","og_description":"The essence of ST. GEORGE'S INTERNATIONAL SCHOOL is its sense of family and the feeling of being at home, in a caring, supportive environment.","og_url":"https:\/\/www.swisslearning.com\/fr\/st-georges-international-school\/","og_site_name":"Swiss Learning","article_publisher":"https:\/\/www.facebook.com\/swisslearning","article_modified_time":"2025-03-12T13:42:23+00:00","og_image":[{"width":200,"height":200,"url":"https:\/\/www.swisslearning.com\/wp-content\/uploads\/2021\/06\/logo_SL.jpg","type":"image\/jpeg"}],"twitter_card":"summary_large_image","twitter_misc":{"Dur\u00e9e de lecture estim\u00e9e":"3 minutes"},"schema":{"@context":"https:\/\/schema.org","@graph":[{"@type":"WebPage","@id":"https:\/\/www.swisslearning.com\/st-georges-international-school\/","url":"https:\/\/www.swisslearning.com\/st-georges-international-school\/","name":"\u00c9COLE INTERNATIONALE ST. GEORGE - Swiss Learning","isPartOf":{"@id":"https:\/\/www.swisslearning.com\/#website"},"primaryImageOfPage":{"@id":"https:\/\/www.swisslearning.com\/st-georges-international-school\/#primaryimage"},"image":{"@id":"https:\/\/www.swisslearning.com\/st-georges-international-school\/#primaryimage"},"thumbnailUrl":"https:\/\/www.swisslearning.com\/wp-content\/uploads\/2021\/06\/logo_SL.jpg","datePublished":"2024-10-09T08:55:53+00:00","dateModified":"2025-03-12T13:42:23+00:00","description":"L&#039;essence de l&#039;\u00c9COLE INTERNATIONALE ST. GEORGE est son sens de la famille et le sentiment d&#039;\u00eatre \u00e0 la maison, dans un environnement bienveillant et solidaire.","breadcrumb":{"@id":"https:\/\/www.swisslearning.com\/st-georges-international-school\/#breadcrumb"},"inLanguage":"fr-FR","potentialAction":[{"@type":"ReadAction","target":["https:\/\/www.swisslearning.com\/st-georges-international-school\/"]}]},{"@type":"ImageObject","inLanguage":"fr-FR","@id":"https:\/\/www.swisslearning.com\/st-georges-international-school\/#primaryimage","url":"https:\/\/www.swisslearning.com\/wp-content\/uploads\/2021\/06\/logo_SL.jpg","contentUrl":"https:\/\/www.swisslearning.com\/wp-content\/uploads\/2021\/06\/logo_SL.jpg","width":200,"height":200},{"@type":"BreadcrumbList","@id":"https:\/\/www.swisslearning.com\/st-georges-international-school\/#breadcrumb","itemListElement":[{"@type":"ListItem","position":1,"name":"Home","item":"https:\/\/www.swisslearning.com\/"},{"@type":"ListItem","position":2,"name":"St. George&#8217;s International School"}]},{"@type":"WebSite","@id":"https:\/\/www.swisslearning.com\/#website","url":"https:\/\/www.swisslearning.com\/","name":"Apprentissage suisse","description":"INTERNATS, \u00c9COLES H\u00d4TELI\u00c8RES ET CAMPS EN SUISSE","potentialAction":[{"@type":"SearchAction","target":{"@type":"EntryPoint","urlTemplate":"https:\/\/www.swisslearning.com\/?s={search_term_string}"},"query-input":{"@type":"PropertyValueSpecification","valueRequired":true,"valueName":"search_term_string"}}],"inLanguage":"fr-FR"}]}},"_links":{"self":[{"href":"https:\/\/www.swisslearning.com\/fr\/wp-json\/wp\/v2\/pages\/12306","targetHints":{"allow":["GET"]}}],"collection":[{"href":"https:\/\/www.swisslearning.com\/fr\/wp-json\/wp\/v2\/pages"}],"about":[{"href":"https:\/\/www.swisslearning.com\/fr\/wp-json\/wp\/v2\/types\/page"}],"author":[{"embeddable":true,"href":"https:\/\/www.swisslearning.com\/fr\/wp-json\/wp\/v2\/users\/1"}],"replies":[{"embeddable":true,"href":"https:\/\/www.swisslearning.com\/fr\/wp-json\/wp\/v2\/comments?post=12306"}],"version-history":[{"count":29,"href":"https:\/\/www.swisslearning.com\/fr\/wp-json\/wp\/v2\/pages\/12306\/revisions"}],"predecessor-version":[{"id":12693,"href":"https:\/\/www.swisslearning.com\/fr\/wp-json\/wp\/v2\/pages\/12306\/revisions\/12693"}],"wp:featuredmedia":[{"embeddable":true,"href":"https:\/\/www.swisslearning.com\/fr\/wp-json\/wp\/v2\/media\/144"}],"wp:attachment":[{"href":"https:\/\/www.swisslearning.com\/fr\/wp-json\/wp\/v2\/media?parent=12306"}],"curies":[{"name":"wp","href":"https:\/\/api.w.org\/{rel}","templated":true}]}}