{"id":7258,"date":"2021-07-12T13:19:12","date_gmt":"2021-07-12T13:19:12","guid":{"rendered":"https:\/\/swissexcellence.ch\/?page_id=7258"},"modified":"2025-03-12T13:41:36","modified_gmt":"2025-03-12T13:41:36","slug":"institut-le-rosey","status":"publish","type":"page","link":"https:\/\/www.swisslearning.com\/fr\/institut-le-rosey\/","title":{"rendered":"Institut le Rosey"},"content":{"rendered":"<div data-elementor-type=\"wp-page\" data-elementor-id=\"7258\" class=\"elementor elementor-7258\" data-elementor-post-type=\"page\">\n\t\t\t\t\t\t<section class=\"elementor-section elementor-top-section elementor-element elementor-element-2ff39f2 elementor-section-full_width elementor-section-content-top elementor-section-height-default elementor-section-height-default\" data-id=\"2ff39f2\" data-element_type=\"section\" data-e-type=\"section\" data-settings=\"{&quot;background_background&quot;:&quot;classic&quot;}\">\n\t\t\t\t\t\t<div class=\"elementor-container elementor-column-gap-default\">\n\t\t\t\t\t<div class=\"elementor-column elementor-col-100 elementor-top-column elementor-element elementor-element-d5c1cff\" data-id=\"d5c1cff\" data-element_type=\"column\" data-e-type=\"column\" data-settings=\"{&quot;background_background&quot;:&quot;classic&quot;}\">\n\t\t\t<div class=\"elementor-widget-wrap elementor-element-populated\">\n\t\t\t\t\t\t<div class=\"elementor-element elementor-element-dccc3dd elementor-widget elementor-widget-image\" data-id=\"dccc3dd\" data-element_type=\"widget\" data-e-type=\"widget\" data-widget_type=\"image.default\">\n\t\t\t\t<div class=\"elementor-widget-container\">\n\t\t\t\t\t\t\t\t\t\t\t\t\t\t\t<img decoding=\"async\" width=\"300\" height=\"107\" src=\"https:\/\/www.swisslearning.com\/wp-content\/uploads\/2021\/07\/le-rosey-sm.png\" class=\"attachment-large size-large wp-image-7261\" alt=\"\" \/>\t\t\t\t\t\t\t\t\t\t\t\t\t\t\t<\/div>\n\t\t\t\t<\/div>\n\t\t\t\t<div class=\"elementor-element elementor-element-5a6b687 elementor-arrows-position-inside elementor-widget elementor-widget-image-carousel\" data-id=\"5a6b687\" data-element_type=\"widget\" data-e-type=\"widget\" data-settings=\"{&quot;slides_to_show&quot;:&quot;1&quot;,&quot;navigation&quot;:&quot;arrows&quot;,&quot;autoplay&quot;:&quot;yes&quot;,&quot;pause_on_hover&quot;:&quot;yes&quot;,&quot;pause_on_interaction&quot;:&quot;yes&quot;,&quot;autoplay_speed&quot;:5000,&quot;infinite&quot;:&quot;yes&quot;,&quot;effect&quot;:&quot;slide&quot;,&quot;speed&quot;:500}\" data-widget_type=\"image-carousel.default\">\n\t\t\t\t<div class=\"elementor-widget-container\">\n\t\t\t\t\t\t\t<div class=\"elementor-image-carousel-wrapper swiper\" role=\"region\" aria-roledescription=\"carousel\" aria-label=\"Carrousel d&#039;images\" dir=\"ltr\">\n\t\t\t<div class=\"elementor-image-carousel swiper-wrapper swiper-image-stretch\" aria-live=\"off\">\n\t\t\t\t\t\t\t\t<div class=\"swiper-slide\" role=\"group\" aria-roledescription=\"slide\" aria-label=\"1 \u0438\u043b\u0438 2\" data-no-translation-aria-label=\"\"><figure class=\"swiper-slide-inner\"><img decoding=\"async\" class=\"swiper-slide-image\" src=\"https:\/\/www.swisslearning.com\/wp-content\/uploads\/elementor\/thumbs\/xinstitut-le-rosey-switzerland-letnii-lager-9.pagespeed.ic_.AHMIKi7egP-1400x580-1-pac68glxhwdctmi5fqj6awobi5yz0z2x8ky5h5eq8o.jpg\" alt=\"xinstitut-le-rosey-suisse-letnii-lager-9.jpg.pagespeed.ic.AHMIKi7egP-1400x580\" \/><\/figure><\/div><div class=\"swiper-slide\" role=\"group\" aria-roledescription=\"slide\" aria-label=\"2 \u0438\u043b\u0438 2\" data-no-translation-aria-label=\"\"><figure class=\"swiper-slide-inner\"><img decoding=\"async\" class=\"swiper-slide-image\" src=\"https:\/\/www.swisslearning.com\/wp-content\/uploads\/elementor\/thumbs\/P4250064-2-1400x580-1-pac68ihlvkfxguff4rcffw78oxppgdadwu94fpbxw8.jpeg\" alt=\"P4250064-2-1400x580 (1)\" \/><\/figure><\/div>\t\t\t<\/div>\n\t\t\t\t\t\t\t\t\t\t\t\t<div class=\"elementor-swiper-button elementor-swiper-button-prev\" role=\"button\" tabindex=\"0\">\n\t\t\t\t\t\t<i aria-hidden=\"true\" class=\"eicon-chevron-left\"><\/i>\t\t\t\t\t<\/div>\n\t\t\t\t\t<div class=\"elementor-swiper-button elementor-swiper-button-next\" role=\"button\" tabindex=\"0\">\n\t\t\t\t\t\t<i aria-hidden=\"true\" class=\"eicon-chevron-right\"><\/i>\t\t\t\t\t<\/div>\n\t\t\t\t\n\t\t\t\t\t\t\t\t\t<\/div>\n\t\t\t\t\t\t<\/div>\n\t\t\t\t<\/div>\n\t\t\t\t\t<\/div>\n\t\t<\/div>\n\t\t\t\t\t<\/div>\n\t\t<\/section>\n\t\t\t\t<section class=\"elementor-section elementor-top-section elementor-element elementor-element-f1ba1a7 elementor-section-full_width elementor-section-height-default elementor-section-height-default\" data-id=\"f1ba1a7\" data-element_type=\"section\" data-e-type=\"section\">\n\t\t\t\t\t\t<div class=\"elementor-container elementor-column-gap-default\">\n\t\t\t\t\t<div class=\"elementor-column elementor-col-50 elementor-top-column elementor-element elementor-element-b1c8cf6\" data-id=\"b1c8cf6\" data-element_type=\"column\" data-e-type=\"column\">\n\t\t\t<div class=\"elementor-widget-wrap elementor-element-populated\">\n\t\t\t\t\t\t<div class=\"elementor-element elementor-element-7e30b80 elementor-widget elementor-widget-video\" data-id=\"7e30b80\" data-element_type=\"widget\" data-e-type=\"widget\" data-settings=\"{&quot;youtube_url&quot;:&quot;https:\\\/\\\/www.youtube.com\\\/watch?v=LsUyjvQEbYY&quot;,&quot;video_type&quot;:&quot;youtube&quot;,&quot;controls&quot;:&quot;yes&quot;}\" data-widget_type=\"video.default\">\n\t\t\t\t<div class=\"elementor-widget-container\">\n\t\t\t\t\t\t\t<div class=\"elementor-wrapper elementor-open-inline\">\n\t\t\t<div class=\"elementor-video\"><\/div>\t\t<\/div>\n\t\t\t\t\t\t<\/div>\n\t\t\t\t<\/div>\n\t\t\t\t\t<\/div>\n\t\t<\/div>\n\t\t\t\t<div class=\"elementor-column elementor-col-50 elementor-top-column elementor-element elementor-element-8bf33b9\" data-id=\"8bf33b9\" data-element_type=\"column\" data-e-type=\"column\">\n\t\t\t<div class=\"elementor-widget-wrap elementor-element-populated\">\n\t\t\t\t\t\t<div class=\"elementor-element elementor-element-888ca60 elementor-widget elementor-widget-heading\" data-id=\"888ca60\" data-element_type=\"widget\" data-e-type=\"widget\" data-widget_type=\"heading.default\">\n\t\t\t\t<div class=\"elementor-widget-container\">\n\t\t\t\t\t<h1 class=\"elementor-heading-title elementor-size-default\">Institut le Rosey<\/h1>\t\t\t\t<\/div>\n\t\t\t\t<\/div>\n\t\t\t\t<div class=\"elementor-element elementor-element-c20ef49 elementor-blockquote--skin-quotation elementor-widget elementor-widget-blockquote\" data-id=\"c20ef49\" data-element_type=\"widget\" data-e-type=\"widget\" data-widget_type=\"blockquote.default\">\n\t\t\t\t<div class=\"elementor-widget-container\">\n\t\t\t\t\t\t\t<blockquote class=\"elementor-blockquote\">\n\t\t\t<p class=\"elementor-blockquote__content\">\n\t\t\t\tL'Essence du Rosey - Internat international unique en Suisse, offrant un programme extr\u00eamement riche et rigoureux, requis pour l'admission dans les meilleures universit\u00e9s. Une \u00e9cole pour la vie, o\u00f9 les \u00e9tudiants d\u00e9veloppent tous leurs talents et o\u00f9 les anciens nouent des amiti\u00e9s et des liens pour la vie.\t\t\t<\/p>\n\t\t\t\t\t<\/blockquote>\n\t\t\t\t\t\t<\/div>\n\t\t\t\t<\/div>\n\t\t\t\t\t<\/div>\n\t\t<\/div>\n\t\t\t\t\t<\/div>\n\t\t<\/section>\n\t\t\t\t<section class=\"elementor-section elementor-top-section elementor-element elementor-element-bb3ffa0 elementor-section-full_width elementor-section-height-default elementor-section-height-default\" data-id=\"bb3ffa0\" data-element_type=\"section\" data-e-type=\"section\">\n\t\t\t\t\t\t<div class=\"elementor-container elementor-column-gap-default\">\n\t\t\t\t\t<div class=\"elementor-column elementor-col-50 elementor-top-column elementor-element elementor-element-9b5d387\" data-id=\"9b5d387\" data-element_type=\"column\" data-e-type=\"column\" data-settings=\"{&quot;background_background&quot;:&quot;classic&quot;}\">\n\t\t\t<div class=\"elementor-widget-wrap elementor-element-populated\">\n\t\t\t\t\t\t<div class=\"elementor-element elementor-element-8ab6234 elementor-widget elementor-widget-heading\" data-id=\"8ab6234\" data-element_type=\"widget\" data-e-type=\"widget\" data-widget_type=\"heading.default\">\n\t\t\t\t<div class=\"elementor-widget-container\">\n\t\t\t\t\t<h2 class=\"elementor-heading-title elementor-size-default\">INFORMATIONS CL\u00c9S<\/h2>\t\t\t\t<\/div>\n\t\t\t\t<\/div>\n\t\t\t\t<div class=\"elementor-element elementor-element-754de4c elementor-widget elementor-widget-text-editor\" data-id=\"754de4c\" data-element_type=\"widget\" data-e-type=\"widget\" data-widget_type=\"text-editor.default\">\n\t\t\t\t<div class=\"elementor-widget-container\">\n\t\t\t\t\t\t\t\t\t<ul><li>Fond\u00e9e en\u00a0: 1880<\/li><li>\u00c9l\u00e8ves : 450 pensionnaires<\/li><li>Tranche d&#039;\u00e2ge : Gar\u00e7ons et filles de 8 \u00e0 18 ans<\/li><li>Campus : Printemps et automne au bord du lac \u00e0 Rolle. L&#039;hiver \u00e0 la montagne \u00e0 Gstaad<\/li><li>Accr\u00e9ditation : NEASC, IBO, CIS, Groupe Baccalaur\u00e9at Fran\u00e7ais<\/li><li>Nationalit\u00e9s : Plus de 60 nationalit\u00e9s ; 10 % maximum par pays<\/li><li>Frais d'internat et de scolarit\u00e9 annuels : Juniors \u00e0 partir de 87 000 CHF, Cadets &amp; Seniors \u00e0 partir de 119 000 CHF<\/li><\/ul>\t\t\t\t\t\t\t\t<\/div>\n\t\t\t\t<\/div>\n\t\t\t\t\t<\/div>\n\t\t<\/div>\n\t\t\t\t<div class=\"elementor-column elementor-col-50 elementor-top-column elementor-element elementor-element-8a39952\" data-id=\"8a39952\" data-element_type=\"column\" data-e-type=\"column\">\n\t\t\t<div class=\"elementor-widget-wrap elementor-element-populated\">\n\t\t\t\t\t\t<div class=\"elementor-element elementor-element-398b80b elementor-widget elementor-widget-heading\" data-id=\"398b80b\" data-element_type=\"widget\" data-e-type=\"widget\" data-widget_type=\"heading.default\">\n\t\t\t\t<div class=\"elementor-widget-container\">\n\t\t\t\t\t<h2 class=\"elementor-heading-title elementor-size-default\">programmes et dipl\u00f4mes<\/h2>\t\t\t\t<\/div>\n\t\t\t\t<\/div>\n\t\t\t\t<div class=\"elementor-element elementor-element-10246d3 elementor-widget elementor-widget-text-editor\" data-id=\"10246d3\" data-element_type=\"widget\" data-e-type=\"widget\" data-widget_type=\"text-editor.default\">\n\t\t\t\t<div class=\"elementor-widget-container\">\n\t\t\t\t\t\t\t\t\t<ul><li>Langues : Chaque cours choisi en anglais ou en fran\u00e7ais<\/li><li>Dipl\u00f4mes : Baccalaur\u00e9at International (IB) et Baccalaur\u00e9at Fran\u00e7ais<\/li><li>Ratio Personnel\/El\u00e8ves\u00a0: 1:4, (enseignants) 1:2 (tout le personnel)<\/li><li>Langues \u00e9trang\u00e8res : Plus de 20 langues propos\u00e9es \u00e0 diff\u00e9rents niveaux<\/li><\/ul>\t\t\t\t\t\t\t\t<\/div>\n\t\t\t\t<\/div>\n\t\t\t\t\t<\/div>\n\t\t<\/div>\n\t\t\t\t\t<\/div>\n\t\t<\/section>\n\t\t\t\t<section class=\"elementor-section elementor-top-section elementor-element elementor-element-4421bb4 elementor-section-full_width elementor-section-height-default elementor-section-height-default\" data-id=\"4421bb4\" data-element_type=\"section\" data-e-type=\"section\">\n\t\t\t\t\t\t<div class=\"elementor-container elementor-column-gap-default\">\n\t\t\t\t\t<div class=\"elementor-column elementor-col-50 elementor-top-column elementor-element elementor-element-c4bc547\" data-id=\"c4bc547\" data-element_type=\"column\" data-e-type=\"column\" data-settings=\"{&quot;background_background&quot;:&quot;classic&quot;}\">\n\t\t\t<div class=\"elementor-widget-wrap elementor-element-populated\">\n\t\t\t\t\t\t<div class=\"elementor-element elementor-element-1463472 elementor-widget elementor-widget-heading\" data-id=\"1463472\" data-element_type=\"widget\" data-e-type=\"widget\" data-widget_type=\"heading.default\">\n\t\t\t\t<div class=\"elementor-widget-container\">\n\t\t\t\t\t<h2 class=\"elementor-heading-title elementor-size-default\">camps d&#039;\u00e9t\u00e9<\/h2>\t\t\t\t<\/div>\n\t\t\t\t<\/div>\n\t\t\t\t<div class=\"elementor-element elementor-element-7d2f175 elementor-widget elementor-widget-text-editor\" data-id=\"7d2f175\" data-element_type=\"widget\" data-e-type=\"widget\" data-widget_type=\"text-editor.default\">\n\t\t\t\t<div class=\"elementor-widget-container\">\n\t\t\t\t\t\t\t\t\t<ul>\n<li>Camps d&#039;\u00e9t\u00e9 sur les campus de Rolle et Gstaad en juin, juillet et ao\u00fbt<\/li><li>Camps d'\u00e9t\u00e9 \u00e0 Crans-Montana en juillet et en ao\u00fbt<\/li>\n<li>Destin\u00e9 au d\u00e9veloppement de la confiance en soi \u00e0 travers des ateliers (self-d\u00e9fense, musique, danse, art, parler en public)<\/li>\n<li>8 \u00e0 18 ans<\/li>\n<li>Cours acad\u00e9miques : Anglais, fran\u00e7ais et math\u00e9matiques<\/li>\n<li><span class=\"normaltextrun\"><span lang=\"EN-GB\">Acc\u00e8s \u00e0 un large choix de cours et de programmes, dont la technologie, l'\u00e9criture, le th\u00e9\u00e2tre, les arts culinaires, le leadership et les sports.<\/span><\/span><\/li>\n<li>Une premi\u00e8re exp\u00e9rience de l'ambiance Rosey et des installations exceptionnelles<\/li>\n<\/ul>\t\t\t\t\t\t\t\t<\/div>\n\t\t\t\t<\/div>\n\t\t\t\t\t<\/div>\n\t\t<\/div>\n\t\t\t\t<div class=\"elementor-column elementor-col-50 elementor-top-column elementor-element elementor-element-146eb0f\" data-id=\"146eb0f\" data-element_type=\"column\" data-e-type=\"column\">\n\t\t\t<div class=\"elementor-widget-wrap elementor-element-populated\">\n\t\t\t\t\t\t<div class=\"elementor-element elementor-element-456a7c5 elementor-widget elementor-widget-heading\" data-id=\"456a7c5\" data-element_type=\"widget\" data-e-type=\"widget\" data-widget_type=\"heading.default\">\n\t\t\t\t<div class=\"elementor-widget-container\">\n\t\t\t\t\t<h2 class=\"elementor-heading-title elementor-size-default\">P\u00e9riscolaire<\/h2>\t\t\t\t<\/div>\n\t\t\t\t<\/div>\n\t\t\t\t<div class=\"elementor-element elementor-element-1dc21c9 elementor-widget elementor-widget-text-editor\" data-id=\"1dc21c9\" data-element_type=\"widget\" data-e-type=\"widget\" data-widget_type=\"text-editor.default\">\n\t\t\t\t<div class=\"elementor-widget-container\">\n\t\t\t\t\t\t\t\t\t<ul><li class=\"paragraph\"><span class=\"normaltextrun\"><span lang=\"EN-GB\">Pratique quotidienne intense de plus de 30 sports et arts.<\/span><\/span><span class=\"eop\">\u00a0<\/span><\/li><li class=\"paragraph\"><span class=\"normaltextrun\"><span lang=\"EN-GB\">Programme des \u00e9v\u00e9nements culturels (<\/span><\/span><span lang=\"EN-GB\"><a title=\"http:\/\/www.roseyconcerthall.ch\/\" href=\"http:\/\/www.roseyconcerthall.ch\/\" target=\"_blank\" rel=\"noopener\"><span class=\"normaltextrun\">www.roseyconcerthall.ch<\/span><\/a><span class=\"normaltextrun\"> concerts, pi\u00e8ces de th\u00e9\u00e2tre, programme de conf\u00e9renciers, etc.)<\/span><span class=\"eop\">\u00a0<\/span><\/span><\/li><li class=\"paragraph\"><span class=\"normaltextrun\"><span lang=\"EN-GB\">Exp\u00e9ditions de fin de semaine, voyages caritatifs et culturels, et plus de 30 clubs \u00e9tudiants<\/span><\/span><span class=\"eop\">\u00a0<\/span><\/li><li class=\"paragraph\"><span class=\"normaltextrun\"><span lang=\"EN-GB\">Fort engagement dans des projets humanitaires<\/span><\/span><span class=\"eop\">\u00a0<\/span><\/li><li class=\"paragraph\"><span class=\"normaltextrun\"><span lang=\"EN-GB\">Campus d&#039;hiver d\u00e9di\u00e9 aux sports de glisse<\/span><\/span><span class=\"eop\">\u00a0<\/span><\/li><li class=\"paragraph\"><span class=\"normaltextrun\"><span lang=\"EN-GB\">Association Internationale des Anciens Ros\u00e9ens : un puissant r\u00e9seau de plus de 5 000 anciens<\/span><\/span><span class=\"eop\">\u00a0<\/span><\/li><li class=\"paragraph\"><span class=\"normaltextrun\"><span lang=\"EN-GB\">Campus satellite au Kenya d\u00e9di\u00e9 \u00e0 la conservation de l'environnement.<a title=\"http:\/\/www.chyulucamp.com\" href=\"http:\/\/www.chyulucamp.com\">www.chyulucamp.com<\/a>)<\/span><\/span><span class=\"eop\">\u00a0<\/span><\/li><\/ul>\t\t\t\t\t\t\t\t<\/div>\n\t\t\t\t<\/div>\n\t\t\t\t\t<\/div>\n\t\t<\/div>\n\t\t\t\t\t<\/div>\n\t\t<\/section>\n\t\t\t\t<\/div>","protected":false},"excerpt":{"rendered":"<p>Institut le Rosey The Essence of Le Rosey \u2013 Switzerland\u2019s uniquely international boarding school, balancing the rigorous academics required for admission to leading universities with sporting and artistic excellence. A school for life, where students develop all their talents and where alumni forge lifelong friendships and connections. key facts Founded in: 1880 Students: 450 boarders [&hellip;]<\/p>\n","protected":false},"author":1,"featured_media":144,"parent":0,"menu_order":0,"comment_status":"closed","ping_status":"closed","template":"","meta":{"footnotes":""},"class_list":["post-7258","page","type-page","status-publish","has-post-thumbnail","hentry"],"yoast_head":"<!-- This site is optimized with the Yoast SEO plugin v27.3 - https:\/\/yoast.com\/product\/yoast-seo-wordpress\/ -->\n<title>Institut Le Rosey - Swiss Boarding School - Swiss Learning<\/title>\n<meta name=\"description\" content=\"Institut Le Rosey, Switzerland\u2019s uniquely international boarding school, is a school for life, where students develop all their talents and where alumni forge lifelong friendships and connections.\" \/>\n<meta name=\"robots\" content=\"index, follow, max-snippet:-1, max-image-preview:large, max-video-preview:-1\" \/>\n<link rel=\"canonical\" href=\"https:\/\/www.swisslearning.com\/fr\/institut-le-rosey\/\" \/>\n<meta property=\"og:locale\" content=\"fr_FR\" \/>\n<meta property=\"og:type\" content=\"article\" \/>\n<meta property=\"og:title\" content=\"Institut Le Rosey - Swiss Boarding School - Swiss Learning\" \/>\n<meta property=\"og:description\" content=\"Institut Le Rosey, Switzerland\u2019s uniquely international boarding school, is a school for life, where students develop all their talents and where alumni forge lifelong friendships and connections.\" \/>\n<meta property=\"og:url\" content=\"https:\/\/www.swisslearning.com\/fr\/institut-le-rosey\/\" \/>\n<meta property=\"og:site_name\" content=\"Swiss Learning\" \/>\n<meta property=\"article:publisher\" content=\"https:\/\/www.facebook.com\/swisslearning\" \/>\n<meta property=\"article:modified_time\" content=\"2025-03-12T13:41:36+00:00\" \/>\n<meta property=\"og:image\" content=\"https:\/\/www.swisslearning.com\/wp-content\/uploads\/2021\/06\/logo_SL.jpg\" \/>\n\t<meta property=\"og:image:width\" content=\"200\" \/>\n\t<meta property=\"og:image:height\" content=\"200\" \/>\n\t<meta property=\"og:image:type\" content=\"image\/jpeg\" \/>\n<meta name=\"twitter:card\" content=\"summary_large_image\" \/>\n<meta name=\"twitter:label1\" content=\"Dur\u00e9e de lecture estim\u00e9e\" \/>\n\t<meta name=\"twitter:data1\" content=\"2 minutes\" \/>\n<script type=\"application\/ld+json\" class=\"yoast-schema-graph\">{\"@context\":\"https:\\\/\\\/schema.org\",\"@graph\":[{\"@type\":\"WebPage\",\"@id\":\"https:\\\/\\\/www.swisslearning.com\\\/institut-le-rosey\\\/\",\"url\":\"https:\\\/\\\/www.swisslearning.com\\\/institut-le-rosey\\\/\",\"name\":\"Institut Le Rosey - Swiss Boarding School - Swiss Learning\",\"isPartOf\":{\"@id\":\"https:\\\/\\\/www.swisslearning.com\\\/#website\"},\"primaryImageOfPage\":{\"@id\":\"https:\\\/\\\/www.swisslearning.com\\\/institut-le-rosey\\\/#primaryimage\"},\"image\":{\"@id\":\"https:\\\/\\\/www.swisslearning.com\\\/institut-le-rosey\\\/#primaryimage\"},\"thumbnailUrl\":\"https:\\\/\\\/www.swisslearning.com\\\/wp-content\\\/uploads\\\/2021\\\/06\\\/logo_SL.jpg\",\"datePublished\":\"2021-07-12T13:19:12+00:00\",\"dateModified\":\"2025-03-12T13:41:36+00:00\",\"description\":\"Institut Le Rosey, Switzerland\u2019s uniquely international boarding school, is a school for life, where students develop all their talents and where alumni forge lifelong friendships and connections.\",\"breadcrumb\":{\"@id\":\"https:\\\/\\\/www.swisslearning.com\\\/institut-le-rosey\\\/#breadcrumb\"},\"inLanguage\":\"fr-FR\",\"potentialAction\":[{\"@type\":\"ReadAction\",\"target\":[\"https:\\\/\\\/www.swisslearning.com\\\/institut-le-rosey\\\/\"]}]},{\"@type\":\"ImageObject\",\"inLanguage\":\"fr-FR\",\"@id\":\"https:\\\/\\\/www.swisslearning.com\\\/institut-le-rosey\\\/#primaryimage\",\"url\":\"https:\\\/\\\/www.swisslearning.com\\\/wp-content\\\/uploads\\\/2021\\\/06\\\/logo_SL.jpg\",\"contentUrl\":\"https:\\\/\\\/www.swisslearning.com\\\/wp-content\\\/uploads\\\/2021\\\/06\\\/logo_SL.jpg\",\"width\":200,\"height\":200},{\"@type\":\"BreadcrumbList\",\"@id\":\"https:\\\/\\\/www.swisslearning.com\\\/institut-le-rosey\\\/#breadcrumb\",\"itemListElement\":[{\"@type\":\"ListItem\",\"position\":1,\"name\":\"Home\",\"item\":\"https:\\\/\\\/www.swisslearning.com\\\/\"},{\"@type\":\"ListItem\",\"position\":2,\"name\":\"Institut le Rosey\"}]},{\"@type\":\"WebSite\",\"@id\":\"https:\\\/\\\/www.swisslearning.com\\\/#website\",\"url\":\"https:\\\/\\\/www.swisslearning.com\\\/\",\"name\":\"Swiss Learning\",\"description\":\"BOARDING SCHOOLS, HOTEL MANAGEMENT SCHOOLS AND CAMPS IN SWITZERLAND\",\"potentialAction\":[{\"@type\":\"SearchAction\",\"target\":{\"@type\":\"EntryPoint\",\"urlTemplate\":\"https:\\\/\\\/www.swisslearning.com\\\/?s={search_term_string}\"},\"query-input\":{\"@type\":\"PropertyValueSpecification\",\"valueRequired\":true,\"valueName\":\"search_term_string\"}}],\"inLanguage\":\"fr-FR\"}]}<\/script>\n<!-- \/ Yoast SEO plugin. -->","yoast_head_json":{"title":"Institut Le Rosey - Internat Suisse - Swiss Learning","description":"L&#039;Institut Le Rosey, internat international unique en Suisse, est une \u00e9cole pour la vie, o\u00f9 les \u00e9tudiants d\u00e9veloppent tous leurs talents et o\u00f9 les anciens nouent des amiti\u00e9s et des liens pour la vie.","robots":{"index":"index","follow":"follow","max-snippet":"max-snippet:-1","max-image-preview":"max-image-preview:large","max-video-preview":"max-video-preview:-1"},"canonical":"https:\/\/www.swisslearning.com\/fr\/institut-le-rosey\/","og_locale":"fr_FR","og_type":"article","og_title":"Institut Le Rosey - Swiss Boarding School - Swiss Learning","og_description":"Institut Le Rosey, Switzerland\u2019s uniquely international boarding school, is a school for life, where students develop all their talents and where alumni forge lifelong friendships and connections.","og_url":"https:\/\/www.swisslearning.com\/fr\/institut-le-rosey\/","og_site_name":"Swiss Learning","article_publisher":"https:\/\/www.facebook.com\/swisslearning","article_modified_time":"2025-03-12T13:41:36+00:00","og_image":[{"width":200,"height":200,"url":"https:\/\/www.swisslearning.com\/wp-content\/uploads\/2021\/06\/logo_SL.jpg","type":"image\/jpeg"}],"twitter_card":"summary_large_image","twitter_misc":{"Dur\u00e9e de lecture estim\u00e9e":"2 minutes"},"schema":{"@context":"https:\/\/schema.org","@graph":[{"@type":"WebPage","@id":"https:\/\/www.swisslearning.com\/institut-le-rosey\/","url":"https:\/\/www.swisslearning.com\/institut-le-rosey\/","name":"Institut Le Rosey - Internat Suisse - Swiss Learning","isPartOf":{"@id":"https:\/\/www.swisslearning.com\/#website"},"primaryImageOfPage":{"@id":"https:\/\/www.swisslearning.com\/institut-le-rosey\/#primaryimage"},"image":{"@id":"https:\/\/www.swisslearning.com\/institut-le-rosey\/#primaryimage"},"thumbnailUrl":"https:\/\/www.swisslearning.com\/wp-content\/uploads\/2021\/06\/logo_SL.jpg","datePublished":"2021-07-12T13:19:12+00:00","dateModified":"2025-03-12T13:41:36+00:00","description":"L&#039;Institut Le Rosey, internat international unique en Suisse, est une \u00e9cole pour la vie, o\u00f9 les \u00e9tudiants d\u00e9veloppent tous leurs talents et o\u00f9 les anciens nouent des amiti\u00e9s et des liens pour la vie.","breadcrumb":{"@id":"https:\/\/www.swisslearning.com\/institut-le-rosey\/#breadcrumb"},"inLanguage":"fr-FR","potentialAction":[{"@type":"ReadAction","target":["https:\/\/www.swisslearning.com\/institut-le-rosey\/"]}]},{"@type":"ImageObject","inLanguage":"fr-FR","@id":"https:\/\/www.swisslearning.com\/institut-le-rosey\/#primaryimage","url":"https:\/\/www.swisslearning.com\/wp-content\/uploads\/2021\/06\/logo_SL.jpg","contentUrl":"https:\/\/www.swisslearning.com\/wp-content\/uploads\/2021\/06\/logo_SL.jpg","width":200,"height":200},{"@type":"BreadcrumbList","@id":"https:\/\/www.swisslearning.com\/institut-le-rosey\/#breadcrumb","itemListElement":[{"@type":"ListItem","position":1,"name":"Home","item":"https:\/\/www.swisslearning.com\/"},{"@type":"ListItem","position":2,"name":"Institut le Rosey"}]},{"@type":"WebSite","@id":"https:\/\/www.swisslearning.com\/#website","url":"https:\/\/www.swisslearning.com\/","name":"Apprentissage suisse","description":"INTERNATS, \u00c9COLES H\u00d4TELI\u00c8RES ET CAMPS EN SUISSE","potentialAction":[{"@type":"SearchAction","target":{"@type":"EntryPoint","urlTemplate":"https:\/\/www.swisslearning.com\/?s={search_term_string}"},"query-input":{"@type":"PropertyValueSpecification","valueRequired":true,"valueName":"search_term_string"}}],"inLanguage":"fr-FR"}]}},"_links":{"self":[{"href":"https:\/\/www.swisslearning.com\/fr\/wp-json\/wp\/v2\/pages\/7258","targetHints":{"allow":["GET"]}}],"collection":[{"href":"https:\/\/www.swisslearning.com\/fr\/wp-json\/wp\/v2\/pages"}],"about":[{"href":"https:\/\/www.swisslearning.com\/fr\/wp-json\/wp\/v2\/types\/page"}],"author":[{"embeddable":true,"href":"https:\/\/www.swisslearning.com\/fr\/wp-json\/wp\/v2\/users\/1"}],"replies":[{"embeddable":true,"href":"https:\/\/www.swisslearning.com\/fr\/wp-json\/wp\/v2\/comments?post=7258"}],"version-history":[{"count":44,"href":"https:\/\/www.swisslearning.com\/fr\/wp-json\/wp\/v2\/pages\/7258\/revisions"}],"predecessor-version":[{"id":12675,"href":"https:\/\/www.swisslearning.com\/fr\/wp-json\/wp\/v2\/pages\/7258\/revisions\/12675"}],"wp:featuredmedia":[{"embeddable":true,"href":"https:\/\/www.swisslearning.com\/fr\/wp-json\/wp\/v2\/media\/144"}],"wp:attachment":[{"href":"https:\/\/www.swisslearning.com\/fr\/wp-json\/wp\/v2\/media?parent=7258"}],"curies":[{"name":"wp","href":"https:\/\/api.w.org\/{rel}","templated":true}]}}