{"id":7289,"date":"2021-07-16T08:49:51","date_gmt":"2021-07-16T08:49:51","guid":{"rendered":"https:\/\/swissexcellence.ch\/?page_id=7289"},"modified":"2024-09-23T05:44:33","modified_gmt":"2024-09-23T05:44:33","slug":"hotel-schools","status":"publish","type":"page","link":"https:\/\/www.swisslearning.com\/it\/hotel-schools\/","title":{"rendered":"Scuole alberghiere"},"content":{"rendered":"<div data-elementor-type=\"wp-page\" data-elementor-id=\"7289\" class=\"elementor elementor-7289\" data-elementor-post-type=\"page\">\n\t\t\t\t\t\t<section class=\"elementor-section elementor-top-section elementor-element elementor-element-2ff39f2 elementor-section-boxed elementor-section-height-default elementor-section-height-default\" data-id=\"2ff39f2\" data-element_type=\"section\" data-e-type=\"section\">\n\t\t\t\t\t\t<div class=\"elementor-container elementor-column-gap-default\">\n\t\t\t\t\t<div class=\"elementor-column elementor-col-100 elementor-top-column elementor-element elementor-element-d5c1cff\" data-id=\"d5c1cff\" data-element_type=\"column\" data-e-type=\"column\">\n\t\t\t<div class=\"elementor-widget-wrap elementor-element-populated\">\n\t\t\t\t\t\t<div class=\"elementor-element elementor-element-888ca60 elementor-widget elementor-widget-heading\" data-id=\"888ca60\" data-element_type=\"widget\" data-e-type=\"widget\" data-widget_type=\"heading.default\">\n\t\t\t\t<div class=\"elementor-widget-container\">\n\t\t\t\t\t<h1 class=\"elementor-heading-title elementor-size-default\">Scuole alberghiere in Svizzera<\/h1>\t\t\t\t<\/div>\n\t\t\t\t<\/div>\n\t\t\t\t\t<\/div>\n\t\t<\/div>\n\t\t\t\t\t<\/div>\n\t\t<\/section>\n\t\t\t\t<section class=\"elementor-section elementor-top-section elementor-element elementor-element-f1ba1a7 elementor-section-full_width elementor-section-height-default elementor-section-height-default\" data-id=\"f1ba1a7\" data-element_type=\"section\" data-e-type=\"section\">\n\t\t\t\t\t\t<div class=\"elementor-container elementor-column-gap-default\">\n\t\t\t\t\t<div class=\"elementor-column elementor-col-50 elementor-top-column elementor-element elementor-element-b1c8cf6\" data-id=\"b1c8cf6\" data-element_type=\"column\" data-e-type=\"column\">\n\t\t\t<div class=\"elementor-widget-wrap elementor-element-populated\">\n\t\t\t\t\t\t<div class=\"elementor-element elementor-element-e489930 elementor-widget elementor-widget-image\" data-id=\"e489930\" data-element_type=\"widget\" data-e-type=\"widget\" data-widget_type=\"image.default\">\n\t\t\t\t<div class=\"elementor-widget-container\">\n\t\t\t\t\t\t\t\t\t\t\t\t\t\t\t<img fetchpriority=\"high\" decoding=\"async\" width=\"500\" height=\"800\" src=\"https:\/\/www.swisslearning.com\/wp-content\/uploads\/2021\/07\/hotel-schools-swiss.jpeg\" class=\"attachment-large size-large wp-image-7389\" alt=\"\" srcset=\"https:\/\/www.swisslearning.com\/wp-content\/uploads\/2021\/07\/hotel-schools-swiss.jpeg 500w, https:\/\/www.swisslearning.com\/wp-content\/uploads\/2021\/07\/hotel-schools-swiss-188x300.jpeg 188w\" sizes=\"(max-width: 500px) 100vw, 500px\" \/>\t\t\t\t\t\t\t\t\t\t\t\t\t\t\t<\/div>\n\t\t\t\t<\/div>\n\t\t\t\t\t<\/div>\n\t\t<\/div>\n\t\t\t\t<div class=\"elementor-column elementor-col-50 elementor-top-column elementor-element elementor-element-8bf33b9\" data-id=\"8bf33b9\" data-element_type=\"column\" data-e-type=\"column\">\n\t\t\t<div class=\"elementor-widget-wrap elementor-element-populated\">\n\t\t\t\t\t\t<div class=\"elementor-element elementor-element-c20ef49 elementor-blockquote--skin-quotation elementor-widget elementor-widget-blockquote\" data-id=\"c20ef49\" data-element_type=\"widget\" data-e-type=\"widget\" data-widget_type=\"blockquote.default\">\n\t\t\t\t<div class=\"elementor-widget-container\">\n\t\t\t\t\t\t\t<blockquote class=\"elementor-blockquote\">\n\t\t\t<p class=\"elementor-blockquote__content\">\n\t\t\t\t<span style=\"white-space: normal\">L'obiettivo principale dell'istruzione \u00e8 creare uomini e donne capaci di fare cose nuove, non semplicemente di ripetere ci\u00f2 che altre generazioni hanno gi\u00e0 fatto.<\/span>\t\t\t<\/p>\n\t\t\t\t\t<\/blockquote>\n\t\t\t\t\t\t<\/div>\n\t\t\t\t<\/div>\n\t\t\t\t<div class=\"elementor-element elementor-element-20ce129 elementor-widget elementor-widget-spacer\" data-id=\"20ce129\" data-element_type=\"widget\" data-e-type=\"widget\" data-widget_type=\"spacer.default\">\n\t\t\t\t<div class=\"elementor-widget-container\">\n\t\t\t\t\t\t\t<div class=\"elementor-spacer\">\n\t\t\t<div class=\"elementor-spacer-inner\"><\/div>\n\t\t<\/div>\n\t\t\t\t\t\t<\/div>\n\t\t\t\t<\/div>\n\t\t\t\t<div class=\"elementor-element elementor-element-9075c6e elementor-widget elementor-widget-heading\" data-id=\"9075c6e\" data-element_type=\"widget\" data-e-type=\"widget\" data-widget_type=\"heading.default\">\n\t\t\t\t<div class=\"elementor-widget-container\">\n\t\t\t\t\t<h2 class=\"elementor-heading-title elementor-size-default\">DOVE \u00c8 NATA L'OSPITALIT\u00c0<\/h2>\t\t\t\t<\/div>\n\t\t\t\t<\/div>\n\t\t\t\t<div class=\"elementor-element elementor-element-d039c61 elementor-widget elementor-widget-text-editor\" data-id=\"d039c61\" data-element_type=\"widget\" data-e-type=\"widget\" data-widget_type=\"text-editor.default\">\n\t\t\t\t<div class=\"elementor-widget-container\">\n\t\t\t\t\t\t\t\t\t<p><span style=\"color: #111111; font-family: Roboto, sans-serif; font-size: 16px;\">La reputazione della Svizzera come culla dell'ospitalit\u00e0 risale a pi\u00f9 di cento anni fa<\/span><span style=\"color: #111111; font-family: Roboto, sans-serif; font-size: 16px;\">.<\/span><\/p>\n<p><span style=\"color: #111111; font-family: Roboto, sans-serif; font-size: 16px;\">Swiss Learning rappresenta due delle scuole di gestione alberghiera pi\u00f9 rinomate del paese:<\/span><\/p>\n<p><span style=\"color: #111111; font-family: Roboto, sans-serif; font-size: 16px;\">\u2013 Les Roches Global Hospitality Education<\/span><\/p>\n<p><span style=\"color: #111111; font-family: Roboto, sans-serif; font-size: 16px;\">\u2013 Istituto di Istruzione Superiore Glion<\/span><\/p><p><span style=\"color: #111111; font-family: Roboto, sans-serif; font-size: 16px;\">I campus delle nostre scuole di gestione alberghiera sono ambienti particolarmente compatti e attenti, che offrono un apprendimento pratico e classi di dimensioni ridotte.<\/span><\/p><p><span style=\"color: rgb(17, 17, 17); font-family: Roboto, sans-serif; font-size: 16px;\">Queste scuole offrono programmi brevi, Bachelor, Master ed Executive Education per studenti dai 18 anni in su.<\/span><br><\/p>\t\t\t\t\t\t\t\t<\/div>\n\t\t\t\t<\/div>\n\t\t\t\t\t<\/div>\n\t\t<\/div>\n\t\t\t\t\t<\/div>\n\t\t<\/section>\n\t\t\t\t<section class=\"elementor-section elementor-top-section elementor-element elementor-element-7ee2130 elementor-section-full_width elementor-section-height-default elementor-section-height-default\" data-id=\"7ee2130\" data-element_type=\"section\" data-e-type=\"section\" data-settings=\"{&quot;background_background&quot;:&quot;classic&quot;}\">\n\t\t\t\t\t\t<div class=\"elementor-container elementor-column-gap-default\">\n\t\t\t\t\t<div class=\"elementor-column elementor-col-100 elementor-top-column elementor-element elementor-element-3ab4cdb\" data-id=\"3ab4cdb\" data-element_type=\"column\" data-e-type=\"column\">\n\t\t\t<div class=\"elementor-widget-wrap elementor-element-populated\">\n\t\t\t\t\t\t<div class=\"elementor-element elementor-element-9eaaad8 elementor-widget elementor-widget-heading\" data-id=\"9eaaad8\" data-element_type=\"widget\" data-e-type=\"widget\" data-widget_type=\"heading.default\">\n\t\t\t\t<div class=\"elementor-widget-container\">\n\t\t\t\t\t<h1 class=\"elementor-heading-title elementor-size-default\">MAPPA DELLE SCUOLE ALBERGHIERE IN SVIZZERA<\/h1>\t\t\t\t<\/div>\n\t\t\t\t<\/div>\n\t\t\t\t<div class=\"elementor-element elementor-element-0dd5e7b elementor-widget elementor-widget-text-editor\" data-id=\"0dd5e7b\" data-element_type=\"widget\" data-e-type=\"widget\" data-widget_type=\"text-editor.default\">\n\t\t\t\t<div class=\"elementor-widget-container\">\n\t\t\t\t\t\t\t\t\t<p><div class=\"map_wrapper\" id=\"map_wrapper_5887\">\n<div class=\"map_box\" style=\"max-width:910px\">\n<div class=\"map_aspect_ratio\" style=\"padding-top:55%\" data-padding-top=\"55%\" data-padding-top-mobile=\"\">\n<div class=\"map_container\">\n<div class=\"map_render map_loading\" id=\"map_5887\"><\/div>\n<\/div>\n<\/div>\n<\/div>\n<\/div><\/p>\t\t\t\t\t\t\t\t<\/div>\n\t\t\t\t<\/div>\n\t\t\t\t\t<\/div>\n\t\t<\/div>\n\t\t\t\t\t<\/div>\n\t\t<\/section>\n\t\t\t\t<section class=\"elementor-section elementor-top-section elementor-element elementor-element-df0e5cd elementor-section-full_width elementor-section-height-default elementor-section-height-default\" data-id=\"df0e5cd\" data-element_type=\"section\" data-e-type=\"section\">\n\t\t\t\t\t\t<div class=\"elementor-container elementor-column-gap-default\">\n\t\t\t\t\t<div class=\"elementor-column elementor-col-25 elementor-top-column elementor-element elementor-element-2faf833\" data-id=\"2faf833\" data-element_type=\"column\" data-e-type=\"column\">\n\t\t\t<div class=\"elementor-widget-wrap elementor-element-populated\">\n\t\t\t\t\t\t<div class=\"elementor-element elementor-element-994a54d elementor-widget elementor-widget-image\" data-id=\"994a54d\" data-element_type=\"widget\" data-e-type=\"widget\" data-widget_type=\"image.default\">\n\t\t\t\t<div class=\"elementor-widget-container\">\n\t\t\t\t\t\t\t\t\t\t\t\t\t\t\t\t<a href=\"https:\/\/www.swisslearning.com\/it\/glion\/\">\n\t\t\t\t\t\t\t<img decoding=\"async\" width=\"300\" height=\"92\" src=\"https:\/\/www.swisslearning.com\/wp-content\/uploads\/2021\/07\/Glion-s-logo-300x92-1.png\" class=\"attachment-large size-large wp-image-7291\" alt=\"\" \/>\t\t\t\t\t\t\t\t<\/a>\n\t\t\t\t\t\t\t\t\t\t\t\t\t\t\t<\/div>\n\t\t\t\t<\/div>\n\t\t\t\t\t<\/div>\n\t\t<\/div>\n\t\t\t\t<div class=\"elementor-column elementor-col-25 elementor-top-column elementor-element elementor-element-5b4509d\" data-id=\"5b4509d\" data-element_type=\"column\" data-e-type=\"column\">\n\t\t\t<div class=\"elementor-widget-wrap elementor-element-populated\">\n\t\t\t\t\t\t<div class=\"elementor-element elementor-element-6d326d5 elementor-widget elementor-widget-heading\" data-id=\"6d326d5\" data-element_type=\"widget\" data-e-type=\"widget\" data-widget_type=\"heading.default\">\n\t\t\t\t<div class=\"elementor-widget-container\">\n\t\t\t\t\t<h3 class=\"elementor-heading-title elementor-size-default\"><a href=\"https:\/\/www.swisslearning.com\/it\/glion\/\">Istituto di istruzione superiore Glion<\/a><\/h3>\t\t\t\t<\/div>\n\t\t\t\t<\/div>\n\t\t\t\t<div class=\"elementor-element elementor-element-99424f5 elementor-widget elementor-widget-text-editor\" data-id=\"99424f5\" data-element_type=\"widget\" data-e-type=\"widget\" data-widget_type=\"text-editor.default\">\n\t\t\t\t<div class=\"elementor-widget-container\">\n\t\t\t\t\t\t\t\t\t<p>L'Istituto di istruzione superiore Glion \u00e8 un istituto privato che offre diplomi di laurea e master accreditati nei settori della gestione dell'ospitalit\u00e0, degli eventi e dei marchi di lusso. L'istituto Glion si distingue per il suo corpo studentesco multiculturale, per i suoi campus di livello mondiale in Svizzera e Londra e per il suo approccio personalizzato agli studenti. Gli studenti dell'istituto Glion beneficiano delle competenze accademiche e delle relazioni industriali coltivate dal 1962 e potranno continuare la tradizione degli oltre 13.600 ex alunni che lavorano in posizioni leader nel settore dell'ospitalit\u00e0.<\/p>\t\t\t\t\t\t\t\t<\/div>\n\t\t\t\t<\/div>\n\t\t\t\t<div class=\"elementor-element elementor-element-1d2bf7d elementor-widget elementor-widget-button\" data-id=\"1d2bf7d\" data-element_type=\"widget\" data-e-type=\"widget\" data-widget_type=\"button.default\">\n\t\t\t\t<div class=\"elementor-widget-container\">\n\t\t\t\t\t\t\t\t\t<div class=\"elementor-button-wrapper\">\n\t\t\t\t\t<a class=\"elementor-button elementor-button-link elementor-size-sm\" href=\"#\">\n\t\t\t\t\t\t<span class=\"elementor-button-content-wrapper\">\n\t\t\t\t\t\t<span class=\"elementor-button-icon\">\n\t\t\t\t<i aria-hidden=\"true\" class=\"fas fa-long-arrow-alt-right\"><\/i>\t\t\t<\/span>\n\t\t\t\t\t\t\t\t\t<span class=\"elementor-button-text\">Per saperne di pi\u00f9<\/span>\n\t\t\t\t\t<\/span>\n\t\t\t\t\t<\/a>\n\t\t\t\t<\/div>\n\t\t\t\t\t\t\t\t<\/div>\n\t\t\t\t<\/div>\n\t\t\t\t\t<\/div>\n\t\t<\/div>\n\t\t\t\t<div class=\"elementor-column elementor-col-25 elementor-top-column elementor-element elementor-element-4d497f3\" data-id=\"4d497f3\" data-element_type=\"column\" data-e-type=\"column\">\n\t\t\t<div class=\"elementor-widget-wrap elementor-element-populated\">\n\t\t\t\t\t\t<div class=\"elementor-element elementor-element-173a6c5 elementor-widget elementor-widget-image\" data-id=\"173a6c5\" data-element_type=\"widget\" data-e-type=\"widget\" data-widget_type=\"image.default\">\n\t\t\t\t<div class=\"elementor-widget-container\">\n\t\t\t\t\t\t\t\t\t\t\t\t\t\t\t\t<a href=\"https:\/\/www.swisslearning.com\/it\/les-roches\/\">\n\t\t\t\t\t\t\t<img decoding=\"async\" width=\"300\" height=\"159\" src=\"https:\/\/www.swisslearning.com\/wp-content\/uploads\/2021\/07\/LesRoches-Logotype-Two-Line-Black-300x159-1.jpeg\" class=\"attachment-large size-large wp-image-7292\" alt=\"\" \/>\t\t\t\t\t\t\t\t<\/a>\n\t\t\t\t\t\t\t\t\t\t\t\t\t\t\t<\/div>\n\t\t\t\t<\/div>\n\t\t\t\t\t<\/div>\n\t\t<\/div>\n\t\t\t\t<div class=\"elementor-column elementor-col-25 elementor-top-column elementor-element elementor-element-7a4a2f3\" data-id=\"7a4a2f3\" data-element_type=\"column\" data-e-type=\"column\">\n\t\t\t<div class=\"elementor-widget-wrap elementor-element-populated\">\n\t\t\t\t\t\t<div class=\"elementor-element elementor-element-f8d584e elementor-widget elementor-widget-heading\" data-id=\"f8d584e\" data-element_type=\"widget\" data-e-type=\"widget\" data-widget_type=\"heading.default\">\n\t\t\t\t<div class=\"elementor-widget-container\">\n\t\t\t\t\t<h3 class=\"elementor-heading-title elementor-size-default\"><a href=\"https:\/\/www.swisslearning.com\/it\/les-roches\/\">Les roches<\/a><\/h3>\t\t\t\t<\/div>\n\t\t\t\t<\/div>\n\t\t\t\t<div class=\"elementor-element elementor-element-4f19ef9 elementor-widget elementor-widget-text-editor\" data-id=\"4f19ef9\" data-element_type=\"widget\" data-e-type=\"widget\" data-widget_type=\"text-editor.default\">\n\t\t\t\t<div class=\"elementor-widget-container\">\n\t\t\t\t\t\t\t\t\t<p><span style=\"font-weight: 400;\">Fondata nel 1954, Les Roches \u00e8 un&#039;istituzione privata basata sul modello svizzero di apprendimento esperienziale, che offre programmi di formazione universitaria, post-laurea e dirigenziale incentrati su ospitalit\u00e0, turismo e gestione di sport ed eventi. Les Roches prepara laureati imprenditoriali e innovativi attraverso una rete globale di campus in Svizzera, Spagna ed Emirati Arabi Uniti.<\/span><\/p>\t\t\t\t\t\t\t\t<\/div>\n\t\t\t\t<\/div>\n\t\t\t\t<div class=\"elementor-element elementor-element-34f1690 elementor-widget elementor-widget-button\" data-id=\"34f1690\" data-element_type=\"widget\" data-e-type=\"widget\" data-widget_type=\"button.default\">\n\t\t\t\t<div class=\"elementor-widget-container\">\n\t\t\t\t\t\t\t\t\t<div class=\"elementor-button-wrapper\">\n\t\t\t\t\t<a class=\"elementor-button elementor-button-link elementor-size-sm\" href=\"#\">\n\t\t\t\t\t\t<span class=\"elementor-button-content-wrapper\">\n\t\t\t\t\t\t<span class=\"elementor-button-icon\">\n\t\t\t\t<i aria-hidden=\"true\" class=\"fas fa-long-arrow-alt-right\"><\/i>\t\t\t<\/span>\n\t\t\t\t\t\t\t\t\t<span class=\"elementor-button-text\">Per saperne di pi\u00f9<\/span>\n\t\t\t\t\t<\/span>\n\t\t\t\t\t<\/a>\n\t\t\t\t<\/div>\n\t\t\t\t\t\t\t\t<\/div>\n\t\t\t\t<\/div>\n\t\t\t\t\t<\/div>\n\t\t<\/div>\n\t\t\t\t\t<\/div>\n\t\t<\/section>\n\t\t\t\t<\/div>","protected":false},"excerpt":{"rendered":"<p>Hotel Schools in Switzerland The principal goal of education is to create men and women who are capable of doing new things not simply repeating what other generations have done. THE BIRTHPLACE OF HOSPITALITY Switzerland\u2019s reputation as the birthplace of hospitality was established over a hundred years ago. Swiss Learning represents two of the country&#8217;s [&hellip;]<\/p>\n","protected":false},"author":1,"featured_media":144,"parent":0,"menu_order":0,"comment_status":"closed","ping_status":"closed","template":"","meta":{"footnotes":""},"class_list":["post-7289","page","type-page","status-publish","has-post-thumbnail","hentry"],"yoast_head":"<!-- This site is optimized with the Yoast SEO plugin v27.3 - https:\/\/yoast.com\/product\/yoast-seo-wordpress\/ -->\n<title>Hotel Management Schools - Switzerland - Swiss Learning<\/title>\n<meta name=\"description\" content=\"Swiss Learning was founded in 2006 by a group of prestigious Swiss boarding and hotel management schools who have a long tradition of educational excellence and at least 50 years\u2019 experience in providing education and boarding facilities.\" \/>\n<meta name=\"robots\" content=\"index, follow, max-snippet:-1, max-image-preview:large, max-video-preview:-1\" \/>\n<link rel=\"canonical\" href=\"https:\/\/www.swisslearning.com\/it\/hotel-schools\/\" \/>\n<meta property=\"og:locale\" content=\"it_IT\" \/>\n<meta property=\"og:type\" content=\"article\" \/>\n<meta property=\"og:title\" content=\"Hotel Management Schools - Switzerland - Swiss Learning\" \/>\n<meta property=\"og:description\" content=\"Swiss Learning was founded in 2006 by a group of prestigious Swiss boarding and hotel management schools who have a long tradition of educational excellence and at least 50 years\u2019 experience in providing education and boarding facilities.\" \/>\n<meta property=\"og:url\" content=\"https:\/\/www.swisslearning.com\/it\/hotel-schools\/\" \/>\n<meta property=\"og:site_name\" content=\"Swiss Learning\" \/>\n<meta property=\"article:publisher\" content=\"https:\/\/www.facebook.com\/swisslearning\" \/>\n<meta property=\"article:modified_time\" content=\"2024-09-23T05:44:33+00:00\" \/>\n<meta property=\"og:image\" content=\"https:\/\/www.swisslearning.com\/wp-content\/uploads\/2021\/06\/logo_SL.jpg\" \/>\n\t<meta property=\"og:image:width\" content=\"200\" \/>\n\t<meta property=\"og:image:height\" content=\"200\" \/>\n\t<meta property=\"og:image:type\" content=\"image\/jpeg\" \/>\n<meta name=\"twitter:card\" content=\"summary_large_image\" \/>\n<meta name=\"twitter:label1\" content=\"Tempo di lettura stimato\" \/>\n\t<meta name=\"twitter:data1\" content=\"2 minuti\" \/>\n<script type=\"application\/ld+json\" class=\"yoast-schema-graph\">{\"@context\":\"https:\\\/\\\/schema.org\",\"@graph\":[{\"@type\":\"WebPage\",\"@id\":\"https:\\\/\\\/www.swisslearning.com\\\/hotel-schools\\\/\",\"url\":\"https:\\\/\\\/www.swisslearning.com\\\/hotel-schools\\\/\",\"name\":\"Hotel Management Schools - Switzerland - Swiss Learning\",\"isPartOf\":{\"@id\":\"https:\\\/\\\/www.swisslearning.com\\\/#website\"},\"primaryImageOfPage\":{\"@id\":\"https:\\\/\\\/www.swisslearning.com\\\/hotel-schools\\\/#primaryimage\"},\"image\":{\"@id\":\"https:\\\/\\\/www.swisslearning.com\\\/hotel-schools\\\/#primaryimage\"},\"thumbnailUrl\":\"https:\\\/\\\/www.swisslearning.com\\\/wp-content\\\/uploads\\\/2021\\\/06\\\/logo_SL.jpg\",\"datePublished\":\"2021-07-16T08:49:51+00:00\",\"dateModified\":\"2024-09-23T05:44:33+00:00\",\"description\":\"Swiss Learning was founded in 2006 by a group of prestigious Swiss boarding and hotel management schools who have a long tradition of educational excellence and at least 50 years\u2019 experience in providing education and boarding facilities.\",\"breadcrumb\":{\"@id\":\"https:\\\/\\\/www.swisslearning.com\\\/hotel-schools\\\/#breadcrumb\"},\"inLanguage\":\"it-IT\",\"potentialAction\":[{\"@type\":\"ReadAction\",\"target\":[\"https:\\\/\\\/www.swisslearning.com\\\/hotel-schools\\\/\"]}]},{\"@type\":\"ImageObject\",\"inLanguage\":\"it-IT\",\"@id\":\"https:\\\/\\\/www.swisslearning.com\\\/hotel-schools\\\/#primaryimage\",\"url\":\"https:\\\/\\\/www.swisslearning.com\\\/wp-content\\\/uploads\\\/2021\\\/06\\\/logo_SL.jpg\",\"contentUrl\":\"https:\\\/\\\/www.swisslearning.com\\\/wp-content\\\/uploads\\\/2021\\\/06\\\/logo_SL.jpg\",\"width\":200,\"height\":200},{\"@type\":\"BreadcrumbList\",\"@id\":\"https:\\\/\\\/www.swisslearning.com\\\/hotel-schools\\\/#breadcrumb\",\"itemListElement\":[{\"@type\":\"ListItem\",\"position\":1,\"name\":\"Home\",\"item\":\"https:\\\/\\\/www.swisslearning.com\\\/\"},{\"@type\":\"ListItem\",\"position\":2,\"name\":\"hotel Schools\"}]},{\"@type\":\"WebSite\",\"@id\":\"https:\\\/\\\/www.swisslearning.com\\\/#website\",\"url\":\"https:\\\/\\\/www.swisslearning.com\\\/\",\"name\":\"Swiss Learning\",\"description\":\"BOARDING SCHOOLS, HOTEL MANAGEMENT SCHOOLS AND CAMPS IN SWITZERLAND\",\"potentialAction\":[{\"@type\":\"SearchAction\",\"target\":{\"@type\":\"EntryPoint\",\"urlTemplate\":\"https:\\\/\\\/www.swisslearning.com\\\/?s={search_term_string}\"},\"query-input\":{\"@type\":\"PropertyValueSpecification\",\"valueRequired\":true,\"valueName\":\"search_term_string\"}}],\"inLanguage\":\"it-IT\"}]}<\/script>\n<!-- \/ Yoast SEO plugin. -->","yoast_head_json":{"title":"Scuole di gestione alberghiera - Svizzera - Swiss Learning","description":"Swiss Learning \u00e8 stata fondata nel 2006 da un gruppo di prestigiosi collegi svizzeri e scuole di gestione alberghiera che hanno una lunga tradizione di eccellenza educativa e almeno 50 anni di esperienza nella fornitura di strutture per l&#039;istruzione e l&#039;alloggio.","robots":{"index":"index","follow":"follow","max-snippet":"max-snippet:-1","max-image-preview":"max-image-preview:large","max-video-preview":"max-video-preview:-1"},"canonical":"https:\/\/www.swisslearning.com\/it\/hotel-schools\/","og_locale":"it_IT","og_type":"article","og_title":"Hotel Management Schools - Switzerland - Swiss Learning","og_description":"Swiss Learning was founded in 2006 by a group of prestigious Swiss boarding and hotel management schools who have a long tradition of educational excellence and at least 50 years\u2019 experience in providing education and boarding facilities.","og_url":"https:\/\/www.swisslearning.com\/it\/hotel-schools\/","og_site_name":"Swiss Learning","article_publisher":"https:\/\/www.facebook.com\/swisslearning","article_modified_time":"2024-09-23T05:44:33+00:00","og_image":[{"width":200,"height":200,"url":"https:\/\/www.swisslearning.com\/wp-content\/uploads\/2021\/06\/logo_SL.jpg","type":"image\/jpeg"}],"twitter_card":"summary_large_image","twitter_misc":{"Tempo di lettura stimato":"2 minuti"},"schema":{"@context":"https:\/\/schema.org","@graph":[{"@type":"WebPage","@id":"https:\/\/www.swisslearning.com\/hotel-schools\/","url":"https:\/\/www.swisslearning.com\/hotel-schools\/","name":"Scuole di gestione alberghiera - Svizzera - Swiss Learning","isPartOf":{"@id":"https:\/\/www.swisslearning.com\/#website"},"primaryImageOfPage":{"@id":"https:\/\/www.swisslearning.com\/hotel-schools\/#primaryimage"},"image":{"@id":"https:\/\/www.swisslearning.com\/hotel-schools\/#primaryimage"},"thumbnailUrl":"https:\/\/www.swisslearning.com\/wp-content\/uploads\/2021\/06\/logo_SL.jpg","datePublished":"2021-07-16T08:49:51+00:00","dateModified":"2024-09-23T05:44:33+00:00","description":"Swiss Learning \u00e8 stata fondata nel 2006 da un gruppo di prestigiosi collegi svizzeri e scuole di gestione alberghiera che hanno una lunga tradizione di eccellenza educativa e almeno 50 anni di esperienza nella fornitura di strutture per l&#039;istruzione e l&#039;alloggio.","breadcrumb":{"@id":"https:\/\/www.swisslearning.com\/hotel-schools\/#breadcrumb"},"inLanguage":"it-IT","potentialAction":[{"@type":"ReadAction","target":["https:\/\/www.swisslearning.com\/hotel-schools\/"]}]},{"@type":"ImageObject","inLanguage":"it-IT","@id":"https:\/\/www.swisslearning.com\/hotel-schools\/#primaryimage","url":"https:\/\/www.swisslearning.com\/wp-content\/uploads\/2021\/06\/logo_SL.jpg","contentUrl":"https:\/\/www.swisslearning.com\/wp-content\/uploads\/2021\/06\/logo_SL.jpg","width":200,"height":200},{"@type":"BreadcrumbList","@id":"https:\/\/www.swisslearning.com\/hotel-schools\/#breadcrumb","itemListElement":[{"@type":"ListItem","position":1,"name":"Home","item":"https:\/\/www.swisslearning.com\/"},{"@type":"ListItem","position":2,"name":"hotel Schools"}]},{"@type":"WebSite","@id":"https:\/\/www.swisslearning.com\/#website","url":"https:\/\/www.swisslearning.com\/","name":"Apprendimento svizzero","description":"CONVITI, SCUOLE DI GESTIONE ALBERGHIERA E CAMPEGGI IN SVIZZERA","potentialAction":[{"@type":"SearchAction","target":{"@type":"EntryPoint","urlTemplate":"https:\/\/www.swisslearning.com\/?s={search_term_string}"},"query-input":{"@type":"PropertyValueSpecification","valueRequired":true,"valueName":"search_term_string"}}],"inLanguage":"it-IT"}]}},"_links":{"self":[{"href":"https:\/\/www.swisslearning.com\/it\/wp-json\/wp\/v2\/pages\/7289","targetHints":{"allow":["GET"]}}],"collection":[{"href":"https:\/\/www.swisslearning.com\/it\/wp-json\/wp\/v2\/pages"}],"about":[{"href":"https:\/\/www.swisslearning.com\/it\/wp-json\/wp\/v2\/types\/page"}],"author":[{"embeddable":true,"href":"https:\/\/www.swisslearning.com\/it\/wp-json\/wp\/v2\/users\/1"}],"replies":[{"embeddable":true,"href":"https:\/\/www.swisslearning.com\/it\/wp-json\/wp\/v2\/comments?post=7289"}],"version-history":[{"count":44,"href":"https:\/\/www.swisslearning.com\/it\/wp-json\/wp\/v2\/pages\/7289\/revisions"}],"predecessor-version":[{"id":12265,"href":"https:\/\/www.swisslearning.com\/it\/wp-json\/wp\/v2\/pages\/7289\/revisions\/12265"}],"wp:featuredmedia":[{"embeddable":true,"href":"https:\/\/www.swisslearning.com\/it\/wp-json\/wp\/v2\/media\/144"}],"wp:attachment":[{"href":"https:\/\/www.swisslearning.com\/it\/wp-json\/wp\/v2\/media?parent=7289"}],"curies":[{"name":"wp","href":"https:\/\/api.w.org\/{rel}","templated":true}]}}