{"id":9578,"date":"2021-12-17T13:11:33","date_gmt":"2021-12-17T13:11:33","guid":{"rendered":"https:\/\/www.swisslearning.com\/?page_id=9578"},"modified":"2025-03-12T13:41:49","modified_gmt":"2025-03-12T13:41:49","slug":"jfk","status":"publish","type":"page","link":"https:\/\/www.swisslearning.com\/it\/jfk\/","title":{"rendered":"John F. Kennedy"},"content":{"rendered":"<div data-elementor-type=\"wp-page\" data-elementor-id=\"9578\" class=\"elementor elementor-9578\" data-elementor-post-type=\"page\">\n\t\t\t\t\t\t<section class=\"elementor-section elementor-top-section elementor-element elementor-element-2ff39f2 elementor-section-full_width elementor-section-content-top elementor-section-height-default elementor-section-height-default\" data-id=\"2ff39f2\" data-element_type=\"section\" data-e-type=\"section\" data-settings=\"{&quot;background_background&quot;:&quot;classic&quot;}\">\n\t\t\t\t\t\t<div class=\"elementor-container elementor-column-gap-default\">\n\t\t\t\t\t<div class=\"elementor-column elementor-col-100 elementor-top-column elementor-element elementor-element-d5c1cff\" data-id=\"d5c1cff\" data-element_type=\"column\" data-e-type=\"column\" data-settings=\"{&quot;background_background&quot;:&quot;classic&quot;}\">\n\t\t\t<div class=\"elementor-widget-wrap elementor-element-populated\">\n\t\t\t\t\t\t<div class=\"elementor-element elementor-element-dccc3dd elementor-widget elementor-widget-image\" data-id=\"dccc3dd\" data-element_type=\"widget\" data-e-type=\"widget\" data-widget_type=\"image.default\">\n\t\t\t\t<div class=\"elementor-widget-container\">\n\t\t\t\t\t\t\t\t\t\t\t\t\t\t\t<img decoding=\"async\" width=\"300\" height=\"83\" src=\"https:\/\/www.swisslearning.com\/wp-content\/uploads\/2021\/12\/JFK-Logo-h-300x83.png\" class=\"attachment-medium size-medium wp-image-9558\" alt=\"\" srcset=\"https:\/\/www.swisslearning.com\/wp-content\/uploads\/2021\/12\/JFK-Logo-h-300x83.png 300w, https:\/\/www.swisslearning.com\/wp-content\/uploads\/2021\/12\/JFK-Logo-h-1024x284.png 1024w, https:\/\/www.swisslearning.com\/wp-content\/uploads\/2021\/12\/JFK-Logo-h-768x213.png 768w, https:\/\/www.swisslearning.com\/wp-content\/uploads\/2021\/12\/JFK-Logo-h-1536x426.png 1536w, https:\/\/www.swisslearning.com\/wp-content\/uploads\/2021\/12\/JFK-Logo-h-2048x568.png 2048w, https:\/\/www.swisslearning.com\/wp-content\/uploads\/2021\/12\/JFK-Logo-h-18x5.png 18w\" sizes=\"(max-width: 300px) 100vw, 300px\" \/>\t\t\t\t\t\t\t\t\t\t\t\t\t\t\t<\/div>\n\t\t\t\t<\/div>\n\t\t\t\t<div class=\"elementor-element elementor-element-5a6b687 elementor-arrows-position-inside elementor-widget elementor-widget-image-carousel\" data-id=\"5a6b687\" data-element_type=\"widget\" data-e-type=\"widget\" data-settings=\"{&quot;slides_to_show&quot;:&quot;1&quot;,&quot;navigation&quot;:&quot;arrows&quot;,&quot;autoplay&quot;:&quot;yes&quot;,&quot;pause_on_hover&quot;:&quot;yes&quot;,&quot;pause_on_interaction&quot;:&quot;yes&quot;,&quot;autoplay_speed&quot;:5000,&quot;infinite&quot;:&quot;yes&quot;,&quot;effect&quot;:&quot;slide&quot;,&quot;speed&quot;:500}\" data-widget_type=\"image-carousel.default\">\n\t\t\t\t<div class=\"elementor-widget-container\">\n\t\t\t\t\t\t\t<div class=\"elementor-image-carousel-wrapper swiper\" role=\"region\" aria-roledescription=\"carousel\" aria-label=\"Carosello di immagini\" dir=\"ltr\">\n\t\t\t<div class=\"elementor-image-carousel swiper-wrapper swiper-image-stretch\" aria-live=\"off\">\n\t\t\t\t\t\t\t\t<div class=\"swiper-slide\" role=\"group\" aria-roledescription=\"slide\" aria-label=\"1 de 3\" data-no-translation-aria-label=\"\"><figure class=\"swiper-slide-inner\"><img decoding=\"async\" class=\"swiper-slide-image\" src=\"https:\/\/www.swisslearning.com\/wp-content\/uploads\/elementor\/thumbs\/ASP_3912-scaled-pjke7t8xvvnw6z0v8dvd1r6nx1qepbuybibm96rmmw.jpg\" alt=\"ASP_3912\" \/><\/figure><\/div><div class=\"swiper-slide\" role=\"group\" aria-roledescription=\"slide\" aria-label=\"2 de 3\" data-no-translation-aria-label=\"\"><figure class=\"swiper-slide-inner\"><img decoding=\"async\" class=\"swiper-slide-image\" src=\"https:\/\/www.swisslearning.com\/wp-content\/uploads\/elementor\/thumbs\/DSCN3207-scaled-pjke8c1pokdmn69k6lzwfmfvsr5qz9xl23dbupzr6g.jpg\" alt=\"DSCN3207\" \/><\/figure><\/div><div class=\"swiper-slide\" role=\"group\" aria-roledescription=\"slide\" aria-label=\"3 de 3\" data-no-translation-aria-label=\"\"><figure class=\"swiper-slide-inner\"><img decoding=\"async\" class=\"swiper-slide-image\" src=\"https:\/\/www.swisslearning.com\/wp-content\/uploads\/elementor\/thumbs\/IMG_0892-scaled-pjke8zjoff9spfbfde5knyiendxxbpivhbogun0wuw.jpeg\" alt=\"IMG_0892\" \/><\/figure><\/div>\t\t\t<\/div>\n\t\t\t\t\t\t\t\t\t\t\t\t<div class=\"elementor-swiper-button elementor-swiper-button-prev\" role=\"button\" tabindex=\"0\">\n\t\t\t\t\t\t<i aria-hidden=\"true\" class=\"eicon-chevron-left\"><\/i>\t\t\t\t\t<\/div>\n\t\t\t\t\t<div class=\"elementor-swiper-button elementor-swiper-button-next\" role=\"button\" tabindex=\"0\">\n\t\t\t\t\t\t<i aria-hidden=\"true\" class=\"eicon-chevron-right\"><\/i>\t\t\t\t\t<\/div>\n\t\t\t\t\n\t\t\t\t\t\t\t\t\t<\/div>\n\t\t\t\t\t\t<\/div>\n\t\t\t\t<\/div>\n\t\t\t\t\t<\/div>\n\t\t<\/div>\n\t\t\t\t\t<\/div>\n\t\t<\/section>\n\t\t\t\t<section class=\"elementor-section elementor-top-section elementor-element elementor-element-f1ba1a7 elementor-section-full_width elementor-section-height-default elementor-section-height-default\" data-id=\"f1ba1a7\" data-element_type=\"section\" data-e-type=\"section\">\n\t\t\t\t\t\t<div class=\"elementor-container elementor-column-gap-default\">\n\t\t\t\t\t<div class=\"elementor-column elementor-col-50 elementor-top-column elementor-element elementor-element-b1c8cf6\" data-id=\"b1c8cf6\" data-element_type=\"column\" data-e-type=\"column\">\n\t\t\t<div class=\"elementor-widget-wrap elementor-element-populated\">\n\t\t\t\t\t\t<div class=\"elementor-element elementor-element-7e30b80 elementor-widget elementor-widget-video\" data-id=\"7e30b80\" data-element_type=\"widget\" data-e-type=\"widget\" data-settings=\"{&quot;youtube_url&quot;:&quot;https:\\\/\\\/www.youtube.com\\\/watch?v=1z5UeDOKjQE&quot;,&quot;video_type&quot;:&quot;youtube&quot;,&quot;controls&quot;:&quot;yes&quot;}\" data-widget_type=\"video.default\">\n\t\t\t\t<div class=\"elementor-widget-container\">\n\t\t\t\t\t\t\t<div class=\"elementor-wrapper elementor-open-inline\">\n\t\t\t<div class=\"elementor-video\"><\/div>\t\t<\/div>\n\t\t\t\t\t\t<\/div>\n\t\t\t\t<\/div>\n\t\t\t\t\t<\/div>\n\t\t<\/div>\n\t\t\t\t<div class=\"elementor-column elementor-col-50 elementor-top-column elementor-element elementor-element-8bf33b9\" data-id=\"8bf33b9\" data-element_type=\"column\" data-e-type=\"column\">\n\t\t\t<div class=\"elementor-widget-wrap elementor-element-populated\">\n\t\t\t\t\t\t<div class=\"elementor-element elementor-element-888ca60 elementor-widget elementor-widget-heading\" data-id=\"888ca60\" data-element_type=\"widget\" data-e-type=\"widget\" data-widget_type=\"heading.default\">\n\t\t\t\t<div class=\"elementor-widget-container\">\n\t\t\t\t\t<h1 class=\"elementor-heading-title elementor-size-default\">John F. Kennedy international school<\/h1>\t\t\t\t<\/div>\n\t\t\t\t<\/div>\n\t\t\t\t<div class=\"elementor-element elementor-element-c20ef49 elementor-blockquote--skin-quotation elementor-widget elementor-widget-blockquote\" data-id=\"c20ef49\" data-element_type=\"widget\" data-e-type=\"widget\" data-widget_type=\"blockquote.default\">\n\t\t\t\t<div class=\"elementor-widget-container\">\n\t\t\t\t\t\t\t<blockquote class=\"elementor-blockquote\">\n\t\t\t<p class=\"elementor-blockquote__content\">\n\t\t\t\tL'essenza della John F. Kennedy International School - Offriamo un ambiente educativo unico, orientato alla famiglia, in cui tutti gli studenti sono motivati a sviluppare pienamente i propri talenti e abilit\u00e0 per prepararli all'accettazione nelle migliori e pi\u00f9 esigenti scuole secondarie e anche per le sfide del mondo in cui vivranno e lavoreranno.\t\t\t<\/p>\n\t\t\t\t\t<\/blockquote>\n\t\t\t\t\t\t<\/div>\n\t\t\t\t<\/div>\n\t\t\t\t\t<\/div>\n\t\t<\/div>\n\t\t\t\t\t<\/div>\n\t\t<\/section>\n\t\t\t\t<section class=\"elementor-section elementor-top-section elementor-element elementor-element-bb3ffa0 elementor-section-full_width elementor-section-height-default elementor-section-height-default\" data-id=\"bb3ffa0\" data-element_type=\"section\" data-e-type=\"section\">\n\t\t\t\t\t\t<div class=\"elementor-container elementor-column-gap-default\">\n\t\t\t\t\t<div class=\"elementor-column elementor-col-50 elementor-top-column elementor-element elementor-element-9b5d387\" data-id=\"9b5d387\" data-element_type=\"column\" data-e-type=\"column\" data-settings=\"{&quot;background_background&quot;:&quot;classic&quot;}\">\n\t\t\t<div class=\"elementor-widget-wrap elementor-element-populated\">\n\t\t\t\t\t\t<div class=\"elementor-element elementor-element-8ab6234 elementor-widget elementor-widget-heading\" data-id=\"8ab6234\" data-element_type=\"widget\" data-e-type=\"widget\" data-widget_type=\"heading.default\">\n\t\t\t\t<div class=\"elementor-widget-container\">\n\t\t\t\t\t<h2 class=\"elementor-heading-title elementor-size-default\">aspetti principali<\/h2>\t\t\t\t<\/div>\n\t\t\t\t<\/div>\n\t\t\t\t<div class=\"elementor-element elementor-element-754de4c elementor-widget elementor-widget-text-editor\" data-id=\"754de4c\" data-element_type=\"widget\" data-e-type=\"widget\" data-widget_type=\"text-editor.default\">\n\t\t\t\t<div class=\"elementor-widget-container\">\n\t\t\t\t\t\t\t\t\t<ul>\n<li>Fondato nel: 1972<\/li>\n<li>Studenti: 100<\/li>\n<li>Fascia d'et\u00e0: ragazzi e ragazze dai 2,5 ai 14 anni, interni dai 6 ai 14 anni<\/li>\n<li>Campus: la nostra scuola \u00e8 un collegio indipendente situato nelle splendide Alpi svizzere presso la famosa localit\u00e0 sciistica ed estiva di Gstaad.<\/li>\n<li>Nazionalit\u00e0: 23 nazionalit\u00e0 con quote per garantire la diversit\u00e0<\/li>\n<li>Quota annuale di vitto e insegnamento: a partire da CHF 76.000++<\/li>\n<\/ul>\t\t\t\t\t\t\t\t<\/div>\n\t\t\t\t<\/div>\n\t\t\t\t\t<\/div>\n\t\t<\/div>\n\t\t\t\t<div class=\"elementor-column elementor-col-50 elementor-top-column elementor-element elementor-element-8a39952\" data-id=\"8a39952\" data-element_type=\"column\" data-e-type=\"column\">\n\t\t\t<div class=\"elementor-widget-wrap elementor-element-populated\">\n\t\t\t\t\t\t<div class=\"elementor-element elementor-element-398b80b elementor-widget elementor-widget-heading\" data-id=\"398b80b\" data-element_type=\"widget\" data-e-type=\"widget\" data-widget_type=\"heading.default\">\n\t\t\t\t<div class=\"elementor-widget-container\">\n\t\t\t\t\t<h2 class=\"elementor-heading-title elementor-size-default\">aspetti accademici<\/h2>\t\t\t\t<\/div>\n\t\t\t\t<\/div>\n\t\t\t\t<div class=\"elementor-element elementor-element-10246d3 elementor-widget elementor-widget-text-editor\" data-id=\"10246d3\" data-element_type=\"widget\" data-e-type=\"widget\" data-widget_type=\"text-editor.default\">\n\t\t\t\t<div class=\"elementor-widget-container\">\n\t\t\t\t\t\t\t\t\t<ul>\n<li>Lingue: Istruzione in inglese con francese come seconda lingua e tedesco come lingua del paese ospitante<\/li>\n<li>Diplomi: un forte programma accademico basato sul curriculum Fieldwork Education: EYIC, IPC e IMYC<\/li>\n<li>Rapporto personale\/allievi: 1:3<\/li>\n<li>Lingue straniere: EAL inglese, spagnolo, francese e tedesco<\/li>\n<li>Campi estivi: a luglio e agosto, dai 6 ai 14 anni, attivit\u00e0 all&#039;aperto ed escursioni<\/li>\n<\/ul>\t\t\t\t\t\t\t\t<\/div>\n\t\t\t\t<\/div>\n\t\t\t\t\t<\/div>\n\t\t<\/div>\n\t\t\t\t\t<\/div>\n\t\t<\/section>\n\t\t\t\t<section class=\"elementor-section elementor-top-section elementor-element elementor-element-4421bb4 elementor-section-full_width elementor-section-height-default elementor-section-height-default\" data-id=\"4421bb4\" data-element_type=\"section\" data-e-type=\"section\">\n\t\t\t\t\t\t<div class=\"elementor-container elementor-column-gap-default\">\n\t\t\t\t\t<div class=\"elementor-column elementor-col-50 elementor-top-column elementor-element elementor-element-c4bc547\" data-id=\"c4bc547\" data-element_type=\"column\" data-e-type=\"column\" data-settings=\"{&quot;background_background&quot;:&quot;classic&quot;}\">\n\t\t\t<div class=\"elementor-widget-wrap elementor-element-populated\">\n\t\t\t\t\t\t<div class=\"elementor-element elementor-element-1463472 elementor-widget elementor-widget-heading\" data-id=\"1463472\" data-element_type=\"widget\" data-e-type=\"widget\" data-widget_type=\"heading.default\">\n\t\t\t\t<div class=\"elementor-widget-container\">\n\t\t\t\t\t<h2 class=\"elementor-heading-title elementor-size-default\">Campi estivi<\/h2>\t\t\t\t<\/div>\n\t\t\t\t<\/div>\n\t\t\t\t<div class=\"elementor-element elementor-element-7d2f175 elementor-widget elementor-widget-text-editor\" data-id=\"7d2f175\" data-element_type=\"widget\" data-e-type=\"widget\" data-widget_type=\"text-editor.default\">\n\t\t\t\t<div class=\"elementor-widget-container\">\n\t\t\t\t\t\t\t\t\t<ul><li>Campi estivi a luglio e agosto\u00a0<\/li><li>Ragazzi e ragazze dai 6 ai 13 anni<\/li><li>Attivit\u00e0: escursioni outdoor, natura, team building<\/li><li>2 o 3 settimane\u00a0<\/li><\/ul><div><h4>\u00a0<\/h4><\/div>\t\t\t\t\t\t\t\t<\/div>\n\t\t\t\t<\/div>\n\t\t\t\t\t<\/div>\n\t\t<\/div>\n\t\t\t\t<div class=\"elementor-column elementor-col-50 elementor-top-column elementor-element elementor-element-146eb0f\" data-id=\"146eb0f\" data-element_type=\"column\" data-e-type=\"column\">\n\t\t\t<div class=\"elementor-widget-wrap elementor-element-populated\">\n\t\t\t\t\t\t<div class=\"elementor-element elementor-element-456a7c5 elementor-widget elementor-widget-heading\" data-id=\"456a7c5\" data-element_type=\"widget\" data-e-type=\"widget\" data-widget_type=\"heading.default\">\n\t\t\t\t<div class=\"elementor-widget-container\">\n\t\t\t\t\t<h2 class=\"elementor-heading-title elementor-size-default\">Attivit\u00e0 extra-curricolari<\/h2>\t\t\t\t<\/div>\n\t\t\t\t<\/div>\n\t\t\t\t<div class=\"elementor-element elementor-element-1dc21c9 elementor-widget elementor-widget-text-editor\" data-id=\"1dc21c9\" data-element_type=\"widget\" data-e-type=\"widget\" data-widget_type=\"text-editor.default\">\n\t\t\t\t<div class=\"elementor-widget-container\">\n\t\t\t\t\t\t\t\t\t<ul><li>Ricche e variegate attivit\u00e0 extracurriculari di cui il programma di sci invernale \u00e8 un punto di forza e un aspetto culminante<\/li><li>Varie attivit\u00e0 del fine settimana ed escursioni in Svizzera<\/li><\/ul>\t\t\t\t\t\t\t\t<\/div>\n\t\t\t\t<\/div>\n\t\t\t\t\t<\/div>\n\t\t<\/div>\n\t\t\t\t\t<\/div>\n\t\t<\/section>\n\t\t\t\t<\/div>","protected":false},"excerpt":{"rendered":"<p>John F. Kennedy international school The essence of John F. Kennedy International School &#8211; We offer a unique, family-oriented, educational environment where all students are motivated to fully develop their talents and skills in order to prepare them for acceptance into the best and most demanding secondary schools and also for the challenges of the [&hellip;]<\/p>\n","protected":false},"author":3,"featured_media":144,"parent":0,"menu_order":0,"comment_status":"closed","ping_status":"closed","template":"","meta":{"footnotes":""},"class_list":["post-9578","page","type-page","status-publish","has-post-thumbnail","hentry"],"yoast_head":"<!-- This site is optimized with the Yoast SEO plugin v27.3 - https:\/\/yoast.com\/product\/yoast-seo-wordpress\/ -->\n<title>John F. Kennedy - Swiss Boarding School - Swiss Learning<\/title>\n<meta name=\"description\" content=\"The essence of John F. Kennedy International School - We offer a unique, family-oriented, educational environment where all students are motivated to fully develop their talents and skills\" \/>\n<meta name=\"robots\" content=\"index, follow, max-snippet:-1, max-image-preview:large, max-video-preview:-1\" \/>\n<link rel=\"canonical\" href=\"https:\/\/www.swisslearning.com\/it\/jfk\/\" \/>\n<meta property=\"og:locale\" content=\"it_IT\" \/>\n<meta property=\"og:type\" content=\"article\" \/>\n<meta property=\"og:title\" content=\"John F. Kennedy - Swiss Boarding School - Swiss Learning\" \/>\n<meta property=\"og:description\" content=\"The essence of John F. Kennedy International School - We offer a unique, family-oriented, educational environment where all students are motivated to fully develop their talents and skills\" \/>\n<meta property=\"og:url\" content=\"https:\/\/www.swisslearning.com\/it\/jfk\/\" \/>\n<meta property=\"og:site_name\" content=\"Swiss Learning\" \/>\n<meta property=\"article:publisher\" content=\"https:\/\/www.facebook.com\/swisslearning\" \/>\n<meta property=\"article:modified_time\" content=\"2025-03-12T13:41:49+00:00\" \/>\n<meta property=\"og:image\" content=\"https:\/\/www.swisslearning.com\/wp-content\/uploads\/2021\/06\/logo_SL.jpg\" \/>\n\t<meta property=\"og:image:width\" content=\"200\" \/>\n\t<meta property=\"og:image:height\" content=\"200\" \/>\n\t<meta property=\"og:image:type\" content=\"image\/jpeg\" \/>\n<meta name=\"twitter:card\" content=\"summary_large_image\" \/>\n<meta name=\"twitter:label1\" content=\"Tempo di lettura stimato\" \/>\n\t<meta name=\"twitter:data1\" content=\"3 minuti\" \/>\n<script type=\"application\/ld+json\" class=\"yoast-schema-graph\">{\"@context\":\"https:\\\/\\\/schema.org\",\"@graph\":[{\"@type\":\"WebPage\",\"@id\":\"https:\\\/\\\/www.swisslearning.com\\\/jfk\\\/\",\"url\":\"https:\\\/\\\/www.swisslearning.com\\\/jfk\\\/\",\"name\":\"John F. Kennedy - Swiss Boarding School - Swiss Learning\",\"isPartOf\":{\"@id\":\"https:\\\/\\\/www.swisslearning.com\\\/#website\"},\"primaryImageOfPage\":{\"@id\":\"https:\\\/\\\/www.swisslearning.com\\\/jfk\\\/#primaryimage\"},\"image\":{\"@id\":\"https:\\\/\\\/www.swisslearning.com\\\/jfk\\\/#primaryimage\"},\"thumbnailUrl\":\"https:\\\/\\\/www.swisslearning.com\\\/wp-content\\\/uploads\\\/2021\\\/06\\\/logo_SL.jpg\",\"datePublished\":\"2021-12-17T13:11:33+00:00\",\"dateModified\":\"2025-03-12T13:41:49+00:00\",\"description\":\"The essence of John F. Kennedy International School - We offer a unique, family-oriented, educational environment where all students are motivated to fully develop their talents and skills\",\"breadcrumb\":{\"@id\":\"https:\\\/\\\/www.swisslearning.com\\\/jfk\\\/#breadcrumb\"},\"inLanguage\":\"it-IT\",\"potentialAction\":[{\"@type\":\"ReadAction\",\"target\":[\"https:\\\/\\\/www.swisslearning.com\\\/jfk\\\/\"]}]},{\"@type\":\"ImageObject\",\"inLanguage\":\"it-IT\",\"@id\":\"https:\\\/\\\/www.swisslearning.com\\\/jfk\\\/#primaryimage\",\"url\":\"https:\\\/\\\/www.swisslearning.com\\\/wp-content\\\/uploads\\\/2021\\\/06\\\/logo_SL.jpg\",\"contentUrl\":\"https:\\\/\\\/www.swisslearning.com\\\/wp-content\\\/uploads\\\/2021\\\/06\\\/logo_SL.jpg\",\"width\":200,\"height\":200},{\"@type\":\"BreadcrumbList\",\"@id\":\"https:\\\/\\\/www.swisslearning.com\\\/jfk\\\/#breadcrumb\",\"itemListElement\":[{\"@type\":\"ListItem\",\"position\":1,\"name\":\"Home\",\"item\":\"https:\\\/\\\/www.swisslearning.com\\\/\"},{\"@type\":\"ListItem\",\"position\":2,\"name\":\"John F. Kennedy\"}]},{\"@type\":\"WebSite\",\"@id\":\"https:\\\/\\\/www.swisslearning.com\\\/#website\",\"url\":\"https:\\\/\\\/www.swisslearning.com\\\/\",\"name\":\"Swiss Learning\",\"description\":\"BOARDING SCHOOLS, HOTEL MANAGEMENT SCHOOLS AND CAMPS IN SWITZERLAND\",\"potentialAction\":[{\"@type\":\"SearchAction\",\"target\":{\"@type\":\"EntryPoint\",\"urlTemplate\":\"https:\\\/\\\/www.swisslearning.com\\\/?s={search_term_string}\"},\"query-input\":{\"@type\":\"PropertyValueSpecification\",\"valueRequired\":true,\"valueName\":\"search_term_string\"}}],\"inLanguage\":\"it-IT\"}]}<\/script>\n<!-- \/ Yoast SEO plugin. -->","yoast_head_json":{"title":"John F. Kennedy - Swiss Boarding School - Swiss Learning","description":"L&#039;essenza della John F. Kennedy International School - Offriamo un ambiente educativo unico, orientato alla famiglia, in cui tutti gli studenti sono motivati a sviluppare appieno i propri talenti e abilit\u00e0","robots":{"index":"index","follow":"follow","max-snippet":"max-snippet:-1","max-image-preview":"max-image-preview:large","max-video-preview":"max-video-preview:-1"},"canonical":"https:\/\/www.swisslearning.com\/it\/jfk\/","og_locale":"it_IT","og_type":"article","og_title":"John F. Kennedy - Swiss Boarding School - Swiss Learning","og_description":"The essence of John F. Kennedy International School - We offer a unique, family-oriented, educational environment where all students are motivated to fully develop their talents and skills","og_url":"https:\/\/www.swisslearning.com\/it\/jfk\/","og_site_name":"Swiss Learning","article_publisher":"https:\/\/www.facebook.com\/swisslearning","article_modified_time":"2025-03-12T13:41:49+00:00","og_image":[{"width":200,"height":200,"url":"https:\/\/www.swisslearning.com\/wp-content\/uploads\/2021\/06\/logo_SL.jpg","type":"image\/jpeg"}],"twitter_card":"summary_large_image","twitter_misc":{"Tempo di lettura stimato":"3 minuti"},"schema":{"@context":"https:\/\/schema.org","@graph":[{"@type":"WebPage","@id":"https:\/\/www.swisslearning.com\/jfk\/","url":"https:\/\/www.swisslearning.com\/jfk\/","name":"John F. Kennedy - Swiss Boarding School - Swiss Learning","isPartOf":{"@id":"https:\/\/www.swisslearning.com\/#website"},"primaryImageOfPage":{"@id":"https:\/\/www.swisslearning.com\/jfk\/#primaryimage"},"image":{"@id":"https:\/\/www.swisslearning.com\/jfk\/#primaryimage"},"thumbnailUrl":"https:\/\/www.swisslearning.com\/wp-content\/uploads\/2021\/06\/logo_SL.jpg","datePublished":"2021-12-17T13:11:33+00:00","dateModified":"2025-03-12T13:41:49+00:00","description":"L&#039;essenza della John F. Kennedy International School - Offriamo un ambiente educativo unico, orientato alla famiglia, in cui tutti gli studenti sono motivati a sviluppare appieno i propri talenti e abilit\u00e0","breadcrumb":{"@id":"https:\/\/www.swisslearning.com\/jfk\/#breadcrumb"},"inLanguage":"it-IT","potentialAction":[{"@type":"ReadAction","target":["https:\/\/www.swisslearning.com\/jfk\/"]}]},{"@type":"ImageObject","inLanguage":"it-IT","@id":"https:\/\/www.swisslearning.com\/jfk\/#primaryimage","url":"https:\/\/www.swisslearning.com\/wp-content\/uploads\/2021\/06\/logo_SL.jpg","contentUrl":"https:\/\/www.swisslearning.com\/wp-content\/uploads\/2021\/06\/logo_SL.jpg","width":200,"height":200},{"@type":"BreadcrumbList","@id":"https:\/\/www.swisslearning.com\/jfk\/#breadcrumb","itemListElement":[{"@type":"ListItem","position":1,"name":"Home","item":"https:\/\/www.swisslearning.com\/"},{"@type":"ListItem","position":2,"name":"John F. Kennedy"}]},{"@type":"WebSite","@id":"https:\/\/www.swisslearning.com\/#website","url":"https:\/\/www.swisslearning.com\/","name":"Apprendimento svizzero","description":"CONVITI, SCUOLE DI GESTIONE ALBERGHIERA E CAMPEGGI IN SVIZZERA","potentialAction":[{"@type":"SearchAction","target":{"@type":"EntryPoint","urlTemplate":"https:\/\/www.swisslearning.com\/?s={search_term_string}"},"query-input":{"@type":"PropertyValueSpecification","valueRequired":true,"valueName":"search_term_string"}}],"inLanguage":"it-IT"}]}},"_links":{"self":[{"href":"https:\/\/www.swisslearning.com\/it\/wp-json\/wp\/v2\/pages\/9578","targetHints":{"allow":["GET"]}}],"collection":[{"href":"https:\/\/www.swisslearning.com\/it\/wp-json\/wp\/v2\/pages"}],"about":[{"href":"https:\/\/www.swisslearning.com\/it\/wp-json\/wp\/v2\/types\/page"}],"author":[{"embeddable":true,"href":"https:\/\/www.swisslearning.com\/it\/wp-json\/wp\/v2\/users\/3"}],"replies":[{"embeddable":true,"href":"https:\/\/www.swisslearning.com\/it\/wp-json\/wp\/v2\/comments?post=9578"}],"version-history":[{"count":26,"href":"https:\/\/www.swisslearning.com\/it\/wp-json\/wp\/v2\/pages\/9578\/revisions"}],"predecessor-version":[{"id":12681,"href":"https:\/\/www.swisslearning.com\/it\/wp-json\/wp\/v2\/pages\/9578\/revisions\/12681"}],"wp:featuredmedia":[{"embeddable":true,"href":"https:\/\/www.swisslearning.com\/it\/wp-json\/wp\/v2\/media\/144"}],"wp:attachment":[{"href":"https:\/\/www.swisslearning.com\/it\/wp-json\/wp\/v2\/media?parent=9578"}],"curies":[{"name":"wp","href":"https:\/\/api.w.org\/{rel}","templated":true}]}}