{"id":147,"date":"2021-06-06T18:45:11","date_gmt":"2021-06-06T18:45:11","guid":{"rendered":"https:\/\/swissexcellence.ch\/?page_id=147"},"modified":"2022-04-12T08:48:23","modified_gmt":"2022-04-12T08:48:23","slug":"our-services","status":"publish","type":"page","link":"https:\/\/www.swisslearning.com\/pt\/our-services\/","title":{"rendered":"Swiss Learning Services"},"content":{"rendered":"<div data-elementor-type=\"wp-page\" data-elementor-id=\"147\" class=\"elementor elementor-147\" data-elementor-post-type=\"page\">\n\t\t\t\t\t\t<section class=\"elementor-section elementor-top-section elementor-element elementor-element-f1ba1a7 elementor-section-full_width elementor-section-height-default elementor-section-height-default\" data-id=\"f1ba1a7\" data-element_type=\"section\" data-e-type=\"section\">\n\t\t\t\t\t\t<div class=\"elementor-container elementor-column-gap-default\">\n\t\t\t\t\t<div class=\"elementor-column elementor-col-50 elementor-top-column elementor-element elementor-element-b1c8cf6\" data-id=\"b1c8cf6\" data-element_type=\"column\" data-e-type=\"column\">\n\t\t\t<div class=\"elementor-widget-wrap elementor-element-populated\">\n\t\t\t\t\t\t<div class=\"elementor-element elementor-element-888ca60 elementor-widget elementor-widget-heading\" data-id=\"888ca60\" data-element_type=\"widget\" data-e-type=\"widget\" data-widget_type=\"heading.default\">\n\t\t\t\t<div class=\"elementor-widget-container\">\n\t\t\t\t\t<h1 class=\"elementor-heading-title elementor-size-default\">Expertise em col\u00e9gios internos e uniersidades de gest\u00e3o hoteleira<\/h1>\t\t\t\t<\/div>\n\t\t\t\t<\/div>\n\t\t\t\t<div class=\"elementor-element elementor-element-d039c61 elementor-widget elementor-widget-text-editor\" data-id=\"d039c61\" data-element_type=\"widget\" data-e-type=\"widget\" data-widget_type=\"text-editor.default\">\n\t\t\t\t<div class=\"elementor-widget-container\">\n\t\t\t\t\t\t\t\t\t<p class=\"translation-block\">Com mais de uma d\u00e9cada de experi\u00eancia trabalhando em estreita colabora\u00e7\u00e3o com cada um dos <a href=\"https:\/\/www.swisslearning.com\/pt\/boarding-schools\/\" target=\"_self\">14 internatos<\/a> e <a href=\"https:\/\/www.swisslearning.com\/pt\/hotel-schools\/\" target=\"_self\">2 escolas de administra\u00e7\u00e3o hoteleira<\/a> que representamos em todo o mundo, nossa equipe tem total conhecimento e compreens\u00e3o para ajud\u00e1-los a encontrar a escola certa.<\/p><p>Ap\u00f3s analisar cuidadosamente seu perfil e necessidades, a Swiss Learning oferece os seguintes servi\u00e7os:<\/p><ul><li>Reuni\u00e3o individual com as escolas Swiss Learning de sua escolha<\/li><li>Visitas virtuais ou presenciais aos campus de sua escolha<\/li><li>Assist\u00eancia com os processos de matr\u00edcula e visto de estudante<\/li><li>Reserva de hot\u00e9is e servi\u00e7os de transfer com nossas tarifas preferenciais<\/li><li><span style=\"background-color: transparent; color: var( --e-global-color-text ); font-family: var( --e-global-typography-text-font-family ), Sans-serif; font-weight: var( --e-global-typography-text-font-weight );\">Assist\u00eancia em portugu\u00eas<\/span><\/li><\/ul><div>\u00a0<\/div><p><span style=\"color: var( --e-global-color-text ); font-family: var( --e-global-typography-text-font-family ), Sans-serif; font-size: var( --e-global-typography-text-font-size ); font-weight: var( --e-global-typography-text-font-weight );\">Permanecemos dispon\u00edveis durante toda a perman\u00eancia de seu filho na Su\u00ed\u00e7a, fornecendo todo o suporte necess\u00e1rio.<\/span><\/p>\t\t\t\t\t\t\t\t<\/div>\n\t\t\t\t<\/div>\n\t\t\t\t\t<\/div>\n\t\t<\/div>\n\t\t\t\t<div class=\"elementor-column elementor-col-50 elementor-top-column elementor-element elementor-element-8bf33b9\" data-id=\"8bf33b9\" data-element_type=\"column\" data-e-type=\"column\">\n\t\t\t<div class=\"elementor-widget-wrap elementor-element-populated\">\n\t\t\t\t\t\t<div class=\"elementor-element elementor-element-078c34d elementor-widget elementor-widget-image\" data-id=\"078c34d\" data-element_type=\"widget\" data-e-type=\"widget\" data-widget_type=\"image.default\">\n\t\t\t\t<div class=\"elementor-widget-container\">\n\t\t\t\t\t\t\t\t\t\t\t\t\t\t\t<img fetchpriority=\"high\" decoding=\"async\" width=\"800\" height=\"805\" src=\"https:\/\/www.swisslearning.com\/wp-content\/uploads\/2021\/08\/Screenshot-2021-08-06-at-23.24.06.png\" class=\"attachment-large size-large wp-image-7700\" alt=\"\" srcset=\"https:\/\/www.swisslearning.com\/wp-content\/uploads\/2021\/08\/Screenshot-2021-08-06-at-23.24.06.png 950w, https:\/\/www.swisslearning.com\/wp-content\/uploads\/2021\/08\/Screenshot-2021-08-06-at-23.24.06-298x300.png 298w, https:\/\/www.swisslearning.com\/wp-content\/uploads\/2021\/08\/Screenshot-2021-08-06-at-23.24.06-150x150.png 150w, https:\/\/www.swisslearning.com\/wp-content\/uploads\/2021\/08\/Screenshot-2021-08-06-at-23.24.06-768x773.png 768w\" sizes=\"(max-width: 800px) 100vw, 800px\" \/>\t\t\t\t\t\t\t\t\t\t\t\t\t\t\t<\/div>\n\t\t\t\t<\/div>\n\t\t\t\t<div class=\"elementor-element elementor-element-5103021 elementor-widget elementor-widget-spacer\" data-id=\"5103021\" data-element_type=\"widget\" data-e-type=\"widget\" data-widget_type=\"spacer.default\">\n\t\t\t\t<div class=\"elementor-widget-container\">\n\t\t\t\t\t\t\t<div class=\"elementor-spacer\">\n\t\t\t<div class=\"elementor-spacer-inner\"><\/div>\n\t\t<\/div>\n\t\t\t\t\t\t<\/div>\n\t\t\t\t<\/div>\n\t\t\t\t<div class=\"elementor-element elementor-element-6ff6b05 elementor-widget elementor-widget-heading\" data-id=\"6ff6b05\" data-element_type=\"widget\" data-e-type=\"widget\" data-widget_type=\"heading.default\">\n\t\t\t\t<div class=\"elementor-widget-container\">\n\t\t\t\t\t<h3 class=\"elementor-heading-title elementor-size-default\">Nossa equipe se dedica a ajudar pais e alunos que procuram uma escola na Su\u00ed\u00e7a.<\/h3>\t\t\t\t<\/div>\n\t\t\t\t<\/div>\n\t\t\t\t\t<\/div>\n\t\t<\/div>\n\t\t\t\t\t<\/div>\n\t\t<\/section>\n\t\t\t\t<section class=\"elementor-section elementor-top-section elementor-element elementor-element-05ed803 elementor-section-full_width elementor-section-height-default elementor-section-height-default\" data-id=\"05ed803\" data-element_type=\"section\" data-e-type=\"section\">\n\t\t\t\t\t\t<div class=\"elementor-container elementor-column-gap-default\">\n\t\t\t\t\t<div class=\"elementor-column elementor-col-50 elementor-top-column elementor-element elementor-element-fbd6888\" data-id=\"fbd6888\" data-element_type=\"column\" data-e-type=\"column\">\n\t\t\t<div class=\"elementor-widget-wrap elementor-element-populated\">\n\t\t\t\t\t\t<div class=\"elementor-element elementor-element-482daf6 elementor-widget elementor-widget-heading\" data-id=\"482daf6\" data-element_type=\"widget\" data-e-type=\"widget\" data-widget_type=\"heading.default\">\n\t\t\t\t<div class=\"elementor-widget-container\">\n\t\t\t\t\t<h2 class=\"elementor-heading-title elementor-size-default\">Servi\u00e7o de limosine<\/h2>\t\t\t\t<\/div>\n\t\t\t\t<\/div>\n\t\t\t\t<div class=\"elementor-element elementor-element-5b590bd elementor-widget elementor-widget-image\" data-id=\"5b590bd\" data-element_type=\"widget\" data-e-type=\"widget\" data-widget_type=\"image.default\">\n\t\t\t\t<div class=\"elementor-widget-container\">\n\t\t\t\t\t\t\t\t\t\t\t\t\t\t\t<img decoding=\"async\" width=\"800\" height=\"534\" src=\"https:\/\/www.swisslearning.com\/wp-content\/uploads\/2021\/06\/limozine-1024x683.jpeg\" class=\"attachment-large size-large wp-image-149\" alt=\"Servi\u00e7o de limousine\" srcset=\"https:\/\/www.swisslearning.com\/wp-content\/uploads\/2021\/06\/limozine-1024x683.jpeg 1024w, https:\/\/www.swisslearning.com\/wp-content\/uploads\/2021\/06\/limozine-300x200.jpeg 300w, https:\/\/www.swisslearning.com\/wp-content\/uploads\/2021\/06\/limozine-768x512.jpeg 768w, https:\/\/www.swisslearning.com\/wp-content\/uploads\/2021\/06\/limozine.jpeg 1440w\" sizes=\"(max-width: 800px) 100vw, 800px\" \/>\t\t\t\t\t\t\t\t\t\t\t\t\t\t\t<\/div>\n\t\t\t\t<\/div>\n\t\t\t\t<div class=\"elementor-element elementor-element-897d253 elementor-widget elementor-widget-text-editor\" data-id=\"897d253\" data-element_type=\"widget\" data-e-type=\"widget\" data-widget_type=\"text-editor.default\">\n\t\t\t\t<div class=\"elementor-widget-container\">\n\t\t\t\t\t\t\t\t\t<p>Reserve nosso servi\u00e7o de motorista e viaje confortavelmente a bordo de um Mercedes-Benz Classe S.<\/p><p><span style=\"color: var( --e-global-color-text ); font-family: var( --e-global-typography-text-font-family ), Sans-serif; font-size: var( --e-global-typography-text-font-size ); font-weight: var( --e-global-typography-text-font-weight );\">Al\u00e9m de visitas <\/span><a style=\"font-family: var( --e-global-typography-text-font-family ), Sans-serif; font-size: var( --e-global-typography-text-font-size ); font-weight: var( --e-global-typography-text-font-weight ); background-color: #ffffff;\" href=\"https:\/\/www.swisslearning.com\/pt\/boarding-schools\/\">aos nossos col\u00e9gios internos e universidades de hotelaria,<\/a><span style=\"color: var( --e-global-color-text ); font-family: var( --e-global-typography-text-font-family ), Sans-serif; font-size: var( --e-global-typography-text-font-size ); font-weight: var( --e-global-typography-text-font-weight );\">nosso motorista oferece a op\u00e7\u00e3o de acompanh\u00e1-lo em seus passeios tur\u00edsticos, compras, jantares ou at\u00e9 mesmo em suas reuni\u00f5es de neg\u00f3cios.<\/span><\/p><p>Nossos motoristas s\u00e3o pontuais, confi\u00e1veis e corteses.\u00a0<\/p><p>Nosso ve\u00edculo acomoda confortavelmente at\u00e9 quatro passageiros.<\/p><p>Para obter informa\u00e7\u00f5es adicionais, por favor <a href=\"https:\/\/www.swisslearning.com\/pt\/contact\/\">entre em contato com um representante Swiss Learning perto de voc\u00ea<\/a>.<\/p>\t\t\t\t\t\t\t\t<\/div>\n\t\t\t\t<\/div>\n\t\t\t\t\t<\/div>\n\t\t<\/div>\n\t\t\t\t<div class=\"elementor-column elementor-col-50 elementor-top-column elementor-element elementor-element-35f3ebc\" data-id=\"35f3ebc\" data-element_type=\"column\" data-e-type=\"column\">\n\t\t\t<div class=\"elementor-widget-wrap elementor-element-populated\">\n\t\t\t\t\t\t<div class=\"elementor-element elementor-element-7612259 elementor-widget elementor-widget-heading\" data-id=\"7612259\" data-element_type=\"widget\" data-e-type=\"widget\" data-widget_type=\"heading.default\">\n\t\t\t\t<div class=\"elementor-widget-container\">\n\t\t\t\t\t<h2 class=\"elementor-heading-title elementor-size-default\">Beau-Rivage PAlace <\/h2>\t\t\t\t<\/div>\n\t\t\t\t<\/div>\n\t\t\t\t<div class=\"elementor-element elementor-element-a2f61fc elementor-widget elementor-widget-image\" data-id=\"a2f61fc\" data-element_type=\"widget\" data-e-type=\"widget\" data-widget_type=\"image.default\">\n\t\t\t\t<div class=\"elementor-widget-container\">\n\t\t\t\t\t\t\t\t\t\t\t\t\t\t\t\t<a href=\"https:\/\/www.brp.ch\">\n\t\t\t\t\t\t\t<img decoding=\"async\" width=\"800\" height=\"534\" src=\"https:\/\/www.swisslearning.com\/wp-content\/uploads\/2021\/06\/Beau-Rivage-Palace-1024x683.jpeg\" class=\"attachment-large size-large wp-image-150\" alt=\"\" srcset=\"https:\/\/www.swisslearning.com\/wp-content\/uploads\/2021\/06\/Beau-Rivage-Palace-1024x683.jpeg 1024w, https:\/\/www.swisslearning.com\/wp-content\/uploads\/2021\/06\/Beau-Rivage-Palace-300x200.jpeg 300w, https:\/\/www.swisslearning.com\/wp-content\/uploads\/2021\/06\/Beau-Rivage-Palace-768x512.jpeg 768w, https:\/\/www.swisslearning.com\/wp-content\/uploads\/2021\/06\/Beau-Rivage-Palace.jpeg 1440w\" sizes=\"(max-width: 800px) 100vw, 800px\" \/>\t\t\t\t\t\t\t\t<\/a>\n\t\t\t\t\t\t\t\t\t\t\t\t\t\t\t<\/div>\n\t\t\t\t<\/div>\n\t\t\t\t<div class=\"elementor-element elementor-element-36dbd5c elementor-widget elementor-widget-text-editor\" data-id=\"36dbd5c\" data-element_type=\"widget\" data-e-type=\"widget\" data-widget_type=\"text-editor.default\">\n\t\t\t\t<div class=\"elementor-widget-container\">\n\t\t\t\t\t\t\t\t\t<p>O Beau-Rivage Palace \u00e9 um dos hot\u00e9is de luxo mais renomados na Su\u00ed\u00e7a, destacando-se por sua tradi\u00e7\u00e3o e excel\u00eancia de servi\u00e7o.<\/p><p>Situado em 4 hectares \u00e0s margens do Lago de Genebra, seus elegantes edif\u00edcios oferecem vistas deslumbrantes do lago e dos majestosos alpes franceses.<\/p><p>Apenas a 40 minutos de carro do Aeroporto Internacional de Genebra e a 2 horas do Aeroporto Internacional de Zurique, o Beau-Rivage Palace est\u00e1 verdadeiramente no cora\u00e7\u00e3o da Europa.<\/p><p>Experimente o Beau-Rivage Palace com a tarifa preferencial da Swiss Learning durante uma de suas viagens \u00e0 Su\u00ed\u00e7a.<\/p><p><a href=\"https:\/\/www.swisslearning.com\/pt\/contact\/\">Entre em contato com um de nossos representantes para reservar<\/a>\u00a0sua estadia.<\/p>\t\t\t\t\t\t\t\t<\/div>\n\t\t\t\t<\/div>\n\t\t\t\t\t<\/div>\n\t\t<\/div>\n\t\t\t\t\t<\/div>\n\t\t<\/section>\n\t\t\t\t<section class=\"elementor-section elementor-top-section elementor-element elementor-element-7ee2130 elementor-section-full_width elementor-section-height-default elementor-section-height-default\" data-id=\"7ee2130\" data-element_type=\"section\" data-e-type=\"section\" data-settings=\"{&quot;background_background&quot;:&quot;classic&quot;}\">\n\t\t\t\t\t\t<div class=\"elementor-container elementor-column-gap-default\">\n\t\t\t\t\t<div class=\"elementor-column elementor-col-100 elementor-top-column elementor-element elementor-element-3ab4cdb\" data-id=\"3ab4cdb\" data-element_type=\"column\" data-e-type=\"column\">\n\t\t\t<div class=\"elementor-widget-wrap elementor-element-populated\">\n\t\t\t\t\t\t<div class=\"elementor-element elementor-element-325b686 elementor-widget elementor-widget-heading\" data-id=\"325b686\" data-element_type=\"widget\" data-e-type=\"widget\" data-widget_type=\"heading.default\">\n\t\t\t\t<div class=\"elementor-widget-container\">\n\t\t\t\t\t<h2 class=\"elementor-heading-title elementor-size-default\">AGENDE UMA CONSULTA<\/h2>\t\t\t\t<\/div>\n\t\t\t\t<\/div>\n\t\t\t\t<div class=\"elementor-element elementor-element-d0923a7 elementor-align-center elementor-widget elementor-widget-button\" data-id=\"d0923a7\" data-element_type=\"widget\" data-e-type=\"widget\" data-widget_type=\"button.default\">\n\t\t\t\t<div class=\"elementor-widget-container\">\n\t\t\t\t\t\t\t\t\t<div class=\"elementor-button-wrapper\">\n\t\t\t\t\t<a class=\"elementor-button elementor-button-link elementor-size-sm\" href=\"https:\/\/www.swisslearning.com\/pt\/contact\/\">\n\t\t\t\t\t\t<span class=\"elementor-button-content-wrapper\">\n\t\t\t\t\t\t\t\t\t<span class=\"elementor-button-text\">Contate um Swiss Learning Office perto de voc\u00ea<\/span>\n\t\t\t\t\t<\/span>\n\t\t\t\t\t<\/a>\n\t\t\t\t<\/div>\n\t\t\t\t\t\t\t\t<\/div>\n\t\t\t\t<\/div>\n\t\t\t\t\t<\/div>\n\t\t<\/div>\n\t\t\t\t\t<\/div>\n\t\t<\/section>\n\t\t\t\t<\/div>","protected":false},"excerpt":{"rendered":"<p>boarding schools and hotel Schools placement service With over a decade of experience working closely with each of the 14 boarding schools and 2 hotel management schools\u00a0that we represent around the world, our team has the full knowledge and understanding to help you and your child find the right school. After carefully studying your profile [&hellip;]<\/p>\n","protected":false},"author":1,"featured_media":144,"parent":0,"menu_order":0,"comment_status":"closed","ping_status":"closed","template":"","meta":{"footnotes":""},"class_list":["post-147","page","type-page","status-publish","has-post-thumbnail","hentry"],"yoast_head":"<!-- This site is optimized with the Yoast SEO plugin v27.5 - https:\/\/yoast.com\/product\/yoast-seo-wordpress\/ -->\n<title>Swiss Learning - boarding school placement service<\/title>\n<meta name=\"description\" content=\"Working closely with each boarding and hotel school that we represent, our team has the full knowledge in boarding school placement service\" \/>\n<meta name=\"robots\" content=\"index, follow, max-snippet:-1, max-image-preview:large, max-video-preview:-1\" \/>\n<link rel=\"canonical\" href=\"https:\/\/www.swisslearning.com\/pt\/our-services\/\" \/>\n<meta property=\"og:locale\" content=\"pt_BR\" \/>\n<meta property=\"og:type\" content=\"article\" \/>\n<meta property=\"og:title\" content=\"Swiss Learning - boarding school placement service\" \/>\n<meta property=\"og:description\" content=\"Working closely with each boarding and hotel school that we represent, our team has the full knowledge in boarding school placement service\" \/>\n<meta property=\"og:url\" content=\"https:\/\/www.swisslearning.com\/pt\/our-services\/\" \/>\n<meta property=\"og:site_name\" content=\"Swiss Learning\" \/>\n<meta property=\"article:publisher\" content=\"https:\/\/www.facebook.com\/swisslearning\" \/>\n<meta property=\"article:modified_time\" content=\"2022-04-12T08:48:23+00:00\" \/>\n<meta property=\"og:image\" content=\"https:\/\/www.swisslearning.com\/wp-content\/uploads\/2021\/06\/logo_SL.jpg\" \/>\n\t<meta property=\"og:image:width\" content=\"200\" \/>\n\t<meta property=\"og:image:height\" content=\"200\" \/>\n\t<meta property=\"og:image:type\" content=\"image\/jpeg\" \/>\n<meta name=\"twitter:card\" content=\"summary_large_image\" \/>\n<meta name=\"twitter:label1\" content=\"Est. tempo de leitura\" \/>\n\t<meta name=\"twitter:data1\" content=\"3 minutos\" \/>\n<script type=\"application\/ld+json\" class=\"yoast-schema-graph\">{\"@context\":\"https:\\\/\\\/schema.org\",\"@graph\":[{\"@type\":\"WebPage\",\"@id\":\"https:\\\/\\\/www.swisslearning.com\\\/our-services\\\/\",\"url\":\"https:\\\/\\\/www.swisslearning.com\\\/our-services\\\/\",\"name\":\"Swiss Learning - boarding school placement service\",\"isPartOf\":{\"@id\":\"https:\\\/\\\/www.swisslearning.com\\\/#website\"},\"primaryImageOfPage\":{\"@id\":\"https:\\\/\\\/www.swisslearning.com\\\/our-services\\\/#primaryimage\"},\"image\":{\"@id\":\"https:\\\/\\\/www.swisslearning.com\\\/our-services\\\/#primaryimage\"},\"thumbnailUrl\":\"https:\\\/\\\/www.swisslearning.com\\\/wp-content\\\/uploads\\\/2021\\\/06\\\/logo_SL.jpg\",\"datePublished\":\"2021-06-06T18:45:11+00:00\",\"dateModified\":\"2022-04-12T08:48:23+00:00\",\"description\":\"Working closely with each boarding and hotel school that we represent, our team has the full knowledge in boarding school placement service\",\"breadcrumb\":{\"@id\":\"https:\\\/\\\/www.swisslearning.com\\\/our-services\\\/#breadcrumb\"},\"inLanguage\":\"pt-BR\",\"potentialAction\":[{\"@type\":\"ReadAction\",\"target\":[\"https:\\\/\\\/www.swisslearning.com\\\/our-services\\\/\"]}]},{\"@type\":\"ImageObject\",\"inLanguage\":\"pt-BR\",\"@id\":\"https:\\\/\\\/www.swisslearning.com\\\/our-services\\\/#primaryimage\",\"url\":\"https:\\\/\\\/www.swisslearning.com\\\/wp-content\\\/uploads\\\/2021\\\/06\\\/logo_SL.jpg\",\"contentUrl\":\"https:\\\/\\\/www.swisslearning.com\\\/wp-content\\\/uploads\\\/2021\\\/06\\\/logo_SL.jpg\",\"width\":200,\"height\":200},{\"@type\":\"BreadcrumbList\",\"@id\":\"https:\\\/\\\/www.swisslearning.com\\\/our-services\\\/#breadcrumb\",\"itemListElement\":[{\"@type\":\"ListItem\",\"position\":1,\"name\":\"Home\",\"item\":\"https:\\\/\\\/www.swisslearning.com\\\/\"},{\"@type\":\"ListItem\",\"position\":2,\"name\":\"Swiss Learning Services\"}]},{\"@type\":\"WebSite\",\"@id\":\"https:\\\/\\\/www.swisslearning.com\\\/#website\",\"url\":\"https:\\\/\\\/www.swisslearning.com\\\/\",\"name\":\"Swiss Learning\",\"description\":\"BOARDING SCHOOLS, HOTEL MANAGEMENT SCHOOLS AND CAMPS IN SWITZERLAND\",\"potentialAction\":[{\"@type\":\"SearchAction\",\"target\":{\"@type\":\"EntryPoint\",\"urlTemplate\":\"https:\\\/\\\/www.swisslearning.com\\\/?s={search_term_string}\"},\"query-input\":{\"@type\":\"PropertyValueSpecification\",\"valueRequired\":true,\"valueName\":\"search_term_string\"}}],\"inLanguage\":\"pt-BR\"}]}<\/script>\n<!-- \/ Yoast SEO plugin. -->","yoast_head_json":{"title":"Swiss Learning - servi\u00e7o de coloca\u00e7\u00e3o em internato","description":"Trabalhando em estreita colabora\u00e7\u00e3o com cada internato e hotel escola que representamos, nossa equipe tem pleno conhecimento em servi\u00e7o de coloca\u00e7\u00e3o de internato","robots":{"index":"index","follow":"follow","max-snippet":"max-snippet:-1","max-image-preview":"max-image-preview:large","max-video-preview":"max-video-preview:-1"},"canonical":"https:\/\/www.swisslearning.com\/pt\/our-services\/","og_locale":"pt_BR","og_type":"article","og_title":"Swiss Learning - boarding school placement service","og_description":"Working closely with each boarding and hotel school that we represent, our team has the full knowledge in boarding school placement service","og_url":"https:\/\/www.swisslearning.com\/pt\/our-services\/","og_site_name":"Swiss Learning","article_publisher":"https:\/\/www.facebook.com\/swisslearning","article_modified_time":"2022-04-12T08:48:23+00:00","og_image":[{"width":200,"height":200,"url":"https:\/\/www.swisslearning.com\/wp-content\/uploads\/2021\/06\/logo_SL.jpg","type":"image\/jpeg"}],"twitter_card":"summary_large_image","twitter_misc":{"Est. tempo de leitura":"3 minutos"},"schema":{"@context":"https:\/\/schema.org","@graph":[{"@type":"WebPage","@id":"https:\/\/www.swisslearning.com\/our-services\/","url":"https:\/\/www.swisslearning.com\/our-services\/","name":"Swiss Learning - servi\u00e7o de coloca\u00e7\u00e3o em internato","isPartOf":{"@id":"https:\/\/www.swisslearning.com\/#website"},"primaryImageOfPage":{"@id":"https:\/\/www.swisslearning.com\/our-services\/#primaryimage"},"image":{"@id":"https:\/\/www.swisslearning.com\/our-services\/#primaryimage"},"thumbnailUrl":"https:\/\/www.swisslearning.com\/wp-content\/uploads\/2021\/06\/logo_SL.jpg","datePublished":"2021-06-06T18:45:11+00:00","dateModified":"2022-04-12T08:48:23+00:00","description":"Trabalhando em estreita colabora\u00e7\u00e3o com cada internato e hotel escola que representamos, nossa equipe tem pleno conhecimento em servi\u00e7o de coloca\u00e7\u00e3o de internato","breadcrumb":{"@id":"https:\/\/www.swisslearning.com\/our-services\/#breadcrumb"},"inLanguage":"pt-BR","potentialAction":[{"@type":"ReadAction","target":["https:\/\/www.swisslearning.com\/our-services\/"]}]},{"@type":"ImageObject","inLanguage":"pt-BR","@id":"https:\/\/www.swisslearning.com\/our-services\/#primaryimage","url":"https:\/\/www.swisslearning.com\/wp-content\/uploads\/2021\/06\/logo_SL.jpg","contentUrl":"https:\/\/www.swisslearning.com\/wp-content\/uploads\/2021\/06\/logo_SL.jpg","width":200,"height":200},{"@type":"BreadcrumbList","@id":"https:\/\/www.swisslearning.com\/our-services\/#breadcrumb","itemListElement":[{"@type":"ListItem","position":1,"name":"Home","item":"https:\/\/www.swisslearning.com\/"},{"@type":"ListItem","position":2,"name":"Swiss Learning Services"}]},{"@type":"WebSite","@id":"https:\/\/www.swisslearning.com\/#website","url":"https:\/\/www.swisslearning.com\/","name":"Swiss Learning","description":"ESCOLAS DE EMBARQUE, ESCOLAS DE GEST\u00c3O DE HOTELARIA E CAMPS NA SU\u00cd\u00c7A","potentialAction":[{"@type":"SearchAction","target":{"@type":"EntryPoint","urlTemplate":"https:\/\/www.swisslearning.com\/?s={search_term_string}"},"query-input":{"@type":"PropertyValueSpecification","valueRequired":true,"valueName":"search_term_string"}}],"inLanguage":"pt-BR"}]}},"_links":{"self":[{"href":"https:\/\/www.swisslearning.com\/pt\/wp-json\/wp\/v2\/pages\/147","targetHints":{"allow":["GET"]}}],"collection":[{"href":"https:\/\/www.swisslearning.com\/pt\/wp-json\/wp\/v2\/pages"}],"about":[{"href":"https:\/\/www.swisslearning.com\/pt\/wp-json\/wp\/v2\/types\/page"}],"author":[{"embeddable":true,"href":"https:\/\/www.swisslearning.com\/pt\/wp-json\/wp\/v2\/users\/1"}],"replies":[{"embeddable":true,"href":"https:\/\/www.swisslearning.com\/pt\/wp-json\/wp\/v2\/comments?post=147"}],"version-history":[{"count":85,"href":"https:\/\/www.swisslearning.com\/pt\/wp-json\/wp\/v2\/pages\/147\/revisions"}],"predecessor-version":[{"id":10125,"href":"https:\/\/www.swisslearning.com\/pt\/wp-json\/wp\/v2\/pages\/147\/revisions\/10125"}],"wp:featuredmedia":[{"embeddable":true,"href":"https:\/\/www.swisslearning.com\/pt\/wp-json\/wp\/v2\/media\/144"}],"wp:attachment":[{"href":"https:\/\/www.swisslearning.com\/pt\/wp-json\/wp\/v2\/media?parent=147"}],"curies":[{"name":"wp","href":"https:\/\/api.w.org\/{rel}","templated":true}]}}