{"id":7289,"date":"2021-07-16T08:49:51","date_gmt":"2021-07-16T08:49:51","guid":{"rendered":"https:\/\/swissexcellence.ch\/?page_id=7289"},"modified":"2024-09-23T05:44:33","modified_gmt":"2024-09-23T05:44:33","slug":"hotel-schools","status":"publish","type":"page","link":"https:\/\/www.swisslearning.com\/pt\/hotel-schools\/","title":{"rendered":"universidades de hotelaria"},"content":{"rendered":"<div data-elementor-type=\"wp-page\" data-elementor-id=\"7289\" class=\"elementor elementor-7289\" data-elementor-post-type=\"page\">\n\t\t\t\t\t\t<section class=\"elementor-section elementor-top-section elementor-element elementor-element-2ff39f2 elementor-section-boxed elementor-section-height-default elementor-section-height-default\" data-id=\"2ff39f2\" data-element_type=\"section\" data-e-type=\"section\">\n\t\t\t\t\t\t<div class=\"elementor-container elementor-column-gap-default\">\n\t\t\t\t\t<div class=\"elementor-column elementor-col-100 elementor-top-column elementor-element elementor-element-d5c1cff\" data-id=\"d5c1cff\" data-element_type=\"column\" data-e-type=\"column\">\n\t\t\t<div class=\"elementor-widget-wrap elementor-element-populated\">\n\t\t\t\t\t\t<div class=\"elementor-element elementor-element-888ca60 elementor-widget elementor-widget-heading\" data-id=\"888ca60\" data-element_type=\"widget\" data-e-type=\"widget\" data-widget_type=\"heading.default\">\n\t\t\t\t<div class=\"elementor-widget-container\">\n\t\t\t\t\t<h1 class=\"elementor-heading-title elementor-size-default\">Universidades de hotelaria na Su\u00ed\u00e7a<\/h1>\t\t\t\t<\/div>\n\t\t\t\t<\/div>\n\t\t\t\t\t<\/div>\n\t\t<\/div>\n\t\t\t\t\t<\/div>\n\t\t<\/section>\n\t\t\t\t<section class=\"elementor-section elementor-top-section elementor-element elementor-element-f1ba1a7 elementor-section-full_width elementor-section-height-default elementor-section-height-default\" data-id=\"f1ba1a7\" data-element_type=\"section\" data-e-type=\"section\">\n\t\t\t\t\t\t<div class=\"elementor-container elementor-column-gap-default\">\n\t\t\t\t\t<div class=\"elementor-column elementor-col-50 elementor-top-column elementor-element elementor-element-b1c8cf6\" data-id=\"b1c8cf6\" data-element_type=\"column\" data-e-type=\"column\">\n\t\t\t<div class=\"elementor-widget-wrap elementor-element-populated\">\n\t\t\t\t\t\t<div class=\"elementor-element elementor-element-e489930 elementor-widget elementor-widget-image\" data-id=\"e489930\" data-element_type=\"widget\" data-e-type=\"widget\" data-widget_type=\"image.default\">\n\t\t\t\t<div class=\"elementor-widget-container\">\n\t\t\t\t\t\t\t\t\t\t\t\t\t\t\t<img fetchpriority=\"high\" decoding=\"async\" width=\"500\" height=\"800\" src=\"https:\/\/www.swisslearning.com\/wp-content\/uploads\/2021\/07\/hotel-schools-swiss.jpeg\" class=\"attachment-large size-large wp-image-7389\" alt=\"\" srcset=\"https:\/\/www.swisslearning.com\/wp-content\/uploads\/2021\/07\/hotel-schools-swiss.jpeg 500w, https:\/\/www.swisslearning.com\/wp-content\/uploads\/2021\/07\/hotel-schools-swiss-188x300.jpeg 188w\" sizes=\"(max-width: 500px) 100vw, 500px\" \/>\t\t\t\t\t\t\t\t\t\t\t\t\t\t\t<\/div>\n\t\t\t\t<\/div>\n\t\t\t\t\t<\/div>\n\t\t<\/div>\n\t\t\t\t<div class=\"elementor-column elementor-col-50 elementor-top-column elementor-element elementor-element-8bf33b9\" data-id=\"8bf33b9\" data-element_type=\"column\" data-e-type=\"column\">\n\t\t\t<div class=\"elementor-widget-wrap elementor-element-populated\">\n\t\t\t\t\t\t<div class=\"elementor-element elementor-element-c20ef49 elementor-blockquote--skin-quotation elementor-widget elementor-widget-blockquote\" data-id=\"c20ef49\" data-element_type=\"widget\" data-e-type=\"widget\" data-widget_type=\"blockquote.default\">\n\t\t\t\t<div class=\"elementor-widget-container\">\n\t\t\t\t\t\t\t<blockquote class=\"elementor-blockquote\">\n\t\t\t<p class=\"elementor-blockquote__content\">\n\t\t\t\t<span style=\"white-space: normal\">O principal objetivo da educa\u00e7\u00e3o \u00e9 criar cidad\u00e3os capazes de inovar, e n\u00e3o apenas repetir o que outras gera\u00e7\u00f5es fizeram.<\/span>\t\t\t<\/p>\n\t\t\t\t\t<\/blockquote>\n\t\t\t\t\t\t<\/div>\n\t\t\t\t<\/div>\n\t\t\t\t<div class=\"elementor-element elementor-element-20ce129 elementor-widget elementor-widget-spacer\" data-id=\"20ce129\" data-element_type=\"widget\" data-e-type=\"widget\" data-widget_type=\"spacer.default\">\n\t\t\t\t<div class=\"elementor-widget-container\">\n\t\t\t\t\t\t\t<div class=\"elementor-spacer\">\n\t\t\t<div class=\"elementor-spacer-inner\"><\/div>\n\t\t<\/div>\n\t\t\t\t\t\t<\/div>\n\t\t\t\t<\/div>\n\t\t\t\t<div class=\"elementor-element elementor-element-9075c6e elementor-widget elementor-widget-heading\" data-id=\"9075c6e\" data-element_type=\"widget\" data-e-type=\"widget\" data-widget_type=\"heading.default\">\n\t\t\t\t<div class=\"elementor-widget-container\">\n\t\t\t\t\t<h2 class=\"elementor-heading-title elementor-size-default\">Su\u00ed\u00e7a: O ber\u00e7o DA HOSPITALIDADE<\/h2>\t\t\t\t<\/div>\n\t\t\t\t<\/div>\n\t\t\t\t<div class=\"elementor-element elementor-element-d039c61 elementor-widget elementor-widget-text-editor\" data-id=\"d039c61\" data-element_type=\"widget\" data-e-type=\"widget\" data-widget_type=\"text-editor.default\">\n\t\t\t\t<div class=\"elementor-widget-container\">\n\t\t\t\t\t\t\t\t\t<p><span style=\"color: #111111; font-family: Roboto, sans-serif; font-size: 16px;\">A reputa\u00e7\u00e3o da Su\u00ed\u00e7a como ber\u00e7o da hospitalidade foi estabelecida h\u00e1 mais de cem anos<\/span><span style=\"color: #111111; font-family: Roboto, sans-serif; font-size: 16px;\">.<\/span><\/p>\n<p><span style=\"color: #111111; font-family: Roboto, sans-serif; font-size: 16px;\">A Swiss Learning representa duas das universidades de gest\u00e3o hoteleira mais renomadas do pa\u00eds:<\/span><\/p>\n<p><span style=\"color: #111111; font-family: Roboto, sans-serif; font-size: 16px;\">- Les Roches Global Hospitality Education<\/span><\/p>\n<p><span style=\"color: #111111; font-family: Roboto, sans-serif; font-size: 16px;\">- Instituto Glion de Educa\u00e7\u00e3o Superior<\/span><\/p><p><span style=\"color: #111111; font-family: Roboto, sans-serif; font-size: 16px;\">Os campus de nossas escolas de gest\u00e3o hoteleira s\u00e3o ambientes acolhedores, que oferecem aprendizado pr\u00e1tico e turmas pequenas.<\/span><\/p><p><span style=\"color: rgb(17, 17, 17); font-family: Roboto, sans-serif; font-size: 16px;\">Essas universidades oferecem programas de curta dura\u00e7\u00e3o, bacharelado, mestrado e educa\u00e7\u00e3o executiva para alunos a partir de 18 anos de idade.<\/span><br><\/p>\t\t\t\t\t\t\t\t<\/div>\n\t\t\t\t<\/div>\n\t\t\t\t\t<\/div>\n\t\t<\/div>\n\t\t\t\t\t<\/div>\n\t\t<\/section>\n\t\t\t\t<section class=\"elementor-section elementor-top-section elementor-element elementor-element-7ee2130 elementor-section-full_width elementor-section-height-default elementor-section-height-default\" data-id=\"7ee2130\" data-element_type=\"section\" data-e-type=\"section\" data-settings=\"{&quot;background_background&quot;:&quot;classic&quot;}\">\n\t\t\t\t\t\t<div class=\"elementor-container elementor-column-gap-default\">\n\t\t\t\t\t<div class=\"elementor-column elementor-col-100 elementor-top-column elementor-element elementor-element-3ab4cdb\" data-id=\"3ab4cdb\" data-element_type=\"column\" data-e-type=\"column\">\n\t\t\t<div class=\"elementor-widget-wrap elementor-element-populated\">\n\t\t\t\t\t\t<div class=\"elementor-element elementor-element-9eaaad8 elementor-widget elementor-widget-heading\" data-id=\"9eaaad8\" data-element_type=\"widget\" data-e-type=\"widget\" data-widget_type=\"heading.default\">\n\t\t\t\t<div class=\"elementor-widget-container\">\n\t\t\t\t\t<h1 class=\"elementor-heading-title elementor-size-default\">Mapa das universidades de hotelaria na Su\u00ed\u00e7a<\/h1>\t\t\t\t<\/div>\n\t\t\t\t<\/div>\n\t\t\t\t<div class=\"elementor-element elementor-element-0dd5e7b elementor-widget elementor-widget-text-editor\" data-id=\"0dd5e7b\" data-element_type=\"widget\" data-e-type=\"widget\" data-widget_type=\"text-editor.default\">\n\t\t\t\t<div class=\"elementor-widget-container\">\n\t\t\t\t\t\t\t\t\t<p><div class=\"map_wrapper\" id=\"map_wrapper_5887\">\n<div class=\"map_box\" style=\"max-width:910px\">\n<div class=\"map_aspect_ratio\" style=\"padding-top:55%\" data-padding-top=\"55%\" data-padding-top-mobile=\"\">\n<div class=\"map_container\">\n<div class=\"map_render map_loading\" id=\"map_5887\"><\/div>\n<\/div>\n<\/div>\n<\/div>\n<\/div><\/p>\t\t\t\t\t\t\t\t<\/div>\n\t\t\t\t<\/div>\n\t\t\t\t\t<\/div>\n\t\t<\/div>\n\t\t\t\t\t<\/div>\n\t\t<\/section>\n\t\t\t\t<section class=\"elementor-section elementor-top-section elementor-element elementor-element-df0e5cd elementor-section-full_width elementor-section-height-default elementor-section-height-default\" data-id=\"df0e5cd\" data-element_type=\"section\" data-e-type=\"section\">\n\t\t\t\t\t\t<div class=\"elementor-container elementor-column-gap-default\">\n\t\t\t\t\t<div class=\"elementor-column elementor-col-25 elementor-top-column elementor-element elementor-element-2faf833\" data-id=\"2faf833\" data-element_type=\"column\" data-e-type=\"column\">\n\t\t\t<div class=\"elementor-widget-wrap elementor-element-populated\">\n\t\t\t\t\t\t<div class=\"elementor-element elementor-element-994a54d elementor-widget elementor-widget-image\" data-id=\"994a54d\" data-element_type=\"widget\" data-e-type=\"widget\" data-widget_type=\"image.default\">\n\t\t\t\t<div class=\"elementor-widget-container\">\n\t\t\t\t\t\t\t\t\t\t\t\t\t\t\t\t<a href=\"https:\/\/www.swisslearning.com\/pt\/glion\/\">\n\t\t\t\t\t\t\t<img decoding=\"async\" width=\"300\" height=\"92\" src=\"https:\/\/www.swisslearning.com\/wp-content\/uploads\/2021\/07\/Glion-s-logo-300x92-1.png\" class=\"attachment-large size-large wp-image-7291\" alt=\"\" \/>\t\t\t\t\t\t\t\t<\/a>\n\t\t\t\t\t\t\t\t\t\t\t\t\t\t\t<\/div>\n\t\t\t\t<\/div>\n\t\t\t\t\t<\/div>\n\t\t<\/div>\n\t\t\t\t<div class=\"elementor-column elementor-col-25 elementor-top-column elementor-element elementor-element-5b4509d\" data-id=\"5b4509d\" data-element_type=\"column\" data-e-type=\"column\">\n\t\t\t<div class=\"elementor-widget-wrap elementor-element-populated\">\n\t\t\t\t\t\t<div class=\"elementor-element elementor-element-6d326d5 elementor-widget elementor-widget-heading\" data-id=\"6d326d5\" data-element_type=\"widget\" data-e-type=\"widget\" data-widget_type=\"heading.default\">\n\t\t\t\t<div class=\"elementor-widget-container\">\n\t\t\t\t\t<h3 class=\"elementor-heading-title elementor-size-default\"><a href=\"https:\/\/www.swisslearning.com\/pt\/glion\/\">Instituto Glion de educa\u00e7\u00e3o superior<\/a><\/h3>\t\t\t\t<\/div>\n\t\t\t\t<\/div>\n\t\t\t\t<div class=\"elementor-element elementor-element-99424f5 elementor-widget elementor-widget-text-editor\" data-id=\"99424f5\" data-element_type=\"widget\" data-e-type=\"widget\" data-widget_type=\"text-editor.default\">\n\t\t\t\t<div class=\"elementor-widget-container\">\n\t\t\t\t\t\t\t\t\t<p>O Instituto Glion de Educa\u00e7\u00e3o Superior (GIHE) \u00e9 uma institui\u00e7\u00e3o privada que oferece bacharelado e mestrado credenciados nas \u00e1reas de gest\u00e3o de hospitalidade, gest\u00e3o de eventos e gest\u00e3o de marcas de luxo. Glion se destaca por seu corpo discente multicultural, campus de primeira linha na Su\u00ed\u00e7a e Londres,  oferecendo uma educa\u00e7\u00e3o personalizada para seus alunos. Os alunos da Glion se beneficiam da experi\u00eancia acad\u00eamica e dos relacionamentos cultivados na ind\u00fastria hoteleira desde 1962, ganhando acesso a uma rede de mais de 13.600 ex-alunos l\u00edderes na ind\u00fastria da hospitalidade.<\/p>\t\t\t\t\t\t\t\t<\/div>\n\t\t\t\t<\/div>\n\t\t\t\t<div class=\"elementor-element elementor-element-1d2bf7d elementor-widget elementor-widget-button\" data-id=\"1d2bf7d\" data-element_type=\"widget\" data-e-type=\"widget\" data-widget_type=\"button.default\">\n\t\t\t\t<div class=\"elementor-widget-container\">\n\t\t\t\t\t\t\t\t\t<div class=\"elementor-button-wrapper\">\n\t\t\t\t\t<a class=\"elementor-button elementor-button-link elementor-size-sm\" href=\"#\">\n\t\t\t\t\t\t<span class=\"elementor-button-content-wrapper\">\n\t\t\t\t\t\t<span class=\"elementor-button-icon\">\n\t\t\t\t<i aria-hidden=\"true\" class=\"fas fa-long-arrow-alt-right\"><\/i>\t\t\t<\/span>\n\t\t\t\t\t\t\t\t\t<span class=\"elementor-button-text\">Saber Mais<\/span>\n\t\t\t\t\t<\/span>\n\t\t\t\t\t<\/a>\n\t\t\t\t<\/div>\n\t\t\t\t\t\t\t\t<\/div>\n\t\t\t\t<\/div>\n\t\t\t\t\t<\/div>\n\t\t<\/div>\n\t\t\t\t<div class=\"elementor-column elementor-col-25 elementor-top-column elementor-element elementor-element-4d497f3\" data-id=\"4d497f3\" data-element_type=\"column\" data-e-type=\"column\">\n\t\t\t<div class=\"elementor-widget-wrap elementor-element-populated\">\n\t\t\t\t\t\t<div class=\"elementor-element elementor-element-173a6c5 elementor-widget elementor-widget-image\" data-id=\"173a6c5\" data-element_type=\"widget\" data-e-type=\"widget\" data-widget_type=\"image.default\">\n\t\t\t\t<div class=\"elementor-widget-container\">\n\t\t\t\t\t\t\t\t\t\t\t\t\t\t\t\t<a href=\"https:\/\/www.swisslearning.com\/pt\/les-roches\/\">\n\t\t\t\t\t\t\t<img decoding=\"async\" width=\"300\" height=\"159\" src=\"https:\/\/www.swisslearning.com\/wp-content\/uploads\/2021\/07\/LesRoches-Logotype-Two-Line-Black-300x159-1.jpeg\" class=\"attachment-large size-large wp-image-7292\" alt=\"\" \/>\t\t\t\t\t\t\t\t<\/a>\n\t\t\t\t\t\t\t\t\t\t\t\t\t\t\t<\/div>\n\t\t\t\t<\/div>\n\t\t\t\t\t<\/div>\n\t\t<\/div>\n\t\t\t\t<div class=\"elementor-column elementor-col-25 elementor-top-column elementor-element elementor-element-7a4a2f3\" data-id=\"7a4a2f3\" data-element_type=\"column\" data-e-type=\"column\">\n\t\t\t<div class=\"elementor-widget-wrap elementor-element-populated\">\n\t\t\t\t\t\t<div class=\"elementor-element elementor-element-f8d584e elementor-widget elementor-widget-heading\" data-id=\"f8d584e\" data-element_type=\"widget\" data-e-type=\"widget\" data-widget_type=\"heading.default\">\n\t\t\t\t<div class=\"elementor-widget-container\">\n\t\t\t\t\t<h3 class=\"elementor-heading-title elementor-size-default\"><a href=\"https:\/\/www.swisslearning.com\/pt\/les-roches\/\">Les Roches<\/a><\/h3>\t\t\t\t<\/div>\n\t\t\t\t<\/div>\n\t\t\t\t<div class=\"elementor-element elementor-element-4f19ef9 elementor-widget elementor-widget-text-editor\" data-id=\"4f19ef9\" data-element_type=\"widget\" data-e-type=\"widget\" data-widget_type=\"text-editor.default\">\n\t\t\t\t<div class=\"elementor-widget-container\">\n\t\t\t\t\t\t\t\t\t<p><span style=\"font-weight: 400;\">Fundada em 1954, a Les Roches \u00e9 uma institui\u00e7\u00e3o privada baseada no modelo su\u00ed\u00e7o de aprendizagem experiencial, oferecendo programas de gradua\u00e7\u00e3o, p\u00f3s-gradua\u00e7\u00e3o e educa\u00e7\u00e3o executiva focados em hospitalidade, turismo e gest\u00e3o de esportes e eventos. A Les Roches prepara graduados empreendedores e inovadores em uma rede global de campi na Su\u00ed\u00e7a, Espanha e Emirados \u00c1rabes Unidos.<\/span><\/p>\t\t\t\t\t\t\t\t<\/div>\n\t\t\t\t<\/div>\n\t\t\t\t<div class=\"elementor-element elementor-element-34f1690 elementor-widget elementor-widget-button\" data-id=\"34f1690\" data-element_type=\"widget\" data-e-type=\"widget\" data-widget_type=\"button.default\">\n\t\t\t\t<div class=\"elementor-widget-container\">\n\t\t\t\t\t\t\t\t\t<div class=\"elementor-button-wrapper\">\n\t\t\t\t\t<a class=\"elementor-button elementor-button-link elementor-size-sm\" href=\"#\">\n\t\t\t\t\t\t<span class=\"elementor-button-content-wrapper\">\n\t\t\t\t\t\t<span class=\"elementor-button-icon\">\n\t\t\t\t<i aria-hidden=\"true\" class=\"fas fa-long-arrow-alt-right\"><\/i>\t\t\t<\/span>\n\t\t\t\t\t\t\t\t\t<span class=\"elementor-button-text\">Saber Mais<\/span>\n\t\t\t\t\t<\/span>\n\t\t\t\t\t<\/a>\n\t\t\t\t<\/div>\n\t\t\t\t\t\t\t\t<\/div>\n\t\t\t\t<\/div>\n\t\t\t\t\t<\/div>\n\t\t<\/div>\n\t\t\t\t\t<\/div>\n\t\t<\/section>\n\t\t\t\t<\/div>","protected":false},"excerpt":{"rendered":"<p>Hotel Schools in Switzerland The principal goal of education is to create men and women who are capable of doing new things not simply repeating what other generations have done. THE BIRTHPLACE OF HOSPITALITY Switzerland\u2019s reputation as the birthplace of hospitality was established over a hundred years ago. Swiss Learning represents two of the country&#8217;s [&hellip;]<\/p>\n","protected":false},"author":1,"featured_media":144,"parent":0,"menu_order":0,"comment_status":"closed","ping_status":"closed","template":"","meta":{"footnotes":""},"class_list":["post-7289","page","type-page","status-publish","has-post-thumbnail","hentry"],"yoast_head":"<!-- This site is optimized with the Yoast SEO plugin v27.5 - https:\/\/yoast.com\/product\/yoast-seo-wordpress\/ -->\n<title>Hotel Management Schools - Switzerland - Swiss Learning<\/title>\n<meta name=\"description\" content=\"Swiss Learning was founded in 2006 by a group of prestigious Swiss boarding and hotel management schools who have a long tradition of educational excellence and at least 50 years\u2019 experience in providing education and boarding facilities.\" \/>\n<meta name=\"robots\" content=\"index, follow, max-snippet:-1, max-image-preview:large, max-video-preview:-1\" \/>\n<link rel=\"canonical\" href=\"https:\/\/www.swisslearning.com\/pt\/hotel-schools\/\" \/>\n<meta property=\"og:locale\" content=\"pt_BR\" \/>\n<meta property=\"og:type\" content=\"article\" \/>\n<meta property=\"og:title\" content=\"Hotel Management Schools - Switzerland - Swiss Learning\" \/>\n<meta property=\"og:description\" content=\"Swiss Learning was founded in 2006 by a group of prestigious Swiss boarding and hotel management schools who have a long tradition of educational excellence and at least 50 years\u2019 experience in providing education and boarding facilities.\" \/>\n<meta property=\"og:url\" content=\"https:\/\/www.swisslearning.com\/pt\/hotel-schools\/\" \/>\n<meta property=\"og:site_name\" content=\"Swiss Learning\" \/>\n<meta property=\"article:publisher\" content=\"https:\/\/www.facebook.com\/swisslearning\" \/>\n<meta property=\"article:modified_time\" content=\"2024-09-23T05:44:33+00:00\" \/>\n<meta property=\"og:image\" content=\"https:\/\/www.swisslearning.com\/wp-content\/uploads\/2021\/06\/logo_SL.jpg\" \/>\n\t<meta property=\"og:image:width\" content=\"200\" \/>\n\t<meta property=\"og:image:height\" content=\"200\" \/>\n\t<meta property=\"og:image:type\" content=\"image\/jpeg\" \/>\n<meta name=\"twitter:card\" content=\"summary_large_image\" \/>\n<meta name=\"twitter:label1\" content=\"Est. tempo de leitura\" \/>\n\t<meta name=\"twitter:data1\" content=\"2 minutos\" \/>\n<script type=\"application\/ld+json\" class=\"yoast-schema-graph\">{\"@context\":\"https:\\\/\\\/schema.org\",\"@graph\":[{\"@type\":\"WebPage\",\"@id\":\"https:\\\/\\\/www.swisslearning.com\\\/hotel-schools\\\/\",\"url\":\"https:\\\/\\\/www.swisslearning.com\\\/hotel-schools\\\/\",\"name\":\"Hotel Management Schools - Switzerland - Swiss Learning\",\"isPartOf\":{\"@id\":\"https:\\\/\\\/www.swisslearning.com\\\/#website\"},\"primaryImageOfPage\":{\"@id\":\"https:\\\/\\\/www.swisslearning.com\\\/hotel-schools\\\/#primaryimage\"},\"image\":{\"@id\":\"https:\\\/\\\/www.swisslearning.com\\\/hotel-schools\\\/#primaryimage\"},\"thumbnailUrl\":\"https:\\\/\\\/www.swisslearning.com\\\/wp-content\\\/uploads\\\/2021\\\/06\\\/logo_SL.jpg\",\"datePublished\":\"2021-07-16T08:49:51+00:00\",\"dateModified\":\"2024-09-23T05:44:33+00:00\",\"description\":\"Swiss Learning was founded in 2006 by a group of prestigious Swiss boarding and hotel management schools who have a long tradition of educational excellence and at least 50 years\u2019 experience in providing education and boarding facilities.\",\"breadcrumb\":{\"@id\":\"https:\\\/\\\/www.swisslearning.com\\\/hotel-schools\\\/#breadcrumb\"},\"inLanguage\":\"pt-BR\",\"potentialAction\":[{\"@type\":\"ReadAction\",\"target\":[\"https:\\\/\\\/www.swisslearning.com\\\/hotel-schools\\\/\"]}]},{\"@type\":\"ImageObject\",\"inLanguage\":\"pt-BR\",\"@id\":\"https:\\\/\\\/www.swisslearning.com\\\/hotel-schools\\\/#primaryimage\",\"url\":\"https:\\\/\\\/www.swisslearning.com\\\/wp-content\\\/uploads\\\/2021\\\/06\\\/logo_SL.jpg\",\"contentUrl\":\"https:\\\/\\\/www.swisslearning.com\\\/wp-content\\\/uploads\\\/2021\\\/06\\\/logo_SL.jpg\",\"width\":200,\"height\":200},{\"@type\":\"BreadcrumbList\",\"@id\":\"https:\\\/\\\/www.swisslearning.com\\\/hotel-schools\\\/#breadcrumb\",\"itemListElement\":[{\"@type\":\"ListItem\",\"position\":1,\"name\":\"Home\",\"item\":\"https:\\\/\\\/www.swisslearning.com\\\/\"},{\"@type\":\"ListItem\",\"position\":2,\"name\":\"hotel Schools\"}]},{\"@type\":\"WebSite\",\"@id\":\"https:\\\/\\\/www.swisslearning.com\\\/#website\",\"url\":\"https:\\\/\\\/www.swisslearning.com\\\/\",\"name\":\"Swiss Learning\",\"description\":\"BOARDING SCHOOLS, HOTEL MANAGEMENT SCHOOLS AND CAMPS IN SWITZERLAND\",\"potentialAction\":[{\"@type\":\"SearchAction\",\"target\":{\"@type\":\"EntryPoint\",\"urlTemplate\":\"https:\\\/\\\/www.swisslearning.com\\\/?s={search_term_string}\"},\"query-input\":{\"@type\":\"PropertyValueSpecification\",\"valueRequired\":true,\"valueName\":\"search_term_string\"}}],\"inLanguage\":\"pt-BR\"}]}<\/script>\n<!-- \/ Yoast SEO plugin. -->","yoast_head_json":{"title":"Escolas de hotelaria - Su\u00ed\u00e7a - Swiss Learning","description":"A Swiss Learning foi fundada em 2006 por um grupo de escolas su\u00ed\u00e7as de renome em administra\u00e7\u00e3o de hot\u00e9is e internatos que t\u00eam uma longa tradi\u00e7\u00e3o de excel\u00eancia educacional e pelo menos 50 anos de experi\u00eancia no fornecimento de instala\u00e7\u00f5es educacionais e de internato.","robots":{"index":"index","follow":"follow","max-snippet":"max-snippet:-1","max-image-preview":"max-image-preview:large","max-video-preview":"max-video-preview:-1"},"canonical":"https:\/\/www.swisslearning.com\/pt\/hotel-schools\/","og_locale":"pt_BR","og_type":"article","og_title":"Hotel Management Schools - Switzerland - Swiss Learning","og_description":"Swiss Learning was founded in 2006 by a group of prestigious Swiss boarding and hotel management schools who have a long tradition of educational excellence and at least 50 years\u2019 experience in providing education and boarding facilities.","og_url":"https:\/\/www.swisslearning.com\/pt\/hotel-schools\/","og_site_name":"Swiss Learning","article_publisher":"https:\/\/www.facebook.com\/swisslearning","article_modified_time":"2024-09-23T05:44:33+00:00","og_image":[{"width":200,"height":200,"url":"https:\/\/www.swisslearning.com\/wp-content\/uploads\/2021\/06\/logo_SL.jpg","type":"image\/jpeg"}],"twitter_card":"summary_large_image","twitter_misc":{"Est. tempo de leitura":"2 minutos"},"schema":{"@context":"https:\/\/schema.org","@graph":[{"@type":"WebPage","@id":"https:\/\/www.swisslearning.com\/hotel-schools\/","url":"https:\/\/www.swisslearning.com\/hotel-schools\/","name":"Escolas de hotelaria - Su\u00ed\u00e7a - Swiss Learning","isPartOf":{"@id":"https:\/\/www.swisslearning.com\/#website"},"primaryImageOfPage":{"@id":"https:\/\/www.swisslearning.com\/hotel-schools\/#primaryimage"},"image":{"@id":"https:\/\/www.swisslearning.com\/hotel-schools\/#primaryimage"},"thumbnailUrl":"https:\/\/www.swisslearning.com\/wp-content\/uploads\/2021\/06\/logo_SL.jpg","datePublished":"2021-07-16T08:49:51+00:00","dateModified":"2024-09-23T05:44:33+00:00","description":"A Swiss Learning foi fundada em 2006 por um grupo de escolas su\u00ed\u00e7as de renome em administra\u00e7\u00e3o de hot\u00e9is e internatos que t\u00eam uma longa tradi\u00e7\u00e3o de excel\u00eancia educacional e pelo menos 50 anos de experi\u00eancia no fornecimento de instala\u00e7\u00f5es educacionais e de internato.","breadcrumb":{"@id":"https:\/\/www.swisslearning.com\/hotel-schools\/#breadcrumb"},"inLanguage":"pt-BR","potentialAction":[{"@type":"ReadAction","target":["https:\/\/www.swisslearning.com\/hotel-schools\/"]}]},{"@type":"ImageObject","inLanguage":"pt-BR","@id":"https:\/\/www.swisslearning.com\/hotel-schools\/#primaryimage","url":"https:\/\/www.swisslearning.com\/wp-content\/uploads\/2021\/06\/logo_SL.jpg","contentUrl":"https:\/\/www.swisslearning.com\/wp-content\/uploads\/2021\/06\/logo_SL.jpg","width":200,"height":200},{"@type":"BreadcrumbList","@id":"https:\/\/www.swisslearning.com\/hotel-schools\/#breadcrumb","itemListElement":[{"@type":"ListItem","position":1,"name":"Home","item":"https:\/\/www.swisslearning.com\/"},{"@type":"ListItem","position":2,"name":"hotel Schools"}]},{"@type":"WebSite","@id":"https:\/\/www.swisslearning.com\/#website","url":"https:\/\/www.swisslearning.com\/","name":"Swiss Learning","description":"ESCOLAS DE EMBARQUE, ESCOLAS DE GEST\u00c3O DE HOTELARIA E CAMPS NA SU\u00cd\u00c7A","potentialAction":[{"@type":"SearchAction","target":{"@type":"EntryPoint","urlTemplate":"https:\/\/www.swisslearning.com\/?s={search_term_string}"},"query-input":{"@type":"PropertyValueSpecification","valueRequired":true,"valueName":"search_term_string"}}],"inLanguage":"pt-BR"}]}},"_links":{"self":[{"href":"https:\/\/www.swisslearning.com\/pt\/wp-json\/wp\/v2\/pages\/7289","targetHints":{"allow":["GET"]}}],"collection":[{"href":"https:\/\/www.swisslearning.com\/pt\/wp-json\/wp\/v2\/pages"}],"about":[{"href":"https:\/\/www.swisslearning.com\/pt\/wp-json\/wp\/v2\/types\/page"}],"author":[{"embeddable":true,"href":"https:\/\/www.swisslearning.com\/pt\/wp-json\/wp\/v2\/users\/1"}],"replies":[{"embeddable":true,"href":"https:\/\/www.swisslearning.com\/pt\/wp-json\/wp\/v2\/comments?post=7289"}],"version-history":[{"count":44,"href":"https:\/\/www.swisslearning.com\/pt\/wp-json\/wp\/v2\/pages\/7289\/revisions"}],"predecessor-version":[{"id":12265,"href":"https:\/\/www.swisslearning.com\/pt\/wp-json\/wp\/v2\/pages\/7289\/revisions\/12265"}],"wp:featuredmedia":[{"embeddable":true,"href":"https:\/\/www.swisslearning.com\/pt\/wp-json\/wp\/v2\/media\/144"}],"wp:attachment":[{"href":"https:\/\/www.swisslearning.com\/pt\/wp-json\/wp\/v2\/media?parent=7289"}],"curies":[{"name":"wp","href":"https:\/\/api.w.org\/{rel}","templated":true}]}}