{"id":12306,"date":"2024-10-09T08:55:53","date_gmt":"2024-10-09T08:55:53","guid":{"rendered":"https:\/\/www.swisslearning.com\/?page_id=12306"},"modified":"2025-03-12T13:42:23","modified_gmt":"2025-03-12T13:42:23","slug":"st-georges-international-school","status":"publish","type":"page","link":"https:\/\/www.swisslearning.com\/tr\/st-georges-international-school\/","title":{"rendered":"St. George Uluslararas\u0131 Okulu"},"content":{"rendered":"<div data-elementor-type=\"wp-page\" data-elementor-id=\"12306\" class=\"elementor elementor-12306\" data-elementor-post-type=\"page\">\n\t\t\t\t\t\t<section class=\"elementor-section elementor-top-section elementor-element elementor-element-2ff39f2 elementor-section-full_width elementor-section-content-top elementor-section-height-default elementor-section-height-default\" data-id=\"2ff39f2\" data-element_type=\"section\" data-e-type=\"section\" data-settings=\"{&quot;background_background&quot;:&quot;classic&quot;}\">\n\t\t\t\t\t\t<div class=\"elementor-container elementor-column-gap-default\">\n\t\t\t\t\t<div class=\"elementor-column elementor-col-100 elementor-top-column elementor-element elementor-element-d5c1cff\" data-id=\"d5c1cff\" data-element_type=\"column\" data-e-type=\"column\" data-settings=\"{&quot;background_background&quot;:&quot;classic&quot;}\">\n\t\t\t<div class=\"elementor-widget-wrap elementor-element-populated\">\n\t\t\t\t\t\t<div class=\"elementor-element elementor-element-dccc3dd elementor-widget elementor-widget-image\" data-id=\"dccc3dd\" data-element_type=\"widget\" data-e-type=\"widget\" data-widget_type=\"image.default\">\n\t\t\t\t<div class=\"elementor-widget-container\">\n\t\t\t\t\t\t\t\t\t\t\t\t\t\t\t<img decoding=\"async\" src=\"https:\/\/www.swisslearning.com\/wp-content\/uploads\/elementor\/thumbs\/SGIS-Left-Aligned-Red-Logo-CMYK-jpg-scaled-qvapqykdepdh7z4fbjihzu6godxkue8io370aoed7g.jpg\" title=\"SGIS Sola Hizalanm\u0131\u015f K\u0131rm\u0131z\u0131 Logo CMYK jpg\" alt=\"SGIS Sola Hizalanm\u0131\u015f K\u0131rm\u0131z\u0131 Logo CMYK jpg\" loading=\"lazy\" \/>\t\t\t\t\t\t\t\t\t\t\t\t\t\t\t<\/div>\n\t\t\t\t<\/div>\n\t\t\t\t<div class=\"elementor-element elementor-element-5a6b687 elementor-arrows-position-inside elementor-widget elementor-widget-image-carousel\" data-id=\"5a6b687\" data-element_type=\"widget\" data-e-type=\"widget\" data-settings=\"{&quot;slides_to_show&quot;:&quot;1&quot;,&quot;navigation&quot;:&quot;arrows&quot;,&quot;autoplay&quot;:&quot;yes&quot;,&quot;pause_on_hover&quot;:&quot;yes&quot;,&quot;pause_on_interaction&quot;:&quot;yes&quot;,&quot;autoplay_speed&quot;:5000,&quot;infinite&quot;:&quot;yes&quot;,&quot;effect&quot;:&quot;slide&quot;,&quot;speed&quot;:500}\" data-widget_type=\"image-carousel.default\">\n\t\t\t\t<div class=\"elementor-widget-container\">\n\t\t\t\t\t\t\t<div class=\"elementor-image-carousel-wrapper swiper\" role=\"region\" aria-roledescription=\"carousel\" aria-label=\"Resim D\u00f6ng\u00fcs\u00fc\" dir=\"ltr\">\n\t\t\t<div class=\"elementor-image-carousel swiper-wrapper swiper-image-stretch\" aria-live=\"off\">\n\t\t\t\t\t\t\t\t<div class=\"swiper-slide\" role=\"group\" aria-roledescription=\"slide\" aria-label=\"1 \/ 6\" data-no-translation-aria-label=\"\"><figure class=\"swiper-slide-inner\"><img decoding=\"async\" class=\"swiper-slide-image\" src=\"https:\/\/www.swisslearning.com\/wp-content\/uploads\/elementor\/thumbs\/SGIS-Ariel-Photo-cropped-qvoirik41siaerx0eguums910eab4wztkn07xohs9k.jpg\" alt=\"DCIM100MEDIADJI_0165.JPG\" \/><\/figure><\/div><div class=\"swiper-slide\" role=\"group\" aria-roledescription=\"slide\" aria-label=\"2 \/ 6\" data-no-translation-aria-label=\"\"><figure class=\"swiper-slide-inner\"><img decoding=\"async\" class=\"swiper-slide-image\" src=\"https:\/\/www.swisslearning.com\/wp-content\/uploads\/elementor\/thumbs\/SGIS-Mountain-Biking-cropped-qvoipcjiajjhn52c214tdtxrpeyue1e3lwux3ppgm0.jpg\" alt=\"SGIS Da\u011f Bisikleti k\u0131rp\u0131lm\u0131\u015f\" \/><\/figure><\/div><div class=\"swiper-slide\" role=\"group\" aria-roledescription=\"slide\" aria-label=\"3 \/ 6\" data-no-translation-aria-label=\"\"><figure class=\"swiper-slide-inner\"><img decoding=\"async\" class=\"swiper-slide-image\" src=\"https:\/\/www.swisslearning.com\/wp-content\/uploads\/elementor\/thumbs\/Chalet-cropped-qvoiu7dhlq6tmm0dp4pf9lti73145qo69y78d6i8go.jpg\" alt=\"Da\u011f evi k\u0131rp\u0131lm\u0131\u015f\" \/><\/figure><\/div><div class=\"swiper-slide\" role=\"group\" aria-roledescription=\"slide\" aria-label=\"4 \/ 6\" data-no-translation-aria-label=\"\"><figure class=\"swiper-slide-inner\"><img decoding=\"async\" class=\"swiper-slide-image\" src=\"https:\/\/www.swisslearning.com\/wp-content\/uploads\/elementor\/thumbs\/SGIS-Ski-Race-2023-qvaq9yve0aywwo8od11yfm173sq21193usnd2vs314.jpg\" alt=\"SGIS Kayak Yar\u0131\u015f\u0131 2023\" \/><\/figure><\/div><div class=\"swiper-slide\" role=\"group\" aria-roledescription=\"slide\" aria-label=\"5 \/ 6\" data-no-translation-aria-label=\"\"><figure class=\"swiper-slide-inner\"><img decoding=\"async\" class=\"swiper-slide-image\" src=\"https:\/\/www.swisslearning.com\/wp-content\/uploads\/elementor\/thumbs\/SGIS-Science-scaled-qvaq4n4ba3of47z7gq62ayf5x6z6es3v4fkb6foeag.jpg\" alt=\"SGIS - Bilim\" \/><\/figure><\/div><div class=\"swiper-slide\" role=\"group\" aria-roledescription=\"slide\" aria-label=\"6 \/ 6\" data-no-translation-aria-label=\"\"><figure class=\"swiper-slide-inner\"><img decoding=\"async\" class=\"swiper-slide-image\" src=\"https:\/\/www.swisslearning.com\/wp-content\/uploads\/elementor\/thumbs\/SGIS-Academics-1-qvaqfrjk5iwki3tkij94t5dizc5jhu9inhh5mb6ons.jpg\" alt=\"SGIS - Akademisyenler\" \/><\/figure><\/div>\t\t\t<\/div>\n\t\t\t\t\t\t\t\t\t\t\t\t<div class=\"elementor-swiper-button elementor-swiper-button-prev\" role=\"button\" tabindex=\"0\">\n\t\t\t\t\t\t<i aria-hidden=\"true\" class=\"eicon-chevron-left\"><\/i>\t\t\t\t\t<\/div>\n\t\t\t\t\t<div class=\"elementor-swiper-button elementor-swiper-button-next\" role=\"button\" tabindex=\"0\">\n\t\t\t\t\t\t<i aria-hidden=\"true\" class=\"eicon-chevron-right\"><\/i>\t\t\t\t\t<\/div>\n\t\t\t\t\n\t\t\t\t\t\t\t\t\t<\/div>\n\t\t\t\t\t\t<\/div>\n\t\t\t\t<\/div>\n\t\t\t\t\t<\/div>\n\t\t<\/div>\n\t\t\t\t\t<\/div>\n\t\t<\/section>\n\t\t\t\t<section class=\"elementor-section elementor-top-section elementor-element elementor-element-f1ba1a7 elementor-section-full_width elementor-section-height-default elementor-section-height-default\" data-id=\"f1ba1a7\" data-element_type=\"section\" data-e-type=\"section\">\n\t\t\t\t\t\t<div class=\"elementor-container elementor-column-gap-default\">\n\t\t\t\t\t<div class=\"elementor-column elementor-col-50 elementor-top-column elementor-element elementor-element-b1c8cf6\" data-id=\"b1c8cf6\" data-element_type=\"column\" data-e-type=\"column\">\n\t\t\t<div class=\"elementor-widget-wrap elementor-element-populated\">\n\t\t\t\t\t\t<div class=\"elementor-element elementor-element-7e30b80 elementor-widget elementor-widget-video\" data-id=\"7e30b80\" data-element_type=\"widget\" data-e-type=\"widget\" data-settings=\"{&quot;youtube_url&quot;:&quot;https:\\\/\\\/www.youtube.com\\\/watch?v=Lu_2R_xmDW8&amp;t=1s&quot;,&quot;video_type&quot;:&quot;youtube&quot;,&quot;controls&quot;:&quot;yes&quot;}\" data-widget_type=\"video.default\">\n\t\t\t\t<div class=\"elementor-widget-container\">\n\t\t\t\t\t\t\t<div class=\"elementor-wrapper elementor-open-inline\">\n\t\t\t<div class=\"elementor-video\"><\/div>\t\t<\/div>\n\t\t\t\t\t\t<\/div>\n\t\t\t\t<\/div>\n\t\t\t\t\t<\/div>\n\t\t<\/div>\n\t\t\t\t<div class=\"elementor-column elementor-col-50 elementor-top-column elementor-element elementor-element-8bf33b9\" data-id=\"8bf33b9\" data-element_type=\"column\" data-e-type=\"column\">\n\t\t\t<div class=\"elementor-widget-wrap elementor-element-populated\">\n\t\t\t\t\t\t<div class=\"elementor-element elementor-element-888ca60 elementor-widget elementor-widget-heading\" data-id=\"888ca60\" data-element_type=\"widget\" data-e-type=\"widget\" data-widget_type=\"heading.default\">\n\t\t\t\t<div class=\"elementor-widget-container\">\n\t\t\t\t\t<h1 class=\"elementor-heading-title elementor-size-default\">ST. GEORGE ULUSLARARASI OKULU<\/h1>\t\t\t\t<\/div>\n\t\t\t\t<\/div>\n\t\t\t\t<div class=\"elementor-element elementor-element-c20ef49 elementor-blockquote--skin-quotation elementor-widget elementor-widget-blockquote\" data-id=\"c20ef49\" data-element_type=\"widget\" data-e-type=\"widget\" data-widget_type=\"blockquote.default\">\n\t\t\t\t<div class=\"elementor-widget-container\">\n\t\t\t\t\t\t\t<blockquote class=\"elementor-blockquote\">\n\t\t\t<p class=\"elementor-blockquote__content\">\n\t\t\t\tSt. George&#039;s&#039;un \u00f6z\u00fc - Cenevre G\u00f6l\u00fc ve \u0130svi\u00e7re Alpleri&#039;nin do\u011fal g\u00fczellikleriyle \u00e7evrili ve \u015firin Montreux kasabas\u0131na \u00e7ok yak\u0131n bir konumda bulunan St. George&#039;s, geleneksel bir ahlak anlay\u0131\u015f\u0131n\u0131 akademik m\u00fckemmellikle birle\u015ftiren \u00fcst d\u00fczey bir IB e\u011fitimi sunmaktad\u0131r. Burada, her \u00f6\u011frencinin benzersiz potansiyelini ke\u015ffetti\u011fi dinamik bir \u00f6\u011frenme ortam\u0131 yarat\u0131yoruz.\t\t\t<\/p>\n\t\t\t\t\t<\/blockquote>\n\t\t\t\t\t\t<\/div>\n\t\t\t\t<\/div>\n\t\t\t\t\t<\/div>\n\t\t<\/div>\n\t\t\t\t\t<\/div>\n\t\t<\/section>\n\t\t\t\t<section class=\"elementor-section elementor-top-section elementor-element elementor-element-bb3ffa0 elementor-section-full_width elementor-section-height-default elementor-section-height-default\" data-id=\"bb3ffa0\" data-element_type=\"section\" data-e-type=\"section\">\n\t\t\t\t\t\t<div class=\"elementor-container elementor-column-gap-default\">\n\t\t\t\t\t<div class=\"elementor-column elementor-col-50 elementor-top-column elementor-element elementor-element-9b5d387\" data-id=\"9b5d387\" data-element_type=\"column\" data-e-type=\"column\" data-settings=\"{&quot;background_background&quot;:&quot;classic&quot;}\">\n\t\t\t<div class=\"elementor-widget-wrap elementor-element-populated\">\n\t\t\t\t\t\t<div class=\"elementor-element elementor-element-8ab6234 elementor-widget elementor-widget-heading\" data-id=\"8ab6234\" data-element_type=\"widget\" data-e-type=\"widget\" data-widget_type=\"heading.default\">\n\t\t\t\t<div class=\"elementor-widget-container\">\n\t\t\t\t\t<h2 class=\"elementor-heading-title elementor-size-default\">temel bilgiler<\/h2>\t\t\t\t<\/div>\n\t\t\t\t<\/div>\n\t\t\t\t<div class=\"elementor-element elementor-element-754de4c elementor-widget elementor-widget-text-editor\" data-id=\"754de4c\" data-element_type=\"widget\" data-e-type=\"widget\" data-widget_type=\"text-editor.default\">\n\t\t\t\t<div class=\"elementor-widget-container\">\n\t\t\t\t\t\t\t\t\t<ul><li>1927 y\u0131l\u0131nda kurulmu\u015ftur.<\/li><li>101&#039;i yat\u0131l\u0131 olmak \u00fczere toplam 380 \u00f6\u011frenci.<\/li><li>Ya\u015f aral\u0131\u011f\u0131: 18 ay ile 18 ya\u015f aras\u0131. 10 ya\u015f\u0131ndan itibaren yat\u0131l\u0131 \u00f6\u011frenci kabul edilmektedir.<\/li><li>60&#039;tan fazla farkl\u0131 milletten yolcu, bunlar\u0131n 30&#039;dan fazlas\u0131 da u\u00e7akta konaklayan farkl\u0131 milletlerden. 12% \u0130svi\u00e7re.<\/li><li>Akreditasyonlar: Cambridge Assessment, IBO, CIS, NEASC, D\u00fcnya Spor Akademisi<\/li><li>\u0130lham Veren Bir Okul<\/li><li>Y\u0131ll\u0131k yat\u0131l\u0131 ve \u00f6\u011frenim \u00fccretleri: 94.250 CHF \u2013 120.140 CHF<\/li><\/ul>\t\t\t\t\t\t\t\t<\/div>\n\t\t\t\t<\/div>\n\t\t\t\t\t<\/div>\n\t\t<\/div>\n\t\t\t\t<div class=\"elementor-column elementor-col-50 elementor-top-column elementor-element elementor-element-8a39952\" data-id=\"8a39952\" data-element_type=\"column\" data-e-type=\"column\">\n\t\t\t<div class=\"elementor-widget-wrap elementor-element-populated\">\n\t\t\t\t\t\t<div class=\"elementor-element elementor-element-398b80b elementor-widget elementor-widget-heading\" data-id=\"398b80b\" data-element_type=\"widget\" data-e-type=\"widget\" data-widget_type=\"heading.default\">\n\t\t\t\t<div class=\"elementor-widget-container\">\n\t\t\t\t\t<h2 class=\"elementor-heading-title elementor-size-default\">akademisyenler<\/h2>\t\t\t\t<\/div>\n\t\t\t\t<\/div>\n\t\t\t\t<div class=\"elementor-element elementor-element-10246d3 elementor-widget elementor-widget-text-editor\" data-id=\"10246d3\" data-element_type=\"widget\" data-e-type=\"widget\" data-widget_type=\"text-editor.default\">\n\t\t\t\t<div class=\"elementor-widget-container\">\n\t\t\t\t\t\t\t\t\t<ul style=\"font-weight: 400;\"><li>Diller: \u0130ngilizce ve \u00c7ift Dilli (\u0130ngilizce-Frans\u0131zca) e\u011fitim programlar\u0131<\/li><li>Cambridge Uluslararas\u0131 M\u00fcfredat\u0131, IB Diploma Program\u0131<\/li><li>Personel-\u00d6\u011frenci oran\u0131: 1:4<\/li><li>Yabanc\u0131 Diller: Frans\u0131zca, Almanca, \u0130spanyolca ve Anadil deste\u011fi<\/li><\/ul><p style=\"font-weight: 400;\">\u00a0<\/p>\t\t\t\t\t\t\t\t<\/div>\n\t\t\t\t<\/div>\n\t\t\t\t\t<\/div>\n\t\t<\/div>\n\t\t\t\t\t<\/div>\n\t\t<\/section>\n\t\t\t\t<section class=\"elementor-section elementor-top-section elementor-element elementor-element-4421bb4 elementor-section-full_width elementor-section-height-default elementor-section-height-default\" data-id=\"4421bb4\" data-element_type=\"section\" data-e-type=\"section\">\n\t\t\t\t\t\t<div class=\"elementor-container elementor-column-gap-default\">\n\t\t\t\t\t<div class=\"elementor-column elementor-col-50 elementor-top-column elementor-element elementor-element-c4bc547\" data-id=\"c4bc547\" data-element_type=\"column\" data-e-type=\"column\" data-settings=\"{&quot;background_background&quot;:&quot;classic&quot;}\">\n\t\t\t<div class=\"elementor-widget-wrap elementor-element-populated\">\n\t\t\t\t\t\t<div class=\"elementor-element elementor-element-1463472 elementor-widget elementor-widget-heading\" data-id=\"1463472\" data-element_type=\"widget\" data-e-type=\"widget\" data-widget_type=\"heading.default\">\n\t\t\t\t<div class=\"elementor-widget-container\">\n\t\t\t\t\t<h2 class=\"elementor-heading-title elementor-size-default\">Yaz kamplar\u0131<\/h2>\t\t\t\t<\/div>\n\t\t\t\t<\/div>\n\t\t\t\t<div class=\"elementor-element elementor-element-7d2f175 elementor-widget elementor-widget-text-editor\" data-id=\"7d2f175\" data-element_type=\"widget\" data-e-type=\"widget\" data-widget_type=\"text-editor.default\">\n\t\t\t\t<div class=\"elementor-widget-container\">\n\t\t\t\t\t\t\t\t\t<ul><li>Temmuz ve A\u011fustos aylar\u0131nda yaz kamplar\u0131<\/li><li>4 ila 16 ya\u015f aras\u0131 \u00f6\u011frenciler<\/li><li>Sabah Se\u00e7enekleri: Frans\u0131zca, \u0130ngilizce, STEAM, Bilgisayar. \u00d6\u011fleden Sonra Se\u00e7enekleri: G\u00f6l ve Da\u011f, Tenis.<\/li><li>E\u011flenceli ve ilgi \u00e7ekici bir ortamda ileti\u015fim becerilerini geli\u015ftirmek i\u00e7in tasarlanm\u0131\u015f dil programlar\u0131 (Frans\u0131zca ve \u0130ngilizce).<\/li><li>G\u00f6l ve Da\u011f program\u0131, muhte\u015fem bir manzarada macera ve ke\u015fif imkan\u0131 sunuyor.<\/li><li>Akademik zenginle\u015ftirme ve a\u00e7\u0131k hava maceralar\u0131 aras\u0131nda bir denge; STEAM at\u00f6lyelerinden spor etkinliklerine kadar \u00e7e\u015fitli aktiviteler sunulmaktad\u0131r.<\/li><\/ul>\t\t\t\t\t\t\t\t<\/div>\n\t\t\t\t<\/div>\n\t\t\t\t\t<\/div>\n\t\t<\/div>\n\t\t\t\t<div class=\"elementor-column elementor-col-50 elementor-top-column elementor-element elementor-element-146eb0f\" data-id=\"146eb0f\" data-element_type=\"column\" data-e-type=\"column\">\n\t\t\t<div class=\"elementor-widget-wrap elementor-element-populated\">\n\t\t\t\t\t\t<div class=\"elementor-element elementor-element-456a7c5 elementor-widget elementor-widget-heading\" data-id=\"456a7c5\" data-element_type=\"widget\" data-e-type=\"widget\" data-widget_type=\"heading.default\">\n\t\t\t\t<div class=\"elementor-widget-container\">\n\t\t\t\t\t<h2 class=\"elementor-heading-title elementor-size-default\">Ders d\u0131\u015f\u0131 etkinlikler<\/h2>\t\t\t\t<\/div>\n\t\t\t\t<\/div>\n\t\t\t\t<div class=\"elementor-element elementor-element-1dc21c9 elementor-widget elementor-widget-text-editor\" data-id=\"1dc21c9\" data-element_type=\"widget\" data-e-type=\"widget\" data-widget_type=\"text-editor.default\">\n\t\t\t\t<div class=\"elementor-widget-container\">\n\t\t\t\t\t\t\t\t\t<ul><li>Akademik y\u0131l boyunca binicilik, yelken, Model Birle\u015fmi\u015f Milletler, kodlama ve robotik dahil olmak \u00fczere 100&#039;den fazla kul\u00fcp ve aktivite mevcuttur.<\/li><li>\u00dcst d\u00fczey spor akademileri: Kayak Yar\u0131\u015f\u0131, Serbest Kayak, Golf, Tenis, Y\u00fczme<\/li><li>Sport \u00c9tudes program\u0131, \u00f6\u011frencilerin e\u015fsiz ba\u015far\u0131lara ula\u015fmalar\u0131n\u0131 sa\u011flamak \u00fczere tasarlanm\u0131\u015ft\u0131r. Spor psikolojisi ve beslenme ko\u00e7lu\u011funu i\u00e7erir.<\/li><li>\u00d6\u011frencilerin \u00f6\u011frenme deneyimini zenginle\u015ftirmek i\u00e7in uluslararas\u0131 gezi program\u0131<\/li><li>\u0130lham veren k\u00fcresel yar\u0131\u015fmalara ve \u00fcniversite kamp\u00fcs ziyaretlerine eri\u015fim<\/li><\/ul>\t\t\t\t\t\t\t\t<\/div>\n\t\t\t\t<\/div>\n\t\t\t\t\t<\/div>\n\t\t<\/div>\n\t\t\t\t\t<\/div>\n\t\t<\/section>\n\t\t\t\t<\/div>","protected":false},"excerpt":{"rendered":"<p>ST. GEORGE&#8217;S INTERNATIONAL SCHOOL The essence of St. George\u2019s &#8211; Framed by the natural beauty of Lake Geneva and the Swiss Alps, and just a stone\u2019s throw from the picturesque town of Montreux, St. George\u2019s offers a top IB education, combining a traditional ethos with academic excellence. Here, we cultivate a dynamic learning environment where [&hellip;]<\/p>\n","protected":false},"author":1,"featured_media":144,"parent":0,"menu_order":0,"comment_status":"closed","ping_status":"closed","template":"","meta":{"footnotes":""},"class_list":["post-12306","page","type-page","status-publish","has-post-thumbnail","hentry"],"yoast_head":"<!-- This site is optimized with the Yoast SEO plugin v27.3 - https:\/\/yoast.com\/product\/yoast-seo-wordpress\/ -->\n<title>ST. GEORGE&#039;S INTERNATIONAL SCHOOL\u200b - Swiss Learning<\/title>\n<meta name=\"description\" content=\"The essence of ST. GEORGE&#039;S INTERNATIONAL SCHOOL is its sense of family and the feeling of being at home, in a caring, supportive environment.\" \/>\n<meta name=\"robots\" content=\"index, follow, max-snippet:-1, max-image-preview:large, max-video-preview:-1\" \/>\n<link rel=\"canonical\" href=\"https:\/\/www.swisslearning.com\/tr\/st-georges-international-school\/\" \/>\n<meta property=\"og:locale\" content=\"tr_TR\" \/>\n<meta property=\"og:type\" content=\"article\" \/>\n<meta property=\"og:title\" content=\"ST. GEORGE&#039;S INTERNATIONAL SCHOOL\u200b - Swiss Learning\" \/>\n<meta property=\"og:description\" content=\"The essence of ST. GEORGE&#039;S INTERNATIONAL SCHOOL is its sense of family and the feeling of being at home, in a caring, supportive environment.\" \/>\n<meta property=\"og:url\" content=\"https:\/\/www.swisslearning.com\/tr\/st-georges-international-school\/\" \/>\n<meta property=\"og:site_name\" content=\"Swiss Learning\" \/>\n<meta property=\"article:publisher\" content=\"https:\/\/www.facebook.com\/swisslearning\" \/>\n<meta property=\"article:modified_time\" content=\"2025-03-12T13:42:23+00:00\" \/>\n<meta property=\"og:image\" content=\"https:\/\/www.swisslearning.com\/wp-content\/uploads\/2021\/06\/logo_SL.jpg\" \/>\n\t<meta property=\"og:image:width\" content=\"200\" \/>\n\t<meta property=\"og:image:height\" content=\"200\" \/>\n\t<meta property=\"og:image:type\" content=\"image\/jpeg\" \/>\n<meta name=\"twitter:card\" content=\"summary_large_image\" \/>\n<meta name=\"twitter:label1\" content=\"Tahmini okuma s\u00fcresi\" \/>\n\t<meta name=\"twitter:data1\" content=\"3 dakika\" \/>\n<script type=\"application\/ld+json\" class=\"yoast-schema-graph\">{\"@context\":\"https:\\\/\\\/schema.org\",\"@graph\":[{\"@type\":\"WebPage\",\"@id\":\"https:\\\/\\\/www.swisslearning.com\\\/st-georges-international-school\\\/\",\"url\":\"https:\\\/\\\/www.swisslearning.com\\\/st-georges-international-school\\\/\",\"name\":\"ST. GEORGE'S INTERNATIONAL SCHOOL\u200b - Swiss Learning\",\"isPartOf\":{\"@id\":\"https:\\\/\\\/www.swisslearning.com\\\/#website\"},\"primaryImageOfPage\":{\"@id\":\"https:\\\/\\\/www.swisslearning.com\\\/st-georges-international-school\\\/#primaryimage\"},\"image\":{\"@id\":\"https:\\\/\\\/www.swisslearning.com\\\/st-georges-international-school\\\/#primaryimage\"},\"thumbnailUrl\":\"https:\\\/\\\/www.swisslearning.com\\\/wp-content\\\/uploads\\\/2021\\\/06\\\/logo_SL.jpg\",\"datePublished\":\"2024-10-09T08:55:53+00:00\",\"dateModified\":\"2025-03-12T13:42:23+00:00\",\"description\":\"The essence of ST. GEORGE'S INTERNATIONAL SCHOOL is its sense of family and the feeling of being at home, in a caring, supportive environment.\",\"breadcrumb\":{\"@id\":\"https:\\\/\\\/www.swisslearning.com\\\/st-georges-international-school\\\/#breadcrumb\"},\"inLanguage\":\"tr\",\"potentialAction\":[{\"@type\":\"ReadAction\",\"target\":[\"https:\\\/\\\/www.swisslearning.com\\\/st-georges-international-school\\\/\"]}]},{\"@type\":\"ImageObject\",\"inLanguage\":\"tr\",\"@id\":\"https:\\\/\\\/www.swisslearning.com\\\/st-georges-international-school\\\/#primaryimage\",\"url\":\"https:\\\/\\\/www.swisslearning.com\\\/wp-content\\\/uploads\\\/2021\\\/06\\\/logo_SL.jpg\",\"contentUrl\":\"https:\\\/\\\/www.swisslearning.com\\\/wp-content\\\/uploads\\\/2021\\\/06\\\/logo_SL.jpg\",\"width\":200,\"height\":200},{\"@type\":\"BreadcrumbList\",\"@id\":\"https:\\\/\\\/www.swisslearning.com\\\/st-georges-international-school\\\/#breadcrumb\",\"itemListElement\":[{\"@type\":\"ListItem\",\"position\":1,\"name\":\"Home\",\"item\":\"https:\\\/\\\/www.swisslearning.com\\\/\"},{\"@type\":\"ListItem\",\"position\":2,\"name\":\"St. George&#8217;s International School\"}]},{\"@type\":\"WebSite\",\"@id\":\"https:\\\/\\\/www.swisslearning.com\\\/#website\",\"url\":\"https:\\\/\\\/www.swisslearning.com\\\/\",\"name\":\"Swiss Learning\",\"description\":\"BOARDING SCHOOLS, HOTEL MANAGEMENT SCHOOLS AND CAMPS IN SWITZERLAND\",\"potentialAction\":[{\"@type\":\"SearchAction\",\"target\":{\"@type\":\"EntryPoint\",\"urlTemplate\":\"https:\\\/\\\/www.swisslearning.com\\\/?s={search_term_string}\"},\"query-input\":{\"@type\":\"PropertyValueSpecification\",\"valueRequired\":true,\"valueName\":\"search_term_string\"}}],\"inLanguage\":\"tr\"}]}<\/script>\n<!-- \/ Yoast SEO plugin. -->","yoast_head_json":{"title":"ST. GEORGE ULUSLARARASI OKULU - \u0130svi\u00e7re \u00d6\u011frenimi","description":"ST. GEORGE&#039;S INTERNATIONAL SCHOOL&#039;un \u00f6z\u00fc, sevgi dolu ve destekleyici bir ortamda aile hissi ve evde olma duygusudur.","robots":{"index":"index","follow":"follow","max-snippet":"max-snippet:-1","max-image-preview":"max-image-preview:large","max-video-preview":"max-video-preview:-1"},"canonical":"https:\/\/www.swisslearning.com\/tr\/st-georges-international-school\/","og_locale":"tr_TR","og_type":"article","og_title":"ST. GEORGE'S INTERNATIONAL SCHOOL\u200b - Swiss Learning","og_description":"The essence of ST. GEORGE'S INTERNATIONAL SCHOOL is its sense of family and the feeling of being at home, in a caring, supportive environment.","og_url":"https:\/\/www.swisslearning.com\/tr\/st-georges-international-school\/","og_site_name":"Swiss Learning","article_publisher":"https:\/\/www.facebook.com\/swisslearning","article_modified_time":"2025-03-12T13:42:23+00:00","og_image":[{"width":200,"height":200,"url":"https:\/\/www.swisslearning.com\/wp-content\/uploads\/2021\/06\/logo_SL.jpg","type":"image\/jpeg"}],"twitter_card":"summary_large_image","twitter_misc":{"Tahmini okuma s\u00fcresi":"3 dakika"},"schema":{"@context":"https:\/\/schema.org","@graph":[{"@type":"WebPage","@id":"https:\/\/www.swisslearning.com\/st-georges-international-school\/","url":"https:\/\/www.swisslearning.com\/st-georges-international-school\/","name":"ST. GEORGE ULUSLARARASI OKULU - \u0130svi\u00e7re \u00d6\u011frenimi","isPartOf":{"@id":"https:\/\/www.swisslearning.com\/#website"},"primaryImageOfPage":{"@id":"https:\/\/www.swisslearning.com\/st-georges-international-school\/#primaryimage"},"image":{"@id":"https:\/\/www.swisslearning.com\/st-georges-international-school\/#primaryimage"},"thumbnailUrl":"https:\/\/www.swisslearning.com\/wp-content\/uploads\/2021\/06\/logo_SL.jpg","datePublished":"2024-10-09T08:55:53+00:00","dateModified":"2025-03-12T13:42:23+00:00","description":"ST. GEORGE&#039;S INTERNATIONAL SCHOOL&#039;un \u00f6z\u00fc, sevgi dolu ve destekleyici bir ortamda aile hissi ve evde olma duygusudur.","breadcrumb":{"@id":"https:\/\/www.swisslearning.com\/st-georges-international-school\/#breadcrumb"},"inLanguage":"tr","potentialAction":[{"@type":"ReadAction","target":["https:\/\/www.swisslearning.com\/st-georges-international-school\/"]}]},{"@type":"ImageObject","inLanguage":"tr","@id":"https:\/\/www.swisslearning.com\/st-georges-international-school\/#primaryimage","url":"https:\/\/www.swisslearning.com\/wp-content\/uploads\/2021\/06\/logo_SL.jpg","contentUrl":"https:\/\/www.swisslearning.com\/wp-content\/uploads\/2021\/06\/logo_SL.jpg","width":200,"height":200},{"@type":"BreadcrumbList","@id":"https:\/\/www.swisslearning.com\/st-georges-international-school\/#breadcrumb","itemListElement":[{"@type":"ListItem","position":1,"name":"Home","item":"https:\/\/www.swisslearning.com\/"},{"@type":"ListItem","position":2,"name":"St. George&#8217;s International School"}]},{"@type":"WebSite","@id":"https:\/\/www.swisslearning.com\/#website","url":"https:\/\/www.swisslearning.com\/","name":"\u0130svi\u00e7re \u00d6\u011frenimi","description":"\u0130SV\u0130\u00c7RE&#039;DEK\u0130 YATILI OKULLAR, OTEL Y\u00d6NET\u0130M\u0130 OKULLARI VE KAMPLAR","potentialAction":[{"@type":"SearchAction","target":{"@type":"EntryPoint","urlTemplate":"https:\/\/www.swisslearning.com\/?s={search_term_string}"},"query-input":{"@type":"PropertyValueSpecification","valueRequired":true,"valueName":"search_term_string"}}],"inLanguage":"tr"}]}},"_links":{"self":[{"href":"https:\/\/www.swisslearning.com\/tr\/wp-json\/wp\/v2\/pages\/12306","targetHints":{"allow":["GET"]}}],"collection":[{"href":"https:\/\/www.swisslearning.com\/tr\/wp-json\/wp\/v2\/pages"}],"about":[{"href":"https:\/\/www.swisslearning.com\/tr\/wp-json\/wp\/v2\/types\/page"}],"author":[{"embeddable":true,"href":"https:\/\/www.swisslearning.com\/tr\/wp-json\/wp\/v2\/users\/1"}],"replies":[{"embeddable":true,"href":"https:\/\/www.swisslearning.com\/tr\/wp-json\/wp\/v2\/comments?post=12306"}],"version-history":[{"count":29,"href":"https:\/\/www.swisslearning.com\/tr\/wp-json\/wp\/v2\/pages\/12306\/revisions"}],"predecessor-version":[{"id":12693,"href":"https:\/\/www.swisslearning.com\/tr\/wp-json\/wp\/v2\/pages\/12306\/revisions\/12693"}],"wp:featuredmedia":[{"embeddable":true,"href":"https:\/\/www.swisslearning.com\/tr\/wp-json\/wp\/v2\/media\/144"}],"wp:attachment":[{"href":"https:\/\/www.swisslearning.com\/tr\/wp-json\/wp\/v2\/media?parent=12306"}],"curies":[{"name":"wp","href":"https:\/\/api.w.org\/{rel}","templated":true}]}}