{"id":147,"date":"2021-06-06T18:45:11","date_gmt":"2021-06-06T18:45:11","guid":{"rendered":"https:\/\/swissexcellence.ch\/?page_id=147"},"modified":"2022-04-12T08:48:23","modified_gmt":"2022-04-12T08:48:23","slug":"our-services","status":"publish","type":"page","link":"https:\/\/www.swisslearning.com\/tr\/our-services\/","title":{"rendered":"\u0130svi\u00e7re \u00d6\u011frenim Hizmetleri"},"content":{"rendered":"<div data-elementor-type=\"wp-page\" data-elementor-id=\"147\" class=\"elementor elementor-147\" data-elementor-post-type=\"page\">\n\t\t\t\t\t\t<section class=\"elementor-section elementor-top-section elementor-element elementor-element-f1ba1a7 elementor-section-full_width elementor-section-height-default elementor-section-height-default\" data-id=\"f1ba1a7\" data-element_type=\"section\" data-e-type=\"section\">\n\t\t\t\t\t\t<div class=\"elementor-container elementor-column-gap-default\">\n\t\t\t\t\t<div class=\"elementor-column elementor-col-50 elementor-top-column elementor-element elementor-element-b1c8cf6\" data-id=\"b1c8cf6\" data-element_type=\"column\" data-e-type=\"column\">\n\t\t\t<div class=\"elementor-widget-wrap elementor-element-populated\">\n\t\t\t\t\t\t<div class=\"elementor-element elementor-element-888ca60 elementor-widget elementor-widget-heading\" data-id=\"888ca60\" data-element_type=\"widget\" data-e-type=\"widget\" data-widget_type=\"heading.default\">\n\t\t\t\t<div class=\"elementor-widget-container\">\n\t\t\t\t\t<h1 class=\"elementor-heading-title elementor-size-default\">Yat\u0131l\u0131 okullar ve otelcilik sekt\u00f6r\u00fc i\u00e7in i\u015f yerle\u015ftirme hizmeti<\/h1>\t\t\t\t<\/div>\n\t\t\t\t<\/div>\n\t\t\t\t<div class=\"elementor-element elementor-element-d039c61 elementor-widget elementor-widget-text-editor\" data-id=\"d039c61\" data-element_type=\"widget\" data-e-type=\"widget\" data-widget_type=\"text-editor.default\">\n\t\t\t\t<div class=\"elementor-widget-container\">\n\t\t\t\t\t\t\t\t\t<p>On y\u0131l\u0131 a\u015fk\u0131n s\u00fcredir her biriyle yak\u0131ndan \u00e7al\u0131\u015fma deneyimine sahip olarak <a href=\"https:\/\/www.swisslearning.com\/tr\/boarding-schools\/\">14 yat\u0131l\u0131 okul<\/a> Ve <a href=\"https:\/\/www.swisslearning.com\/tr\/hotel-schools\/\">2 otelcilik y\u00f6netimi okulu<\/a>\u00a0D\u00fcnyan\u0131n d\u00f6rt bir yan\u0131nda temsil etti\u011fimiz ekibimiz, sizin ve \u00e7ocu\u011funuzun do\u011fru okulu bulman\u0131zda size yard\u0131mc\u0131 olmak i\u00e7in gerekli t\u00fcm bilgi ve anlay\u0131\u015fa sahiptir.<\/p><p>Swiss Learning, profilinizi ve ihtiya\u00e7lar\u0131n\u0131z\u0131 dikkatlice inceledikten sonra sizin i\u00e7in a\u015fa\u011f\u0131daki hizmetleri koordine eder:<\/p><ul><li>\u0130svi\u00e7re \u00d6\u011frenim Okullar\u0131&#039;n\u0131n video sunumu<\/li><li>\u0130stedi\u011finiz okul kamp\u00fcslerinin sanal veya y\u00fcz y\u00fcze turu.<\/li><li>\u00d6\u011frenci vizesi s\u00fcrecinde yard\u0131m<\/li><li>Otel rezervasyonu ve transfer hizmetleri<\/li><li><span style=\"background-color: transparent; color: var( --e-global-color-text ); font-family: var( --e-global-typography-text-font-family ), Sans-serif; font-weight: var( --e-global-typography-text-font-weight );\">Yerel dilinizde yard\u0131m<\/span><\/li><\/ul><div>\u00a0<\/div><p><span style=\"color: var( --e-global-color-text ); font-family: var( --e-global-typography-text-font-family ), Sans-serif; font-size: var( --e-global-typography-text-font-size ); font-weight: var( --e-global-typography-text-font-weight );\">\u00c7ocu\u011funuzun \u0130svi\u00e7re&#039;deki t\u00fcm kal\u0131\u015f s\u00fcresi boyunca, ihtiya\u00e7 duyaca\u011f\u0131 her t\u00fcrl\u00fc deste\u011fi sa\u011flamak i\u00e7in her zaman haz\u0131r bulunaca\u011f\u0131z.<\/span><\/p>\t\t\t\t\t\t\t\t<\/div>\n\t\t\t\t<\/div>\n\t\t\t\t\t<\/div>\n\t\t<\/div>\n\t\t\t\t<div class=\"elementor-column elementor-col-50 elementor-top-column elementor-element elementor-element-8bf33b9\" data-id=\"8bf33b9\" data-element_type=\"column\" data-e-type=\"column\">\n\t\t\t<div class=\"elementor-widget-wrap elementor-element-populated\">\n\t\t\t\t\t\t<div class=\"elementor-element elementor-element-078c34d elementor-widget elementor-widget-image\" data-id=\"078c34d\" data-element_type=\"widget\" data-e-type=\"widget\" data-widget_type=\"image.default\">\n\t\t\t\t<div class=\"elementor-widget-container\">\n\t\t\t\t\t\t\t\t\t\t\t\t\t\t\t<img fetchpriority=\"high\" decoding=\"async\" width=\"800\" height=\"805\" src=\"https:\/\/www.swisslearning.com\/wp-content\/uploads\/2021\/08\/Screenshot-2021-08-06-at-23.24.06.png\" class=\"attachment-large size-large wp-image-7700\" alt=\"\" srcset=\"https:\/\/www.swisslearning.com\/wp-content\/uploads\/2021\/08\/Screenshot-2021-08-06-at-23.24.06.png 950w, https:\/\/www.swisslearning.com\/wp-content\/uploads\/2021\/08\/Screenshot-2021-08-06-at-23.24.06-298x300.png 298w, https:\/\/www.swisslearning.com\/wp-content\/uploads\/2021\/08\/Screenshot-2021-08-06-at-23.24.06-150x150.png 150w, https:\/\/www.swisslearning.com\/wp-content\/uploads\/2021\/08\/Screenshot-2021-08-06-at-23.24.06-768x773.png 768w\" sizes=\"(max-width: 800px) 100vw, 800px\" \/>\t\t\t\t\t\t\t\t\t\t\t\t\t\t\t<\/div>\n\t\t\t\t<\/div>\n\t\t\t\t<div class=\"elementor-element elementor-element-5103021 elementor-widget elementor-widget-spacer\" data-id=\"5103021\" data-element_type=\"widget\" data-e-type=\"widget\" data-widget_type=\"spacer.default\">\n\t\t\t\t<div class=\"elementor-widget-container\">\n\t\t\t\t\t\t\t<div class=\"elementor-spacer\">\n\t\t\t<div class=\"elementor-spacer-inner\"><\/div>\n\t\t<\/div>\n\t\t\t\t\t\t<\/div>\n\t\t\t\t<\/div>\n\t\t\t\t<div class=\"elementor-element elementor-element-6ff6b05 elementor-widget elementor-widget-heading\" data-id=\"6ff6b05\" data-element_type=\"widget\" data-e-type=\"widget\" data-widget_type=\"heading.default\">\n\t\t\t\t<div class=\"elementor-widget-container\">\n\t\t\t\t\t<h3 class=\"elementor-heading-title elementor-size-default\">Ekibimiz, \u0130svi\u00e7re&#039;de yat\u0131l\u0131 veya otelcilik okulu arayan velilere ve \u00f6\u011frencilere yard\u0131mc\u0131 olmaya kendini adam\u0131\u015ft\u0131r.<\/h3>\t\t\t\t<\/div>\n\t\t\t\t<\/div>\n\t\t\t\t\t<\/div>\n\t\t<\/div>\n\t\t\t\t\t<\/div>\n\t\t<\/section>\n\t\t\t\t<section class=\"elementor-section elementor-top-section elementor-element elementor-element-05ed803 elementor-section-full_width elementor-section-height-default elementor-section-height-default\" data-id=\"05ed803\" data-element_type=\"section\" data-e-type=\"section\">\n\t\t\t\t\t\t<div class=\"elementor-container elementor-column-gap-default\">\n\t\t\t\t\t<div class=\"elementor-column elementor-col-50 elementor-top-column elementor-element elementor-element-fbd6888\" data-id=\"fbd6888\" data-element_type=\"column\" data-e-type=\"column\">\n\t\t\t<div class=\"elementor-widget-wrap elementor-element-populated\">\n\t\t\t\t\t\t<div class=\"elementor-element elementor-element-482daf6 elementor-widget elementor-widget-heading\" data-id=\"482daf6\" data-element_type=\"widget\" data-e-type=\"widget\" data-widget_type=\"heading.default\">\n\t\t\t\t<div class=\"elementor-widget-container\">\n\t\t\t\t\t<h2 class=\"elementor-heading-title elementor-size-default\">Limuzin ve \u015eof\u00f6r Hizmeti<\/h2>\t\t\t\t<\/div>\n\t\t\t\t<\/div>\n\t\t\t\t<div class=\"elementor-element elementor-element-5b590bd elementor-widget elementor-widget-image\" data-id=\"5b590bd\" data-element_type=\"widget\" data-e-type=\"widget\" data-widget_type=\"image.default\">\n\t\t\t\t<div class=\"elementor-widget-container\">\n\t\t\t\t\t\t\t\t\t\t\t\t\t\t\t<img decoding=\"async\" width=\"800\" height=\"534\" src=\"https:\/\/www.swisslearning.com\/wp-content\/uploads\/2021\/06\/limozine-1024x683.jpeg\" class=\"attachment-large size-large wp-image-149\" alt=\"Limuzin hizmeti\" srcset=\"https:\/\/www.swisslearning.com\/wp-content\/uploads\/2021\/06\/limozine-1024x683.jpeg 1024w, https:\/\/www.swisslearning.com\/wp-content\/uploads\/2021\/06\/limozine-300x200.jpeg 300w, https:\/\/www.swisslearning.com\/wp-content\/uploads\/2021\/06\/limozine-768x512.jpeg 768w, https:\/\/www.swisslearning.com\/wp-content\/uploads\/2021\/06\/limozine.jpeg 1440w\" sizes=\"(max-width: 800px) 100vw, 800px\" \/>\t\t\t\t\t\t\t\t\t\t\t\t\t\t\t<\/div>\n\t\t\t\t<\/div>\n\t\t\t\t<div class=\"elementor-element elementor-element-897d253 elementor-widget elementor-widget-text-editor\" data-id=\"897d253\" data-element_type=\"widget\" data-e-type=\"widget\" data-widget_type=\"text-editor.default\">\n\t\t\t\t<div class=\"elementor-widget-container\">\n\t\t\t\t\t\t\t\t\t<p>\u015eof\u00f6rl\u00fc hizmetimizle Swiss Learning okullar\u0131m\u0131z\u0131 ziyaret edin ve S S\u0131n\u0131f\u0131 Mercedes-Benz ara\u00e7larla konforlu bir yolculuk yap\u0131n.<\/p><p><span style=\"color: var( --e-global-color-text ); font-family: var( --e-global-typography-text-font-family ), Sans-serif; font-size: var( --e-global-typography-text-font-size ); font-weight: var( --e-global-typography-text-font-weight );\">Ayr\u0131ca, bizimkini ziyaret etmenin yan\u0131 s\u0131ra <\/span><a style=\"font-family: var( --e-global-typography-text-font-family ), Sans-serif; font-size: var( --e-global-typography-text-font-size ); font-weight: var( --e-global-typography-text-font-weight ); background-color: #ffffff;\" href=\"https:\/\/www.swisslearning.com\/tr\/boarding-schools\/\">Swiss Learning yat\u0131l\u0131 ve otelcilik y\u00f6netimi okullar\u0131<\/a><span style=\"color: var( --e-global-color-text ); font-family: var( --e-global-typography-text-font-family ), Sans-serif; font-size: var( --e-global-typography-text-font-size ); font-weight: var( --e-global-typography-text-font-weight );\">, Swiss Learning \u015fof\u00f6rl\u00fc ara\u00e7 hizmeti, gezi turlar\u0131n\u0131zda, al\u0131\u015fveri\u015flerinizde, yemeklerinizde ve hatta i\u015f toplant\u0131lar\u0131n\u0131zda ve seyahatlerinizde size e\u015flik etme se\u00e7ene\u011fi sunar.<\/span><\/p><p>\u015eof\u00f6rlerimiz dakik, g\u00fcvenilir ve kibard\u0131r.\u00a0<\/p><p>Arac\u0131m\u0131z d\u00f6rt yolcuyu rahatl\u0131kla a\u011f\u0131rlayabilir.<\/p><p>Daha fazla bilgi i\u00e7in l\u00fctfen <a href=\"https:\/\/www.swisslearning.com\/tr\/contact\/\">Size en yak\u0131n Swiss Learning temsilcisiyle ileti\u015fime ge\u00e7in.<\/a>.<\/p>\t\t\t\t\t\t\t\t<\/div>\n\t\t\t\t<\/div>\n\t\t\t\t\t<\/div>\n\t\t<\/div>\n\t\t\t\t<div class=\"elementor-column elementor-col-50 elementor-top-column elementor-element elementor-element-35f3ebc\" data-id=\"35f3ebc\" data-element_type=\"column\" data-e-type=\"column\">\n\t\t\t<div class=\"elementor-widget-wrap elementor-element-populated\">\n\t\t\t\t\t\t<div class=\"elementor-element elementor-element-7612259 elementor-widget elementor-widget-heading\" data-id=\"7612259\" data-element_type=\"widget\" data-e-type=\"widget\" data-widget_type=\"heading.default\">\n\t\t\t\t<div class=\"elementor-widget-container\">\n\t\t\t\t\t<h2 class=\"elementor-heading-title elementor-size-default\">Beau-Rivage Saray\u0131 <\/h2>\t\t\t\t<\/div>\n\t\t\t\t<\/div>\n\t\t\t\t<div class=\"elementor-element elementor-element-a2f61fc elementor-widget elementor-widget-image\" data-id=\"a2f61fc\" data-element_type=\"widget\" data-e-type=\"widget\" data-widget_type=\"image.default\">\n\t\t\t\t<div class=\"elementor-widget-container\">\n\t\t\t\t\t\t\t\t\t\t\t\t\t\t\t\t<a href=\"https:\/\/www.brp.ch\">\n\t\t\t\t\t\t\t<img decoding=\"async\" width=\"800\" height=\"534\" src=\"https:\/\/www.swisslearning.com\/wp-content\/uploads\/2021\/06\/Beau-Rivage-Palace-1024x683.jpeg\" class=\"attachment-large size-large wp-image-150\" alt=\"\" srcset=\"https:\/\/www.swisslearning.com\/wp-content\/uploads\/2021\/06\/Beau-Rivage-Palace-1024x683.jpeg 1024w, https:\/\/www.swisslearning.com\/wp-content\/uploads\/2021\/06\/Beau-Rivage-Palace-300x200.jpeg 300w, https:\/\/www.swisslearning.com\/wp-content\/uploads\/2021\/06\/Beau-Rivage-Palace-768x512.jpeg 768w, https:\/\/www.swisslearning.com\/wp-content\/uploads\/2021\/06\/Beau-Rivage-Palace.jpeg 1440w\" sizes=\"(max-width: 800px) 100vw, 800px\" \/>\t\t\t\t\t\t\t\t<\/a>\n\t\t\t\t\t\t\t\t\t\t\t\t\t\t\t<\/div>\n\t\t\t\t<\/div>\n\t\t\t\t<div class=\"elementor-element elementor-element-36dbd5c elementor-widget elementor-widget-text-editor\" data-id=\"36dbd5c\" data-element_type=\"widget\" data-e-type=\"widget\" data-widget_type=\"text-editor.default\">\n\t\t\t\t<div class=\"elementor-widget-container\">\n\t\t\t\t\t\t\t\t\t<p>Beau-Rivage Palace, \u0130svi\u00e7re geleneklerini ve hizmet m\u00fckemmelli\u011fini bir araya getiren, \u0130svi\u00e7re&#039;nin \u00f6nde gelen l\u00fcks otellerinden biridir.<\/p><p>Cenevre G\u00f6l\u00fc k\u0131y\u0131s\u0131nda, 10 d\u00f6n\u00fcml\u00fck bir park alan\u0131nda yer alan Beau-Rivage Saray\u0131&#039;n\u0131n zarif Belle \u00c9poque binalar\u0131, g\u00f6l\u00fcn kar\u015f\u0131s\u0131ndaki g\u00f6rkemli Frans\u0131z Alpleri&#039;ne nefes kesen manzaralar sunmaktad\u0131r.<\/p><p>Cenevre Uluslararas\u0131 Havaliman\u0131&#039;na sadece 40 dakika, Z\u00fcrih Uluslararas\u0131 Havaliman\u0131&#039;na ise 2 saat uzakl\u0131kta bulunan Beau-Rivage Saray\u0131, ger\u00e7ekten de Avrupa&#039;n\u0131n kalbinde yer almaktad\u0131r.<\/p><p>\u0130svi\u00e7re gezilerinizden birinde Beau-Rivage Saray\u0131&#039;n\u0131 Swiss Learning&#039;in sundu\u011fu ayr\u0131cal\u0131kl\u0131 fiyattan deneyimleyin.<\/p><p><a href=\"https:\/\/www.swisslearning.com\/tr\/contact\/\">Temsilcilerimizden biriyle ileti\u015fime ge\u00e7in.<\/a>\u00a0Konaklaman\u0131z\u0131 rezerve etmek i\u00e7in size en yak\u0131n yeri se\u00e7in.<\/p>\t\t\t\t\t\t\t\t<\/div>\n\t\t\t\t<\/div>\n\t\t\t\t\t<\/div>\n\t\t<\/div>\n\t\t\t\t\t<\/div>\n\t\t<\/section>\n\t\t\t\t<section class=\"elementor-section elementor-top-section elementor-element elementor-element-7ee2130 elementor-section-full_width elementor-section-height-default elementor-section-height-default\" data-id=\"7ee2130\" data-element_type=\"section\" data-e-type=\"section\" data-settings=\"{&quot;background_background&quot;:&quot;classic&quot;}\">\n\t\t\t\t\t\t<div class=\"elementor-container elementor-column-gap-default\">\n\t\t\t\t\t<div class=\"elementor-column elementor-col-100 elementor-top-column elementor-element elementor-element-3ab4cdb\" data-id=\"3ab4cdb\" data-element_type=\"column\" data-e-type=\"column\">\n\t\t\t<div class=\"elementor-widget-wrap elementor-element-populated\">\n\t\t\t\t\t\t<div class=\"elementor-element elementor-element-325b686 elementor-widget elementor-widget-heading\" data-id=\"325b686\" data-element_type=\"widget\" data-e-type=\"widget\" data-widget_type=\"heading.default\">\n\t\t\t\t<div class=\"elementor-widget-container\">\n\t\t\t\t\t<h2 class=\"elementor-heading-title elementor-size-default\">RANDEVU ALIN<\/h2>\t\t\t\t<\/div>\n\t\t\t\t<\/div>\n\t\t\t\t<div class=\"elementor-element elementor-element-d0923a7 elementor-align-center elementor-widget elementor-widget-button\" data-id=\"d0923a7\" data-element_type=\"widget\" data-e-type=\"widget\" data-widget_type=\"button.default\">\n\t\t\t\t<div class=\"elementor-widget-container\">\n\t\t\t\t\t\t\t\t\t<div class=\"elementor-button-wrapper\">\n\t\t\t\t\t<a class=\"elementor-button elementor-button-link elementor-size-sm\" href=\"https:\/\/www.swisslearning.com\/tr\/contact\/\">\n\t\t\t\t\t\t<span class=\"elementor-button-content-wrapper\">\n\t\t\t\t\t\t\t\t\t<span class=\"elementor-button-text\">Size en yak\u0131n \u0130svi\u00e7re \u00d6\u011frenim Ofisi ile ileti\u015fime ge\u00e7in.<\/span>\n\t\t\t\t\t<\/span>\n\t\t\t\t\t<\/a>\n\t\t\t\t<\/div>\n\t\t\t\t\t\t\t\t<\/div>\n\t\t\t\t<\/div>\n\t\t\t\t\t<\/div>\n\t\t<\/div>\n\t\t\t\t\t<\/div>\n\t\t<\/section>\n\t\t\t\t<\/div>","protected":false},"excerpt":{"rendered":"<p>boarding schools and hotel Schools placement service With over a decade of experience working closely with each of the 14 boarding schools and 2 hotel management schools\u00a0that we represent around the world, our team has the full knowledge and understanding to help you and your child find the right school. After carefully studying your profile [&hellip;]<\/p>\n","protected":false},"author":1,"featured_media":144,"parent":0,"menu_order":0,"comment_status":"closed","ping_status":"closed","template":"","meta":{"footnotes":""},"class_list":["post-147","page","type-page","status-publish","has-post-thumbnail","hentry"],"yoast_head":"<!-- This site is optimized with the Yoast SEO plugin v27.3 - https:\/\/yoast.com\/product\/yoast-seo-wordpress\/ -->\n<title>Swiss Learning - boarding school placement service<\/title>\n<meta name=\"description\" content=\"Working closely with each boarding and hotel school that we represent, our team has the full knowledge in boarding school placement service\" \/>\n<meta name=\"robots\" content=\"index, follow, max-snippet:-1, max-image-preview:large, max-video-preview:-1\" \/>\n<link rel=\"canonical\" href=\"https:\/\/www.swisslearning.com\/tr\/our-services\/\" \/>\n<meta property=\"og:locale\" content=\"tr_TR\" \/>\n<meta property=\"og:type\" content=\"article\" \/>\n<meta property=\"og:title\" content=\"Swiss Learning - boarding school placement service\" \/>\n<meta property=\"og:description\" content=\"Working closely with each boarding and hotel school that we represent, our team has the full knowledge in boarding school placement service\" \/>\n<meta property=\"og:url\" content=\"https:\/\/www.swisslearning.com\/tr\/our-services\/\" \/>\n<meta property=\"og:site_name\" content=\"Swiss Learning\" \/>\n<meta property=\"article:publisher\" content=\"https:\/\/www.facebook.com\/swisslearning\" \/>\n<meta property=\"article:modified_time\" content=\"2022-04-12T08:48:23+00:00\" \/>\n<meta property=\"og:image\" content=\"https:\/\/www.swisslearning.com\/wp-content\/uploads\/2021\/06\/logo_SL.jpg\" \/>\n\t<meta property=\"og:image:width\" content=\"200\" \/>\n\t<meta property=\"og:image:height\" content=\"200\" \/>\n\t<meta property=\"og:image:type\" content=\"image\/jpeg\" \/>\n<meta name=\"twitter:card\" content=\"summary_large_image\" \/>\n<meta name=\"twitter:label1\" content=\"Tahmini okuma s\u00fcresi\" \/>\n\t<meta name=\"twitter:data1\" content=\"3 dakika\" \/>\n<script type=\"application\/ld+json\" class=\"yoast-schema-graph\">{\"@context\":\"https:\\\/\\\/schema.org\",\"@graph\":[{\"@type\":\"WebPage\",\"@id\":\"https:\\\/\\\/www.swisslearning.com\\\/our-services\\\/\",\"url\":\"https:\\\/\\\/www.swisslearning.com\\\/our-services\\\/\",\"name\":\"Swiss Learning - boarding school placement service\",\"isPartOf\":{\"@id\":\"https:\\\/\\\/www.swisslearning.com\\\/#website\"},\"primaryImageOfPage\":{\"@id\":\"https:\\\/\\\/www.swisslearning.com\\\/our-services\\\/#primaryimage\"},\"image\":{\"@id\":\"https:\\\/\\\/www.swisslearning.com\\\/our-services\\\/#primaryimage\"},\"thumbnailUrl\":\"https:\\\/\\\/www.swisslearning.com\\\/wp-content\\\/uploads\\\/2021\\\/06\\\/logo_SL.jpg\",\"datePublished\":\"2021-06-06T18:45:11+00:00\",\"dateModified\":\"2022-04-12T08:48:23+00:00\",\"description\":\"Working closely with each boarding and hotel school that we represent, our team has the full knowledge in boarding school placement service\",\"breadcrumb\":{\"@id\":\"https:\\\/\\\/www.swisslearning.com\\\/our-services\\\/#breadcrumb\"},\"inLanguage\":\"tr\",\"potentialAction\":[{\"@type\":\"ReadAction\",\"target\":[\"https:\\\/\\\/www.swisslearning.com\\\/our-services\\\/\"]}]},{\"@type\":\"ImageObject\",\"inLanguage\":\"tr\",\"@id\":\"https:\\\/\\\/www.swisslearning.com\\\/our-services\\\/#primaryimage\",\"url\":\"https:\\\/\\\/www.swisslearning.com\\\/wp-content\\\/uploads\\\/2021\\\/06\\\/logo_SL.jpg\",\"contentUrl\":\"https:\\\/\\\/www.swisslearning.com\\\/wp-content\\\/uploads\\\/2021\\\/06\\\/logo_SL.jpg\",\"width\":200,\"height\":200},{\"@type\":\"BreadcrumbList\",\"@id\":\"https:\\\/\\\/www.swisslearning.com\\\/our-services\\\/#breadcrumb\",\"itemListElement\":[{\"@type\":\"ListItem\",\"position\":1,\"name\":\"Home\",\"item\":\"https:\\\/\\\/www.swisslearning.com\\\/\"},{\"@type\":\"ListItem\",\"position\":2,\"name\":\"Swiss Learning Services\"}]},{\"@type\":\"WebSite\",\"@id\":\"https:\\\/\\\/www.swisslearning.com\\\/#website\",\"url\":\"https:\\\/\\\/www.swisslearning.com\\\/\",\"name\":\"Swiss Learning\",\"description\":\"BOARDING SCHOOLS, HOTEL MANAGEMENT SCHOOLS AND CAMPS IN SWITZERLAND\",\"potentialAction\":[{\"@type\":\"SearchAction\",\"target\":{\"@type\":\"EntryPoint\",\"urlTemplate\":\"https:\\\/\\\/www.swisslearning.com\\\/?s={search_term_string}\"},\"query-input\":{\"@type\":\"PropertyValueSpecification\",\"valueRequired\":true,\"valueName\":\"search_term_string\"}}],\"inLanguage\":\"tr\"}]}<\/script>\n<!-- \/ Yoast SEO plugin. -->","yoast_head_json":{"title":"Swiss Learning - yat\u0131l\u0131 okul yerle\u015ftirme hizmeti","description":"Temsil etti\u011fimiz her yat\u0131l\u0131 okul ve otelcilik okuluyla yak\u0131n i\u015fbirli\u011fi i\u00e7inde \u00e7al\u0131\u015fan ekibimiz, yat\u0131l\u0131 okul yerle\u015ftirme hizmeti konusunda tam bilgiye sahiptir.","robots":{"index":"index","follow":"follow","max-snippet":"max-snippet:-1","max-image-preview":"max-image-preview:large","max-video-preview":"max-video-preview:-1"},"canonical":"https:\/\/www.swisslearning.com\/tr\/our-services\/","og_locale":"tr_TR","og_type":"article","og_title":"Swiss Learning - boarding school placement service","og_description":"Working closely with each boarding and hotel school that we represent, our team has the full knowledge in boarding school placement service","og_url":"https:\/\/www.swisslearning.com\/tr\/our-services\/","og_site_name":"Swiss Learning","article_publisher":"https:\/\/www.facebook.com\/swisslearning","article_modified_time":"2022-04-12T08:48:23+00:00","og_image":[{"width":200,"height":200,"url":"https:\/\/www.swisslearning.com\/wp-content\/uploads\/2021\/06\/logo_SL.jpg","type":"image\/jpeg"}],"twitter_card":"summary_large_image","twitter_misc":{"Tahmini okuma s\u00fcresi":"3 dakika"},"schema":{"@context":"https:\/\/schema.org","@graph":[{"@type":"WebPage","@id":"https:\/\/www.swisslearning.com\/our-services\/","url":"https:\/\/www.swisslearning.com\/our-services\/","name":"Swiss Learning - yat\u0131l\u0131 okul yerle\u015ftirme hizmeti","isPartOf":{"@id":"https:\/\/www.swisslearning.com\/#website"},"primaryImageOfPage":{"@id":"https:\/\/www.swisslearning.com\/our-services\/#primaryimage"},"image":{"@id":"https:\/\/www.swisslearning.com\/our-services\/#primaryimage"},"thumbnailUrl":"https:\/\/www.swisslearning.com\/wp-content\/uploads\/2021\/06\/logo_SL.jpg","datePublished":"2021-06-06T18:45:11+00:00","dateModified":"2022-04-12T08:48:23+00:00","description":"Temsil etti\u011fimiz her yat\u0131l\u0131 okul ve otelcilik okuluyla yak\u0131n i\u015fbirli\u011fi i\u00e7inde \u00e7al\u0131\u015fan ekibimiz, yat\u0131l\u0131 okul yerle\u015ftirme hizmeti konusunda tam bilgiye sahiptir.","breadcrumb":{"@id":"https:\/\/www.swisslearning.com\/our-services\/#breadcrumb"},"inLanguage":"tr","potentialAction":[{"@type":"ReadAction","target":["https:\/\/www.swisslearning.com\/our-services\/"]}]},{"@type":"ImageObject","inLanguage":"tr","@id":"https:\/\/www.swisslearning.com\/our-services\/#primaryimage","url":"https:\/\/www.swisslearning.com\/wp-content\/uploads\/2021\/06\/logo_SL.jpg","contentUrl":"https:\/\/www.swisslearning.com\/wp-content\/uploads\/2021\/06\/logo_SL.jpg","width":200,"height":200},{"@type":"BreadcrumbList","@id":"https:\/\/www.swisslearning.com\/our-services\/#breadcrumb","itemListElement":[{"@type":"ListItem","position":1,"name":"Home","item":"https:\/\/www.swisslearning.com\/"},{"@type":"ListItem","position":2,"name":"Swiss Learning Services"}]},{"@type":"WebSite","@id":"https:\/\/www.swisslearning.com\/#website","url":"https:\/\/www.swisslearning.com\/","name":"\u0130svi\u00e7re \u00d6\u011frenimi","description":"\u0130SV\u0130\u00c7RE&#039;DEK\u0130 YATILI OKULLAR, OTEL Y\u00d6NET\u0130M\u0130 OKULLARI VE KAMPLAR","potentialAction":[{"@type":"SearchAction","target":{"@type":"EntryPoint","urlTemplate":"https:\/\/www.swisslearning.com\/?s={search_term_string}"},"query-input":{"@type":"PropertyValueSpecification","valueRequired":true,"valueName":"search_term_string"}}],"inLanguage":"tr"}]}},"_links":{"self":[{"href":"https:\/\/www.swisslearning.com\/tr\/wp-json\/wp\/v2\/pages\/147","targetHints":{"allow":["GET"]}}],"collection":[{"href":"https:\/\/www.swisslearning.com\/tr\/wp-json\/wp\/v2\/pages"}],"about":[{"href":"https:\/\/www.swisslearning.com\/tr\/wp-json\/wp\/v2\/types\/page"}],"author":[{"embeddable":true,"href":"https:\/\/www.swisslearning.com\/tr\/wp-json\/wp\/v2\/users\/1"}],"replies":[{"embeddable":true,"href":"https:\/\/www.swisslearning.com\/tr\/wp-json\/wp\/v2\/comments?post=147"}],"version-history":[{"count":85,"href":"https:\/\/www.swisslearning.com\/tr\/wp-json\/wp\/v2\/pages\/147\/revisions"}],"predecessor-version":[{"id":10125,"href":"https:\/\/www.swisslearning.com\/tr\/wp-json\/wp\/v2\/pages\/147\/revisions\/10125"}],"wp:featuredmedia":[{"embeddable":true,"href":"https:\/\/www.swisslearning.com\/tr\/wp-json\/wp\/v2\/media\/144"}],"wp:attachment":[{"href":"https:\/\/www.swisslearning.com\/tr\/wp-json\/wp\/v2\/media?parent=147"}],"curies":[{"name":"wp","href":"https:\/\/api.w.org\/{rel}","templated":true}]}}