{"id":7258,"date":"2021-07-12T13:19:12","date_gmt":"2021-07-12T13:19:12","guid":{"rendered":"https:\/\/swissexcellence.ch\/?page_id=7258"},"modified":"2025-03-12T13:41:36","modified_gmt":"2025-03-12T13:41:36","slug":"institut-le-rosey","status":"publish","type":"page","link":"https:\/\/www.swisslearning.com\/tr\/institut-le-rosey\/","title":{"rendered":"Institut le Rosey"},"content":{"rendered":"<div data-elementor-type=\"wp-page\" data-elementor-id=\"7258\" class=\"elementor elementor-7258\" data-elementor-post-type=\"page\">\n\t\t\t\t\t\t<section class=\"elementor-section elementor-top-section elementor-element elementor-element-2ff39f2 elementor-section-full_width elementor-section-content-top elementor-section-height-default elementor-section-height-default\" data-id=\"2ff39f2\" data-element_type=\"section\" data-e-type=\"section\" data-settings=\"{&quot;background_background&quot;:&quot;classic&quot;}\">\n\t\t\t\t\t\t<div class=\"elementor-container elementor-column-gap-default\">\n\t\t\t\t\t<div class=\"elementor-column elementor-col-100 elementor-top-column elementor-element elementor-element-d5c1cff\" data-id=\"d5c1cff\" data-element_type=\"column\" data-e-type=\"column\" data-settings=\"{&quot;background_background&quot;:&quot;classic&quot;}\">\n\t\t\t<div class=\"elementor-widget-wrap elementor-element-populated\">\n\t\t\t\t\t\t<div class=\"elementor-element elementor-element-dccc3dd elementor-widget elementor-widget-image\" data-id=\"dccc3dd\" data-element_type=\"widget\" data-e-type=\"widget\" data-widget_type=\"image.default\">\n\t\t\t\t<div class=\"elementor-widget-container\">\n\t\t\t\t\t\t\t\t\t\t\t\t\t\t\t<img decoding=\"async\" width=\"300\" height=\"107\" src=\"https:\/\/www.swisslearning.com\/wp-content\/uploads\/2021\/07\/le-rosey-sm.png\" class=\"attachment-large size-large wp-image-7261\" alt=\"\" \/>\t\t\t\t\t\t\t\t\t\t\t\t\t\t\t<\/div>\n\t\t\t\t<\/div>\n\t\t\t\t<div class=\"elementor-element elementor-element-5a6b687 elementor-arrows-position-inside elementor-widget elementor-widget-image-carousel\" data-id=\"5a6b687\" data-element_type=\"widget\" data-e-type=\"widget\" data-settings=\"{&quot;slides_to_show&quot;:&quot;1&quot;,&quot;navigation&quot;:&quot;arrows&quot;,&quot;autoplay&quot;:&quot;yes&quot;,&quot;pause_on_hover&quot;:&quot;yes&quot;,&quot;pause_on_interaction&quot;:&quot;yes&quot;,&quot;autoplay_speed&quot;:5000,&quot;infinite&quot;:&quot;yes&quot;,&quot;effect&quot;:&quot;slide&quot;,&quot;speed&quot;:500}\" data-widget_type=\"image-carousel.default\">\n\t\t\t\t<div class=\"elementor-widget-container\">\n\t\t\t\t\t\t\t<div class=\"elementor-image-carousel-wrapper swiper\" role=\"region\" aria-roledescription=\"carousel\" aria-label=\"Resim D\u00f6ng\u00fcs\u00fc\" dir=\"ltr\">\n\t\t\t<div class=\"elementor-image-carousel swiper-wrapper swiper-image-stretch\" aria-live=\"off\">\n\t\t\t\t\t\t\t\t<div class=\"swiper-slide\" role=\"group\" aria-roledescription=\"slide\" aria-label=\"1\/2\"><figure class=\"swiper-slide-inner\"><img decoding=\"async\" class=\"swiper-slide-image\" src=\"https:\/\/www.swisslearning.com\/wp-content\/uploads\/elementor\/thumbs\/xinstitut-le-rosey-switzerland-letnii-lager-9.pagespeed.ic_.AHMIKi7egP-1400x580-1-pac68glxhwdctmi5fqj6awobi5yz0z2x8ky5h5eq8o.jpg\" alt=\"xinstitut-le-rosey-switzerland-letnii-lager-9.jpg.pagespeed.ic.AHMIKi7egP-1400x580\" \/><\/figure><\/div><div class=\"swiper-slide\" role=\"group\" aria-roledescription=\"slide\" aria-label=\"2\/2\"><figure class=\"swiper-slide-inner\"><img decoding=\"async\" class=\"swiper-slide-image\" src=\"https:\/\/www.swisslearning.com\/wp-content\/uploads\/elementor\/thumbs\/P4250064-2-1400x580-1-pac68ihlvkfxguff4rcffw78oxppgdadwu94fpbxw8.jpeg\" alt=\"P4250064-2-1400x580 (1)\" \/><\/figure><\/div>\t\t\t<\/div>\n\t\t\t\t\t\t\t\t\t\t\t\t<div class=\"elementor-swiper-button elementor-swiper-button-prev\" role=\"button\" tabindex=\"0\">\n\t\t\t\t\t\t<i aria-hidden=\"true\" class=\"eicon-chevron-left\"><\/i>\t\t\t\t\t<\/div>\n\t\t\t\t\t<div class=\"elementor-swiper-button elementor-swiper-button-next\" role=\"button\" tabindex=\"0\">\n\t\t\t\t\t\t<i aria-hidden=\"true\" class=\"eicon-chevron-right\"><\/i>\t\t\t\t\t<\/div>\n\t\t\t\t\n\t\t\t\t\t\t\t\t\t<\/div>\n\t\t\t\t\t\t<\/div>\n\t\t\t\t<\/div>\n\t\t\t\t\t<\/div>\n\t\t<\/div>\n\t\t\t\t\t<\/div>\n\t\t<\/section>\n\t\t\t\t<section class=\"elementor-section elementor-top-section elementor-element elementor-element-f1ba1a7 elementor-section-full_width elementor-section-height-default elementor-section-height-default\" data-id=\"f1ba1a7\" data-element_type=\"section\" data-e-type=\"section\">\n\t\t\t\t\t\t<div class=\"elementor-container elementor-column-gap-default\">\n\t\t\t\t\t<div class=\"elementor-column elementor-col-50 elementor-top-column elementor-element elementor-element-b1c8cf6\" data-id=\"b1c8cf6\" data-element_type=\"column\" data-e-type=\"column\">\n\t\t\t<div class=\"elementor-widget-wrap elementor-element-populated\">\n\t\t\t\t\t\t<div class=\"elementor-element elementor-element-7e30b80 elementor-widget elementor-widget-video\" data-id=\"7e30b80\" data-element_type=\"widget\" data-e-type=\"widget\" data-settings=\"{&quot;youtube_url&quot;:&quot;https:\\\/\\\/www.youtube.com\\\/watch?v=LsUyjvQEbYY&quot;,&quot;video_type&quot;:&quot;youtube&quot;,&quot;controls&quot;:&quot;yes&quot;}\" data-widget_type=\"video.default\">\n\t\t\t\t<div class=\"elementor-widget-container\">\n\t\t\t\t\t\t\t<div class=\"elementor-wrapper elementor-open-inline\">\n\t\t\t<div class=\"elementor-video\"><\/div>\t\t<\/div>\n\t\t\t\t\t\t<\/div>\n\t\t\t\t<\/div>\n\t\t\t\t\t<\/div>\n\t\t<\/div>\n\t\t\t\t<div class=\"elementor-column elementor-col-50 elementor-top-column elementor-element elementor-element-8bf33b9\" data-id=\"8bf33b9\" data-element_type=\"column\" data-e-type=\"column\">\n\t\t\t<div class=\"elementor-widget-wrap elementor-element-populated\">\n\t\t\t\t\t\t<div class=\"elementor-element elementor-element-888ca60 elementor-widget elementor-widget-heading\" data-id=\"888ca60\" data-element_type=\"widget\" data-e-type=\"widget\" data-widget_type=\"heading.default\">\n\t\t\t\t<div class=\"elementor-widget-container\">\n\t\t\t\t\t<h1 class=\"elementor-heading-title elementor-size-default\">Institut le Rosey<\/h1>\t\t\t\t<\/div>\n\t\t\t\t<\/div>\n\t\t\t\t<div class=\"elementor-element elementor-element-c20ef49 elementor-blockquote--skin-quotation elementor-widget elementor-widget-blockquote\" data-id=\"c20ef49\" data-element_type=\"widget\" data-e-type=\"widget\" data-widget_type=\"blockquote.default\">\n\t\t\t\t<div class=\"elementor-widget-container\">\n\t\t\t\t\t\t\t<blockquote class=\"elementor-blockquote\">\n\t\t\t<p class=\"elementor-blockquote__content\">\n\t\t\t\tLe Rosey&#039;nin \u00d6z\u00fc \u2013 \u0130svi\u00e7re&#039;nin benzersiz uluslararas\u0131 yat\u0131l\u0131 okulu, \u00f6nde gelen \u00fcniversitelere kabul i\u00e7in gereken titiz akademik e\u011fitimi, sportif ve sanatsal m\u00fckemmellikle dengeliyor. \u00d6\u011frencilerin t\u00fcm yeteneklerini geli\u015ftirdi\u011fi ve mezunlar\u0131n \u00f6m\u00fcr boyu s\u00fcrecek dostluklar ve ba\u011flant\u0131lar kurdu\u011fu bir ya\u015fam okulu.\t\t\t<\/p>\n\t\t\t\t\t<\/blockquote>\n\t\t\t\t\t\t<\/div>\n\t\t\t\t<\/div>\n\t\t\t\t\t<\/div>\n\t\t<\/div>\n\t\t\t\t\t<\/div>\n\t\t<\/section>\n\t\t\t\t<section class=\"elementor-section elementor-top-section elementor-element elementor-element-bb3ffa0 elementor-section-full_width elementor-section-height-default elementor-section-height-default\" data-id=\"bb3ffa0\" data-element_type=\"section\" data-e-type=\"section\">\n\t\t\t\t\t\t<div class=\"elementor-container elementor-column-gap-default\">\n\t\t\t\t\t<div class=\"elementor-column elementor-col-50 elementor-top-column elementor-element elementor-element-9b5d387\" data-id=\"9b5d387\" data-element_type=\"column\" data-e-type=\"column\" data-settings=\"{&quot;background_background&quot;:&quot;classic&quot;}\">\n\t\t\t<div class=\"elementor-widget-wrap elementor-element-populated\">\n\t\t\t\t\t\t<div class=\"elementor-element elementor-element-8ab6234 elementor-widget elementor-widget-heading\" data-id=\"8ab6234\" data-element_type=\"widget\" data-e-type=\"widget\" data-widget_type=\"heading.default\">\n\t\t\t\t<div class=\"elementor-widget-container\">\n\t\t\t\t\t<h2 class=\"elementor-heading-title elementor-size-default\">temel bilgiler<\/h2>\t\t\t\t<\/div>\n\t\t\t\t<\/div>\n\t\t\t\t<div class=\"elementor-element elementor-element-754de4c elementor-widget elementor-widget-text-editor\" data-id=\"754de4c\" data-element_type=\"widget\" data-e-type=\"widget\" data-widget_type=\"text-editor.default\">\n\t\t\t\t<div class=\"elementor-widget-container\">\n\t\t\t\t\t\t\t\t\t<ul><li>Kurulu\u015f y\u0131l\u0131: 1880<\/li><li>\u00d6\u011frenci say\u0131s\u0131: 450 yat\u0131l\u0131 \u00f6\u011frenci<\/li><li>Ya\u015f aral\u0131\u011f\u0131: 8 ila 18 ya\u015f aras\u0131 k\u0131z ve erkek \u00e7ocuklar<\/li><li>Kamp\u00fcs: \u0130lkbahar ve sonbahar Rolle&#039;deki g\u00f6l k\u0131y\u0131s\u0131nda. K\u0131\u015f ise Gstaad&#039;daki da\u011flarda.<\/li><li>Akreditasyon: NEASC, IBO, CIS, Frans\u0131z Bakalorya Grubu<\/li><li>Uyruklar: 60&#039;tan fazla uyruk; her ulustan en fazla 10%.<\/li><li>Y\u0131ll\u0131k Yat\u0131l\u0131 ve E\u011fitim \u00dccretleri: 3. s\u0131n\u0131f \u00f6\u011frencileri i\u00e7in 87.000 CHF&#039;den ba\u015flayan fiyatlarla, 4. s\u0131n\u0131f ve 5. s\u0131n\u0131f \u00f6\u011frencileri i\u00e7in 119.000 CHF&#039;den ba\u015flayan fiyatlarla.<\/li><\/ul>\t\t\t\t\t\t\t\t<\/div>\n\t\t\t\t<\/div>\n\t\t\t\t\t<\/div>\n\t\t<\/div>\n\t\t\t\t<div class=\"elementor-column elementor-col-50 elementor-top-column elementor-element elementor-element-8a39952\" data-id=\"8a39952\" data-element_type=\"column\" data-e-type=\"column\">\n\t\t\t<div class=\"elementor-widget-wrap elementor-element-populated\">\n\t\t\t\t\t\t<div class=\"elementor-element elementor-element-398b80b elementor-widget elementor-widget-heading\" data-id=\"398b80b\" data-element_type=\"widget\" data-e-type=\"widget\" data-widget_type=\"heading.default\">\n\t\t\t\t<div class=\"elementor-widget-container\">\n\t\t\t\t\t<h2 class=\"elementor-heading-title elementor-size-default\">akademisyenler<\/h2>\t\t\t\t<\/div>\n\t\t\t\t<\/div>\n\t\t\t\t<div class=\"elementor-element elementor-element-10246d3 elementor-widget elementor-widget-text-editor\" data-id=\"10246d3\" data-element_type=\"widget\" data-e-type=\"widget\" data-widget_type=\"text-editor.default\">\n\t\t\t\t<div class=\"elementor-widget-container\">\n\t\t\t\t\t\t\t\t\t<ul><li>Diller: Se\u00e7ilen t\u00fcm dersler \u0130ngilizce veya Frans\u0131zca olarak verilmektedir.<\/li><li>Diplomalar: Uluslararas\u0131 Bakalorya (IB) ve Frans\u0131z Bakaloryas\u0131<\/li><li>\u00d6\u011fretmen\/\u00d6\u011frenci Oran\u0131: 1:4 (\u00f6\u011fretmenler), 1:2 (t\u00fcm personel)<\/li><li>Yabanc\u0131 diller: \u00c7e\u015fitli seviyelerde 20&#039;den fazla dil sunulmaktad\u0131r.<\/li><\/ul>\t\t\t\t\t\t\t\t<\/div>\n\t\t\t\t<\/div>\n\t\t\t\t\t<\/div>\n\t\t<\/div>\n\t\t\t\t\t<\/div>\n\t\t<\/section>\n\t\t\t\t<section class=\"elementor-section elementor-top-section elementor-element elementor-element-4421bb4 elementor-section-full_width elementor-section-height-default elementor-section-height-default\" data-id=\"4421bb4\" data-element_type=\"section\" data-e-type=\"section\">\n\t\t\t\t\t\t<div class=\"elementor-container elementor-column-gap-default\">\n\t\t\t\t\t<div class=\"elementor-column elementor-col-50 elementor-top-column elementor-element elementor-element-c4bc547\" data-id=\"c4bc547\" data-element_type=\"column\" data-e-type=\"column\" data-settings=\"{&quot;background_background&quot;:&quot;classic&quot;}\">\n\t\t\t<div class=\"elementor-widget-wrap elementor-element-populated\">\n\t\t\t\t\t\t<div class=\"elementor-element elementor-element-1463472 elementor-widget elementor-widget-heading\" data-id=\"1463472\" data-element_type=\"widget\" data-e-type=\"widget\" data-widget_type=\"heading.default\">\n\t\t\t\t<div class=\"elementor-widget-container\">\n\t\t\t\t\t<h2 class=\"elementor-heading-title elementor-size-default\">Yaz kamplar\u0131<\/h2>\t\t\t\t<\/div>\n\t\t\t\t<\/div>\n\t\t\t\t<div class=\"elementor-element elementor-element-7d2f175 elementor-widget elementor-widget-text-editor\" data-id=\"7d2f175\" data-element_type=\"widget\" data-e-type=\"widget\" data-widget_type=\"text-editor.default\">\n\t\t\t\t<div class=\"elementor-widget-container\">\n\t\t\t\t\t\t\t\t\t<ul>\n<li>Haziran, Temmuz ve A\u011fustos aylar\u0131nda Rolle ve Gstaad kamp\u00fcslerinde yaz kamplar\u0131 d\u00fczenlenmektedir.<\/li><li>Temmuz ve A\u011fustos aylar\u0131nda Crans-Montana&#039;da karde\u015f yaz kamplar\u0131<\/li>\n<li>At\u00f6lye \u00e7al\u0131\u015fmalar\u0131 (\u00f6z savunma, m\u00fczik, dans, sanat, topluluk \u00f6n\u00fcnde konu\u015fma) arac\u0131l\u0131\u011f\u0131yla \u00f6zg\u00fcven geli\u015ftirmeyi ama\u00e7lamaktad\u0131r.<\/li>\n<li>8 ila 18 ya\u015f aras\u0131<\/li>\n<li>Akademik dersler: \u0130ngilizce, Frans\u0131zca ve Matematik<\/li>\n<li><span class=\"normaltextrun\"><span lang=\"EN-GB\">Teknoloji, yarat\u0131c\u0131 yazarl\u0131k, tiyatro, mutfak sanatlar\u0131, liderlik ve spor dahil olmak \u00fczere \u00e7ok \u00e7e\u015fitli akademilere eri\u015fim imkan\u0131.<\/span><\/span><\/li>\n<li>Rosey ruhunun muhte\u015fem bir tad\u0131 ve ola\u011fan\u00fcst\u00fc olanaklar.<\/li>\n<\/ul>\t\t\t\t\t\t\t\t<\/div>\n\t\t\t\t<\/div>\n\t\t\t\t\t<\/div>\n\t\t<\/div>\n\t\t\t\t<div class=\"elementor-column elementor-col-50 elementor-top-column elementor-element elementor-element-146eb0f\" data-id=\"146eb0f\" data-element_type=\"column\" data-e-type=\"column\">\n\t\t\t<div class=\"elementor-widget-wrap elementor-element-populated\">\n\t\t\t\t\t\t<div class=\"elementor-element elementor-element-456a7c5 elementor-widget elementor-widget-heading\" data-id=\"456a7c5\" data-element_type=\"widget\" data-e-type=\"widget\" data-widget_type=\"heading.default\">\n\t\t\t\t<div class=\"elementor-widget-container\">\n\t\t\t\t\t<h2 class=\"elementor-heading-title elementor-size-default\">Ders d\u0131\u015f\u0131 etkinlikler<\/h2>\t\t\t\t<\/div>\n\t\t\t\t<\/div>\n\t\t\t\t<div class=\"elementor-element elementor-element-1dc21c9 elementor-widget elementor-widget-text-editor\" data-id=\"1dc21c9\" data-element_type=\"widget\" data-e-type=\"widget\" data-widget_type=\"text-editor.default\">\n\t\t\t\t<div class=\"elementor-widget-container\">\n\t\t\t\t\t\t\t\t\t<ul><li class=\"paragraph\"><span class=\"normaltextrun\"><span lang=\"EN-GB\">30&#039;dan fazla spor ve sanat dal\u0131nda yo\u011fun g\u00fcnl\u00fck uygulama.<\/span><\/span><span class=\"eop\">\u00a0<\/span><\/li><li class=\"paragraph\"><span class=\"normaltextrun\"><span lang=\"EN-GB\">K\u00fclt\u00fcrel etkinlikler program\u0131 (<\/span><\/span><span lang=\"EN-GB\"><a title=\"http:\/\/www.roseyconcerthall.ch\/\" href=\"http:\/\/www.roseyconcerthall.ch\/\" target=\"_blank\" rel=\"noopener\"><span class=\"normaltextrun\">www.roseyconcerthall.ch<\/span><\/a><span class=\"normaltextrun\"> konserler, tiyatro oyunlar\u0131, konu\u015fmac\u0131 programlar\u0131 vb.)<\/span><span class=\"eop\">\u00a0<\/span><\/span><\/li><li class=\"paragraph\"><span class=\"normaltextrun\"><span lang=\"EN-GB\">Hafta sonu gezileri, \u00e7evre, yard\u0131m ve k\u00fclt\u00fcr gezileri ve 30&#039;dan fazla \u00f6\u011frenci kul\u00fcb\u00fc.<\/span><\/span><span class=\"eop\">\u00a0<\/span><\/li><li class=\"paragraph\"><span class=\"normaltextrun\"><span lang=\"EN-GB\">\u0130nsani yard\u0131m projelerine g\u00fc\u00e7l\u00fc ba\u011fl\u0131l\u0131k<\/span><\/span><span class=\"eop\">\u00a0<\/span><\/li><li class=\"paragraph\"><span class=\"normaltextrun\"><span lang=\"EN-GB\">K\u0131\u015f sporlar\u0131na adanm\u0131\u015f k\u0131\u015f kamp\u00fcs\u00fc<\/span><\/span><span class=\"eop\">\u00a0<\/span><\/li><li class=\"paragraph\"><span class=\"normaltextrun\"><span lang=\"EN-GB\">Association Internationale des Anciens Ros\u00e9ens: 5.000&#039;den fazla mezundan olu\u015fan g\u00fc\u00e7l\u00fc bir a\u011f<\/span><\/span><span class=\"eop\">\u00a0<\/span><\/li><li class=\"paragraph\"><span class=\"normaltextrun\"><span lang=\"EN-GB\">Kenya&#039;da do\u011fay\u0131 korumaya adanm\u0131\u015f uydu kamp\u00fcs\u00fc (<a title=\"http:\/\/www.chyulucamp.com\" href=\"http:\/\/www.chyulucamp.com\">www.chyulucamp.com<\/a>)<\/span><\/span><span class=\"eop\">\u00a0<\/span><\/li><\/ul>\t\t\t\t\t\t\t\t<\/div>\n\t\t\t\t<\/div>\n\t\t\t\t\t<\/div>\n\t\t<\/div>\n\t\t\t\t\t<\/div>\n\t\t<\/section>\n\t\t\t\t<\/div>","protected":false},"excerpt":{"rendered":"<p>Institut le Rosey The Essence of Le Rosey \u2013 Switzerland\u2019s uniquely international boarding school, balancing the rigorous academics required for admission to leading universities with sporting and artistic excellence. A school for life, where students develop all their talents and where alumni forge lifelong friendships and connections. key facts Founded in: 1880 Students: 450 boarders [&hellip;]<\/p>\n","protected":false},"author":1,"featured_media":144,"parent":0,"menu_order":0,"comment_status":"closed","ping_status":"closed","template":"","meta":{"footnotes":""},"class_list":["post-7258","page","type-page","status-publish","has-post-thumbnail","hentry"],"yoast_head":"<!-- This site is optimized with the Yoast SEO plugin v27.5 - https:\/\/yoast.com\/product\/yoast-seo-wordpress\/ -->\n<title>Institut Le Rosey - Swiss Boarding School - Swiss Learning<\/title>\n<meta name=\"description\" content=\"Institut Le Rosey, Switzerland\u2019s uniquely international boarding school, is a school for life, where students develop all their talents and where alumni forge lifelong friendships and connections.\" \/>\n<meta name=\"robots\" content=\"index, follow, max-snippet:-1, max-image-preview:large, max-video-preview:-1\" \/>\n<link rel=\"canonical\" href=\"https:\/\/www.swisslearning.com\/tr\/institut-le-rosey\/\" \/>\n<meta property=\"og:locale\" content=\"tr_TR\" \/>\n<meta property=\"og:type\" content=\"article\" \/>\n<meta property=\"og:title\" content=\"Institut Le Rosey - Swiss Boarding School - Swiss Learning\" \/>\n<meta property=\"og:description\" content=\"Institut Le Rosey, Switzerland\u2019s uniquely international boarding school, is a school for life, where students develop all their talents and where alumni forge lifelong friendships and connections.\" \/>\n<meta property=\"og:url\" content=\"https:\/\/www.swisslearning.com\/tr\/institut-le-rosey\/\" \/>\n<meta property=\"og:site_name\" content=\"Swiss Learning\" \/>\n<meta property=\"article:publisher\" content=\"https:\/\/www.facebook.com\/swisslearning\" \/>\n<meta property=\"article:modified_time\" content=\"2025-03-12T13:41:36+00:00\" \/>\n<meta property=\"og:image\" content=\"https:\/\/www.swisslearning.com\/wp-content\/uploads\/2021\/06\/logo_SL.jpg\" \/>\n\t<meta property=\"og:image:width\" content=\"200\" \/>\n\t<meta property=\"og:image:height\" content=\"200\" \/>\n\t<meta property=\"og:image:type\" content=\"image\/jpeg\" \/>\n<meta name=\"twitter:card\" content=\"summary_large_image\" \/>\n<meta name=\"twitter:label1\" content=\"Tahmini okuma s\u00fcresi\" \/>\n\t<meta name=\"twitter:data1\" content=\"2 dakika\" \/>\n<script type=\"application\/ld+json\" class=\"yoast-schema-graph\">{\"@context\":\"https:\\\/\\\/schema.org\",\"@graph\":[{\"@type\":\"WebPage\",\"@id\":\"https:\\\/\\\/www.swisslearning.com\\\/institut-le-rosey\\\/\",\"url\":\"https:\\\/\\\/www.swisslearning.com\\\/institut-le-rosey\\\/\",\"name\":\"Institut Le Rosey - Swiss Boarding School - Swiss Learning\",\"isPartOf\":{\"@id\":\"https:\\\/\\\/www.swisslearning.com\\\/#website\"},\"primaryImageOfPage\":{\"@id\":\"https:\\\/\\\/www.swisslearning.com\\\/institut-le-rosey\\\/#primaryimage\"},\"image\":{\"@id\":\"https:\\\/\\\/www.swisslearning.com\\\/institut-le-rosey\\\/#primaryimage\"},\"thumbnailUrl\":\"https:\\\/\\\/www.swisslearning.com\\\/wp-content\\\/uploads\\\/2021\\\/06\\\/logo_SL.jpg\",\"datePublished\":\"2021-07-12T13:19:12+00:00\",\"dateModified\":\"2025-03-12T13:41:36+00:00\",\"description\":\"Institut Le Rosey, Switzerland\u2019s uniquely international boarding school, is a school for life, where students develop all their talents and where alumni forge lifelong friendships and connections.\",\"breadcrumb\":{\"@id\":\"https:\\\/\\\/www.swisslearning.com\\\/institut-le-rosey\\\/#breadcrumb\"},\"inLanguage\":\"tr\",\"potentialAction\":[{\"@type\":\"ReadAction\",\"target\":[\"https:\\\/\\\/www.swisslearning.com\\\/institut-le-rosey\\\/\"]}]},{\"@type\":\"ImageObject\",\"inLanguage\":\"tr\",\"@id\":\"https:\\\/\\\/www.swisslearning.com\\\/institut-le-rosey\\\/#primaryimage\",\"url\":\"https:\\\/\\\/www.swisslearning.com\\\/wp-content\\\/uploads\\\/2021\\\/06\\\/logo_SL.jpg\",\"contentUrl\":\"https:\\\/\\\/www.swisslearning.com\\\/wp-content\\\/uploads\\\/2021\\\/06\\\/logo_SL.jpg\",\"width\":200,\"height\":200},{\"@type\":\"BreadcrumbList\",\"@id\":\"https:\\\/\\\/www.swisslearning.com\\\/institut-le-rosey\\\/#breadcrumb\",\"itemListElement\":[{\"@type\":\"ListItem\",\"position\":1,\"name\":\"Home\",\"item\":\"https:\\\/\\\/www.swisslearning.com\\\/\"},{\"@type\":\"ListItem\",\"position\":2,\"name\":\"Institut le Rosey\"}]},{\"@type\":\"WebSite\",\"@id\":\"https:\\\/\\\/www.swisslearning.com\\\/#website\",\"url\":\"https:\\\/\\\/www.swisslearning.com\\\/\",\"name\":\"Swiss Learning\",\"description\":\"BOARDING SCHOOLS, HOTEL MANAGEMENT SCHOOLS AND CAMPS IN SWITZERLAND\",\"potentialAction\":[{\"@type\":\"SearchAction\",\"target\":{\"@type\":\"EntryPoint\",\"urlTemplate\":\"https:\\\/\\\/www.swisslearning.com\\\/?s={search_term_string}\"},\"query-input\":{\"@type\":\"PropertyValueSpecification\",\"valueRequired\":true,\"valueName\":\"search_term_string\"}}],\"inLanguage\":\"tr\"}]}<\/script>\n<!-- \/ Yoast SEO plugin. -->","yoast_head_json":{"title":"Institut Le Rosey - \u0130svi\u00e7re Yat\u0131l\u0131 Okulu - \u0130svi\u00e7re \u00d6\u011frenimi","description":"\u0130svi\u00e7re&#039;nin e\u015fsiz uluslararas\u0131 yat\u0131l\u0131 okulu Institut Le Rosey, \u00f6\u011frencilerin t\u00fcm yeteneklerini geli\u015ftirdi\u011fi ve mezunlar\u0131n \u00f6m\u00fcr boyu s\u00fcrecek dostluklar ve ba\u011flar kurdu\u011fu bir ya\u015fam okuludur.","robots":{"index":"index","follow":"follow","max-snippet":"max-snippet:-1","max-image-preview":"max-image-preview:large","max-video-preview":"max-video-preview:-1"},"canonical":"https:\/\/www.swisslearning.com\/tr\/institut-le-rosey\/","og_locale":"tr_TR","og_type":"article","og_title":"Institut Le Rosey - Swiss Boarding School - Swiss Learning","og_description":"Institut Le Rosey, Switzerland\u2019s uniquely international boarding school, is a school for life, where students develop all their talents and where alumni forge lifelong friendships and connections.","og_url":"https:\/\/www.swisslearning.com\/tr\/institut-le-rosey\/","og_site_name":"Swiss Learning","article_publisher":"https:\/\/www.facebook.com\/swisslearning","article_modified_time":"2025-03-12T13:41:36+00:00","og_image":[{"width":200,"height":200,"url":"https:\/\/www.swisslearning.com\/wp-content\/uploads\/2021\/06\/logo_SL.jpg","type":"image\/jpeg"}],"twitter_card":"summary_large_image","twitter_misc":{"Tahmini okuma s\u00fcresi":"2 dakika"},"schema":{"@context":"https:\/\/schema.org","@graph":[{"@type":"WebPage","@id":"https:\/\/www.swisslearning.com\/institut-le-rosey\/","url":"https:\/\/www.swisslearning.com\/institut-le-rosey\/","name":"Institut Le Rosey - \u0130svi\u00e7re Yat\u0131l\u0131 Okulu - \u0130svi\u00e7re \u00d6\u011frenimi","isPartOf":{"@id":"https:\/\/www.swisslearning.com\/#website"},"primaryImageOfPage":{"@id":"https:\/\/www.swisslearning.com\/institut-le-rosey\/#primaryimage"},"image":{"@id":"https:\/\/www.swisslearning.com\/institut-le-rosey\/#primaryimage"},"thumbnailUrl":"https:\/\/www.swisslearning.com\/wp-content\/uploads\/2021\/06\/logo_SL.jpg","datePublished":"2021-07-12T13:19:12+00:00","dateModified":"2025-03-12T13:41:36+00:00","description":"\u0130svi\u00e7re&#039;nin e\u015fsiz uluslararas\u0131 yat\u0131l\u0131 okulu Institut Le Rosey, \u00f6\u011frencilerin t\u00fcm yeteneklerini geli\u015ftirdi\u011fi ve mezunlar\u0131n \u00f6m\u00fcr boyu s\u00fcrecek dostluklar ve ba\u011flar kurdu\u011fu bir ya\u015fam okuludur.","breadcrumb":{"@id":"https:\/\/www.swisslearning.com\/institut-le-rosey\/#breadcrumb"},"inLanguage":"tr","potentialAction":[{"@type":"ReadAction","target":["https:\/\/www.swisslearning.com\/institut-le-rosey\/"]}]},{"@type":"ImageObject","inLanguage":"tr","@id":"https:\/\/www.swisslearning.com\/institut-le-rosey\/#primaryimage","url":"https:\/\/www.swisslearning.com\/wp-content\/uploads\/2021\/06\/logo_SL.jpg","contentUrl":"https:\/\/www.swisslearning.com\/wp-content\/uploads\/2021\/06\/logo_SL.jpg","width":200,"height":200},{"@type":"BreadcrumbList","@id":"https:\/\/www.swisslearning.com\/institut-le-rosey\/#breadcrumb","itemListElement":[{"@type":"ListItem","position":1,"name":"Home","item":"https:\/\/www.swisslearning.com\/"},{"@type":"ListItem","position":2,"name":"Institut le Rosey"}]},{"@type":"WebSite","@id":"https:\/\/www.swisslearning.com\/#website","url":"https:\/\/www.swisslearning.com\/","name":"\u0130svi\u00e7re \u00d6\u011frenimi","description":"\u0130SV\u0130\u00c7RE&#039;DEK\u0130 YATILI OKULLAR, OTEL Y\u00d6NET\u0130M\u0130 OKULLARI VE KAMPLAR","potentialAction":[{"@type":"SearchAction","target":{"@type":"EntryPoint","urlTemplate":"https:\/\/www.swisslearning.com\/?s={search_term_string}"},"query-input":{"@type":"PropertyValueSpecification","valueRequired":true,"valueName":"search_term_string"}}],"inLanguage":"tr"}]}},"_links":{"self":[{"href":"https:\/\/www.swisslearning.com\/tr\/wp-json\/wp\/v2\/pages\/7258","targetHints":{"allow":["GET"]}}],"collection":[{"href":"https:\/\/www.swisslearning.com\/tr\/wp-json\/wp\/v2\/pages"}],"about":[{"href":"https:\/\/www.swisslearning.com\/tr\/wp-json\/wp\/v2\/types\/page"}],"author":[{"embeddable":true,"href":"https:\/\/www.swisslearning.com\/tr\/wp-json\/wp\/v2\/users\/1"}],"replies":[{"embeddable":true,"href":"https:\/\/www.swisslearning.com\/tr\/wp-json\/wp\/v2\/comments?post=7258"}],"version-history":[{"count":44,"href":"https:\/\/www.swisslearning.com\/tr\/wp-json\/wp\/v2\/pages\/7258\/revisions"}],"predecessor-version":[{"id":12675,"href":"https:\/\/www.swisslearning.com\/tr\/wp-json\/wp\/v2\/pages\/7258\/revisions\/12675"}],"wp:featuredmedia":[{"embeddable":true,"href":"https:\/\/www.swisslearning.com\/tr\/wp-json\/wp\/v2\/media\/144"}],"wp:attachment":[{"href":"https:\/\/www.swisslearning.com\/tr\/wp-json\/wp\/v2\/media?parent=7258"}],"curies":[{"name":"wp","href":"https:\/\/api.w.org\/{rel}","templated":true}]}}