{"id":7289,"date":"2021-07-16T08:49:51","date_gmt":"2021-07-16T08:49:51","guid":{"rendered":"https:\/\/swissexcellence.ch\/?page_id=7289"},"modified":"2024-09-23T05:44:33","modified_gmt":"2024-09-23T05:44:33","slug":"hotel-schools","status":"publish","type":"page","link":"https:\/\/www.swisslearning.com\/tr\/hotel-schools\/","title":{"rendered":"Otelcilik Okullar\u0131"},"content":{"rendered":"<div data-elementor-type=\"wp-page\" data-elementor-id=\"7289\" class=\"elementor elementor-7289\" data-elementor-post-type=\"page\">\n\t\t\t\t\t\t<section class=\"elementor-section elementor-top-section elementor-element elementor-element-2ff39f2 elementor-section-boxed elementor-section-height-default elementor-section-height-default\" data-id=\"2ff39f2\" data-element_type=\"section\" data-e-type=\"section\">\n\t\t\t\t\t\t<div class=\"elementor-container elementor-column-gap-default\">\n\t\t\t\t\t<div class=\"elementor-column elementor-col-100 elementor-top-column elementor-element elementor-element-d5c1cff\" data-id=\"d5c1cff\" data-element_type=\"column\" data-e-type=\"column\">\n\t\t\t<div class=\"elementor-widget-wrap elementor-element-populated\">\n\t\t\t\t\t\t<div class=\"elementor-element elementor-element-888ca60 elementor-widget elementor-widget-heading\" data-id=\"888ca60\" data-element_type=\"widget\" data-e-type=\"widget\" data-widget_type=\"heading.default\">\n\t\t\t\t<div class=\"elementor-widget-container\">\n\t\t\t\t\t<h1 class=\"elementor-heading-title elementor-size-default\">\u0130svi\u00e7re&#039;deki Otelcilik Okullar\u0131<\/h1>\t\t\t\t<\/div>\n\t\t\t\t<\/div>\n\t\t\t\t\t<\/div>\n\t\t<\/div>\n\t\t\t\t\t<\/div>\n\t\t<\/section>\n\t\t\t\t<section class=\"elementor-section elementor-top-section elementor-element elementor-element-f1ba1a7 elementor-section-full_width elementor-section-height-default elementor-section-height-default\" data-id=\"f1ba1a7\" data-element_type=\"section\" data-e-type=\"section\">\n\t\t\t\t\t\t<div class=\"elementor-container elementor-column-gap-default\">\n\t\t\t\t\t<div class=\"elementor-column elementor-col-50 elementor-top-column elementor-element elementor-element-b1c8cf6\" data-id=\"b1c8cf6\" data-element_type=\"column\" data-e-type=\"column\">\n\t\t\t<div class=\"elementor-widget-wrap elementor-element-populated\">\n\t\t\t\t\t\t<div class=\"elementor-element elementor-element-e489930 elementor-widget elementor-widget-image\" data-id=\"e489930\" data-element_type=\"widget\" data-e-type=\"widget\" data-widget_type=\"image.default\">\n\t\t\t\t<div class=\"elementor-widget-container\">\n\t\t\t\t\t\t\t\t\t\t\t\t\t\t\t<img fetchpriority=\"high\" decoding=\"async\" width=\"500\" height=\"800\" src=\"https:\/\/www.swisslearning.com\/wp-content\/uploads\/2021\/07\/hotel-schools-swiss.jpeg\" class=\"attachment-large size-large wp-image-7389\" alt=\"\" srcset=\"https:\/\/www.swisslearning.com\/wp-content\/uploads\/2021\/07\/hotel-schools-swiss.jpeg 500w, https:\/\/www.swisslearning.com\/wp-content\/uploads\/2021\/07\/hotel-schools-swiss-188x300.jpeg 188w\" sizes=\"(max-width: 500px) 100vw, 500px\" \/>\t\t\t\t\t\t\t\t\t\t\t\t\t\t\t<\/div>\n\t\t\t\t<\/div>\n\t\t\t\t\t<\/div>\n\t\t<\/div>\n\t\t\t\t<div class=\"elementor-column elementor-col-50 elementor-top-column elementor-element elementor-element-8bf33b9\" data-id=\"8bf33b9\" data-element_type=\"column\" data-e-type=\"column\">\n\t\t\t<div class=\"elementor-widget-wrap elementor-element-populated\">\n\t\t\t\t\t\t<div class=\"elementor-element elementor-element-c20ef49 elementor-blockquote--skin-quotation elementor-widget elementor-widget-blockquote\" data-id=\"c20ef49\" data-element_type=\"widget\" data-e-type=\"widget\" data-widget_type=\"blockquote.default\">\n\t\t\t\t<div class=\"elementor-widget-container\">\n\t\t\t\t\t\t\t<blockquote class=\"elementor-blockquote\">\n\t\t\t<p class=\"elementor-blockquote__content\">\n\t\t\t\t<span style=\"white-space: normal\">E\u011fitimin temel amac\u0131, \u00f6nceki nesillerin yapt\u0131klar\u0131n\u0131 tekrar etmekle kalmay\u0131p, yeni \u015feyler yapabilen kad\u0131n ve erkekler yeti\u015ftirmektir.<\/span>\t\t\t<\/p>\n\t\t\t\t\t<\/blockquote>\n\t\t\t\t\t\t<\/div>\n\t\t\t\t<\/div>\n\t\t\t\t<div class=\"elementor-element elementor-element-20ce129 elementor-widget elementor-widget-spacer\" data-id=\"20ce129\" data-element_type=\"widget\" data-e-type=\"widget\" data-widget_type=\"spacer.default\">\n\t\t\t\t<div class=\"elementor-widget-container\">\n\t\t\t\t\t\t\t<div class=\"elementor-spacer\">\n\t\t\t<div class=\"elementor-spacer-inner\"><\/div>\n\t\t<\/div>\n\t\t\t\t\t\t<\/div>\n\t\t\t\t<\/div>\n\t\t\t\t<div class=\"elementor-element elementor-element-9075c6e elementor-widget elementor-widget-heading\" data-id=\"9075c6e\" data-element_type=\"widget\" data-e-type=\"widget\" data-widget_type=\"heading.default\">\n\t\t\t\t<div class=\"elementor-widget-container\">\n\t\t\t\t\t<h2 class=\"elementor-heading-title elementor-size-default\">M\u0130SAF\u0130RPERVERL\u0130\u011e\u0130N DO\u011eDU\u011eU YER<\/h2>\t\t\t\t<\/div>\n\t\t\t\t<\/div>\n\t\t\t\t<div class=\"elementor-element elementor-element-d039c61 elementor-widget elementor-widget-text-editor\" data-id=\"d039c61\" data-element_type=\"widget\" data-e-type=\"widget\" data-widget_type=\"text-editor.default\">\n\t\t\t\t<div class=\"elementor-widget-container\">\n\t\t\t\t\t\t\t\t\t<p><span style=\"color: #111111; font-family: Roboto, sans-serif; font-size: 16px;\">\u0130svi\u00e7re&#039;nin misafirperverli\u011fin be\u015fi\u011fi olarak \u00fcn\u00fc y\u00fcz y\u0131ldan fazla bir s\u00fcre \u00f6nce kurulmu\u015ftur.<\/span><span style=\"color: #111111; font-family: Roboto, sans-serif; font-size: 16px;\">.<\/span><\/p>\n<p><span style=\"color: #111111; font-family: Roboto, sans-serif; font-size: 16px;\">Swiss Learning, \u00fclkenin en tan\u0131nm\u0131\u015f iki Otelcilik Y\u00f6netimi Okulunu temsil etmektedir:<\/span><\/p>\n<p><span style=\"color: #111111; font-family: Roboto, sans-serif; font-size: 16px;\">\u2013 Les Roches K\u00fcresel Otelcilik E\u011fitimi<\/span><\/p>\n<p><span style=\"color: #111111; font-family: Roboto, sans-serif; font-size: 16px;\">\u2013 Glion Y\u00fcksek \u00d6\u011frenim Enstit\u00fcs\u00fc<\/span><\/p><p><span style=\"color: #111111; font-family: Roboto, sans-serif; font-size: 16px;\">Otelcilik Y\u00f6netimi Okullar\u0131m\u0131z\u0131n kamp\u00fcsleri, uygulamal\u0131 \u00f6\u011frenme ve k\u00fc\u00e7\u00fck s\u0131n\u0131f mevcudu imkan\u0131 sunan, benzersiz derecede kompakt ve \u00f6zenli ortamlard\u0131r.<\/span><\/p><p><span style=\"color: rgb(17, 17, 17); font-family: Roboto, sans-serif; font-size: 16px;\">Bu okullar, 18 ya\u015f ve \u00fczeri \u00f6\u011frenciler i\u00e7in k\u0131sa s\u00fcreli programlar, lisans, y\u00fcksek lisans ve y\u00f6netici e\u011fitim programlar\u0131 sunmaktad\u0131r.<\/span><br><\/p>\t\t\t\t\t\t\t\t<\/div>\n\t\t\t\t<\/div>\n\t\t\t\t\t<\/div>\n\t\t<\/div>\n\t\t\t\t\t<\/div>\n\t\t<\/section>\n\t\t\t\t<section class=\"elementor-section elementor-top-section elementor-element elementor-element-7ee2130 elementor-section-full_width elementor-section-height-default elementor-section-height-default\" data-id=\"7ee2130\" data-element_type=\"section\" data-e-type=\"section\" data-settings=\"{&quot;background_background&quot;:&quot;classic&quot;}\">\n\t\t\t\t\t\t<div class=\"elementor-container elementor-column-gap-default\">\n\t\t\t\t\t<div class=\"elementor-column elementor-col-100 elementor-top-column elementor-element elementor-element-3ab4cdb\" data-id=\"3ab4cdb\" data-element_type=\"column\" data-e-type=\"column\">\n\t\t\t<div class=\"elementor-widget-wrap elementor-element-populated\">\n\t\t\t\t\t\t<div class=\"elementor-element elementor-element-9eaaad8 elementor-widget elementor-widget-heading\" data-id=\"9eaaad8\" data-element_type=\"widget\" data-e-type=\"widget\" data-widget_type=\"heading.default\">\n\t\t\t\t<div class=\"elementor-widget-container\">\n\t\t\t\t\t<h1 class=\"elementor-heading-title elementor-size-default\">\u0130svi\u00e7re otel okullar\u0131 haritas\u0131<\/h1>\t\t\t\t<\/div>\n\t\t\t\t<\/div>\n\t\t\t\t<div class=\"elementor-element elementor-element-0dd5e7b elementor-widget elementor-widget-text-editor\" data-id=\"0dd5e7b\" data-element_type=\"widget\" data-e-type=\"widget\" data-widget_type=\"text-editor.default\">\n\t\t\t\t<div class=\"elementor-widget-container\">\n\t\t\t\t\t\t\t\t\t<p><div class=\"map_wrapper\" id=\"map_wrapper_5887\">\n<div class=\"map_box\" style=\"max-width:910px\">\n<div class=\"map_aspect_ratio\" style=\"padding-top:55%\" data-padding-top=\"55%\" data-padding-top-mobile=\"\">\n<div class=\"map_container\">\n<div class=\"map_render map_loading\" id=\"map_5887\"><\/div>\n<\/div>\n<\/div>\n<\/div>\n<\/div><\/p>\t\t\t\t\t\t\t\t<\/div>\n\t\t\t\t<\/div>\n\t\t\t\t\t<\/div>\n\t\t<\/div>\n\t\t\t\t\t<\/div>\n\t\t<\/section>\n\t\t\t\t<section class=\"elementor-section elementor-top-section elementor-element elementor-element-df0e5cd elementor-section-full_width elementor-section-height-default elementor-section-height-default\" data-id=\"df0e5cd\" data-element_type=\"section\" data-e-type=\"section\">\n\t\t\t\t\t\t<div class=\"elementor-container elementor-column-gap-default\">\n\t\t\t\t\t<div class=\"elementor-column elementor-col-25 elementor-top-column elementor-element elementor-element-2faf833\" data-id=\"2faf833\" data-element_type=\"column\" data-e-type=\"column\">\n\t\t\t<div class=\"elementor-widget-wrap elementor-element-populated\">\n\t\t\t\t\t\t<div class=\"elementor-element elementor-element-994a54d elementor-widget elementor-widget-image\" data-id=\"994a54d\" data-element_type=\"widget\" data-e-type=\"widget\" data-widget_type=\"image.default\">\n\t\t\t\t<div class=\"elementor-widget-container\">\n\t\t\t\t\t\t\t\t\t\t\t\t\t\t\t\t<a href=\"https:\/\/www.swisslearning.com\/tr\/glion\/\">\n\t\t\t\t\t\t\t<img decoding=\"async\" width=\"300\" height=\"92\" src=\"https:\/\/www.swisslearning.com\/wp-content\/uploads\/2021\/07\/Glion-s-logo-300x92-1.png\" class=\"attachment-large size-large wp-image-7291\" alt=\"\" \/>\t\t\t\t\t\t\t\t<\/a>\n\t\t\t\t\t\t\t\t\t\t\t\t\t\t\t<\/div>\n\t\t\t\t<\/div>\n\t\t\t\t\t<\/div>\n\t\t<\/div>\n\t\t\t\t<div class=\"elementor-column elementor-col-25 elementor-top-column elementor-element elementor-element-5b4509d\" data-id=\"5b4509d\" data-element_type=\"column\" data-e-type=\"column\">\n\t\t\t<div class=\"elementor-widget-wrap elementor-element-populated\">\n\t\t\t\t\t\t<div class=\"elementor-element elementor-element-6d326d5 elementor-widget elementor-widget-heading\" data-id=\"6d326d5\" data-element_type=\"widget\" data-e-type=\"widget\" data-widget_type=\"heading.default\">\n\t\t\t\t<div class=\"elementor-widget-container\">\n\t\t\t\t\t<h3 class=\"elementor-heading-title elementor-size-default\"><a href=\"https:\/\/www.swisslearning.com\/tr\/glion\/\">Glion Y\u00fcksek \u00d6\u011frenim Enstit\u00fcs\u00fc<\/a><\/h3>\t\t\t\t<\/div>\n\t\t\t\t<\/div>\n\t\t\t\t<div class=\"elementor-element elementor-element-99424f5 elementor-widget elementor-widget-text-editor\" data-id=\"99424f5\" data-element_type=\"widget\" data-e-type=\"widget\" data-widget_type=\"text-editor.default\">\n\t\t\t\t<div class=\"elementor-widget-container\">\n\t\t\t\t\t\t\t\t\t<p>Glion Y\u00fcksek \u00d6\u011frenim Enstit\u00fcs\u00fc (GIHE), otelcilik y\u00f6netimi, etkinlik y\u00f6netimi ve l\u00fcks marka y\u00f6netimi alanlar\u0131nda akredite edilmi\u015f Lisans ve Y\u00fcksek Lisans dereceleri sunan \u00f6zel bir kurumdur. Glion, \u00e7e\u015fitli \u00e7ok k\u00fclt\u00fcrl\u00fc \u00f6\u011frenci kitlesi, \u0130svi\u00e7re ve Londra&#039;daki d\u00fcnya standartlar\u0131ndaki kamp\u00fcsleri ve \u00f6\u011frenci yeti\u015ftirmeye y\u00f6nelik ki\u015fiselle\u015ftirilmi\u015f yakla\u015f\u0131m\u0131yla \u00f6ne \u00e7\u0131kmaktad\u0131r. Glion&#039;daki \u00f6\u011frenciler, 1962&#039;den beri geli\u015ftirilen akademik uzmanl\u0131ktan ve sekt\u00f6r ili\u015fkilerinden faydalan\u0131r ve otelcilik sekt\u00f6r\u00fcnde lider konumda olan 13.600&#039;den fazla mezun aras\u0131na kat\u0131lma f\u0131rsat\u0131 bulurlar.<\/p>\t\t\t\t\t\t\t\t<\/div>\n\t\t\t\t<\/div>\n\t\t\t\t<div class=\"elementor-element elementor-element-1d2bf7d elementor-widget elementor-widget-button\" data-id=\"1d2bf7d\" data-element_type=\"widget\" data-e-type=\"widget\" data-widget_type=\"button.default\">\n\t\t\t\t<div class=\"elementor-widget-container\">\n\t\t\t\t\t\t\t\t\t<div class=\"elementor-button-wrapper\">\n\t\t\t\t\t<a class=\"elementor-button elementor-button-link elementor-size-sm\" href=\"#\">\n\t\t\t\t\t\t<span class=\"elementor-button-content-wrapper\">\n\t\t\t\t\t\t<span class=\"elementor-button-icon\">\n\t\t\t\t<i aria-hidden=\"true\" class=\"fas fa-long-arrow-alt-right\"><\/i>\t\t\t<\/span>\n\t\t\t\t\t\t\t\t\t<span class=\"elementor-button-text\">Daha fazla bilgi edin<\/span>\n\t\t\t\t\t<\/span>\n\t\t\t\t\t<\/a>\n\t\t\t\t<\/div>\n\t\t\t\t\t\t\t\t<\/div>\n\t\t\t\t<\/div>\n\t\t\t\t\t<\/div>\n\t\t<\/div>\n\t\t\t\t<div class=\"elementor-column elementor-col-25 elementor-top-column elementor-element elementor-element-4d497f3\" data-id=\"4d497f3\" data-element_type=\"column\" data-e-type=\"column\">\n\t\t\t<div class=\"elementor-widget-wrap elementor-element-populated\">\n\t\t\t\t\t\t<div class=\"elementor-element elementor-element-173a6c5 elementor-widget elementor-widget-image\" data-id=\"173a6c5\" data-element_type=\"widget\" data-e-type=\"widget\" data-widget_type=\"image.default\">\n\t\t\t\t<div class=\"elementor-widget-container\">\n\t\t\t\t\t\t\t\t\t\t\t\t\t\t\t\t<a href=\"https:\/\/www.swisslearning.com\/tr\/les-roches\/\">\n\t\t\t\t\t\t\t<img decoding=\"async\" width=\"300\" height=\"159\" src=\"https:\/\/www.swisslearning.com\/wp-content\/uploads\/2021\/07\/LesRoches-Logotype-Two-Line-Black-300x159-1.jpeg\" class=\"attachment-large size-large wp-image-7292\" alt=\"\" \/>\t\t\t\t\t\t\t\t<\/a>\n\t\t\t\t\t\t\t\t\t\t\t\t\t\t\t<\/div>\n\t\t\t\t<\/div>\n\t\t\t\t\t<\/div>\n\t\t<\/div>\n\t\t\t\t<div class=\"elementor-column elementor-col-25 elementor-top-column elementor-element elementor-element-7a4a2f3\" data-id=\"7a4a2f3\" data-element_type=\"column\" data-e-type=\"column\">\n\t\t\t<div class=\"elementor-widget-wrap elementor-element-populated\">\n\t\t\t\t\t\t<div class=\"elementor-element elementor-element-f8d584e elementor-widget elementor-widget-heading\" data-id=\"f8d584e\" data-element_type=\"widget\" data-e-type=\"widget\" data-widget_type=\"heading.default\">\n\t\t\t\t<div class=\"elementor-widget-container\">\n\t\t\t\t\t<h3 class=\"elementor-heading-title elementor-size-default\"><a href=\"https:\/\/www.swisslearning.com\/tr\/les-roches\/\">Kayalar<\/a><\/h3>\t\t\t\t<\/div>\n\t\t\t\t<\/div>\n\t\t\t\t<div class=\"elementor-element elementor-element-4f19ef9 elementor-widget elementor-widget-text-editor\" data-id=\"4f19ef9\" data-element_type=\"widget\" data-e-type=\"widget\" data-widget_type=\"text-editor.default\">\n\t\t\t\t<div class=\"elementor-widget-container\">\n\t\t\t\t\t\t\t\t\t<p><span style=\"font-weight: 400;\">1954 y\u0131l\u0131nda kurulan Les Roches, \u0130svi\u00e7re&#039;nin deneyimsel \u00f6\u011frenme modeline dayal\u0131 \u00f6zel bir kurum olup, konaklama, turizm ve spor &amp; etkinlik y\u00f6netimine odaklanan lisans, y\u00fcksek lisans ve y\u00f6netici e\u011fitim programlar\u0131 sunmaktad\u0131r. Les Roches, \u0130svi\u00e7re, \u0130spanya ve BAE&#039;deki k\u00fcresel kamp\u00fcs a\u011f\u0131 arac\u0131l\u0131\u011f\u0131yla giri\u015fimci ve yenilik\u00e7i mezunlar yeti\u015ftirmektedir.<\/span><\/p>\t\t\t\t\t\t\t\t<\/div>\n\t\t\t\t<\/div>\n\t\t\t\t<div class=\"elementor-element elementor-element-34f1690 elementor-widget elementor-widget-button\" data-id=\"34f1690\" data-element_type=\"widget\" data-e-type=\"widget\" data-widget_type=\"button.default\">\n\t\t\t\t<div class=\"elementor-widget-container\">\n\t\t\t\t\t\t\t\t\t<div class=\"elementor-button-wrapper\">\n\t\t\t\t\t<a class=\"elementor-button elementor-button-link elementor-size-sm\" href=\"#\">\n\t\t\t\t\t\t<span class=\"elementor-button-content-wrapper\">\n\t\t\t\t\t\t<span class=\"elementor-button-icon\">\n\t\t\t\t<i aria-hidden=\"true\" class=\"fas fa-long-arrow-alt-right\"><\/i>\t\t\t<\/span>\n\t\t\t\t\t\t\t\t\t<span class=\"elementor-button-text\">Daha fazla bilgi edin<\/span>\n\t\t\t\t\t<\/span>\n\t\t\t\t\t<\/a>\n\t\t\t\t<\/div>\n\t\t\t\t\t\t\t\t<\/div>\n\t\t\t\t<\/div>\n\t\t\t\t\t<\/div>\n\t\t<\/div>\n\t\t\t\t\t<\/div>\n\t\t<\/section>\n\t\t\t\t<\/div>","protected":false},"excerpt":{"rendered":"<p>Hotel Schools in Switzerland The principal goal of education is to create men and women who are capable of doing new things not simply repeating what other generations have done. THE BIRTHPLACE OF HOSPITALITY Switzerland\u2019s reputation as the birthplace of hospitality was established over a hundred years ago. Swiss Learning represents two of the country&#8217;s [&hellip;]<\/p>\n","protected":false},"author":1,"featured_media":144,"parent":0,"menu_order":0,"comment_status":"closed","ping_status":"closed","template":"","meta":{"footnotes":""},"class_list":["post-7289","page","type-page","status-publish","has-post-thumbnail","hentry"],"yoast_head":"<!-- This site is optimized with the Yoast SEO plugin v27.3 - https:\/\/yoast.com\/product\/yoast-seo-wordpress\/ -->\n<title>Hotel Management Schools - Switzerland - Swiss Learning<\/title>\n<meta name=\"description\" content=\"Swiss Learning was founded in 2006 by a group of prestigious Swiss boarding and hotel management schools who have a long tradition of educational excellence and at least 50 years\u2019 experience in providing education and boarding facilities.\" \/>\n<meta name=\"robots\" content=\"index, follow, max-snippet:-1, max-image-preview:large, max-video-preview:-1\" \/>\n<link rel=\"canonical\" href=\"https:\/\/www.swisslearning.com\/tr\/hotel-schools\/\" \/>\n<meta property=\"og:locale\" content=\"tr_TR\" \/>\n<meta property=\"og:type\" content=\"article\" \/>\n<meta property=\"og:title\" content=\"Hotel Management Schools - Switzerland - Swiss Learning\" \/>\n<meta property=\"og:description\" content=\"Swiss Learning was founded in 2006 by a group of prestigious Swiss boarding and hotel management schools who have a long tradition of educational excellence and at least 50 years\u2019 experience in providing education and boarding facilities.\" \/>\n<meta property=\"og:url\" content=\"https:\/\/www.swisslearning.com\/tr\/hotel-schools\/\" \/>\n<meta property=\"og:site_name\" content=\"Swiss Learning\" \/>\n<meta property=\"article:publisher\" content=\"https:\/\/www.facebook.com\/swisslearning\" \/>\n<meta property=\"article:modified_time\" content=\"2024-09-23T05:44:33+00:00\" \/>\n<meta property=\"og:image\" content=\"https:\/\/www.swisslearning.com\/wp-content\/uploads\/2021\/06\/logo_SL.jpg\" \/>\n\t<meta property=\"og:image:width\" content=\"200\" \/>\n\t<meta property=\"og:image:height\" content=\"200\" \/>\n\t<meta property=\"og:image:type\" content=\"image\/jpeg\" \/>\n<meta name=\"twitter:card\" content=\"summary_large_image\" \/>\n<meta name=\"twitter:label1\" content=\"Tahmini okuma s\u00fcresi\" \/>\n\t<meta name=\"twitter:data1\" content=\"2 dakika\" \/>\n<script type=\"application\/ld+json\" class=\"yoast-schema-graph\">{\"@context\":\"https:\\\/\\\/schema.org\",\"@graph\":[{\"@type\":\"WebPage\",\"@id\":\"https:\\\/\\\/www.swisslearning.com\\\/hotel-schools\\\/\",\"url\":\"https:\\\/\\\/www.swisslearning.com\\\/hotel-schools\\\/\",\"name\":\"Hotel Management Schools - Switzerland - Swiss Learning\",\"isPartOf\":{\"@id\":\"https:\\\/\\\/www.swisslearning.com\\\/#website\"},\"primaryImageOfPage\":{\"@id\":\"https:\\\/\\\/www.swisslearning.com\\\/hotel-schools\\\/#primaryimage\"},\"image\":{\"@id\":\"https:\\\/\\\/www.swisslearning.com\\\/hotel-schools\\\/#primaryimage\"},\"thumbnailUrl\":\"https:\\\/\\\/www.swisslearning.com\\\/wp-content\\\/uploads\\\/2021\\\/06\\\/logo_SL.jpg\",\"datePublished\":\"2021-07-16T08:49:51+00:00\",\"dateModified\":\"2024-09-23T05:44:33+00:00\",\"description\":\"Swiss Learning was founded in 2006 by a group of prestigious Swiss boarding and hotel management schools who have a long tradition of educational excellence and at least 50 years\u2019 experience in providing education and boarding facilities.\",\"breadcrumb\":{\"@id\":\"https:\\\/\\\/www.swisslearning.com\\\/hotel-schools\\\/#breadcrumb\"},\"inLanguage\":\"tr\",\"potentialAction\":[{\"@type\":\"ReadAction\",\"target\":[\"https:\\\/\\\/www.swisslearning.com\\\/hotel-schools\\\/\"]}]},{\"@type\":\"ImageObject\",\"inLanguage\":\"tr\",\"@id\":\"https:\\\/\\\/www.swisslearning.com\\\/hotel-schools\\\/#primaryimage\",\"url\":\"https:\\\/\\\/www.swisslearning.com\\\/wp-content\\\/uploads\\\/2021\\\/06\\\/logo_SL.jpg\",\"contentUrl\":\"https:\\\/\\\/www.swisslearning.com\\\/wp-content\\\/uploads\\\/2021\\\/06\\\/logo_SL.jpg\",\"width\":200,\"height\":200},{\"@type\":\"BreadcrumbList\",\"@id\":\"https:\\\/\\\/www.swisslearning.com\\\/hotel-schools\\\/#breadcrumb\",\"itemListElement\":[{\"@type\":\"ListItem\",\"position\":1,\"name\":\"Home\",\"item\":\"https:\\\/\\\/www.swisslearning.com\\\/\"},{\"@type\":\"ListItem\",\"position\":2,\"name\":\"hotel Schools\"}]},{\"@type\":\"WebSite\",\"@id\":\"https:\\\/\\\/www.swisslearning.com\\\/#website\",\"url\":\"https:\\\/\\\/www.swisslearning.com\\\/\",\"name\":\"Swiss Learning\",\"description\":\"BOARDING SCHOOLS, HOTEL MANAGEMENT SCHOOLS AND CAMPS IN SWITZERLAND\",\"potentialAction\":[{\"@type\":\"SearchAction\",\"target\":{\"@type\":\"EntryPoint\",\"urlTemplate\":\"https:\\\/\\\/www.swisslearning.com\\\/?s={search_term_string}\"},\"query-input\":{\"@type\":\"PropertyValueSpecification\",\"valueRequired\":true,\"valueName\":\"search_term_string\"}}],\"inLanguage\":\"tr\"}]}<\/script>\n<!-- \/ Yoast SEO plugin. -->","yoast_head_json":{"title":"Otelcilik Y\u00f6netimi Okullar\u0131 - \u0130svi\u00e7re - Swiss Learning","description":"Swiss Learning, 2006 y\u0131l\u0131nda, e\u011fitimde m\u00fckemmellik konusunda uzun bir gelene\u011fe ve e\u011fitim ve pansiyon hizmetleri sa\u011flama konusunda en az 50 y\u0131ll\u0131k deneyime sahip, prestijli bir grup \u0130svi\u00e7re pansiyon ve otelcilik y\u00f6netimi okulu taraf\u0131ndan kurulmu\u015ftur.","robots":{"index":"index","follow":"follow","max-snippet":"max-snippet:-1","max-image-preview":"max-image-preview:large","max-video-preview":"max-video-preview:-1"},"canonical":"https:\/\/www.swisslearning.com\/tr\/hotel-schools\/","og_locale":"tr_TR","og_type":"article","og_title":"Hotel Management Schools - Switzerland - Swiss Learning","og_description":"Swiss Learning was founded in 2006 by a group of prestigious Swiss boarding and hotel management schools who have a long tradition of educational excellence and at least 50 years\u2019 experience in providing education and boarding facilities.","og_url":"https:\/\/www.swisslearning.com\/tr\/hotel-schools\/","og_site_name":"Swiss Learning","article_publisher":"https:\/\/www.facebook.com\/swisslearning","article_modified_time":"2024-09-23T05:44:33+00:00","og_image":[{"width":200,"height":200,"url":"https:\/\/www.swisslearning.com\/wp-content\/uploads\/2021\/06\/logo_SL.jpg","type":"image\/jpeg"}],"twitter_card":"summary_large_image","twitter_misc":{"Tahmini okuma s\u00fcresi":"2 dakika"},"schema":{"@context":"https:\/\/schema.org","@graph":[{"@type":"WebPage","@id":"https:\/\/www.swisslearning.com\/hotel-schools\/","url":"https:\/\/www.swisslearning.com\/hotel-schools\/","name":"Otelcilik Y\u00f6netimi Okullar\u0131 - \u0130svi\u00e7re - Swiss Learning","isPartOf":{"@id":"https:\/\/www.swisslearning.com\/#website"},"primaryImageOfPage":{"@id":"https:\/\/www.swisslearning.com\/hotel-schools\/#primaryimage"},"image":{"@id":"https:\/\/www.swisslearning.com\/hotel-schools\/#primaryimage"},"thumbnailUrl":"https:\/\/www.swisslearning.com\/wp-content\/uploads\/2021\/06\/logo_SL.jpg","datePublished":"2021-07-16T08:49:51+00:00","dateModified":"2024-09-23T05:44:33+00:00","description":"Swiss Learning, 2006 y\u0131l\u0131nda, e\u011fitimde m\u00fckemmellik konusunda uzun bir gelene\u011fe ve e\u011fitim ve pansiyon hizmetleri sa\u011flama konusunda en az 50 y\u0131ll\u0131k deneyime sahip, prestijli bir grup \u0130svi\u00e7re pansiyon ve otelcilik y\u00f6netimi okulu taraf\u0131ndan kurulmu\u015ftur.","breadcrumb":{"@id":"https:\/\/www.swisslearning.com\/hotel-schools\/#breadcrumb"},"inLanguage":"tr","potentialAction":[{"@type":"ReadAction","target":["https:\/\/www.swisslearning.com\/hotel-schools\/"]}]},{"@type":"ImageObject","inLanguage":"tr","@id":"https:\/\/www.swisslearning.com\/hotel-schools\/#primaryimage","url":"https:\/\/www.swisslearning.com\/wp-content\/uploads\/2021\/06\/logo_SL.jpg","contentUrl":"https:\/\/www.swisslearning.com\/wp-content\/uploads\/2021\/06\/logo_SL.jpg","width":200,"height":200},{"@type":"BreadcrumbList","@id":"https:\/\/www.swisslearning.com\/hotel-schools\/#breadcrumb","itemListElement":[{"@type":"ListItem","position":1,"name":"Home","item":"https:\/\/www.swisslearning.com\/"},{"@type":"ListItem","position":2,"name":"hotel Schools"}]},{"@type":"WebSite","@id":"https:\/\/www.swisslearning.com\/#website","url":"https:\/\/www.swisslearning.com\/","name":"\u0130svi\u00e7re \u00d6\u011frenimi","description":"\u0130SV\u0130\u00c7RE&#039;DEK\u0130 YATILI OKULLAR, OTEL Y\u00d6NET\u0130M\u0130 OKULLARI VE KAMPLAR","potentialAction":[{"@type":"SearchAction","target":{"@type":"EntryPoint","urlTemplate":"https:\/\/www.swisslearning.com\/?s={search_term_string}"},"query-input":{"@type":"PropertyValueSpecification","valueRequired":true,"valueName":"search_term_string"}}],"inLanguage":"tr"}]}},"_links":{"self":[{"href":"https:\/\/www.swisslearning.com\/tr\/wp-json\/wp\/v2\/pages\/7289","targetHints":{"allow":["GET"]}}],"collection":[{"href":"https:\/\/www.swisslearning.com\/tr\/wp-json\/wp\/v2\/pages"}],"about":[{"href":"https:\/\/www.swisslearning.com\/tr\/wp-json\/wp\/v2\/types\/page"}],"author":[{"embeddable":true,"href":"https:\/\/www.swisslearning.com\/tr\/wp-json\/wp\/v2\/users\/1"}],"replies":[{"embeddable":true,"href":"https:\/\/www.swisslearning.com\/tr\/wp-json\/wp\/v2\/comments?post=7289"}],"version-history":[{"count":44,"href":"https:\/\/www.swisslearning.com\/tr\/wp-json\/wp\/v2\/pages\/7289\/revisions"}],"predecessor-version":[{"id":12265,"href":"https:\/\/www.swisslearning.com\/tr\/wp-json\/wp\/v2\/pages\/7289\/revisions\/12265"}],"wp:featuredmedia":[{"embeddable":true,"href":"https:\/\/www.swisslearning.com\/tr\/wp-json\/wp\/v2\/media\/144"}],"wp:attachment":[{"href":"https:\/\/www.swisslearning.com\/tr\/wp-json\/wp\/v2\/media?parent=7289"}],"curies":[{"name":"wp","href":"https:\/\/api.w.org\/{rel}","templated":true}]}}