{"id":7600,"date":"2021-08-02T08:00:36","date_gmt":"2021-08-02T08:00:36","guid":{"rendered":"https:\/\/swissexcellence.ch\/?page_id=7600"},"modified":"2025-05-15T07:52:17","modified_gmt":"2025-05-15T07:52:17","slug":"aiglon-college","status":"publish","type":"page","link":"https:\/\/www.swisslearning.com\/tr\/aiglon-college\/","title":{"rendered":"Aiglon Koleji"},"content":{"rendered":"<div data-elementor-type=\"wp-page\" data-elementor-id=\"7600\" class=\"elementor elementor-7600\" data-elementor-post-type=\"page\">\n\t\t\t\t\t\t<section class=\"elementor-section elementor-top-section elementor-element elementor-element-2ff39f2 elementor-section-full_width elementor-section-content-top elementor-section-height-default elementor-section-height-default\" data-id=\"2ff39f2\" data-element_type=\"section\" data-e-type=\"section\" data-settings=\"{&quot;background_background&quot;:&quot;classic&quot;}\">\n\t\t\t\t\t\t<div class=\"elementor-container elementor-column-gap-default\">\n\t\t\t\t\t<div class=\"elementor-column elementor-col-100 elementor-top-column elementor-element elementor-element-d5c1cff\" data-id=\"d5c1cff\" data-element_type=\"column\" data-e-type=\"column\" data-settings=\"{&quot;background_background&quot;:&quot;classic&quot;}\">\n\t\t\t<div class=\"elementor-widget-wrap elementor-element-populated\">\n\t\t\t\t\t\t<div class=\"elementor-element elementor-element-dccc3dd elementor-widget elementor-widget-image\" data-id=\"dccc3dd\" data-element_type=\"widget\" data-e-type=\"widget\" data-widget_type=\"image.default\">\n\t\t\t\t<div class=\"elementor-widget-container\">\n\t\t\t\t\t\t\t\t\t\t\t\t\t\t\t<img decoding=\"async\" width=\"150\" height=\"150\" src=\"https:\/\/www.swisslearning.com\/wp-content\/uploads\/2021\/09\/Aiglon-logo-colour-1-150x150.png\" class=\"attachment-thumbnail size-thumbnail wp-image-7830\" alt=\"\" \/>\t\t\t\t\t\t\t\t\t\t\t\t\t\t\t<\/div>\n\t\t\t\t<\/div>\n\t\t\t\t<div class=\"elementor-element elementor-element-5a6b687 elementor-arrows-position-inside elementor-widget elementor-widget-image-carousel\" data-id=\"5a6b687\" data-element_type=\"widget\" data-e-type=\"widget\" data-settings=\"{&quot;slides_to_show&quot;:&quot;1&quot;,&quot;navigation&quot;:&quot;arrows&quot;,&quot;autoplay&quot;:&quot;yes&quot;,&quot;pause_on_hover&quot;:&quot;yes&quot;,&quot;pause_on_interaction&quot;:&quot;yes&quot;,&quot;autoplay_speed&quot;:5000,&quot;infinite&quot;:&quot;yes&quot;,&quot;effect&quot;:&quot;slide&quot;,&quot;speed&quot;:500}\" data-widget_type=\"image-carousel.default\">\n\t\t\t\t<div class=\"elementor-widget-container\">\n\t\t\t\t\t\t\t<div class=\"elementor-image-carousel-wrapper swiper\" role=\"region\" aria-roledescription=\"carousel\" aria-label=\"Resim D\u00f6ng\u00fcs\u00fc\" dir=\"ltr\">\n\t\t\t<div class=\"elementor-image-carousel swiper-wrapper swiper-image-stretch\" aria-live=\"off\">\n\t\t\t\t\t\t\t\t<div class=\"swiper-slide\" role=\"group\" aria-roledescription=\"slide\" aria-label=\"1\/4\"><figure class=\"swiper-slide-inner\"><img decoding=\"async\" class=\"swiper-slide-image\" src=\"https:\/\/www.swisslearning.com\/wp-content\/uploads\/elementor\/thumbs\/DAM_7083-scaled-qsxh895ry0ctuawlbyz0tap4p2qusamjha7ej21sns.jpg\" alt=\"2024 Mezuniyet T\u00f6reni&#039;nden foto\u011fraflar.\" \/><\/figure><\/div><div class=\"swiper-slide\" role=\"group\" aria-roledescription=\"slide\" aria-label=\"4&#039;te 2\"><figure class=\"swiper-slide-inner\"><img decoding=\"async\" class=\"swiper-slide-image\" src=\"https:\/\/www.swisslearning.com\/wp-content\/uploads\/elementor\/thumbs\/AIGLON_JUNIOR_SCHOOL_FS-1-scaled-qsxh7v273htj05h2mavm9w97saocku2kfcf4bwmp94.jpg\" alt=\"\u00d6zellikle Wonder Years ve Mountain School programlar\u0131na odaklanan \u0130lkokul web sayfas\u0131 geli\u015ftirme \u00e7al\u0131\u015fmalar\u0131n\u0131 desteklemek amac\u0131yla \u00e7ekilen foto\u011fraflar.\" \/><\/figure><\/div><div class=\"swiper-slide\" role=\"group\" aria-roledescription=\"slide\" aria-label=\"4 \u00fczerinden 3\"><figure class=\"swiper-slide-inner\"><img decoding=\"async\" class=\"swiper-slide-image\" src=\"https:\/\/www.swisslearning.com\/wp-content\/uploads\/elementor\/thumbs\/Aiglon-24-08-2023-02-1-scaled-qsxh7d79hn52vk70il5pgirghz4dil3o0w0w7nd6jc.jpg\" alt=\"Kamp\u00fcs D\u0131\u015f Cephesi 2023\" \/><\/figure><\/div><div class=\"swiper-slide\" role=\"group\" aria-roledescription=\"slide\" aria-label=\"4\/4\"><figure class=\"swiper-slide-inner\"><img decoding=\"async\" class=\"swiper-slide-image\" src=\"https:\/\/www.swisslearning.com\/wp-content\/uploads\/elementor\/thumbs\/OnCampus_123-scaled-qsxh6uehoyfcfcybkd162ni8m9p18n11aaz6m451zs.jpg\" alt=\"19. say\u0131 i\u00e7in yap\u0131lan foto\u011fraf \u00e7ekimlerinden ek g\u00f6r\u00fcnt\u00fcler.\" \/><\/figure><\/div>\t\t\t<\/div>\n\t\t\t\t\t\t\t\t\t\t\t\t<div class=\"elementor-swiper-button elementor-swiper-button-prev\" role=\"button\" tabindex=\"0\">\n\t\t\t\t\t\t<i aria-hidden=\"true\" class=\"eicon-chevron-left\"><\/i>\t\t\t\t\t<\/div>\n\t\t\t\t\t<div class=\"elementor-swiper-button elementor-swiper-button-next\" role=\"button\" tabindex=\"0\">\n\t\t\t\t\t\t<i aria-hidden=\"true\" class=\"eicon-chevron-right\"><\/i>\t\t\t\t\t<\/div>\n\t\t\t\t\n\t\t\t\t\t\t\t\t\t<\/div>\n\t\t\t\t\t\t<\/div>\n\t\t\t\t<\/div>\n\t\t\t\t\t<\/div>\n\t\t<\/div>\n\t\t\t\t\t<\/div>\n\t\t<\/section>\n\t\t\t\t<section class=\"elementor-section elementor-top-section elementor-element elementor-element-f1ba1a7 elementor-section-full_width elementor-section-height-default elementor-section-height-default\" data-id=\"f1ba1a7\" data-element_type=\"section\" data-e-type=\"section\">\n\t\t\t\t\t\t<div class=\"elementor-container elementor-column-gap-default\">\n\t\t\t\t\t<div class=\"elementor-column elementor-col-50 elementor-top-column elementor-element elementor-element-b1c8cf6\" data-id=\"b1c8cf6\" data-element_type=\"column\" data-e-type=\"column\">\n\t\t\t<div class=\"elementor-widget-wrap elementor-element-populated\">\n\t\t\t\t\t\t<div class=\"elementor-element elementor-element-7e30b80 elementor-widget elementor-widget-video\" data-id=\"7e30b80\" data-element_type=\"widget\" data-e-type=\"widget\" data-settings=\"{&quot;youtube_url&quot;:&quot;https:\\\/\\\/www.youtube.com\\\/watch?v=AtlGFAeRbTg&amp;t=141s&quot;,&quot;video_type&quot;:&quot;youtube&quot;,&quot;controls&quot;:&quot;yes&quot;}\" data-widget_type=\"video.default\">\n\t\t\t\t<div class=\"elementor-widget-container\">\n\t\t\t\t\t\t\t<div class=\"elementor-wrapper elementor-open-inline\">\n\t\t\t<div class=\"elementor-video\"><\/div>\t\t<\/div>\n\t\t\t\t\t\t<\/div>\n\t\t\t\t<\/div>\n\t\t\t\t\t<\/div>\n\t\t<\/div>\n\t\t\t\t<div class=\"elementor-column elementor-col-50 elementor-top-column elementor-element elementor-element-8bf33b9\" data-id=\"8bf33b9\" data-element_type=\"column\" data-e-type=\"column\">\n\t\t\t<div class=\"elementor-widget-wrap elementor-element-populated\">\n\t\t\t\t\t\t<div class=\"elementor-element elementor-element-888ca60 elementor-widget elementor-widget-heading\" data-id=\"888ca60\" data-element_type=\"widget\" data-e-type=\"widget\" data-widget_type=\"heading.default\">\n\t\t\t\t<div class=\"elementor-widget-container\">\n\t\t\t\t\t<h1 class=\"elementor-heading-title elementor-size-default\">AIGLON KOLEJ\u0130<\/h1>\t\t\t\t<\/div>\n\t\t\t\t<\/div>\n\t\t\t\t<div class=\"elementor-element elementor-element-c20ef49 elementor-blockquote--skin-quotation elementor-widget elementor-widget-blockquote\" data-id=\"c20ef49\" data-element_type=\"widget\" data-e-type=\"widget\" data-widget_type=\"blockquote.default\">\n\t\t\t\t<div class=\"elementor-widget-container\">\n\t\t\t\t\t\t\t<blockquote class=\"elementor-blockquote\">\n\t\t\t<p class=\"elementor-blockquote__content\">\n\t\t\t\tAiglon Koleji&#039;nin \u00d6z\u00fc \u2013 Aiglon Koleji, \u0130svi\u00e7re&#039;de kar amac\u0131 g\u00fctmeyen, uluslararas\u0131 ve karma e\u011fitim veren bir yat\u0131l\u0131 okuldur. 75 y\u0131l\u0131 a\u015fk\u0131n s\u00fcredir okul, \u00f6\u011frencilerine geleneksel e\u011fitimin s\u0131n\u0131rlar\u0131n\u0131 zorlayan b\u00fct\u00fcnsel ve ilham verici bir deneyim sunmaktad\u0131r. John Corlette, okulu 1949 y\u0131l\u0131nda kendine \u00f6zg\u00fc bir ilke \u00fczerine kurmu\u015ftur: zihin, beden ve ruhun dengeli geli\u015fimi. \u0130lkokuldan liseye kadar \u00f6\u011frenciler, uluslararas\u0131 bir yat\u0131l\u0131 okulun t\u00fcm avantajlar\u0131ndan yararlan\u0131rlar. Aiglon, 7-18 ya\u015f aras\u0131, 60&#039;tan fazla farkl\u0131 milletten 480&#039;den fazla \u00f6\u011frenciye ev sahipli\u011fi yapmaktad\u0131r. \u00d6\u011frenciler birbirleriyle ve onlar\u0131 akademik ve ki\u015fisel ba\u015far\u0131ya y\u00f6nlendiren m\u00fckemmel e\u011fitimcilerle kal\u0131c\u0131 ba\u011flar kurarlar.  \t\t\t<\/p>\n\t\t\t\t\t<\/blockquote>\n\t\t\t\t\t\t<\/div>\n\t\t\t\t<\/div>\n\t\t\t\t\t<\/div>\n\t\t<\/div>\n\t\t\t\t\t<\/div>\n\t\t<\/section>\n\t\t\t\t<section class=\"elementor-section elementor-top-section elementor-element elementor-element-bb3ffa0 elementor-section-full_width elementor-section-height-default elementor-section-height-default\" data-id=\"bb3ffa0\" data-element_type=\"section\" data-e-type=\"section\">\n\t\t\t\t\t\t<div class=\"elementor-container elementor-column-gap-default\">\n\t\t\t\t\t<div class=\"elementor-column elementor-col-50 elementor-top-column elementor-element elementor-element-9b5d387\" data-id=\"9b5d387\" data-element_type=\"column\" data-e-type=\"column\" data-settings=\"{&quot;background_background&quot;:&quot;classic&quot;}\">\n\t\t\t<div class=\"elementor-widget-wrap elementor-element-populated\">\n\t\t\t\t\t\t<div class=\"elementor-element elementor-element-8ab6234 elementor-widget elementor-widget-heading\" data-id=\"8ab6234\" data-element_type=\"widget\" data-e-type=\"widget\" data-widget_type=\"heading.default\">\n\t\t\t\t<div class=\"elementor-widget-container\">\n\t\t\t\t\t<h2 class=\"elementor-heading-title elementor-size-default\">temel bilgiler<\/h2>\t\t\t\t<\/div>\n\t\t\t\t<\/div>\n\t\t\t\t<div class=\"elementor-element elementor-element-754de4c elementor-widget elementor-widget-text-editor\" data-id=\"754de4c\" data-element_type=\"widget\" data-e-type=\"widget\" data-widget_type=\"text-editor.default\">\n\t\t\t\t<div class=\"elementor-widget-container\">\n\t\t\t\t\t\t\t\t\t<ul><li>Kurulu\u015f y\u0131l\u0131: 1949\u00a0<\/li><li>460&#039;tan fazla \u00f6\u011frenci<\/li><li>7-18 ya\u015f aras\u0131 karma e\u011fitim<\/li><li>Uyruklar: 65 ya\u015f \u00fcst\u00fc\u00a0<\/li><li>Kamp\u00fcs: \u0130svi\u00e7re Alpleri&#039;nde 1200 metre y\u00fckseklikte, 60.000 m\u00b2&#039;yi a\u015fk\u0131n alana yay\u0131lm\u0131\u015f 30&#039;dan fazla okul binas\u0131.<\/li><li>Akreditasyon: Round Square, CIS, NEASC, IBO, Edexcel, AQA ve Cambridge \u00dcniversitesi Uluslararas\u0131 S\u0131navlar\u0131<\/li><li>K\u00e2r amac\u0131 g\u00fctmeyen kurulu\u015f: Topluluk m\u00fclkiyetinde olan bir okul olarak Aiglon, emsalleri aras\u0131nda benzersizdir.<\/li><li>G\u00fcvenlik ve Refah: Refaha y\u00f6nelik g\u00fc\u00e7l\u00fc bir yakla\u015f\u0131m, m\u00fcfredat\u0131m\u0131z\u0131n yan\u0131 s\u0131ra \u00f6\u011frenci ya\u015fam\u0131m\u0131za da entegre edilmi\u015ftir. Okulun rehberlik ekibi, \u00f6\u011frencilerin ruh sa\u011fl\u0131\u011f\u0131n\u0131 desteklemektedir.<\/li><li>Y\u0131ll\u0131k Yat\u0131l\u0131 ve E\u011fitim \u00dccretleri: 47.850 CHF ile 159.000 CHF aras\u0131nda<\/li><\/ul>\t\t\t\t\t\t\t\t<\/div>\n\t\t\t\t<\/div>\n\t\t\t\t\t<\/div>\n\t\t<\/div>\n\t\t\t\t<div class=\"elementor-column elementor-col-50 elementor-top-column elementor-element elementor-element-8a39952\" data-id=\"8a39952\" data-element_type=\"column\" data-e-type=\"column\">\n\t\t\t<div class=\"elementor-widget-wrap elementor-element-populated\">\n\t\t\t\t\t\t<div class=\"elementor-element elementor-element-398b80b elementor-widget elementor-widget-heading\" data-id=\"398b80b\" data-element_type=\"widget\" data-e-type=\"widget\" data-widget_type=\"heading.default\">\n\t\t\t\t<div class=\"elementor-widget-container\">\n\t\t\t\t\t<h2 class=\"elementor-heading-title elementor-size-default\">akademisyenler<\/h2>\t\t\t\t<\/div>\n\t\t\t\t<\/div>\n\t\t\t\t<div class=\"elementor-element elementor-element-10246d3 elementor-widget elementor-widget-text-editor\" data-id=\"10246d3\" data-element_type=\"widget\" data-e-type=\"widget\" data-widget_type=\"text-editor.default\">\n\t\t\t\t<div class=\"elementor-widget-container\">\n\t\t\t\t\t\t\t\t\t<ul><li>Dil: \u0130ngilizce<\/li><li>Diplomalar: Uluslararas\u0131 Bakalorya (IB) ve IGCSE<\/li><li>\u00dcniversite Dan\u0131\u015fmanl\u0131k departman\u0131, \u00f6\u011frencilerin d\u00fcnyan\u0131n d\u00f6rt bir yan\u0131ndaki en iyi \u00fcniversitelere gitmeleri i\u00e7in yap\u0131land\u0131r\u0131lm\u0131\u015f, ki\u015fiselle\u015ftirilmi\u015f destek sunmaktad\u0131r.<\/li><li>Ortalama s\u0131n\u0131f mevcudu: 12<\/li><li>Personel\/\u00d6\u011frenci Oran\u0131: 1:4<\/li><li>Yabanc\u0131 diller: Frans\u0131zca, Almanca, \u0130spanyolca, \u0130talyanca, \u00c7ince, Japonca, Rus\u00e7a ve Arap\u00e7a<\/li><li>SAT\/ACT: Temmuz ay\u0131nda d\u00fczenlenen haz\u0131rl\u0131k kurslar\u0131<\/li><\/ul>\t\t\t\t\t\t\t\t<\/div>\n\t\t\t\t<\/div>\n\t\t\t\t\t<\/div>\n\t\t<\/div>\n\t\t\t\t\t<\/div>\n\t\t<\/section>\n\t\t\t\t<section class=\"elementor-section elementor-top-section elementor-element elementor-element-4421bb4 elementor-section-full_width elementor-section-height-default elementor-section-height-default\" data-id=\"4421bb4\" data-element_type=\"section\" data-e-type=\"section\">\n\t\t\t\t\t\t<div class=\"elementor-container elementor-column-gap-default\">\n\t\t\t\t\t<div class=\"elementor-column elementor-col-50 elementor-top-column elementor-element elementor-element-c4bc547\" data-id=\"c4bc547\" data-element_type=\"column\" data-e-type=\"column\" data-settings=\"{&quot;background_background&quot;:&quot;classic&quot;}\">\n\t\t\t<div class=\"elementor-widget-wrap elementor-element-populated\">\n\t\t\t\t\t\t<div class=\"elementor-element elementor-element-1463472 elementor-widget elementor-widget-heading\" data-id=\"1463472\" data-element_type=\"widget\" data-e-type=\"widget\" data-widget_type=\"heading.default\">\n\t\t\t\t<div class=\"elementor-widget-container\">\n\t\t\t\t\t<h2 class=\"elementor-heading-title elementor-size-default\">Yaz kamplar\u0131<\/h2>\t\t\t\t<\/div>\n\t\t\t\t<\/div>\n\t\t\t\t<div class=\"elementor-element elementor-element-7d2f175 elementor-widget elementor-widget-text-editor\" data-id=\"7d2f175\" data-element_type=\"widget\" data-e-type=\"widget\" data-widget_type=\"text-editor.default\">\n\t\t\t\t<div class=\"elementor-widget-container\">\n\t\t\t\t\t\t\t\t\t<ul><li>6 hafta Haziran \u2013 A\u011fustos<\/li><li><div>8-16 ya\u015f aras\u0131 karma e\u011fitim<\/div><\/li><li><div>Sabah dersleri: Dil (\u0130ngilizce veya Frans\u0131zca), Matematik, Fen Bilimleri, Sahne Sanatlar\u0131, Teknoloji, Liderlik<br \/>\u00d6\u011fleden sonra ve ak\u015fam aktiviteleri ve sporlar\u0131<\/div><\/li><li><div>Programlar: Kartal, Klasik, Manchester City Futbol Okulu &#039;Ba\u015flang\u0131\u00e7&#039;, S\u00fcr\u00fc\u015f<\/div><\/li><li><div>K\u00fclt\u00fcrel geziler<\/div><\/li><li><div>Geceleme seferleri<\/div><\/li><\/ul>\t\t\t\t\t\t\t\t<\/div>\n\t\t\t\t<\/div>\n\t\t\t\t\t<\/div>\n\t\t<\/div>\n\t\t\t\t<div class=\"elementor-column elementor-col-50 elementor-top-column elementor-element elementor-element-146eb0f\" data-id=\"146eb0f\" data-element_type=\"column\" data-e-type=\"column\">\n\t\t\t<div class=\"elementor-widget-wrap elementor-element-populated\">\n\t\t\t\t\t\t<div class=\"elementor-element elementor-element-456a7c5 elementor-widget elementor-widget-heading\" data-id=\"456a7c5\" data-element_type=\"widget\" data-e-type=\"widget\" data-widget_type=\"heading.default\">\n\t\t\t\t<div class=\"elementor-widget-container\">\n\t\t\t\t\t<h2 class=\"elementor-heading-title elementor-size-default\">M\u00fcfredat d\u0131\u015f\u0131 etkinlikler<\/h2>\t\t\t\t<\/div>\n\t\t\t\t<\/div>\n\t\t\t\t<div class=\"elementor-element elementor-element-1dc21c9 elementor-widget elementor-widget-text-editor\" data-id=\"1dc21c9\" data-element_type=\"widget\" data-e-type=\"widget\" data-widget_type=\"text-editor.default\">\n\t\t\t\t<div class=\"elementor-widget-container\">\n\t\t\t\t\t\t\t\t\t<ul><li><div>Zihin, beden ve ruh alanlar\u0131nda 60&#039;tan fazla se\u00e7enek sunan bir aktivite program\u0131.<\/div><\/li><li><div>Y\u0131l boyunca her hafta sonu da\u011f gezileri d\u00fczenlenmektedir.<\/div><\/li><li><div>K\u0131\u015f aylar\u0131nda haftada iki kez planlanm\u0131\u015f kayak dersleri.<\/div><\/li><li><div>Ortakl\u0131klar: Manchester City Futbol Okulu (MCFC), Lindsey Vonn ve Bear Grylls Hayatta Kalma Akademisi\u00a0<br \/>K\u00fclt\u00fcrel geziler, e\u011fitim ve spor gezileri<\/div><\/li><li><div>Model Birle\u015fmi\u015f Milletler, Round Square Komitesi ve Erasmus g\u00f6r\u00fc\u015fmeleri<\/div><\/li><li><div>13 yerel ve uluslararas\u0131 hizmet projesi<\/div><\/li><\/ul>\t\t\t\t\t\t\t\t<\/div>\n\t\t\t\t<\/div>\n\t\t\t\t\t<\/div>\n\t\t<\/div>\n\t\t\t\t\t<\/div>\n\t\t<\/section>\n\t\t\t\t<\/div>","protected":false},"excerpt":{"rendered":"<p>AIGLON COLLEGE The essence of Aiglon College \u2013Aiglon College is a not-for-profit, international and co-educational boarding school in Switzerland. For over 75 years, the school has offered students a holistic and inspirational experience that pushes the boundaries of traditional education. John Corlette founded the school in 1949 on a distinctive ethos: the balanced development of [&hellip;]<\/p>\n","protected":false},"author":3,"featured_media":144,"parent":0,"menu_order":0,"comment_status":"closed","ping_status":"closed","template":"","meta":{"footnotes":""},"class_list":["post-7600","page","type-page","status-publish","has-post-thumbnail","hentry"],"yoast_head":"<!-- This site is optimized with the Yoast SEO plugin v27.3 - https:\/\/yoast.com\/product\/yoast-seo-wordpress\/ -->\n<title>Aiglon College - Swiss Boarding School - Swiss Learning<\/title>\n<meta name=\"description\" content=\"Aiglon College boarding school is a spirited, independent and a not-for-profit organisation\" \/>\n<meta name=\"robots\" content=\"index, follow, max-snippet:-1, max-image-preview:large, max-video-preview:-1\" \/>\n<link rel=\"canonical\" href=\"https:\/\/www.swisslearning.com\/tr\/aiglon-college\/\" \/>\n<meta property=\"og:locale\" content=\"tr_TR\" \/>\n<meta property=\"og:type\" content=\"article\" \/>\n<meta property=\"og:title\" content=\"Aiglon College - Swiss Boarding School - Swiss Learning\" \/>\n<meta property=\"og:description\" content=\"Aiglon College boarding school is a spirited, independent and a not-for-profit organisation\" \/>\n<meta property=\"og:url\" content=\"https:\/\/www.swisslearning.com\/tr\/aiglon-college\/\" \/>\n<meta property=\"og:site_name\" content=\"Swiss Learning\" \/>\n<meta property=\"article:publisher\" content=\"https:\/\/www.facebook.com\/swisslearning\" \/>\n<meta property=\"article:modified_time\" content=\"2025-05-15T07:52:17+00:00\" \/>\n<meta property=\"og:image\" content=\"https:\/\/www.swisslearning.com\/wp-content\/uploads\/2021\/06\/logo_SL.jpg\" \/>\n\t<meta property=\"og:image:width\" content=\"200\" \/>\n\t<meta property=\"og:image:height\" content=\"200\" \/>\n\t<meta property=\"og:image:type\" content=\"image\/jpeg\" \/>\n<meta name=\"twitter:card\" content=\"summary_large_image\" \/>\n<meta name=\"twitter:label1\" content=\"Tahmini okuma s\u00fcresi\" \/>\n\t<meta name=\"twitter:data1\" content=\"5 dakika\" \/>\n<script type=\"application\/ld+json\" class=\"yoast-schema-graph\">{\"@context\":\"https:\\\/\\\/schema.org\",\"@graph\":[{\"@type\":\"WebPage\",\"@id\":\"https:\\\/\\\/www.swisslearning.com\\\/aiglon-college\\\/\",\"url\":\"https:\\\/\\\/www.swisslearning.com\\\/aiglon-college\\\/\",\"name\":\"Aiglon College - Swiss Boarding School - Swiss Learning\",\"isPartOf\":{\"@id\":\"https:\\\/\\\/www.swisslearning.com\\\/#website\"},\"primaryImageOfPage\":{\"@id\":\"https:\\\/\\\/www.swisslearning.com\\\/aiglon-college\\\/#primaryimage\"},\"image\":{\"@id\":\"https:\\\/\\\/www.swisslearning.com\\\/aiglon-college\\\/#primaryimage\"},\"thumbnailUrl\":\"https:\\\/\\\/www.swisslearning.com\\\/wp-content\\\/uploads\\\/2021\\\/06\\\/logo_SL.jpg\",\"datePublished\":\"2021-08-02T08:00:36+00:00\",\"dateModified\":\"2025-05-15T07:52:17+00:00\",\"description\":\"Aiglon College boarding school is a spirited, independent and a not-for-profit organisation\",\"breadcrumb\":{\"@id\":\"https:\\\/\\\/www.swisslearning.com\\\/aiglon-college\\\/#breadcrumb\"},\"inLanguage\":\"tr\",\"potentialAction\":[{\"@type\":\"ReadAction\",\"target\":[\"https:\\\/\\\/www.swisslearning.com\\\/aiglon-college\\\/\"]}]},{\"@type\":\"ImageObject\",\"inLanguage\":\"tr\",\"@id\":\"https:\\\/\\\/www.swisslearning.com\\\/aiglon-college\\\/#primaryimage\",\"url\":\"https:\\\/\\\/www.swisslearning.com\\\/wp-content\\\/uploads\\\/2021\\\/06\\\/logo_SL.jpg\",\"contentUrl\":\"https:\\\/\\\/www.swisslearning.com\\\/wp-content\\\/uploads\\\/2021\\\/06\\\/logo_SL.jpg\",\"width\":200,\"height\":200},{\"@type\":\"BreadcrumbList\",\"@id\":\"https:\\\/\\\/www.swisslearning.com\\\/aiglon-college\\\/#breadcrumb\",\"itemListElement\":[{\"@type\":\"ListItem\",\"position\":1,\"name\":\"Home\",\"item\":\"https:\\\/\\\/www.swisslearning.com\\\/\"},{\"@type\":\"ListItem\",\"position\":2,\"name\":\"Aiglon College\"}]},{\"@type\":\"WebSite\",\"@id\":\"https:\\\/\\\/www.swisslearning.com\\\/#website\",\"url\":\"https:\\\/\\\/www.swisslearning.com\\\/\",\"name\":\"Swiss Learning\",\"description\":\"BOARDING SCHOOLS, HOTEL MANAGEMENT SCHOOLS AND CAMPS IN SWITZERLAND\",\"potentialAction\":[{\"@type\":\"SearchAction\",\"target\":{\"@type\":\"EntryPoint\",\"urlTemplate\":\"https:\\\/\\\/www.swisslearning.com\\\/?s={search_term_string}\"},\"query-input\":{\"@type\":\"PropertyValueSpecification\",\"valueRequired\":true,\"valueName\":\"search_term_string\"}}],\"inLanguage\":\"tr\"}]}<\/script>\n<!-- \/ Yoast SEO plugin. -->","yoast_head_json":{"title":"Aiglon Koleji - \u0130svi\u00e7re Yat\u0131l\u0131 Okulu - \u0130svi\u00e7re \u00d6\u011frenimi","description":"Aiglon College yat\u0131l\u0131 okulu, dinamik, ba\u011f\u0131ms\u0131z ve kar amac\u0131 g\u00fctmeyen bir kurulu\u015ftur.","robots":{"index":"index","follow":"follow","max-snippet":"max-snippet:-1","max-image-preview":"max-image-preview:large","max-video-preview":"max-video-preview:-1"},"canonical":"https:\/\/www.swisslearning.com\/tr\/aiglon-college\/","og_locale":"tr_TR","og_type":"article","og_title":"Aiglon College - Swiss Boarding School - Swiss Learning","og_description":"Aiglon College boarding school is a spirited, independent and a not-for-profit organisation","og_url":"https:\/\/www.swisslearning.com\/tr\/aiglon-college\/","og_site_name":"Swiss Learning","article_publisher":"https:\/\/www.facebook.com\/swisslearning","article_modified_time":"2025-05-15T07:52:17+00:00","og_image":[{"width":200,"height":200,"url":"https:\/\/www.swisslearning.com\/wp-content\/uploads\/2021\/06\/logo_SL.jpg","type":"image\/jpeg"}],"twitter_card":"summary_large_image","twitter_misc":{"Tahmini okuma s\u00fcresi":"5 dakika"},"schema":{"@context":"https:\/\/schema.org","@graph":[{"@type":"WebPage","@id":"https:\/\/www.swisslearning.com\/aiglon-college\/","url":"https:\/\/www.swisslearning.com\/aiglon-college\/","name":"Aiglon Koleji - \u0130svi\u00e7re Yat\u0131l\u0131 Okulu - \u0130svi\u00e7re \u00d6\u011frenimi","isPartOf":{"@id":"https:\/\/www.swisslearning.com\/#website"},"primaryImageOfPage":{"@id":"https:\/\/www.swisslearning.com\/aiglon-college\/#primaryimage"},"image":{"@id":"https:\/\/www.swisslearning.com\/aiglon-college\/#primaryimage"},"thumbnailUrl":"https:\/\/www.swisslearning.com\/wp-content\/uploads\/2021\/06\/logo_SL.jpg","datePublished":"2021-08-02T08:00:36+00:00","dateModified":"2025-05-15T07:52:17+00:00","description":"Aiglon College yat\u0131l\u0131 okulu, dinamik, ba\u011f\u0131ms\u0131z ve kar amac\u0131 g\u00fctmeyen bir kurulu\u015ftur.","breadcrumb":{"@id":"https:\/\/www.swisslearning.com\/aiglon-college\/#breadcrumb"},"inLanguage":"tr","potentialAction":[{"@type":"ReadAction","target":["https:\/\/www.swisslearning.com\/aiglon-college\/"]}]},{"@type":"ImageObject","inLanguage":"tr","@id":"https:\/\/www.swisslearning.com\/aiglon-college\/#primaryimage","url":"https:\/\/www.swisslearning.com\/wp-content\/uploads\/2021\/06\/logo_SL.jpg","contentUrl":"https:\/\/www.swisslearning.com\/wp-content\/uploads\/2021\/06\/logo_SL.jpg","width":200,"height":200},{"@type":"BreadcrumbList","@id":"https:\/\/www.swisslearning.com\/aiglon-college\/#breadcrumb","itemListElement":[{"@type":"ListItem","position":1,"name":"Home","item":"https:\/\/www.swisslearning.com\/"},{"@type":"ListItem","position":2,"name":"Aiglon College"}]},{"@type":"WebSite","@id":"https:\/\/www.swisslearning.com\/#website","url":"https:\/\/www.swisslearning.com\/","name":"\u0130svi\u00e7re \u00d6\u011frenimi","description":"\u0130SV\u0130\u00c7RE&#039;DEK\u0130 YATILI OKULLAR, OTEL Y\u00d6NET\u0130M\u0130 OKULLARI VE KAMPLAR","potentialAction":[{"@type":"SearchAction","target":{"@type":"EntryPoint","urlTemplate":"https:\/\/www.swisslearning.com\/?s={search_term_string}"},"query-input":{"@type":"PropertyValueSpecification","valueRequired":true,"valueName":"search_term_string"}}],"inLanguage":"tr"}]}},"_links":{"self":[{"href":"https:\/\/www.swisslearning.com\/tr\/wp-json\/wp\/v2\/pages\/7600","targetHints":{"allow":["GET"]}}],"collection":[{"href":"https:\/\/www.swisslearning.com\/tr\/wp-json\/wp\/v2\/pages"}],"about":[{"href":"https:\/\/www.swisslearning.com\/tr\/wp-json\/wp\/v2\/types\/page"}],"author":[{"embeddable":true,"href":"https:\/\/www.swisslearning.com\/tr\/wp-json\/wp\/v2\/users\/3"}],"replies":[{"embeddable":true,"href":"https:\/\/www.swisslearning.com\/tr\/wp-json\/wp\/v2\/comments?post=7600"}],"version-history":[{"count":69,"href":"https:\/\/www.swisslearning.com\/tr\/wp-json\/wp\/v2\/pages\/7600\/revisions"}],"predecessor-version":[{"id":12785,"href":"https:\/\/www.swisslearning.com\/tr\/wp-json\/wp\/v2\/pages\/7600\/revisions\/12785"}],"wp:featuredmedia":[{"embeddable":true,"href":"https:\/\/www.swisslearning.com\/tr\/wp-json\/wp\/v2\/media\/144"}],"wp:attachment":[{"href":"https:\/\/www.swisslearning.com\/tr\/wp-json\/wp\/v2\/media?parent=7600"}],"curies":[{"name":"wp","href":"https:\/\/api.w.org\/{rel}","templated":true}]}}