{"id":8808,"date":"2021-10-26T11:56:55","date_gmt":"2021-10-26T11:56:55","guid":{"rendered":"https:\/\/swisslearning.com\/?page_id=8808"},"modified":"2021-10-26T11:58:32","modified_gmt":"2021-10-26T11:58:32","slug":"privacy-policy","status":"publish","type":"page","link":"https:\/\/www.swisslearning.com\/tr\/privacy-policy\/","title":{"rendered":"Gizlilik Politikas\u0131"},"content":{"rendered":"<div data-elementor-type=\"wp-page\" data-elementor-id=\"8808\" class=\"elementor elementor-8808\" data-elementor-post-type=\"page\">\n\t\t\t\t\t\t<section class=\"elementor-section elementor-top-section elementor-element elementor-element-4b44ed77 elementor-section-boxed elementor-section-height-default elementor-section-height-default\" data-id=\"4b44ed77\" data-element_type=\"section\" data-e-type=\"section\">\n\t\t\t\t\t\t<div class=\"elementor-container elementor-column-gap-default\">\n\t\t\t\t\t<div class=\"elementor-column elementor-col-100 elementor-top-column elementor-element elementor-element-545e43ce\" data-id=\"545e43ce\" data-element_type=\"column\" data-e-type=\"column\">\n\t\t\t<div class=\"elementor-widget-wrap elementor-element-populated\">\n\t\t\t\t\t\t<div class=\"elementor-element elementor-element-71611606 elementor-widget elementor-widget-text-editor\" data-id=\"71611606\" data-element_type=\"widget\" data-e-type=\"widget\" data-widget_type=\"text-editor.default\">\n\t\t\t\t<div class=\"elementor-widget-container\">\n\t\t\t\t\t\t\t\t\t<p><\/p>\n<h2 class=\"wp-block-heading\">Biz kimiz<\/h2>\n<p><\/p>\n<p><\/p>\n<p><strong class=\"privacy-policy-tutorial\">\u00a0<\/strong>Web sitemizin adresi: https:\/\/swisslearning.com.<\/p>\n<p><\/p>\n<p><\/p>\n<h2 class=\"wp-block-heading\">Yorumlar<\/h2>\n<p><\/p>\n<p><\/p>\n<p>Ziyaret\u00e7iler sitede yorum b\u0131rakt\u0131\u011f\u0131nda, spam tespitine yard\u0131mc\u0131 olmak amac\u0131yla yorum formunda g\u00f6sterilen verileri, ayr\u0131ca ziyaret\u00e7inin IP adresini ve taray\u0131c\u0131 kullan\u0131c\u0131 arac\u0131s\u0131 dizesini toplar\u0131z.<\/p>\n<p><\/p>\n<p><\/p>\n<p>E-posta adresinizden olu\u015fturulan anonimle\u015ftirilmi\u015f bir dize (karma kod olarak da adland\u0131r\u0131l\u0131r), Gravatar hizmetini kullan\u0131p kullanmad\u0131\u011f\u0131n\u0131z\u0131 g\u00f6rmek i\u00e7in Gravatar hizmetine sa\u011flanabilir. Gravatar hizmetinin gizlilik politikas\u0131na buradan ula\u015fabilirsiniz: https:\/\/automattic.com\/privacy\/. Yorumunuz onayland\u0131ktan sonra, profil resminiz yorumunuz ba\u011flam\u0131nda herkese a\u00e7\u0131k olarak g\u00f6r\u00fcn\u00fcr.<\/p>\n<p><\/p>\n<p><\/p>\n<h2 class=\"wp-block-heading\">Medya<\/h2>\n<p><\/p>\n<p><\/p>\n<p>Web sitesine g\u00f6rseller y\u00fckl\u00fcyorsan\u0131z, i\u00e7ine konum verisi (EXIF GPS) g\u00f6m\u00fcl\u00fc g\u00f6rseller y\u00fcklemekten ka\u00e7\u0131nmal\u0131s\u0131n\u0131z. Web sitesi ziyaret\u00e7ileri, sitedeki g\u00f6rsellerden konum verilerini indirebilir ve \u00e7\u0131karabilirler.<\/p>\n<p><\/p>\n<p><\/p>\n<h2 class=\"wp-block-heading\">\u00c7erezler<\/h2>\n<p><\/p>\n<p><\/p>\n<p><strong class=\"privacy-policy-tutorial\">\u00a0<\/strong>Sitemizde yorum b\u0131rak\u0131rsan\u0131z, ad\u0131n\u0131z\u0131, e-posta adresinizi ve web sitenizi \u00e7erezlere kaydetmeyi se\u00e7ebilirsiniz. Bu, ba\u015fka bir yorum b\u0131rakt\u0131\u011f\u0131n\u0131zda bilgilerinizi tekrar girmenize gerek kalmamas\u0131 i\u00e7in kolayl\u0131k sa\u011flamak amac\u0131yla yap\u0131l\u0131r. Bu \u00e7erezler bir y\u0131l s\u00fcreyle ge\u00e7erli olacakt\u0131r.<\/p>\n<p><\/p>\n<p><\/p>\n<p>Giri\u015f sayfam\u0131z\u0131 ziyaret ederseniz, taray\u0131c\u0131n\u0131z\u0131n \u00e7erezleri kabul edip etmedi\u011fini belirlemek i\u00e7in ge\u00e7ici bir \u00e7erez ayarlayaca\u011f\u0131z. Bu \u00e7erez hi\u00e7bir ki\u015fisel veri i\u00e7ermez ve taray\u0131c\u0131n\u0131z\u0131 kapatt\u0131\u011f\u0131n\u0131zda silinir.<\/p>\n<p><\/p>\n<p><\/p>\n<p>Giri\u015f yapt\u0131\u011f\u0131n\u0131zda, giri\u015f bilgilerinizi ve ekran g\u00f6r\u00fcnt\u00fcleme tercihlerinizi kaydetmek i\u00e7in birka\u00e7 \u00e7erez de olu\u015fturaca\u011f\u0131z. Giri\u015f \u00e7erezleri iki g\u00fcn, ekran se\u00e7enekleri \u00e7erezleri ise bir y\u0131l s\u00fcreyle ge\u00e7erlidir. &quot;Beni Hat\u0131rla&quot; se\u00e7ene\u011fini i\u015faretlerseniz, giri\u015finiz iki hafta boyunca ge\u00e7erli kalacakt\u0131r. Hesab\u0131n\u0131zdan \u00e7\u0131k\u0131\u015f yaparsan\u0131z, giri\u015f \u00e7erezleri silinecektir.<\/p>\n<p><\/p>\n<p><\/p>\n<p>Bir makaleyi d\u00fczenlerseniz veya yay\u0131nlarsan\u0131z, taray\u0131c\u0131n\u0131za ek bir \u00e7erez kaydedilir. Bu \u00e7erez hi\u00e7bir ki\u015fisel veri i\u00e7ermez ve yaln\u0131zca d\u00fczenledi\u011finiz makalenin g\u00f6nderi kimli\u011fini g\u00f6sterir. 1 g\u00fcn sonra s\u00fcresi dolar.<\/p>\n<p><\/p>\n<p><\/p>\n<h2 class=\"wp-block-heading\">Di\u011fer web sitelerinden yerle\u015ftirilmi\u015f i\u00e7erik<\/h2>\n<p><\/p>\n<p><\/p>\n<p><strong class=\"privacy-policy-tutorial\">\u00a0<\/strong>Bu sitedeki makaleler, g\u00f6m\u00fcl\u00fc i\u00e7erik (\u00f6rne\u011fin videolar, resimler, makaleler vb.) i\u00e7erebilir. Di\u011fer web sitelerinden gelen g\u00f6m\u00fcl\u00fc i\u00e7erik, ziyaret\u00e7inin o web sitesini ziyaret etmi\u015f gibi davranmas\u0131yla tamamen ayn\u0131 \u015fekilde \u00e7al\u0131\u015f\u0131r.<\/p>\n<p><\/p>\n<p><\/p>\n<p>Bu web siteleri sizin hakk\u0131n\u0131zda veri toplayabilir, \u00e7erez kullanabilir, ek \u00fc\u00e7\u00fcnc\u00fc taraf izleme kodlar\u0131 yerle\u015ftirebilir ve yerle\u015ftirilmi\u015f i\u00e7erikle etkile\u015fimlerinizi izleyebilir; bu, bir hesab\u0131n\u0131z varsa ve bu web sitesine giri\u015f yapt\u0131ysan\u0131z, yerle\u015ftirilmi\u015f i\u00e7erikle etkile\u015fimlerinizi izlemeyi de i\u00e7erir.<\/p>\n<p><\/p>\n<p><\/p>\n<h2 class=\"wp-block-heading\">Verilerinizi kimlerle payla\u015f\u0131yoruz?<\/h2>\n<p><\/p>\n<p><\/p>\n<p>Parola s\u0131f\u0131rlama talebinde bulunursan\u0131z, s\u0131f\u0131rlama e-postas\u0131na IP adresiniz de eklenecektir.<\/p>\n<p><\/p>\n<p><\/p>\n<h2 class=\"wp-block-heading\">Verilerinizi ne kadar s\u00fcreyle sakl\u0131yoruz?<\/h2>\n<p><\/p>\n<p><\/p>\n<p>Bir yorum b\u0131rak\u0131rsan\u0131z, yorum ve meta verileri s\u00fcresiz olarak saklan\u0131r. Bu sayede, takip eden yorumlar\u0131 otomatik olarak tan\u0131y\u0131p onaylayabiliriz ve onlar\u0131 bir moderasyon kuyru\u011funda bekletmek zorunda kalmay\u0131z.<\/p>\n<p><\/p>\n<p><\/p>\n<p>Web sitemize kay\u0131t olan kullan\u0131c\u0131lar (varsa), kullan\u0131c\u0131 profillerinde verdikleri ki\u015fisel bilgileri de sakl\u0131yoruz. T\u00fcm kullan\u0131c\u0131lar, ki\u015fisel bilgilerini istedikleri zaman g\u00f6rebilir, d\u00fczenleyebilir veya silebilirler (kullan\u0131c\u0131 adlar\u0131n\u0131 de\u011fi\u015ftiremezler). Web sitesi y\u00f6neticileri de bu bilgilere eri\u015febilir ve bunlar\u0131 d\u00fczenleyebilir.<\/p>\n<p><\/p>\n<p><\/p>\n<h2 class=\"wp-block-heading\">Verileriniz \u00fczerinde sahip oldu\u011funuz haklar<\/h2>\n<p><\/p>\n<p><\/p>\n<p>Bu sitede bir hesab\u0131n\u0131z varsa veya yorum b\u0131rakt\u0131ysan\u0131z, bize sa\u011flad\u0131\u011f\u0131n\u0131z veriler de dahil olmak \u00fczere hakk\u0131n\u0131zda tuttu\u011fumuz ki\u015fisel verilerin d\u0131\u015fa aktar\u0131lm\u0131\u015f bir dosyas\u0131n\u0131 almay\u0131 talep edebilirsiniz. Ayr\u0131ca, hakk\u0131n\u0131zda tuttu\u011fumuz t\u00fcm ki\u015fisel verilerin silinmesini de talep edebilirsiniz. Bu, idari, yasal veya g\u00fcvenlik ama\u00e7lar\u0131 i\u00e7in saklamak zorunda oldu\u011fumuz verileri kapsamaz.<\/p>\n<p><\/p>\n<p><\/p>\n<h2 class=\"wp-block-heading\">Verilerinizi nereye g\u00f6nderiyoruz?<\/h2>\n<p><\/p>\n<p><\/p>\n<p>Ziyaret\u00e7i yorumlar\u0131, otomatik bir spam tespit servisi arac\u0131l\u0131\u011f\u0131yla kontrol edilebilir.<\/p>\n<p><\/p>\t\t\t\t\t\t\t\t<\/div>\n\t\t\t\t<\/div>\n\t\t\t\t\t<\/div>\n\t\t<\/div>\n\t\t\t\t\t<\/div>\n\t\t<\/section>\n\t\t\t\t<\/div>","protected":false},"excerpt":{"rendered":"<p>Who we are \u00a0Our website address is: https:\/\/swisslearning.com. Comments When visitors leave comments on the site we collect the data shown in the comments form, and also the visitor\u2019s IP address and browser user agent string to help spam detection. An anonymized string created from your email address (also called a hash) may be provided [&hellip;]<\/p>\n","protected":false},"author":1,"featured_media":0,"parent":0,"menu_order":0,"comment_status":"closed","ping_status":"closed","template":"","meta":{"footnotes":""},"class_list":["post-8808","page","type-page","status-publish","hentry"],"yoast_head":"<!-- This site is optimized with the Yoast SEO plugin v27.5 - https:\/\/yoast.com\/product\/yoast-seo-wordpress\/ -->\n<title>Privacy Policy - Swiss Learning<\/title>\n<meta name=\"robots\" content=\"index, follow, max-snippet:-1, max-image-preview:large, max-video-preview:-1\" \/>\n<link rel=\"canonical\" href=\"https:\/\/www.swisslearning.com\/tr\/privacy-policy\/\" \/>\n<meta property=\"og:locale\" content=\"tr_TR\" \/>\n<meta property=\"og:type\" content=\"article\" \/>\n<meta property=\"og:title\" content=\"Privacy Policy - Swiss Learning\" \/>\n<meta property=\"og:description\" content=\"Who we are \u00a0Our website address is: https:\/\/swisslearning.com. Comments When visitors leave comments on the site we collect the data shown in the comments form, and also the visitor\u2019s IP address and browser user agent string to help spam detection. An anonymized string created from your email address (also called a hash) may be provided [&hellip;]\" \/>\n<meta property=\"og:url\" content=\"https:\/\/www.swisslearning.com\/tr\/privacy-policy\/\" \/>\n<meta property=\"og:site_name\" content=\"Swiss Learning\" \/>\n<meta property=\"article:publisher\" content=\"https:\/\/www.facebook.com\/swisslearning\" \/>\n<meta property=\"article:modified_time\" content=\"2021-10-26T11:58:32+00:00\" \/>\n<meta name=\"twitter:card\" content=\"summary_large_image\" \/>\n<meta name=\"twitter:label1\" content=\"Tahmini okuma s\u00fcresi\" \/>\n\t<meta name=\"twitter:data1\" content=\"3 dakika\" \/>\n<script type=\"application\/ld+json\" class=\"yoast-schema-graph\">{\"@context\":\"https:\\\/\\\/schema.org\",\"@graph\":[{\"@type\":\"WebPage\",\"@id\":\"https:\\\/\\\/www.swisslearning.com\\\/privacy-policy\\\/\",\"url\":\"https:\\\/\\\/www.swisslearning.com\\\/privacy-policy\\\/\",\"name\":\"Privacy Policy - Swiss Learning\",\"isPartOf\":{\"@id\":\"https:\\\/\\\/www.swisslearning.com\\\/#website\"},\"datePublished\":\"2021-10-26T11:56:55+00:00\",\"dateModified\":\"2021-10-26T11:58:32+00:00\",\"breadcrumb\":{\"@id\":\"https:\\\/\\\/www.swisslearning.com\\\/privacy-policy\\\/#breadcrumb\"},\"inLanguage\":\"tr\",\"potentialAction\":[{\"@type\":\"ReadAction\",\"target\":[\"https:\\\/\\\/www.swisslearning.com\\\/privacy-policy\\\/\"]}]},{\"@type\":\"BreadcrumbList\",\"@id\":\"https:\\\/\\\/www.swisslearning.com\\\/privacy-policy\\\/#breadcrumb\",\"itemListElement\":[{\"@type\":\"ListItem\",\"position\":1,\"name\":\"Home\",\"item\":\"https:\\\/\\\/www.swisslearning.com\\\/\"},{\"@type\":\"ListItem\",\"position\":2,\"name\":\"Privacy Policy\"}]},{\"@type\":\"WebSite\",\"@id\":\"https:\\\/\\\/www.swisslearning.com\\\/#website\",\"url\":\"https:\\\/\\\/www.swisslearning.com\\\/\",\"name\":\"Swiss Learning\",\"description\":\"BOARDING SCHOOLS, HOTEL MANAGEMENT SCHOOLS AND CAMPS IN SWITZERLAND\",\"potentialAction\":[{\"@type\":\"SearchAction\",\"target\":{\"@type\":\"EntryPoint\",\"urlTemplate\":\"https:\\\/\\\/www.swisslearning.com\\\/?s={search_term_string}\"},\"query-input\":{\"@type\":\"PropertyValueSpecification\",\"valueRequired\":true,\"valueName\":\"search_term_string\"}}],\"inLanguage\":\"tr\"}]}<\/script>\n<!-- \/ Yoast SEO plugin. -->","yoast_head_json":{"title":"Gizlilik Politikas\u0131 - Swiss Learning","robots":{"index":"index","follow":"follow","max-snippet":"max-snippet:-1","max-image-preview":"max-image-preview:large","max-video-preview":"max-video-preview:-1"},"canonical":"https:\/\/www.swisslearning.com\/tr\/privacy-policy\/","og_locale":"tr_TR","og_type":"article","og_title":"Privacy Policy - Swiss Learning","og_description":"Who we are \u00a0Our website address is: https:\/\/swisslearning.com. Comments When visitors leave comments on the site we collect the data shown in the comments form, and also the visitor\u2019s IP address and browser user agent string to help spam detection. An anonymized string created from your email address (also called a hash) may be provided [&hellip;]","og_url":"https:\/\/www.swisslearning.com\/tr\/privacy-policy\/","og_site_name":"Swiss Learning","article_publisher":"https:\/\/www.facebook.com\/swisslearning","article_modified_time":"2021-10-26T11:58:32+00:00","twitter_card":"summary_large_image","twitter_misc":{"Tahmini okuma s\u00fcresi":"3 dakika"},"schema":{"@context":"https:\/\/schema.org","@graph":[{"@type":"WebPage","@id":"https:\/\/www.swisslearning.com\/privacy-policy\/","url":"https:\/\/www.swisslearning.com\/privacy-policy\/","name":"Gizlilik Politikas\u0131 - Swiss Learning","isPartOf":{"@id":"https:\/\/www.swisslearning.com\/#website"},"datePublished":"2021-10-26T11:56:55+00:00","dateModified":"2021-10-26T11:58:32+00:00","breadcrumb":{"@id":"https:\/\/www.swisslearning.com\/privacy-policy\/#breadcrumb"},"inLanguage":"tr","potentialAction":[{"@type":"ReadAction","target":["https:\/\/www.swisslearning.com\/privacy-policy\/"]}]},{"@type":"BreadcrumbList","@id":"https:\/\/www.swisslearning.com\/privacy-policy\/#breadcrumb","itemListElement":[{"@type":"ListItem","position":1,"name":"Home","item":"https:\/\/www.swisslearning.com\/"},{"@type":"ListItem","position":2,"name":"Privacy Policy"}]},{"@type":"WebSite","@id":"https:\/\/www.swisslearning.com\/#website","url":"https:\/\/www.swisslearning.com\/","name":"\u0130svi\u00e7re \u00d6\u011frenimi","description":"\u0130SV\u0130\u00c7RE&#039;DEK\u0130 YATILI OKULLAR, OTEL Y\u00d6NET\u0130M\u0130 OKULLARI VE KAMPLAR","potentialAction":[{"@type":"SearchAction","target":{"@type":"EntryPoint","urlTemplate":"https:\/\/www.swisslearning.com\/?s={search_term_string}"},"query-input":{"@type":"PropertyValueSpecification","valueRequired":true,"valueName":"search_term_string"}}],"inLanguage":"tr"}]}},"_links":{"self":[{"href":"https:\/\/www.swisslearning.com\/tr\/wp-json\/wp\/v2\/pages\/8808","targetHints":{"allow":["GET"]}}],"collection":[{"href":"https:\/\/www.swisslearning.com\/tr\/wp-json\/wp\/v2\/pages"}],"about":[{"href":"https:\/\/www.swisslearning.com\/tr\/wp-json\/wp\/v2\/types\/page"}],"author":[{"embeddable":true,"href":"https:\/\/www.swisslearning.com\/tr\/wp-json\/wp\/v2\/users\/1"}],"replies":[{"embeddable":true,"href":"https:\/\/www.swisslearning.com\/tr\/wp-json\/wp\/v2\/comments?post=8808"}],"version-history":[{"count":7,"href":"https:\/\/www.swisslearning.com\/tr\/wp-json\/wp\/v2\/pages\/8808\/revisions"}],"predecessor-version":[{"id":8815,"href":"https:\/\/www.swisslearning.com\/tr\/wp-json\/wp\/v2\/pages\/8808\/revisions\/8815"}],"wp:attachment":[{"href":"https:\/\/www.swisslearning.com\/tr\/wp-json\/wp\/v2\/media?parent=8808"}],"curies":[{"name":"wp","href":"https:\/\/api.w.org\/{rel}","templated":true}]}}