{"id":8817,"date":"2021-10-26T12:20:11","date_gmt":"2021-10-26T12:20:11","guid":{"rendered":"https:\/\/swisslearning.com\/?page_id=8817"},"modified":"2021-10-26T12:23:16","modified_gmt":"2021-10-26T12:23:16","slug":"terms-conditions","status":"publish","type":"page","link":"https:\/\/www.swisslearning.com\/tr\/terms-conditions\/","title":{"rendered":"\u015fartlar-ko\u015fullar"},"content":{"rendered":"<div data-elementor-type=\"wp-page\" data-elementor-id=\"8817\" class=\"elementor elementor-8817\" data-elementor-post-type=\"page\">\n\t\t\t\t\t\t<section class=\"elementor-section elementor-top-section elementor-element elementor-element-86147fa elementor-section-boxed elementor-section-height-default elementor-section-height-default\" data-id=\"86147fa\" data-element_type=\"section\" data-e-type=\"section\">\n\t\t\t\t\t\t<div class=\"elementor-container elementor-column-gap-default\">\n\t\t\t\t\t<div class=\"elementor-column elementor-col-100 elementor-top-column elementor-element elementor-element-04a809e\" data-id=\"04a809e\" data-element_type=\"column\" data-e-type=\"column\">\n\t\t\t<div class=\"elementor-widget-wrap elementor-element-populated\">\n\t\t\t\t\t\t<div class=\"elementor-element elementor-element-b572f25 elementor-widget elementor-widget-spacer\" data-id=\"b572f25\" data-element_type=\"widget\" data-e-type=\"widget\" data-widget_type=\"spacer.default\">\n\t\t\t\t<div class=\"elementor-widget-container\">\n\t\t\t\t\t\t\t<div class=\"elementor-spacer\">\n\t\t\t<div class=\"elementor-spacer-inner\"><\/div>\n\t\t<\/div>\n\t\t\t\t\t\t<\/div>\n\t\t\t\t<\/div>\n\t\t\t\t<div class=\"elementor-element elementor-element-b87a1c7 elementor-widget elementor-widget-heading\" data-id=\"b87a1c7\" data-element_type=\"widget\" data-e-type=\"widget\" data-widget_type=\"heading.default\">\n\t\t\t\t<div class=\"elementor-widget-container\">\n\t\t\t\t\t<h2 class=\"elementor-heading-title elementor-size-default\">SWISS LEARNING \u015eARTLAR VE KO\u015eULLARI<\/h2>\t\t\t\t<\/div>\n\t\t\t\t<\/div>\n\t\t\t\t<div class=\"elementor-element elementor-element-87468a0 elementor-widget elementor-widget-text-editor\" data-id=\"87468a0\" data-element_type=\"widget\" data-e-type=\"widget\" data-widget_type=\"text-editor.default\">\n\t\t\t\t<div class=\"elementor-widget-container\">\n\t\t\t\t\t\t\t\t\t<p>Yay\u0131nc\u0131: Swiss Learning<br \/>\u015eirket: Swiss Learning<br \/>Yasal Form: Swiss Learning SA<br \/>Yer: Cenevre<br \/>\u015eirket Adresi: Swiss Learning SA 10 chemin des Gotettes, 1245 COLLONGE-BELLERIVE<\/p><p>Telefon: +41 22 723 20 00<br \/>Email:\u00a0info@swisslearning.com<\/p><p>Telif Hakk\u0131: Swiss Learning ve yazarlar taraf\u0131ndan olu\u015fturulan t\u00fcm materyallerin telif hakk\u0131 sakl\u0131d\u0131r. G\u00f6rseller, diyagramlar, sesler veya metinler gibi nesnelerin di\u011fer elektronik veya bas\u0131l\u0131 yay\u0131nlarda \u00e7o\u011falt\u0131lmas\u0131 veya kullan\u0131lmas\u0131, yazarlar\u0131n \u00f6nceden ve yaz\u0131l\u0131 izni olmadan yasakt\u0131r.<\/p><p>Foto\u011fraf kaynaklar\u0131: Swiss Learning<\/p><p><strong>Swiss Learning Gizlilik Politikas\u0131<br \/><\/strong><br \/>Ki\u015fisel verilerin toplanmas\u0131: Web sitemizi ziyaret etti\u011finizde ve ileti\u015fim formunu g\u00f6nderdi\u011finizde, \u00e7ocu\u011funuz i\u00e7in do\u011fru okulu bulmak amac\u0131yla ki\u015fisel verilerinizi toplar\u0131z. Bu veriler, yaln\u0131zca \u00f6nceden yaz\u0131l\u0131 onay\u0131n\u0131zla Swiss Learning ve \u00fcye okullar\u0131 taraf\u0131ndan kullan\u0131lacakt\u0131r.<\/p><p>Ki\u015fisel verilerin kullan\u0131m amac\u0131: Ki\u015fisel verileriniz, sizinle ileti\u015fim kurmak ve Swiss Learning \u00fcyesi okullarla ilgili bilgiler g\u00f6ndermek amac\u0131yla kullan\u0131lacakt\u0131r. \u00d6nceden yaz\u0131l\u0131 onay\u0131n\u0131z olmadan ki\u015fisel bilgilerinizi \u00fc\u00e7\u00fcnc\u00fc taraflarla payla\u015fm\u0131yoruz.<\/p><p>Gizlilik: \u0130leti\u015fim formumuz, optimizasyon ve pazarlama ama\u00e7lar\u0131 i\u00e7in veri toplamak, analiz etmek ve kaydetmek \u00fczere Zoho CRM teknolojisini kullanmaktad\u0131r. Verilerinizin silinmesini talep etmek i\u00e7in bize e-posta g\u00f6nderebilirsiniz.<\/p>\t\t\t\t\t\t\t\t<\/div>\n\t\t\t\t<\/div>\n\t\t\t\t\t<\/div>\n\t\t<\/div>\n\t\t\t\t\t<\/div>\n\t\t<\/section>\n\t\t\t\t<\/div>","protected":false},"excerpt":{"rendered":"<p>SWISS LEARNING TERMS &#038; CONDITIONS Publisher: Swiss LearningCompany: Swiss LearningLegal Form: Swiss Learning SALocation: GenevaCompany Address: Swiss Learning SA 10 chemin des Gotettes, 1245 COLLONGE-BELLERIVE Telephone: +41 22 723 20 00Email:\u00a0info@swisslearning.com Copyright: The copyright for any material created by Swiss Learning and the authors is reserved. Any duplication or use of objects such as images, [&hellip;]<\/p>\n","protected":false},"author":1,"featured_media":0,"parent":0,"menu_order":0,"comment_status":"closed","ping_status":"closed","template":"","meta":{"footnotes":""},"class_list":["post-8817","page","type-page","status-publish","hentry"],"yoast_head":"<!-- This site is optimized with the Yoast SEO plugin v27.4 - https:\/\/yoast.com\/product\/yoast-seo-wordpress\/ -->\n<title>terms-conditions - Swiss Learning<\/title>\n<meta name=\"robots\" content=\"index, follow, max-snippet:-1, max-image-preview:large, max-video-preview:-1\" \/>\n<link rel=\"canonical\" href=\"https:\/\/www.swisslearning.com\/tr\/terms-conditions\/\" \/>\n<meta property=\"og:locale\" content=\"tr_TR\" \/>\n<meta property=\"og:type\" content=\"article\" \/>\n<meta property=\"og:title\" content=\"terms-conditions - Swiss Learning\" \/>\n<meta property=\"og:description\" content=\"SWISS LEARNING TERMS &#038; CONDITIONS Publisher: Swiss LearningCompany: Swiss LearningLegal Form: Swiss Learning SALocation: GenevaCompany Address: Swiss Learning SA 10 chemin des Gotettes, 1245 COLLONGE-BELLERIVE Telephone: +41 22 723 20 00Email:\u00a0info@swisslearning.com Copyright: The copyright for any material created by Swiss Learning and the authors is reserved. Any duplication or use of objects such as images, [&hellip;]\" \/>\n<meta property=\"og:url\" content=\"https:\/\/www.swisslearning.com\/tr\/terms-conditions\/\" \/>\n<meta property=\"og:site_name\" content=\"Swiss Learning\" \/>\n<meta property=\"article:publisher\" content=\"https:\/\/www.facebook.com\/swisslearning\" \/>\n<meta property=\"article:modified_time\" content=\"2021-10-26T12:23:16+00:00\" \/>\n<meta name=\"twitter:card\" content=\"summary_large_image\" \/>\n<meta name=\"twitter:label1\" content=\"Tahmini okuma s\u00fcresi\" \/>\n\t<meta name=\"twitter:data1\" content=\"1 dakika\" \/>\n<script type=\"application\/ld+json\" class=\"yoast-schema-graph\">{\"@context\":\"https:\\\/\\\/schema.org\",\"@graph\":[{\"@type\":\"WebPage\",\"@id\":\"https:\\\/\\\/www.swisslearning.com\\\/pt\\\/terms-conditions\\\/\",\"url\":\"https:\\\/\\\/www.swisslearning.com\\\/pt\\\/terms-conditions\\\/\",\"name\":\"terms-conditions - Swiss Learning\",\"isPartOf\":{\"@id\":\"https:\\\/\\\/www.swisslearning.com\\\/#website\"},\"datePublished\":\"2021-10-26T12:20:11+00:00\",\"dateModified\":\"2021-10-26T12:23:16+00:00\",\"breadcrumb\":{\"@id\":\"https:\\\/\\\/www.swisslearning.com\\\/pt\\\/terms-conditions\\\/#breadcrumb\"},\"inLanguage\":\"tr\",\"potentialAction\":[{\"@type\":\"ReadAction\",\"target\":[\"https:\\\/\\\/www.swisslearning.com\\\/pt\\\/terms-conditions\\\/\"]}]},{\"@type\":\"BreadcrumbList\",\"@id\":\"https:\\\/\\\/www.swisslearning.com\\\/pt\\\/terms-conditions\\\/#breadcrumb\",\"itemListElement\":[{\"@type\":\"ListItem\",\"position\":1,\"name\":\"Home\",\"item\":\"https:\\\/\\\/www.swisslearning.com\\\/\"},{\"@type\":\"ListItem\",\"position\":2,\"name\":\"terms-conditions\"}]},{\"@type\":\"WebSite\",\"@id\":\"https:\\\/\\\/www.swisslearning.com\\\/#website\",\"url\":\"https:\\\/\\\/www.swisslearning.com\\\/\",\"name\":\"Swiss Learning\",\"description\":\"BOARDING SCHOOLS, HOTEL MANAGEMENT SCHOOLS AND CAMPS IN SWITZERLAND\",\"potentialAction\":[{\"@type\":\"SearchAction\",\"target\":{\"@type\":\"EntryPoint\",\"urlTemplate\":\"https:\\\/\\\/www.swisslearning.com\\\/?s={search_term_string}\"},\"query-input\":{\"@type\":\"PropertyValueSpecification\",\"valueRequired\":true,\"valueName\":\"search_term_string\"}}],\"inLanguage\":\"tr\"}]}<\/script>\n<!-- \/ Yoast SEO plugin. -->","yoast_head_json":{"title":"\u015eartlar ve Ko\u015fullar - \u0130svi\u00e7re \u00d6\u011frenimi","robots":{"index":"index","follow":"follow","max-snippet":"max-snippet:-1","max-image-preview":"max-image-preview:large","max-video-preview":"max-video-preview:-1"},"canonical":"https:\/\/www.swisslearning.com\/tr\/terms-conditions\/","og_locale":"tr_TR","og_type":"article","og_title":"terms-conditions - Swiss Learning","og_description":"SWISS LEARNING TERMS &#038; CONDITIONS Publisher: Swiss LearningCompany: Swiss LearningLegal Form: Swiss Learning SALocation: GenevaCompany Address: Swiss Learning SA 10 chemin des Gotettes, 1245 COLLONGE-BELLERIVE Telephone: +41 22 723 20 00Email:\u00a0info@swisslearning.com Copyright: The copyright for any material created by Swiss Learning and the authors is reserved. Any duplication or use of objects such as images, [&hellip;]","og_url":"https:\/\/www.swisslearning.com\/tr\/terms-conditions\/","og_site_name":"Swiss Learning","article_publisher":"https:\/\/www.facebook.com\/swisslearning","article_modified_time":"2021-10-26T12:23:16+00:00","twitter_card":"summary_large_image","twitter_misc":{"Tahmini okuma s\u00fcresi":"1 dakika"},"schema":{"@context":"https:\/\/schema.org","@graph":[{"@type":"WebPage","@id":"https:\/\/www.swisslearning.com\/pt\/terms-conditions\/","url":"https:\/\/www.swisslearning.com\/pt\/terms-conditions\/","name":"\u015eartlar ve Ko\u015fullar - \u0130svi\u00e7re \u00d6\u011frenimi","isPartOf":{"@id":"https:\/\/www.swisslearning.com\/#website"},"datePublished":"2021-10-26T12:20:11+00:00","dateModified":"2021-10-26T12:23:16+00:00","breadcrumb":{"@id":"https:\/\/www.swisslearning.com\/pt\/terms-conditions\/#breadcrumb"},"inLanguage":"tr","potentialAction":[{"@type":"ReadAction","target":["https:\/\/www.swisslearning.com\/pt\/terms-conditions\/"]}]},{"@type":"BreadcrumbList","@id":"https:\/\/www.swisslearning.com\/pt\/terms-conditions\/#breadcrumb","itemListElement":[{"@type":"ListItem","position":1,"name":"Home","item":"https:\/\/www.swisslearning.com\/"},{"@type":"ListItem","position":2,"name":"terms-conditions"}]},{"@type":"WebSite","@id":"https:\/\/www.swisslearning.com\/#website","url":"https:\/\/www.swisslearning.com\/","name":"\u0130svi\u00e7re \u00d6\u011frenimi","description":"\u0130SV\u0130\u00c7RE&#039;DEK\u0130 YATILI OKULLAR, OTEL Y\u00d6NET\u0130M\u0130 OKULLARI VE KAMPLAR","potentialAction":[{"@type":"SearchAction","target":{"@type":"EntryPoint","urlTemplate":"https:\/\/www.swisslearning.com\/?s={search_term_string}"},"query-input":{"@type":"PropertyValueSpecification","valueRequired":true,"valueName":"search_term_string"}}],"inLanguage":"tr"}]}},"_links":{"self":[{"href":"https:\/\/www.swisslearning.com\/tr\/wp-json\/wp\/v2\/pages\/8817","targetHints":{"allow":["GET"]}}],"collection":[{"href":"https:\/\/www.swisslearning.com\/tr\/wp-json\/wp\/v2\/pages"}],"about":[{"href":"https:\/\/www.swisslearning.com\/tr\/wp-json\/wp\/v2\/types\/page"}],"author":[{"embeddable":true,"href":"https:\/\/www.swisslearning.com\/tr\/wp-json\/wp\/v2\/users\/1"}],"replies":[{"embeddable":true,"href":"https:\/\/www.swisslearning.com\/tr\/wp-json\/wp\/v2\/comments?post=8817"}],"version-history":[{"count":7,"href":"https:\/\/www.swisslearning.com\/tr\/wp-json\/wp\/v2\/pages\/8817\/revisions"}],"predecessor-version":[{"id":8824,"href":"https:\/\/www.swisslearning.com\/tr\/wp-json\/wp\/v2\/pages\/8817\/revisions\/8824"}],"wp:attachment":[{"href":"https:\/\/www.swisslearning.com\/tr\/wp-json\/wp\/v2\/media?parent=8817"}],"curies":[{"name":"wp","href":"https:\/\/api.w.org\/{rel}","templated":true}]}}